{"id":1148,"date":"2023-04-27T16:27:37","date_gmt":"2023-04-27T14:27:37","guid":{"rendered":"https:\/\/synthechim.top-energiedin.com\/?post_type=product&#038;p=1148"},"modified":"2023-04-29T18:16:14","modified_gmt":"2023-04-29T16:16:14","slug":"hdpe-haute-densite-polyethylene-extrusion-tube","status":"publish","type":"product","link":"https:\/\/synthechim.ma\/en\/product\/hdpe-haute-densite-polyethylene-extrusion-tube\/","title":{"rendered":"HDPE (Haute Densit\u00e9 Polyethyl\u00e8ne) extrusion tube"},"content":{"rendered":"<div data-elementor-type=\"product-post\" data-elementor-id=\"1148\" class=\"elementor elementor-1148\">\n\t\t\t\t\t\t<section class=\"elementor-section elementor-top-section elementor-element elementor-element-4bc8228 elementor-section-boxed elementor-section-height-default elementor-section-height-default jltma-glass-effect-no\" data-id=\"4bc8228\" data-element_type=\"section\">\n\t\t\t\t\t\t<div class=\"elementor-container elementor-column-gap-default\">\n\t\t\t\t\t<div class=\"elementor-column elementor-col-100 elementor-top-column elementor-element elementor-element-bf87f78 jltma-glass-effect-no\" data-id=\"bf87f78\" data-element_type=\"column\">\n\t\t\t<div class=\"elementor-widget-wrap elementor-element-populated\">\n\t\t\t\t\t\t<div class=\"elementor-element elementor-element-08e65df jltma-glass-effect-no elementor-widget elementor-widget-text-editor\" data-id=\"08e65df\" data-element_type=\"widget\" data-widget_type=\"text-editor.default\">\n\t\t\t\t<div class=\"elementor-widget-container\">\n\t\t\t<style>\/*! elementor - v3.22.0 - 26-06-2024 *\/\n.elementor-widget-text-editor.elementor-drop-cap-view-stacked .elementor-drop-cap{background-color:#69727d;color:#fff}.elementor-widget-text-editor.elementor-drop-cap-view-framed .elementor-drop-cap{color:#69727d;border:3px solid;background-color:transparent}.elementor-widget-text-editor:not(.elementor-drop-cap-view-default) .elementor-drop-cap{margin-top:8px}.elementor-widget-text-editor:not(.elementor-drop-cap-view-default) .elementor-drop-cap-letter{width:1em;height:1em}.elementor-widget-text-editor .elementor-drop-cap{float:left;text-align:center;line-height:1;font-size:50px}.elementor-widget-text-editor .elementor-drop-cap-letter{display:inline-block}<\/style>\t\t\t\t<p>Le PolyEthyl\u00e8ne Haute Densit\u00e9 (PEHD) est un mat\u00e9riau tr\u00e8s pris\u00e9 pour la fabrication de tubes et tuyaux gr\u00e2ce \u00e0 ses propri\u00e9t\u00e9s m\u00e9caniques et sa rigidit\u00e9. Le HDPE offre une grande flexibilit\u00e9 et une excellente r\u00e9sistance aux impacts, ce qui en fait le choix id\u00e9al pour le transport de fluides et de produits chimiques en toute s\u00e9curit\u00e9.<\/p><p>Le PEHD est r\u00e9put\u00e9 pour son bon rapport co\u00fbt\/rendement, ce qui en fait la mati\u00e8re premi\u00e8re la plus utilis\u00e9e pour la production de tubes et tuyaux. De plus, sa r\u00e9sistance aux agents chimiques garantit une utilisation durable et fiable, m\u00eame dans des conditions de travail extr\u00eames.<\/p><p>Que ce soit pour des applications industrielles ou domestiques, le PEHD est le choix privil\u00e9gi\u00e9 pour les tubes et tuyaux en raison de ses propri\u00e9t\u00e9s m\u00e9caniques exceptionnelles, de sa flexibilit\u00e9 et de sa r\u00e9sistance aux impacts<\/p>\t\t\t\t\t\t<\/div>\n\t\t\t\t<\/div>\n\t\t\t\t\t<\/div>\n\t\t<\/div>\n\t\t\t\t\t<\/div>\n\t\t<\/section>\n\t\t\t\t<\/div>","protected":false},"excerpt":{"rendered":"<p>Le PolyEthyl\u00e8ne Haute Densit\u00e9 (PEHD) est un mat\u00e9riau tr\u00e8s pris\u00e9 pour la fabrication de tubes et tuyaux gr\u00e2ce \u00e0 ses propri\u00e9t\u00e9s m\u00e9caniques et sa rigidit\u00e9. Le HDPE offre une grande flexibilit\u00e9 et une excellente r\u00e9sistance aux impacts, ce qui en fait le choix id\u00e9al pour le transport de fluides et de produits chimiques en toute [&hellip;]<\/p>","protected":false},"featured_media":1576,"template":"","meta":{"_themeisle_gutenberg_block_has_review":false},"product_cat":[18,26],"product_tag":[],"class_list":["post-1148","product","type-product","status-publish","has-post-thumbnail","hentry","product_cat-matieres-plastiques-et-auxiliaires","product_cat-polyolefines"],"yoast_head":"<!-- This site is optimized with the Yoast SEO plugin v26.0 - https:\/\/yoast.com\/wordpress\/plugins\/seo\/ -->\n<title>HDPE (Haute Densit\u00e9 Polyethyl\u00e8ne) extrusion tube - Synthechim<\/title>\n<meta name=\"description\" content=\"Le PolyEthyl\u00e8ne Haute Densit\u00e9 (PEHD) est un choix id\u00e9al pour les tubes et tuyaux gr\u00e2ce \u00e0 ses propri\u00e9t\u00e9s m\u00e9caniques et sa rigidit\u00e9.\" \/>\n<meta name=\"robots\" content=\"index, follow, max-snippet:-1, max-image-preview:large, max-video-preview:-1\" \/>\n<link rel=\"canonical\" href=\"https:\/\/synthechim.ma\/en\/product\/hdpe-haute-densite-polyethylene-extrusion-tube\/\" \/>\n<meta property=\"og:locale\" content=\"en_US\" \/>\n<meta property=\"og:type\" content=\"article\" \/>\n<meta property=\"og:title\" content=\"HDPE (Haute Densit\u00e9 Polyethyl\u00e8ne) extrusion tube - Synthechim\" \/>\n<meta property=\"og:description\" content=\"Le PolyEthyl\u00e8ne Haute Densit\u00e9 (PEHD) est un choix id\u00e9al pour les tubes et tuyaux gr\u00e2ce \u00e0 ses propri\u00e9t\u00e9s m\u00e9caniques et sa rigidit\u00e9.\" \/>\n<meta property=\"og:url\" content=\"https:\/\/synthechim.ma\/en\/product\/hdpe-haute-densite-polyethylene-extrusion-tube\/\" \/>\n<meta property=\"og:site_name\" content=\"Synthechim\" \/>\n<meta property=\"article:modified_time\" content=\"2023-04-29T16:16:14+00:00\" \/>\n<meta property=\"og:image\" content=\"https:\/\/synthechim.ma\/wp-content\/uploads\/2023\/04\/extrusion-tube-1.png\" \/>\n\t<meta property=\"og:image:width\" content=\"274\" \/>\n\t<meta property=\"og:image:height\" content=\"200\" \/>\n\t<meta property=\"og:image:type\" content=\"image\/png\" \/>\n<meta name=\"twitter:card\" content=\"summary_large_image\" \/>\n<meta name=\"twitter:label1\" content=\"Est. reading time\" \/>\n\t<meta name=\"twitter:data1\" content=\"1 minute\" \/>\n<script type=\"application\/ld+json\" class=\"yoast-schema-graph\">{\"@context\":\"https:\/\/schema.org\",\"@graph\":[{\"@type\":\"WebPage\",\"@id\":\"https:\/\/synthechim.ma\/produit\/hdpe-haute-densite-polyethylene-extrusion-tube\/\",\"url\":\"https:\/\/synthechim.ma\/produit\/hdpe-haute-densite-polyethylene-extrusion-tube\/\",\"name\":\"HDPE (Haute Densit\u00e9 Polyethyl\u00e8ne) extrusion tube - Synthechim\",\"isPartOf\":{\"@id\":\"https:\/\/synthechim.ma\/#website\"},\"primaryImageOfPage\":{\"@id\":\"https:\/\/synthechim.ma\/produit\/hdpe-haute-densite-polyethylene-extrusion-tube\/#primaryimage\"},\"image\":{\"@id\":\"https:\/\/synthechim.ma\/produit\/hdpe-haute-densite-polyethylene-extrusion-tube\/#primaryimage\"},\"thumbnailUrl\":\"https:\/\/synthechim.ma\/wp-content\/uploads\/2023\/04\/extrusion-tube-1.png\",\"datePublished\":\"2023-04-27T14:27:37+00:00\",\"dateModified\":\"2023-04-29T16:16:14+00:00\",\"description\":\"Le PolyEthyl\u00e8ne Haute Densit\u00e9 (PEHD) est un choix id\u00e9al pour les tubes et tuyaux gr\u00e2ce \u00e0 ses propri\u00e9t\u00e9s m\u00e9caniques et sa rigidit\u00e9.\",\"breadcrumb\":{\"@id\":\"https:\/\/synthechim.ma\/produit\/hdpe-haute-densite-polyethylene-extrusion-tube\/#breadcrumb\"},\"inLanguage\":\"en-US\",\"potentialAction\":[{\"@type\":\"ReadAction\",\"target\":[\"https:\/\/synthechim.ma\/produit\/hdpe-haute-densite-polyethylene-extrusion-tube\/\"]}]},{\"@type\":\"ImageObject\",\"inLanguage\":\"en-US\",\"@id\":\"https:\/\/synthechim.ma\/produit\/hdpe-haute-densite-polyethylene-extrusion-tube\/#primaryimage\",\"url\":\"https:\/\/synthechim.ma\/wp-content\/uploads\/2023\/04\/extrusion-tube-1.png\",\"contentUrl\":\"https:\/\/synthechim.ma\/wp-content\/uploads\/2023\/04\/extrusion-tube-1.png\",\"width\":274,\"height\":200},{\"@type\":\"BreadcrumbList\",\"@id\":\"https:\/\/synthechim.ma\/produit\/hdpe-haute-densite-polyethylene-extrusion-tube\/#breadcrumb\",\"itemListElement\":[{\"@type\":\"ListItem\",\"position\":1,\"name\":\"Accueil\",\"item\":\"https:\/\/synthechim.ma\/\"},{\"@type\":\"ListItem\",\"position\":2,\"name\":\"Produits\",\"item\":\"https:\/\/synthechim.ma\/boutique__trashed\/\"},{\"@type\":\"ListItem\",\"position\":3,\"name\":\"HDPE (Haute Densit\u00e9 Polyethyl\u00e8ne) extrusion tube\"}]},{\"@type\":\"WebSite\",\"@id\":\"https:\/\/synthechim.ma\/#website\",\"url\":\"https:\/\/synthechim.ma\/\",\"name\":\"Synthechim\",\"description\":\".\",\"publisher\":{\"@id\":\"https:\/\/synthechim.ma\/#organization\"},\"potentialAction\":[{\"@type\":\"SearchAction\",\"target\":{\"@type\":\"EntryPoint\",\"urlTemplate\":\"https:\/\/synthechim.ma\/?s={search_term_string}\"},\"query-input\":{\"@type\":\"PropertyValueSpecification\",\"valueRequired\":true,\"valueName\":\"search_term_string\"}}],\"inLanguage\":\"en-US\"},{\"@type\":\"Organization\",\"@id\":\"https:\/\/synthechim.ma\/#organization\",\"name\":\"Synthechim\",\"url\":\"https:\/\/synthechim.ma\/\",\"logo\":{\"@type\":\"ImageObject\",\"inLanguage\":\"en-US\",\"@id\":\"https:\/\/synthechim.ma\/#\/schema\/logo\/image\/\",\"url\":\"https:\/\/synthechim.ma\/wp-content\/uploads\/2023\/04\/Logo.png\",\"contentUrl\":\"https:\/\/synthechim.ma\/wp-content\/uploads\/2023\/04\/Logo.png\",\"width\":322,\"height\":130,\"caption\":\"Synthechim\"},\"image\":{\"@id\":\"https:\/\/synthechim.ma\/#\/schema\/logo\/image\/\"}}]}<\/script>\n<!-- \/ Yoast SEO plugin. -->","yoast_head_json":{"title":"HDPE (Haute Densit\u00e9 Polyethyl\u00e8ne) extrusion tube - Synthechim","description":"Le PolyEthyl\u00e8ne Haute Densit\u00e9 (PEHD) est un choix id\u00e9al pour les tubes et tuyaux gr\u00e2ce \u00e0 ses propri\u00e9t\u00e9s m\u00e9caniques et sa rigidit\u00e9.","robots":{"index":"index","follow":"follow","max-snippet":"max-snippet:-1","max-image-preview":"max-image-preview:large","max-video-preview":"max-video-preview:-1"},"canonical":"https:\/\/synthechim.ma\/en\/product\/hdpe-haute-densite-polyethylene-extrusion-tube\/","og_locale":"en_US","og_type":"article","og_title":"HDPE (Haute Densit\u00e9 Polyethyl\u00e8ne) extrusion tube - Synthechim","og_description":"Le PolyEthyl\u00e8ne Haute Densit\u00e9 (PEHD) est un choix id\u00e9al pour les tubes et tuyaux gr\u00e2ce \u00e0 ses propri\u00e9t\u00e9s m\u00e9caniques et sa rigidit\u00e9.","og_url":"https:\/\/synthechim.ma\/en\/product\/hdpe-haute-densite-polyethylene-extrusion-tube\/","og_site_name":"Synthechim","article_modified_time":"2023-04-29T16:16:14+00:00","og_image":[{"width":274,"height":200,"url":"https:\/\/synthechim.ma\/wp-content\/uploads\/2023\/04\/extrusion-tube-1.png","type":"image\/png"}],"twitter_card":"summary_large_image","twitter_misc":{"Est. reading time":"1 minute"},"schema":{"@context":"https:\/\/schema.org","@graph":[{"@type":"WebPage","@id":"https:\/\/synthechim.ma\/produit\/hdpe-haute-densite-polyethylene-extrusion-tube\/","url":"https:\/\/synthechim.ma\/produit\/hdpe-haute-densite-polyethylene-extrusion-tube\/","name":"HDPE (Haute Densit\u00e9 Polyethyl\u00e8ne) extrusion tube - Synthechim","isPartOf":{"@id":"https:\/\/synthechim.ma\/#website"},"primaryImageOfPage":{"@id":"https:\/\/synthechim.ma\/produit\/hdpe-haute-densite-polyethylene-extrusion-tube\/#primaryimage"},"image":{"@id":"https:\/\/synthechim.ma\/produit\/hdpe-haute-densite-polyethylene-extrusion-tube\/#primaryimage"},"thumbnailUrl":"https:\/\/synthechim.ma\/wp-content\/uploads\/2023\/04\/extrusion-tube-1.png","datePublished":"2023-04-27T14:27:37+00:00","dateModified":"2023-04-29T16:16:14+00:00","description":"Le PolyEthyl\u00e8ne Haute Densit\u00e9 (PEHD) est un choix id\u00e9al pour les tubes et tuyaux gr\u00e2ce \u00e0 ses propri\u00e9t\u00e9s m\u00e9caniques et sa rigidit\u00e9.","breadcrumb":{"@id":"https:\/\/synthechim.ma\/produit\/hdpe-haute-densite-polyethylene-extrusion-tube\/#breadcrumb"},"inLanguage":"en-US","potentialAction":[{"@type":"ReadAction","target":["https:\/\/synthechim.ma\/produit\/hdpe-haute-densite-polyethylene-extrusion-tube\/"]}]},{"@type":"ImageObject","inLanguage":"en-US","@id":"https:\/\/synthechim.ma\/produit\/hdpe-haute-densite-polyethylene-extrusion-tube\/#primaryimage","url":"https:\/\/synthechim.ma\/wp-content\/uploads\/2023\/04\/extrusion-tube-1.png","contentUrl":"https:\/\/synthechim.ma\/wp-content\/uploads\/2023\/04\/extrusion-tube-1.png","width":274,"height":200},{"@type":"BreadcrumbList","@id":"https:\/\/synthechim.ma\/produit\/hdpe-haute-densite-polyethylene-extrusion-tube\/#breadcrumb","itemListElement":[{"@type":"ListItem","position":1,"name":"Accueil","item":"https:\/\/synthechim.ma\/"},{"@type":"ListItem","position":2,"name":"Produits","item":"https:\/\/synthechim.ma\/boutique__trashed\/"},{"@type":"ListItem","position":3,"name":"HDPE (Haute Densit\u00e9 Polyethyl\u00e8ne) extrusion tube"}]},{"@type":"WebSite","@id":"https:\/\/synthechim.ma\/#website","url":"https:\/\/synthechim.ma\/","name":"Synthechim","description":".","publisher":{"@id":"https:\/\/synthechim.ma\/#organization"},"potentialAction":[{"@type":"SearchAction","target":{"@type":"EntryPoint","urlTemplate":"https:\/\/synthechim.ma\/?s={search_term_string}"},"query-input":{"@type":"PropertyValueSpecification","valueRequired":true,"valueName":"search_term_string"}}],"inLanguage":"en-US"},{"@type":"Organization","@id":"https:\/\/synthechim.ma\/#organization","name":"Synthechim","url":"https:\/\/synthechim.ma\/","logo":{"@type":"ImageObject","inLanguage":"en-US","@id":"https:\/\/synthechim.ma\/#\/schema\/logo\/image\/","url":"https:\/\/synthechim.ma\/wp-content\/uploads\/2023\/04\/Logo.png","contentUrl":"https:\/\/synthechim.ma\/wp-content\/uploads\/2023\/04\/Logo.png","width":322,"height":130,"caption":"Synthechim"},"image":{"@id":"https:\/\/synthechim.ma\/#\/schema\/logo\/image\/"}}]}},"_links":{"self":[{"href":"https:\/\/synthechim.ma\/en\/wp-json\/wp\/v2\/product\/1148","targetHints":{"allow":["GET"]}}],"collection":[{"href":"https:\/\/synthechim.ma\/en\/wp-json\/wp\/v2\/product"}],"about":[{"href":"https:\/\/synthechim.ma\/en\/wp-json\/wp\/v2\/types\/product"}],"version-history":[{"count":5,"href":"https:\/\/synthechim.ma\/en\/wp-json\/wp\/v2\/product\/1148\/revisions"}],"predecessor-version":[{"id":1577,"href":"https:\/\/synthechim.ma\/en\/wp-json\/wp\/v2\/product\/1148\/revisions\/1577"}],"wp:featuredmedia":[{"embeddable":true,"href":"https:\/\/synthechim.ma\/en\/wp-json\/wp\/v2\/media\/1576"}],"wp:attachment":[{"href":"https:\/\/synthechim.ma\/en\/wp-json\/wp\/v2\/media?parent=1148"}],"wp:term":[{"taxonomy":"product_cat","embeddable":true,"href":"https:\/\/synthechim.ma\/en\/wp-json\/wp\/v2\/product_cat?post=1148"},{"taxonomy":"product_tag","embeddable":true,"href":"https:\/\/synthechim.ma\/en\/wp-json\/wp\/v2\/product_tag?post=1148"}],"curies":[{"name":"wp","href":"https:\/\/api.w.org\/{rel}","templated":true}]}}