{"id":1268,"date":"2023-04-27T17:57:45","date_gmt":"2023-04-27T15:57:45","guid":{"rendered":"https:\/\/synthechim.top-energiedin.com\/?post_type=product&#038;p=1268"},"modified":"2023-06-01T17:43:15","modified_gmt":"2023-06-01T15:43:15","slug":"pp-polypropylene-extrusion","status":"publish","type":"product","link":"https:\/\/synthechim.ma\/en\/product\/pp-polypropylene-extrusion\/","title":{"rendered":"PP (PolyPropyl\u00e8ne) &#8211; extrusion"},"content":{"rendered":"<div data-elementor-type=\"product-post\" data-elementor-id=\"1268\" class=\"elementor elementor-1268\">\n\t\t\t\t\t\t<section class=\"elementor-section elementor-top-section elementor-element elementor-element-4bc8228 elementor-section-boxed elementor-section-height-default elementor-section-height-default jltma-glass-effect-no\" data-id=\"4bc8228\" data-element_type=\"section\">\n\t\t\t\t\t\t<div class=\"elementor-container elementor-column-gap-default\">\n\t\t\t\t\t<div class=\"elementor-column elementor-col-100 elementor-top-column elementor-element elementor-element-bf87f78 jltma-glass-effect-no\" data-id=\"bf87f78\" data-element_type=\"column\">\n\t\t\t<div class=\"elementor-widget-wrap elementor-element-populated\">\n\t\t\t\t\t\t<div class=\"elementor-element elementor-element-08e65df jltma-glass-effect-no elementor-widget elementor-widget-text-editor\" data-id=\"08e65df\" data-element_type=\"widget\" data-widget_type=\"text-editor.default\">\n\t\t\t\t<div class=\"elementor-widget-container\">\n\t\t\t<style>\/*! elementor - v3.22.0 - 26-06-2024 *\/\n.elementor-widget-text-editor.elementor-drop-cap-view-stacked .elementor-drop-cap{background-color:#69727d;color:#fff}.elementor-widget-text-editor.elementor-drop-cap-view-framed .elementor-drop-cap{color:#69727d;border:3px solid;background-color:transparent}.elementor-widget-text-editor:not(.elementor-drop-cap-view-default) .elementor-drop-cap{margin-top:8px}.elementor-widget-text-editor:not(.elementor-drop-cap-view-default) .elementor-drop-cap-letter{width:1em;height:1em}.elementor-widget-text-editor .elementor-drop-cap{float:left;text-align:center;line-height:1;font-size:50px}.elementor-widget-text-editor .elementor-drop-cap-letter{display:inline-block}<\/style>\t\t\t\t<p>Le polypropyl\u00e8ne (PP) est un polym\u00e8re thermoplastique polyvalent souvent choisi pour les extrusions en plastique en raison de ses nombreux avantages. Ce mat\u00e9riau est abordable, r\u00e9sistant \u00e0 la chaleur et flexible, ce qui le rend id\u00e9al pour de nombreuses applications.<\/p><p>Les propri\u00e9t\u00e9s du polypropyl\u00e8ne sont similaires \u00e0 celles du poly\u00e9thyl\u00e8ne, mais il y a quelques diff\u00e9rences cl\u00e9s \u00e0 noter. Le polypropyl\u00e8ne est plus rigide et dur, avec une densit\u00e9 plus faible et un point de fusion plus \u00e9lev\u00e9 \u00e0 160\u00b0C, offrant ainsi une excellente r\u00e9sistance \u00e9lectrique et thermique.<\/p><p>Les avantages du polypropyl\u00e8ne sont nombreux. Tout d&rsquo;abord, il est peu co\u00fbteux \u00e0 produire, ce qui en fait un choix \u00e9conomique pour les entreprises. De plus, sa nature semi-cristalline lui conf\u00e8re une haute r\u00e9sistance \u00e0 la flexion, et son faible coefficient de dilatation thermique en fait un choix populaire pour les applications n\u00e9cessitant une stabilit\u00e9 dimensionnelle.<\/p><p>En conclusion, le polypropyl\u00e8ne est un choix judicieux pour les applications n\u00e9cessitant une grande r\u00e9sistance, une flexibilit\u00e9 et une stabilit\u00e9 dimensionnelle. Si vous cherchez un mat\u00e9riau abordable et fiable, le polypropyl\u00e8ne pourrait \u00eatre la solution id\u00e9ale pour votre projet.<\/p>\t\t\t\t\t\t<\/div>\n\t\t\t\t<\/div>\n\t\t\t\t<div class=\"elementor-element elementor-element-b955b43 jltma-glass-effect-no elementor-widget elementor-widget-heading\" data-id=\"b955b43\" data-element_type=\"widget\" data-widget_type=\"heading.default\">\n\t\t\t\t<div class=\"elementor-widget-container\">\n\t\t\t<style>\/*! elementor - v3.22.0 - 26-06-2024 *\/\n.elementor-heading-title{padding:0;margin:0;line-height:1}.elementor-widget-heading .elementor-heading-title[class*=elementor-size-]>a{color:inherit;font-size:inherit;line-height:inherit}.elementor-widget-heading .elementor-heading-title.elementor-size-small{font-size:15px}.elementor-widget-heading .elementor-heading-title.elementor-size-medium{font-size:19px}.elementor-widget-heading .elementor-heading-title.elementor-size-large{font-size:29px}.elementor-widget-heading .elementor-heading-title.elementor-size-xl{font-size:39px}.elementor-widget-heading .elementor-heading-title.elementor-size-xxl{font-size:59px}<\/style><div class=\"elementor-heading-title elementor-size-default\">Quelques applications diverses : \n<\/div>\t\t<\/div>\n\t\t\t\t<\/div>\n\t\t\t\t<div class=\"elementor-element elementor-element-e518aca elementor-icon-list--layout-traditional elementor-list-item-link-full_width jltma-glass-effect-no elementor-widget elementor-widget-icon-list\" data-id=\"e518aca\" data-element_type=\"widget\" data-widget_type=\"icon-list.default\">\n\t\t\t\t<div class=\"elementor-widget-container\">\n\t\t\t<link rel=\"stylesheet\" href=\"https:\/\/synthechim.ma\/wp-content\/plugins\/elementor\/assets\/css\/widget-icon-list.min.css\">\t\t<ul class=\"elementor-icon-list-items\">\n\t\t\t\t\t\t\t<li class=\"elementor-icon-list-item\">\n\t\t\t\t\t\t\t\t\t\t\t<span class=\"elementor-icon-list-icon\">\n\t\t\t\t\t\t\t<i aria-hidden=\"true\" class=\"fas fa-check-square\"><\/i>\t\t\t\t\t\t<\/span>\n\t\t\t\t\t\t\t\t\t\t<span class=\"elementor-icon-list-text\">Sacs tiss\u00e9s type Raffia,<\/span>\n\t\t\t\t\t\t\t\t\t<\/li>\n\t\t\t\t\t\t\t\t<li class=\"elementor-icon-list-item\">\n\t\t\t\t\t\t\t\t\t\t\t<span class=\"elementor-icon-list-icon\">\n\t\t\t\t\t\t\t<i aria-hidden=\"true\" class=\"fas fa-check-square\"><\/i>\t\t\t\t\t\t<\/span>\n\t\t\t\t\t\t\t\t\t\t<span class=\"elementor-icon-list-text\">Textile non tiss\u00e9s, <\/span>\n\t\t\t\t\t\t\t\t\t<\/li>\n\t\t\t\t\t\t\t\t<li class=\"elementor-icon-list-item\">\n\t\t\t\t\t\t\t\t\t\t\t<span class=\"elementor-icon-list-icon\">\n\t\t\t\t\t\t\t<i aria-hidden=\"true\" class=\"fas fa-check-square\"><\/i>\t\t\t\t\t\t<\/span>\n\t\t\t\t\t\t\t\t\t\t<span class=\"elementor-icon-list-text\">Tapis,<\/span>\n\t\t\t\t\t\t\t\t\t<\/li>\n\t\t\t\t\t\t\t\t<li class=\"elementor-icon-list-item\">\n\t\t\t\t\t\t\t\t\t\t\t<span class=\"elementor-icon-list-icon\">\n\t\t\t\t\t\t\t<i aria-hidden=\"true\" class=\"fas fa-check-square\"><\/i>\t\t\t\t\t\t<\/span>\n\t\t\t\t\t\t\t\t\t\t<span class=\"elementor-icon-list-text\">Cordes et cordages, <\/span>\n\t\t\t\t\t\t\t\t\t<\/li>\n\t\t\t\t\t\t\t\t<li class=\"elementor-icon-list-item\">\n\t\t\t\t\t\t\t\t\t\t\t<span class=\"elementor-icon-list-icon\">\n\t\t\t\t\t\t\t<i aria-hidden=\"true\" class=\"fas fa-check-square\"><\/i>\t\t\t\t\t\t<\/span>\n\t\t\t\t\t\t\t\t\t\t<span class=\"elementor-icon-list-text\">Sac et films industriels, <\/span>\n\t\t\t\t\t\t\t\t\t<\/li>\n\t\t\t\t\t\t<\/ul>\n\t\t\t\t<\/div>\n\t\t\t\t<\/div>\n\t\t\t\t\t<\/div>\n\t\t<\/div>\n\t\t\t\t\t<\/div>\n\t\t<\/section>\n\t\t\t\t<section class=\"elementor-section elementor-top-section elementor-element elementor-element-04007dd elementor-section-boxed elementor-section-height-default elementor-section-height-default jltma-glass-effect-no\" data-id=\"04007dd\" data-element_type=\"section\">\n\t\t\t\t\t\t<div class=\"elementor-container elementor-column-gap-default\">\n\t\t\t\t\t<div class=\"elementor-column elementor-col-100 elementor-top-column elementor-element elementor-element-3bbf874 jltma-glass-effect-no\" data-id=\"3bbf874\" data-element_type=\"column\">\n\t\t\t<div class=\"elementor-widget-wrap elementor-element-populated\">\n\t\t\t\t\t\t<div class=\"elementor-element elementor-element-ea1a782 jltma-glass-effect-no elementor-widget elementor-widget-heading\" data-id=\"ea1a782\" data-element_type=\"widget\" data-widget_type=\"heading.default\">\n\t\t\t\t<div class=\"elementor-widget-container\">\n\t\t\t<h2 class=\"elementor-heading-title elementor-size-default\">Contactez nous pour plus d'informations ! <\/h2>\t\t<\/div>\n\t\t\t\t<\/div>\n\t\t\t\t\t<\/div>\n\t\t<\/div>\n\t\t\t\t\t<\/div>\n\t\t<\/section>\n\t\t\t\t<\/div>","protected":false},"excerpt":{"rendered":"<p>Le polypropyl\u00e8ne (PP) est un polym\u00e8re thermoplastique polyvalent souvent choisi pour les extrusions en plastique en raison de ses nombreux avantages. Ce mat\u00e9riau est abordable, r\u00e9sistant \u00e0 la chaleur et flexible, ce qui le rend id\u00e9al pour de nombreuses applications. Les propri\u00e9t\u00e9s du polypropyl\u00e8ne sont similaires \u00e0 celles du poly\u00e9thyl\u00e8ne, mais il y a quelques [&hellip;]<\/p>","protected":false},"featured_media":1753,"template":"","meta":{"_themeisle_gutenberg_block_has_review":false},"product_cat":[18,26],"product_tag":[],"class_list":["post-1268","product","type-product","status-publish","has-post-thumbnail","hentry","product_cat-matieres-plastiques-et-auxiliaires","product_cat-polyolefines"],"yoast_head":"<!-- This site is optimized with the Yoast SEO plugin v26.0 - https:\/\/yoast.com\/wordpress\/plugins\/seo\/ -->\n<title>PP (PolyPropyl\u00e8ne) - extrusion - Synthechim<\/title>\n<meta name=\"description\" content=\"Le polypropyl\u00e8ne (PP) est un polym\u00e8re thermoplastique polyvalent ! Contactez nous pour plus d&#039;information sur nos PP grade extrusion et PP Raffia\" \/>\n<meta name=\"robots\" content=\"index, follow, max-snippet:-1, max-image-preview:large, max-video-preview:-1\" \/>\n<link rel=\"canonical\" href=\"https:\/\/synthechim.ma\/en\/product\/pp-polypropylene-extrusion\/\" \/>\n<meta property=\"og:locale\" content=\"en_US\" \/>\n<meta property=\"og:type\" content=\"article\" \/>\n<meta property=\"og:title\" content=\"PP (PolyPropyl\u00e8ne) - extrusion - Synthechim\" \/>\n<meta property=\"og:description\" content=\"Le polypropyl\u00e8ne (PP) est un polym\u00e8re thermoplastique polyvalent ! Contactez nous pour plus d&#039;information sur nos PP grade extrusion et PP Raffia\" \/>\n<meta property=\"og:url\" content=\"https:\/\/synthechim.ma\/en\/product\/pp-polypropylene-extrusion\/\" \/>\n<meta property=\"og:site_name\" content=\"Synthechim\" \/>\n<meta property=\"article:modified_time\" content=\"2023-06-01T15:43:15+00:00\" \/>\n<meta property=\"og:image\" content=\"https:\/\/synthechim.ma\/wp-content\/uploads\/2023\/04\/RICE-Bag-1-1.jpg\" \/>\n\t<meta property=\"og:image:width\" content=\"1920\" \/>\n\t<meta property=\"og:image:height\" content=\"1913\" \/>\n\t<meta property=\"og:image:type\" content=\"image\/jpeg\" \/>\n<meta name=\"twitter:card\" content=\"summary_large_image\" \/>\n<meta name=\"twitter:label1\" content=\"Est. reading time\" \/>\n\t<meta name=\"twitter:data1\" content=\"2 minutes\" \/>\n<script type=\"application\/ld+json\" class=\"yoast-schema-graph\">{\"@context\":\"https:\/\/schema.org\",\"@graph\":[{\"@type\":\"WebPage\",\"@id\":\"https:\/\/synthechim.ma\/produit\/pp-polypropylene-extrusion\/\",\"url\":\"https:\/\/synthechim.ma\/produit\/pp-polypropylene-extrusion\/\",\"name\":\"PP (PolyPropyl\u00e8ne) - extrusion - Synthechim\",\"isPartOf\":{\"@id\":\"https:\/\/synthechim.ma\/#website\"},\"primaryImageOfPage\":{\"@id\":\"https:\/\/synthechim.ma\/produit\/pp-polypropylene-extrusion\/#primaryimage\"},\"image\":{\"@id\":\"https:\/\/synthechim.ma\/produit\/pp-polypropylene-extrusion\/#primaryimage\"},\"thumbnailUrl\":\"https:\/\/synthechim.ma\/wp-content\/uploads\/2023\/04\/RICE-Bag-1-1.jpg\",\"datePublished\":\"2023-04-27T15:57:45+00:00\",\"dateModified\":\"2023-06-01T15:43:15+00:00\",\"description\":\"Le polypropyl\u00e8ne (PP) est un polym\u00e8re thermoplastique polyvalent ! Contactez nous pour plus d'information sur nos PP grade extrusion et PP Raffia\",\"breadcrumb\":{\"@id\":\"https:\/\/synthechim.ma\/produit\/pp-polypropylene-extrusion\/#breadcrumb\"},\"inLanguage\":\"en-US\",\"potentialAction\":[{\"@type\":\"ReadAction\",\"target\":[\"https:\/\/synthechim.ma\/produit\/pp-polypropylene-extrusion\/\"]}]},{\"@type\":\"ImageObject\",\"inLanguage\":\"en-US\",\"@id\":\"https:\/\/synthechim.ma\/produit\/pp-polypropylene-extrusion\/#primaryimage\",\"url\":\"https:\/\/synthechim.ma\/wp-content\/uploads\/2023\/04\/RICE-Bag-1-1.jpg\",\"contentUrl\":\"https:\/\/synthechim.ma\/wp-content\/uploads\/2023\/04\/RICE-Bag-1-1.jpg\",\"width\":1920,\"height\":1913},{\"@type\":\"BreadcrumbList\",\"@id\":\"https:\/\/synthechim.ma\/produit\/pp-polypropylene-extrusion\/#breadcrumb\",\"itemListElement\":[{\"@type\":\"ListItem\",\"position\":1,\"name\":\"Accueil\",\"item\":\"https:\/\/synthechim.ma\/\"},{\"@type\":\"ListItem\",\"position\":2,\"name\":\"Produits\",\"item\":\"https:\/\/synthechim.ma\/boutique__trashed\/\"},{\"@type\":\"ListItem\",\"position\":3,\"name\":\"PP (PolyPropyl\u00e8ne) &#8211; extrusion\"}]},{\"@type\":\"WebSite\",\"@id\":\"https:\/\/synthechim.ma\/#website\",\"url\":\"https:\/\/synthechim.ma\/\",\"name\":\"Synthechim\",\"description\":\".\",\"publisher\":{\"@id\":\"https:\/\/synthechim.ma\/#organization\"},\"potentialAction\":[{\"@type\":\"SearchAction\",\"target\":{\"@type\":\"EntryPoint\",\"urlTemplate\":\"https:\/\/synthechim.ma\/?s={search_term_string}\"},\"query-input\":{\"@type\":\"PropertyValueSpecification\",\"valueRequired\":true,\"valueName\":\"search_term_string\"}}],\"inLanguage\":\"en-US\"},{\"@type\":\"Organization\",\"@id\":\"https:\/\/synthechim.ma\/#organization\",\"name\":\"Synthechim\",\"url\":\"https:\/\/synthechim.ma\/\",\"logo\":{\"@type\":\"ImageObject\",\"inLanguage\":\"en-US\",\"@id\":\"https:\/\/synthechim.ma\/#\/schema\/logo\/image\/\",\"url\":\"https:\/\/synthechim.ma\/wp-content\/uploads\/2023\/04\/Logo.png\",\"contentUrl\":\"https:\/\/synthechim.ma\/wp-content\/uploads\/2023\/04\/Logo.png\",\"width\":322,\"height\":130,\"caption\":\"Synthechim\"},\"image\":{\"@id\":\"https:\/\/synthechim.ma\/#\/schema\/logo\/image\/\"}}]}<\/script>\n<!-- \/ Yoast SEO plugin. -->","yoast_head_json":{"title":"PP (PolyPropyl\u00e8ne) - extrusion - Synthechim","description":"Le polypropyl\u00e8ne (PP) est un polym\u00e8re thermoplastique polyvalent ! Contactez nous pour plus d'information sur nos PP grade extrusion et PP Raffia","robots":{"index":"index","follow":"follow","max-snippet":"max-snippet:-1","max-image-preview":"max-image-preview:large","max-video-preview":"max-video-preview:-1"},"canonical":"https:\/\/synthechim.ma\/en\/product\/pp-polypropylene-extrusion\/","og_locale":"en_US","og_type":"article","og_title":"PP (PolyPropyl\u00e8ne) - extrusion - Synthechim","og_description":"Le polypropyl\u00e8ne (PP) est un polym\u00e8re thermoplastique polyvalent ! Contactez nous pour plus d'information sur nos PP grade extrusion et PP Raffia","og_url":"https:\/\/synthechim.ma\/en\/product\/pp-polypropylene-extrusion\/","og_site_name":"Synthechim","article_modified_time":"2023-06-01T15:43:15+00:00","og_image":[{"width":1920,"height":1913,"url":"https:\/\/synthechim.ma\/wp-content\/uploads\/2023\/04\/RICE-Bag-1-1.jpg","type":"image\/jpeg"}],"twitter_card":"summary_large_image","twitter_misc":{"Est. reading time":"2 minutes"},"schema":{"@context":"https:\/\/schema.org","@graph":[{"@type":"WebPage","@id":"https:\/\/synthechim.ma\/produit\/pp-polypropylene-extrusion\/","url":"https:\/\/synthechim.ma\/produit\/pp-polypropylene-extrusion\/","name":"PP (PolyPropyl\u00e8ne) - extrusion - Synthechim","isPartOf":{"@id":"https:\/\/synthechim.ma\/#website"},"primaryImageOfPage":{"@id":"https:\/\/synthechim.ma\/produit\/pp-polypropylene-extrusion\/#primaryimage"},"image":{"@id":"https:\/\/synthechim.ma\/produit\/pp-polypropylene-extrusion\/#primaryimage"},"thumbnailUrl":"https:\/\/synthechim.ma\/wp-content\/uploads\/2023\/04\/RICE-Bag-1-1.jpg","datePublished":"2023-04-27T15:57:45+00:00","dateModified":"2023-06-01T15:43:15+00:00","description":"Le polypropyl\u00e8ne (PP) est un polym\u00e8re thermoplastique polyvalent ! Contactez nous pour plus d'information sur nos PP grade extrusion et PP Raffia","breadcrumb":{"@id":"https:\/\/synthechim.ma\/produit\/pp-polypropylene-extrusion\/#breadcrumb"},"inLanguage":"en-US","potentialAction":[{"@type":"ReadAction","target":["https:\/\/synthechim.ma\/produit\/pp-polypropylene-extrusion\/"]}]},{"@type":"ImageObject","inLanguage":"en-US","@id":"https:\/\/synthechim.ma\/produit\/pp-polypropylene-extrusion\/#primaryimage","url":"https:\/\/synthechim.ma\/wp-content\/uploads\/2023\/04\/RICE-Bag-1-1.jpg","contentUrl":"https:\/\/synthechim.ma\/wp-content\/uploads\/2023\/04\/RICE-Bag-1-1.jpg","width":1920,"height":1913},{"@type":"BreadcrumbList","@id":"https:\/\/synthechim.ma\/produit\/pp-polypropylene-extrusion\/#breadcrumb","itemListElement":[{"@type":"ListItem","position":1,"name":"Accueil","item":"https:\/\/synthechim.ma\/"},{"@type":"ListItem","position":2,"name":"Produits","item":"https:\/\/synthechim.ma\/boutique__trashed\/"},{"@type":"ListItem","position":3,"name":"PP (PolyPropyl\u00e8ne) &#8211; extrusion"}]},{"@type":"WebSite","@id":"https:\/\/synthechim.ma\/#website","url":"https:\/\/synthechim.ma\/","name":"Synthechim","description":".","publisher":{"@id":"https:\/\/synthechim.ma\/#organization"},"potentialAction":[{"@type":"SearchAction","target":{"@type":"EntryPoint","urlTemplate":"https:\/\/synthechim.ma\/?s={search_term_string}"},"query-input":{"@type":"PropertyValueSpecification","valueRequired":true,"valueName":"search_term_string"}}],"inLanguage":"en-US"},{"@type":"Organization","@id":"https:\/\/synthechim.ma\/#organization","name":"Synthechim","url":"https:\/\/synthechim.ma\/","logo":{"@type":"ImageObject","inLanguage":"en-US","@id":"https:\/\/synthechim.ma\/#\/schema\/logo\/image\/","url":"https:\/\/synthechim.ma\/wp-content\/uploads\/2023\/04\/Logo.png","contentUrl":"https:\/\/synthechim.ma\/wp-content\/uploads\/2023\/04\/Logo.png","width":322,"height":130,"caption":"Synthechim"},"image":{"@id":"https:\/\/synthechim.ma\/#\/schema\/logo\/image\/"}}]}},"_links":{"self":[{"href":"https:\/\/synthechim.ma\/en\/wp-json\/wp\/v2\/product\/1268","targetHints":{"allow":["GET"]}}],"collection":[{"href":"https:\/\/synthechim.ma\/en\/wp-json\/wp\/v2\/product"}],"about":[{"href":"https:\/\/synthechim.ma\/en\/wp-json\/wp\/v2\/types\/product"}],"version-history":[{"count":15,"href":"https:\/\/synthechim.ma\/en\/wp-json\/wp\/v2\/product\/1268\/revisions"}],"predecessor-version":[{"id":2233,"href":"https:\/\/synthechim.ma\/en\/wp-json\/wp\/v2\/product\/1268\/revisions\/2233"}],"wp:featuredmedia":[{"embeddable":true,"href":"https:\/\/synthechim.ma\/en\/wp-json\/wp\/v2\/media\/1753"}],"wp:attachment":[{"href":"https:\/\/synthechim.ma\/en\/wp-json\/wp\/v2\/media?parent=1268"}],"wp:term":[{"taxonomy":"product_cat","embeddable":true,"href":"https:\/\/synthechim.ma\/en\/wp-json\/wp\/v2\/product_cat?post=1268"},{"taxonomy":"product_tag","embeddable":true,"href":"https:\/\/synthechim.ma\/en\/wp-json\/wp\/v2\/product_tag?post=1268"}],"curies":[{"name":"wp","href":"https:\/\/api.w.org\/{rel}","templated":true}]}}