{"id":1277,"date":"2023-04-27T18:08:20","date_gmt":"2023-04-27T16:08:20","guid":{"rendered":"https:\/\/synthechim.top-energiedin.com\/?post_type=product&#038;p=1277"},"modified":"2023-06-01T17:38:16","modified_gmt":"2023-06-01T15:38:16","slug":"mabs-methylmetacrylate-acrylonitrile-butadiene-styrene","status":"publish","type":"product","link":"https:\/\/synthechim.ma\/en\/product\/mabs-methylmetacrylate-acrylonitrile-butadiene-styrene\/","title":{"rendered":"mABS (M\u00e9thylm\u00e9tacrylate Acrylonitrile Butadi\u00e8ne Styr\u00e8ne)"},"content":{"rendered":"<div data-elementor-type=\"product-post\" data-elementor-id=\"1277\" class=\"elementor elementor-1277\">\n\t\t\t\t\t\t<section class=\"elementor-section elementor-top-section elementor-element elementor-element-4bc8228 elementor-section-boxed elementor-section-height-default elementor-section-height-default jltma-glass-effect-no\" data-id=\"4bc8228\" data-element_type=\"section\">\n\t\t\t\t\t\t<div class=\"elementor-container elementor-column-gap-default\">\n\t\t\t\t\t<div class=\"elementor-column elementor-col-100 elementor-top-column elementor-element elementor-element-bf87f78 jltma-glass-effect-no\" data-id=\"bf87f78\" data-element_type=\"column\">\n\t\t\t<div class=\"elementor-widget-wrap elementor-element-populated\">\n\t\t\t\t\t\t<div class=\"elementor-element elementor-element-08e65df jltma-glass-effect-no elementor-widget elementor-widget-text-editor\" data-id=\"08e65df\" data-element_type=\"widget\" data-widget_type=\"text-editor.default\">\n\t\t\t\t<div class=\"elementor-widget-container\">\n\t\t\t<style>\/*! elementor - v3.22.0 - 26-06-2024 *\/\n.elementor-widget-text-editor.elementor-drop-cap-view-stacked .elementor-drop-cap{background-color:#69727d;color:#fff}.elementor-widget-text-editor.elementor-drop-cap-view-framed .elementor-drop-cap{color:#69727d;border:3px solid;background-color:transparent}.elementor-widget-text-editor:not(.elementor-drop-cap-view-default) .elementor-drop-cap{margin-top:8px}.elementor-widget-text-editor:not(.elementor-drop-cap-view-default) .elementor-drop-cap-letter{width:1em;height:1em}.elementor-widget-text-editor .elementor-drop-cap{float:left;text-align:center;line-height:1;font-size:50px}.elementor-widget-text-editor .elementor-drop-cap-letter{display:inline-block}<\/style>\t\t\t\t<p>Le M-ABS transparent est un mat\u00e9riau de haute qualit\u00e9 offrant une vaste gamme d&rsquo;applications pour les proc\u00e9d\u00e9s de moulage par injection et d&rsquo;extrusion. Chez SYNTHECHIM, nous proposons une vari\u00e9t\u00e9 de produits de M-ABS transparent, y compris des versions color\u00e9es, stabilis\u00e9es aux UV et antistatiques pour r\u00e9pondre \u00e0 vos besoins sp\u00e9cifiques.<\/p>\n<p>Le M-ABS transparent est id\u00e9al pour la fabrication d&rsquo;une grande vari\u00e9t\u00e9 d&rsquo;articles de consommation tels que les pi\u00e8ces de bo\u00eetier pour les petits appareils m\u00e9nagers. Ce mat\u00e9riau est \u00e9galement utilis\u00e9 pour la fabrication de plaques d&rsquo;extrusion, de pi\u00e8ces sanitaires et de bo\u00eetiers pour de nombreux autres produits.<\/p>\n<p>Avec sa transparence exceptionnelle, le M-ABS transparent offre un aspect visuel attractif pour les articles de consommation, tandis que sa r\u00e9sistance aux chocs et sa r\u00e9sistance chimique le rendent id\u00e9al pour des applications n\u00e9cessitant des propri\u00e9t\u00e9s de r\u00e9sistance \u00e9lev\u00e9es.<br><br>Contacez-nous pour plus d&rsquo;informations !&nbsp;<\/p>\t\t\t\t\t\t<\/div>\n\t\t\t\t<\/div>\n\t\t\t\t\t<\/div>\n\t\t<\/div>\n\t\t\t\t\t<\/div>\n\t\t<\/section>\n\t\t\t\t<\/div>","protected":false},"excerpt":{"rendered":"<p>Le M-ABS transparent est un mat\u00e9riau de haute qualit\u00e9 offrant une vaste gamme d&rsquo;applications pour les proc\u00e9d\u00e9s de moulage par injection et d&rsquo;extrusion. Chez SYNTHECHIM, nous proposons une vari\u00e9t\u00e9 de produits de M-ABS transparent, y compris des versions color\u00e9es, stabilis\u00e9es aux UV et antistatiques pour r\u00e9pondre \u00e0 vos besoins sp\u00e9cifiques. Le M-ABS transparent est id\u00e9al [&hellip;]<\/p>","protected":false},"featured_media":1455,"template":"","meta":{"_themeisle_gutenberg_block_has_review":false},"product_cat":[18,27],"product_tag":[],"class_list":["post-1277","product","type-product","status-publish","has-post-thumbnail","hentry","product_cat-matieres-plastiques-et-auxiliaires","product_cat-styreniques"],"yoast_head":"<!-- This site is optimized with the Yoast SEO plugin v26.0 - https:\/\/yoast.com\/wordpress\/plugins\/seo\/ -->\n<title>mABS (M\u00e9thylm\u00e9tacrylate Acrylonitrile Butadi\u00e8ne Styr\u00e8ne) -<\/title>\n<meta name=\"description\" content=\"Le mABS (M\u00e9thylm\u00e9tacrytale Acrylonitrile Butadi\u00e8ne Styr\u00e8ne) est un polym\u00e8re styr\u00e9nique offrant d&#039;excellentes propri\u00e9t\u00e9s de r\u00e9sistances et de transparences.\" \/>\n<meta name=\"robots\" content=\"index, follow, max-snippet:-1, max-image-preview:large, max-video-preview:-1\" \/>\n<link rel=\"canonical\" href=\"https:\/\/synthechim.ma\/en\/product\/mabs-methylmetacrylate-acrylonitrile-butadiene-styrene\/\" \/>\n<meta property=\"og:locale\" content=\"en_US\" \/>\n<meta property=\"og:type\" content=\"article\" \/>\n<meta property=\"og:title\" content=\"mABS (M\u00e9thylm\u00e9tacrylate Acrylonitrile Butadi\u00e8ne Styr\u00e8ne) -\" \/>\n<meta property=\"og:description\" content=\"Le mABS (M\u00e9thylm\u00e9tacrytale Acrylonitrile Butadi\u00e8ne Styr\u00e8ne) est un polym\u00e8re styr\u00e9nique offrant d&#039;excellentes propri\u00e9t\u00e9s de r\u00e9sistances et de transparences.\" \/>\n<meta property=\"og:url\" content=\"https:\/\/synthechim.ma\/en\/product\/mabs-methylmetacrylate-acrylonitrile-butadiene-styrene\/\" \/>\n<meta property=\"og:site_name\" content=\"Synthechim\" \/>\n<meta property=\"article:modified_time\" content=\"2023-06-01T15:38:16+00:00\" \/>\n<meta property=\"og:image\" content=\"https:\/\/synthechim.ma\/wp-content\/uploads\/2023\/04\/mABS.png\" \/>\n\t<meta property=\"og:image:width\" content=\"274\" \/>\n\t<meta property=\"og:image:height\" content=\"200\" \/>\n\t<meta property=\"og:image:type\" content=\"image\/png\" \/>\n<meta name=\"twitter:card\" content=\"summary_large_image\" \/>\n<meta name=\"twitter:label1\" content=\"Est. reading time\" \/>\n\t<meta name=\"twitter:data1\" content=\"1 minute\" \/>\n<script type=\"application\/ld+json\" class=\"yoast-schema-graph\">{\"@context\":\"https:\/\/schema.org\",\"@graph\":[{\"@type\":\"WebPage\",\"@id\":\"https:\/\/synthechim.ma\/produit\/mabs-methylmetacrylate-acrylonitrile-butadiene-styrene\/\",\"url\":\"https:\/\/synthechim.ma\/produit\/mabs-methylmetacrylate-acrylonitrile-butadiene-styrene\/\",\"name\":\"mABS (M\u00e9thylm\u00e9tacrylate Acrylonitrile Butadi\u00e8ne Styr\u00e8ne) -\",\"isPartOf\":{\"@id\":\"https:\/\/synthechim.ma\/#website\"},\"primaryImageOfPage\":{\"@id\":\"https:\/\/synthechim.ma\/produit\/mabs-methylmetacrylate-acrylonitrile-butadiene-styrene\/#primaryimage\"},\"image\":{\"@id\":\"https:\/\/synthechim.ma\/produit\/mabs-methylmetacrylate-acrylonitrile-butadiene-styrene\/#primaryimage\"},\"thumbnailUrl\":\"https:\/\/synthechim.ma\/wp-content\/uploads\/2023\/04\/mABS.png\",\"datePublished\":\"2023-04-27T16:08:20+00:00\",\"dateModified\":\"2023-06-01T15:38:16+00:00\",\"description\":\"Le mABS (M\u00e9thylm\u00e9tacrytale Acrylonitrile Butadi\u00e8ne Styr\u00e8ne) est un polym\u00e8re styr\u00e9nique offrant d'excellentes propri\u00e9t\u00e9s de r\u00e9sistances et de transparences.\",\"breadcrumb\":{\"@id\":\"https:\/\/synthechim.ma\/produit\/mabs-methylmetacrylate-acrylonitrile-butadiene-styrene\/#breadcrumb\"},\"inLanguage\":\"en-US\",\"potentialAction\":[{\"@type\":\"ReadAction\",\"target\":[\"https:\/\/synthechim.ma\/produit\/mabs-methylmetacrylate-acrylonitrile-butadiene-styrene\/\"]}]},{\"@type\":\"ImageObject\",\"inLanguage\":\"en-US\",\"@id\":\"https:\/\/synthechim.ma\/produit\/mabs-methylmetacrylate-acrylonitrile-butadiene-styrene\/#primaryimage\",\"url\":\"https:\/\/synthechim.ma\/wp-content\/uploads\/2023\/04\/mABS.png\",\"contentUrl\":\"https:\/\/synthechim.ma\/wp-content\/uploads\/2023\/04\/mABS.png\",\"width\":274,\"height\":200},{\"@type\":\"BreadcrumbList\",\"@id\":\"https:\/\/synthechim.ma\/produit\/mabs-methylmetacrylate-acrylonitrile-butadiene-styrene\/#breadcrumb\",\"itemListElement\":[{\"@type\":\"ListItem\",\"position\":1,\"name\":\"Accueil\",\"item\":\"https:\/\/synthechim.ma\/\"},{\"@type\":\"ListItem\",\"position\":2,\"name\":\"Produits\",\"item\":\"https:\/\/synthechim.ma\/boutique__trashed\/\"},{\"@type\":\"ListItem\",\"position\":3,\"name\":\"mABS (M\u00e9thylm\u00e9tacrylate Acrylonitrile Butadi\u00e8ne Styr\u00e8ne)\"}]},{\"@type\":\"WebSite\",\"@id\":\"https:\/\/synthechim.ma\/#website\",\"url\":\"https:\/\/synthechim.ma\/\",\"name\":\"Synthechim\",\"description\":\".\",\"publisher\":{\"@id\":\"https:\/\/synthechim.ma\/#organization\"},\"potentialAction\":[{\"@type\":\"SearchAction\",\"target\":{\"@type\":\"EntryPoint\",\"urlTemplate\":\"https:\/\/synthechim.ma\/?s={search_term_string}\"},\"query-input\":{\"@type\":\"PropertyValueSpecification\",\"valueRequired\":true,\"valueName\":\"search_term_string\"}}],\"inLanguage\":\"en-US\"},{\"@type\":\"Organization\",\"@id\":\"https:\/\/synthechim.ma\/#organization\",\"name\":\"Synthechim\",\"url\":\"https:\/\/synthechim.ma\/\",\"logo\":{\"@type\":\"ImageObject\",\"inLanguage\":\"en-US\",\"@id\":\"https:\/\/synthechim.ma\/#\/schema\/logo\/image\/\",\"url\":\"https:\/\/synthechim.ma\/wp-content\/uploads\/2023\/04\/Logo.png\",\"contentUrl\":\"https:\/\/synthechim.ma\/wp-content\/uploads\/2023\/04\/Logo.png\",\"width\":322,\"height\":130,\"caption\":\"Synthechim\"},\"image\":{\"@id\":\"https:\/\/synthechim.ma\/#\/schema\/logo\/image\/\"}}]}<\/script>\n<!-- \/ Yoast SEO plugin. -->","yoast_head_json":{"title":"mABS (M\u00e9thylm\u00e9tacrylate Acrylonitrile Butadi\u00e8ne Styr\u00e8ne) -","description":"Le mABS (M\u00e9thylm\u00e9tacrytale Acrylonitrile Butadi\u00e8ne Styr\u00e8ne) est un polym\u00e8re styr\u00e9nique offrant d'excellentes propri\u00e9t\u00e9s de r\u00e9sistances et de transparences.","robots":{"index":"index","follow":"follow","max-snippet":"max-snippet:-1","max-image-preview":"max-image-preview:large","max-video-preview":"max-video-preview:-1"},"canonical":"https:\/\/synthechim.ma\/en\/product\/mabs-methylmetacrylate-acrylonitrile-butadiene-styrene\/","og_locale":"en_US","og_type":"article","og_title":"mABS (M\u00e9thylm\u00e9tacrylate Acrylonitrile Butadi\u00e8ne Styr\u00e8ne) -","og_description":"Le mABS (M\u00e9thylm\u00e9tacrytale Acrylonitrile Butadi\u00e8ne Styr\u00e8ne) est un polym\u00e8re styr\u00e9nique offrant d'excellentes propri\u00e9t\u00e9s de r\u00e9sistances et de transparences.","og_url":"https:\/\/synthechim.ma\/en\/product\/mabs-methylmetacrylate-acrylonitrile-butadiene-styrene\/","og_site_name":"Synthechim","article_modified_time":"2023-06-01T15:38:16+00:00","og_image":[{"width":274,"height":200,"url":"https:\/\/synthechim.ma\/wp-content\/uploads\/2023\/04\/mABS.png","type":"image\/png"}],"twitter_card":"summary_large_image","twitter_misc":{"Est. reading time":"1 minute"},"schema":{"@context":"https:\/\/schema.org","@graph":[{"@type":"WebPage","@id":"https:\/\/synthechim.ma\/produit\/mabs-methylmetacrylate-acrylonitrile-butadiene-styrene\/","url":"https:\/\/synthechim.ma\/produit\/mabs-methylmetacrylate-acrylonitrile-butadiene-styrene\/","name":"mABS (M\u00e9thylm\u00e9tacrylate Acrylonitrile Butadi\u00e8ne Styr\u00e8ne) -","isPartOf":{"@id":"https:\/\/synthechim.ma\/#website"},"primaryImageOfPage":{"@id":"https:\/\/synthechim.ma\/produit\/mabs-methylmetacrylate-acrylonitrile-butadiene-styrene\/#primaryimage"},"image":{"@id":"https:\/\/synthechim.ma\/produit\/mabs-methylmetacrylate-acrylonitrile-butadiene-styrene\/#primaryimage"},"thumbnailUrl":"https:\/\/synthechim.ma\/wp-content\/uploads\/2023\/04\/mABS.png","datePublished":"2023-04-27T16:08:20+00:00","dateModified":"2023-06-01T15:38:16+00:00","description":"Le mABS (M\u00e9thylm\u00e9tacrytale Acrylonitrile Butadi\u00e8ne Styr\u00e8ne) est un polym\u00e8re styr\u00e9nique offrant d'excellentes propri\u00e9t\u00e9s de r\u00e9sistances et de transparences.","breadcrumb":{"@id":"https:\/\/synthechim.ma\/produit\/mabs-methylmetacrylate-acrylonitrile-butadiene-styrene\/#breadcrumb"},"inLanguage":"en-US","potentialAction":[{"@type":"ReadAction","target":["https:\/\/synthechim.ma\/produit\/mabs-methylmetacrylate-acrylonitrile-butadiene-styrene\/"]}]},{"@type":"ImageObject","inLanguage":"en-US","@id":"https:\/\/synthechim.ma\/produit\/mabs-methylmetacrylate-acrylonitrile-butadiene-styrene\/#primaryimage","url":"https:\/\/synthechim.ma\/wp-content\/uploads\/2023\/04\/mABS.png","contentUrl":"https:\/\/synthechim.ma\/wp-content\/uploads\/2023\/04\/mABS.png","width":274,"height":200},{"@type":"BreadcrumbList","@id":"https:\/\/synthechim.ma\/produit\/mabs-methylmetacrylate-acrylonitrile-butadiene-styrene\/#breadcrumb","itemListElement":[{"@type":"ListItem","position":1,"name":"Accueil","item":"https:\/\/synthechim.ma\/"},{"@type":"ListItem","position":2,"name":"Produits","item":"https:\/\/synthechim.ma\/boutique__trashed\/"},{"@type":"ListItem","position":3,"name":"mABS (M\u00e9thylm\u00e9tacrylate Acrylonitrile Butadi\u00e8ne Styr\u00e8ne)"}]},{"@type":"WebSite","@id":"https:\/\/synthechim.ma\/#website","url":"https:\/\/synthechim.ma\/","name":"Synthechim","description":".","publisher":{"@id":"https:\/\/synthechim.ma\/#organization"},"potentialAction":[{"@type":"SearchAction","target":{"@type":"EntryPoint","urlTemplate":"https:\/\/synthechim.ma\/?s={search_term_string}"},"query-input":{"@type":"PropertyValueSpecification","valueRequired":true,"valueName":"search_term_string"}}],"inLanguage":"en-US"},{"@type":"Organization","@id":"https:\/\/synthechim.ma\/#organization","name":"Synthechim","url":"https:\/\/synthechim.ma\/","logo":{"@type":"ImageObject","inLanguage":"en-US","@id":"https:\/\/synthechim.ma\/#\/schema\/logo\/image\/","url":"https:\/\/synthechim.ma\/wp-content\/uploads\/2023\/04\/Logo.png","contentUrl":"https:\/\/synthechim.ma\/wp-content\/uploads\/2023\/04\/Logo.png","width":322,"height":130,"caption":"Synthechim"},"image":{"@id":"https:\/\/synthechim.ma\/#\/schema\/logo\/image\/"}}]}},"_links":{"self":[{"href":"https:\/\/synthechim.ma\/en\/wp-json\/wp\/v2\/product\/1277","targetHints":{"allow":["GET"]}}],"collection":[{"href":"https:\/\/synthechim.ma\/en\/wp-json\/wp\/v2\/product"}],"about":[{"href":"https:\/\/synthechim.ma\/en\/wp-json\/wp\/v2\/types\/product"}],"version-history":[{"count":9,"href":"https:\/\/synthechim.ma\/en\/wp-json\/wp\/v2\/product\/1277\/revisions"}],"predecessor-version":[{"id":2232,"href":"https:\/\/synthechim.ma\/en\/wp-json\/wp\/v2\/product\/1277\/revisions\/2232"}],"wp:featuredmedia":[{"embeddable":true,"href":"https:\/\/synthechim.ma\/en\/wp-json\/wp\/v2\/media\/1455"}],"wp:attachment":[{"href":"https:\/\/synthechim.ma\/en\/wp-json\/wp\/v2\/media?parent=1277"}],"wp:term":[{"taxonomy":"product_cat","embeddable":true,"href":"https:\/\/synthechim.ma\/en\/wp-json\/wp\/v2\/product_cat?post=1277"},{"taxonomy":"product_tag","embeddable":true,"href":"https:\/\/synthechim.ma\/en\/wp-json\/wp\/v2\/product_tag?post=1277"}],"curies":[{"name":"wp","href":"https:\/\/api.w.org\/{rel}","templated":true}]}}