{"id":1472,"date":"2023-04-27T20:36:25","date_gmt":"2023-04-27T18:36:25","guid":{"rendered":"https:\/\/synthechim.top-energiedin.com\/?post_type=product&#038;p=1472"},"modified":"2023-04-29T17:41:44","modified_gmt":"2023-04-29T15:41:44","slug":"ldpe-polyethylene-basse-densite","status":"publish","type":"product","link":"https:\/\/synthechim.ma\/en\/product\/ldpe-polyethylene-basse-densite\/","title":{"rendered":"LDPE (Poly\u00e9thyl\u00e8ne Basse Densit\u00e9)"},"content":{"rendered":"<div data-elementor-type=\"product-post\" data-elementor-id=\"1472\" class=\"elementor elementor-1472\">\n\t\t\t\t\t\t<section class=\"elementor-section elementor-top-section elementor-element elementor-element-4bc8228 elementor-section-boxed elementor-section-height-default elementor-section-height-default jltma-glass-effect-no\" data-id=\"4bc8228\" data-element_type=\"section\">\n\t\t\t\t\t\t<div class=\"elementor-container elementor-column-gap-default\">\n\t\t\t\t\t<div class=\"elementor-column elementor-col-100 elementor-top-column elementor-element elementor-element-bf87f78 jltma-glass-effect-no\" data-id=\"bf87f78\" data-element_type=\"column\">\n\t\t\t<div class=\"elementor-widget-wrap elementor-element-populated\">\n\t\t\t\t\t\t<div class=\"elementor-element elementor-element-08e65df jltma-glass-effect-no elementor-widget elementor-widget-text-editor\" data-id=\"08e65df\" data-element_type=\"widget\" data-widget_type=\"text-editor.default\">\n\t\t\t\t<div class=\"elementor-widget-container\">\n\t\t\t<style>\/*! elementor - v3.22.0 - 26-06-2024 *\/\n.elementor-widget-text-editor.elementor-drop-cap-view-stacked .elementor-drop-cap{background-color:#69727d;color:#fff}.elementor-widget-text-editor.elementor-drop-cap-view-framed .elementor-drop-cap{color:#69727d;border:3px solid;background-color:transparent}.elementor-widget-text-editor:not(.elementor-drop-cap-view-default) .elementor-drop-cap{margin-top:8px}.elementor-widget-text-editor:not(.elementor-drop-cap-view-default) .elementor-drop-cap-letter{width:1em;height:1em}.elementor-widget-text-editor .elementor-drop-cap{float:left;text-align:center;line-height:1;font-size:50px}.elementor-widget-text-editor .elementor-drop-cap-letter{display:inline-block}<\/style>\t\t\t\t<p>Le LDPE (Poly\u00e9thyl\u00e8ne basse densit\u00e9) est un polym\u00e8re thermoplastique qui se caract\u00e9rise par sa faible densit\u00e9 et sa grande flexibilit\u00e9. Il est produit par polym\u00e9risation de l&rsquo;\u00e9thyl\u00e8ne \u00e0 basse pression et \u00e0 haute temp\u00e9rature, et sa structure mol\u00e9culaire contient des cha\u00eenes ramifi\u00e9es qui lui conf\u00e8rent sa flexibilit\u00e9.<\/p><p>Le LDPE est un mat\u00e9riau tr\u00e8s r\u00e9sistant aux produits chimiques et \u00e0 la corrosion. Il est \u00e9galement r\u00e9sistant aux rayons UV et poss\u00e8de de bonnes propri\u00e9t\u00e9s d&rsquo;isolation \u00e9lectrique. Sa faible densit\u00e9 le rend particuli\u00e8rement int\u00e9ressant pour des applications n\u00e9cessitant des mat\u00e9riaux l\u00e9gers.<\/p>\t\t\t\t\t\t<\/div>\n\t\t\t\t<\/div>\n\t\t\t\t<div class=\"elementor-element elementor-element-b955b43 jltma-glass-effect-no elementor-widget elementor-widget-heading\" data-id=\"b955b43\" data-element_type=\"widget\" data-widget_type=\"heading.default\">\n\t\t\t\t<div class=\"elementor-widget-container\">\n\t\t\t<style>\/*! elementor - v3.22.0 - 26-06-2024 *\/\n.elementor-heading-title{padding:0;margin:0;line-height:1}.elementor-widget-heading .elementor-heading-title[class*=elementor-size-]>a{color:inherit;font-size:inherit;line-height:inherit}.elementor-widget-heading .elementor-heading-title.elementor-size-small{font-size:15px}.elementor-widget-heading .elementor-heading-title.elementor-size-medium{font-size:19px}.elementor-widget-heading .elementor-heading-title.elementor-size-large{font-size:29px}.elementor-widget-heading .elementor-heading-title.elementor-size-xl{font-size:39px}.elementor-widget-heading .elementor-heading-title.elementor-size-xxl{font-size:59px}<\/style><div class=\"elementor-heading-title elementor-size-default\">Quelques applications : <\/div>\t\t<\/div>\n\t\t\t\t<\/div>\n\t\t\t\t<div class=\"elementor-element elementor-element-e518aca elementor-icon-list--layout-traditional elementor-list-item-link-full_width jltma-glass-effect-no elementor-widget elementor-widget-icon-list\" data-id=\"e518aca\" data-element_type=\"widget\" data-widget_type=\"icon-list.default\">\n\t\t\t\t<div class=\"elementor-widget-container\">\n\t\t\t<link rel=\"stylesheet\" href=\"https:\/\/synthechim.ma\/wp-content\/plugins\/elementor\/assets\/css\/widget-icon-list.min.css\">\t\t<ul class=\"elementor-icon-list-items\">\n\t\t\t\t\t\t\t<li class=\"elementor-icon-list-item\">\n\t\t\t\t\t\t\t\t\t\t\t<span class=\"elementor-icon-list-icon\">\n\t\t\t\t\t\t\t<i aria-hidden=\"true\" class=\"fas fa-check-square\"><\/i>\t\t\t\t\t\t<\/span>\n\t\t\t\t\t\t\t\t\t\t<span class=\"elementor-icon-list-text\">Films plastique<\/span>\n\t\t\t\t\t\t\t\t\t<\/li>\n\t\t\t\t\t\t\t\t<li class=\"elementor-icon-list-item\">\n\t\t\t\t\t\t\t\t\t\t\t<span class=\"elementor-icon-list-icon\">\n\t\t\t\t\t\t\t<i aria-hidden=\"true\" class=\"fas fa-check-square\"><\/i>\t\t\t\t\t\t<\/span>\n\t\t\t\t\t\t\t\t\t\t<span class=\"elementor-icon-list-text\">Sac industriel<\/span>\n\t\t\t\t\t\t\t\t\t<\/li>\n\t\t\t\t\t\t\t\t<li class=\"elementor-icon-list-item\">\n\t\t\t\t\t\t\t\t\t\t\t<span class=\"elementor-icon-list-icon\">\n\t\t\t\t\t\t\t<i aria-hidden=\"true\" class=\"fas fa-check-square\"><\/i>\t\t\t\t\t\t<\/span>\n\t\t\t\t\t\t\t\t\t\t<span class=\"elementor-icon-list-text\">Tuyaux et tubes<\/span>\n\t\t\t\t\t\t\t\t\t<\/li>\n\t\t\t\t\t\t\t\t<li class=\"elementor-icon-list-item\">\n\t\t\t\t\t\t\t\t\t\t\t<span class=\"elementor-icon-list-icon\">\n\t\t\t\t\t\t\t<i aria-hidden=\"true\" class=\"fas fa-check-square\"><\/i>\t\t\t\t\t\t<\/span>\n\t\t\t\t\t\t\t\t\t\t<span class=\"elementor-icon-list-text\">Plasticulture<\/span>\n\t\t\t\t\t\t\t\t\t<\/li>\n\t\t\t\t\t\t\t\t<li class=\"elementor-icon-list-item\">\n\t\t\t\t\t\t\t\t\t\t\t<span class=\"elementor-icon-list-icon\">\n\t\t\t\t\t\t\t<i aria-hidden=\"true\" class=\"fas fa-check-square\"><\/i>\t\t\t\t\t\t<\/span>\n\t\t\t\t\t\t\t\t\t\t<span class=\"elementor-icon-list-text\">Et bien d'autres ...<\/span>\n\t\t\t\t\t\t\t\t\t<\/li>\n\t\t\t\t\t\t<\/ul>\n\t\t\t\t<\/div>\n\t\t\t\t<\/div>\n\t\t\t\t\t<\/div>\n\t\t<\/div>\n\t\t\t\t\t<\/div>\n\t\t<\/section>\n\t\t\t\t<\/div>","protected":false},"excerpt":{"rendered":"<p>Le polypropyl\u00e8ne (PP) est un polym\u00e8re thermoplastique polyvalent souvent choisi pour les extrusions en plastique en raison de ses nombreux avantages. Ce mat\u00e9riau est abordable, r\u00e9sistant \u00e0 la chaleur et flexible, ce qui le rend id\u00e9al pour de nombreuses applications. Les propri\u00e9t\u00e9s du polypropyl\u00e8ne sont similaires \u00e0 celles du poly\u00e9thyl\u00e8ne, mais il y a quelques [&hellip;]<\/p>","protected":false},"featured_media":1461,"template":"","meta":{"_themeisle_gutenberg_block_has_review":false},"product_cat":[18,26],"product_tag":[],"class_list":["post-1472","product","type-product","status-publish","has-post-thumbnail","hentry","product_cat-matieres-plastiques-et-auxiliaires","product_cat-polyolefines"],"yoast_head":"<!-- This site is optimized with the Yoast SEO plugin v26.0 - https:\/\/yoast.com\/wordpress\/plugins\/seo\/ -->\n<title>LDPE (Poly\u00e9thyl\u00e8ne Basse Densit\u00e9) - Synthechim<\/title>\n<meta name=\"robots\" content=\"index, follow, max-snippet:-1, max-image-preview:large, max-video-preview:-1\" \/>\n<link rel=\"canonical\" href=\"https:\/\/synthechim.ma\/en\/product\/ldpe-polyethylene-basse-densite\/\" \/>\n<meta property=\"og:locale\" content=\"en_US\" \/>\n<meta property=\"og:type\" content=\"article\" \/>\n<meta property=\"og:title\" content=\"LDPE (Poly\u00e9thyl\u00e8ne Basse Densit\u00e9) - Synthechim\" \/>\n<meta property=\"og:description\" content=\"Le polypropyl\u00e8ne (PP) est un polym\u00e8re thermoplastique polyvalent souvent choisi pour les extrusions en plastique en raison de ses nombreux avantages. Ce mat\u00e9riau est abordable, r\u00e9sistant \u00e0 la chaleur et flexible, ce qui le rend id\u00e9al pour de nombreuses applications. Les propri\u00e9t\u00e9s du polypropyl\u00e8ne sont similaires \u00e0 celles du poly\u00e9thyl\u00e8ne, mais il y a quelques [&hellip;]\" \/>\n<meta property=\"og:url\" content=\"https:\/\/synthechim.ma\/en\/product\/ldpe-polyethylene-basse-densite\/\" \/>\n<meta property=\"og:site_name\" content=\"Synthechim\" \/>\n<meta property=\"article:modified_time\" content=\"2023-04-29T15:41:44+00:00\" \/>\n<meta property=\"og:image\" content=\"https:\/\/synthechim.ma\/wp-content\/uploads\/2023\/04\/Polyethylene-Basse-Densite.png\" \/>\n\t<meta property=\"og:image:width\" content=\"274\" \/>\n\t<meta property=\"og:image:height\" content=\"200\" \/>\n\t<meta property=\"og:image:type\" content=\"image\/png\" \/>\n<meta name=\"twitter:card\" content=\"summary_large_image\" \/>\n<meta name=\"twitter:label1\" content=\"Est. reading time\" \/>\n\t<meta name=\"twitter:data1\" content=\"2 minutes\" \/>\n<script type=\"application\/ld+json\" class=\"yoast-schema-graph\">{\"@context\":\"https:\/\/schema.org\",\"@graph\":[{\"@type\":\"WebPage\",\"@id\":\"https:\/\/synthechim.ma\/produit\/ldpe-polyethylene-basse-densite\/\",\"url\":\"https:\/\/synthechim.ma\/produit\/ldpe-polyethylene-basse-densite\/\",\"name\":\"LDPE (Poly\u00e9thyl\u00e8ne Basse Densit\u00e9) - Synthechim\",\"isPartOf\":{\"@id\":\"https:\/\/synthechim.ma\/#website\"},\"primaryImageOfPage\":{\"@id\":\"https:\/\/synthechim.ma\/produit\/ldpe-polyethylene-basse-densite\/#primaryimage\"},\"image\":{\"@id\":\"https:\/\/synthechim.ma\/produit\/ldpe-polyethylene-basse-densite\/#primaryimage\"},\"thumbnailUrl\":\"https:\/\/synthechim.ma\/wp-content\/uploads\/2023\/04\/Polyethylene-Basse-Densite.png\",\"datePublished\":\"2023-04-27T18:36:25+00:00\",\"dateModified\":\"2023-04-29T15:41:44+00:00\",\"breadcrumb\":{\"@id\":\"https:\/\/synthechim.ma\/produit\/ldpe-polyethylene-basse-densite\/#breadcrumb\"},\"inLanguage\":\"en-US\",\"potentialAction\":[{\"@type\":\"ReadAction\",\"target\":[\"https:\/\/synthechim.ma\/produit\/ldpe-polyethylene-basse-densite\/\"]}]},{\"@type\":\"ImageObject\",\"inLanguage\":\"en-US\",\"@id\":\"https:\/\/synthechim.ma\/produit\/ldpe-polyethylene-basse-densite\/#primaryimage\",\"url\":\"https:\/\/synthechim.ma\/wp-content\/uploads\/2023\/04\/Polyethylene-Basse-Densite.png\",\"contentUrl\":\"https:\/\/synthechim.ma\/wp-content\/uploads\/2023\/04\/Polyethylene-Basse-Densite.png\",\"width\":274,\"height\":200},{\"@type\":\"BreadcrumbList\",\"@id\":\"https:\/\/synthechim.ma\/produit\/ldpe-polyethylene-basse-densite\/#breadcrumb\",\"itemListElement\":[{\"@type\":\"ListItem\",\"position\":1,\"name\":\"Accueil\",\"item\":\"https:\/\/synthechim.ma\/\"},{\"@type\":\"ListItem\",\"position\":2,\"name\":\"Produits\",\"item\":\"https:\/\/synthechim.ma\/boutique__trashed\/\"},{\"@type\":\"ListItem\",\"position\":3,\"name\":\"LDPE (Poly\u00e9thyl\u00e8ne Basse Densit\u00e9)\"}]},{\"@type\":\"WebSite\",\"@id\":\"https:\/\/synthechim.ma\/#website\",\"url\":\"https:\/\/synthechim.ma\/\",\"name\":\"Synthechim\",\"description\":\".\",\"publisher\":{\"@id\":\"https:\/\/synthechim.ma\/#organization\"},\"potentialAction\":[{\"@type\":\"SearchAction\",\"target\":{\"@type\":\"EntryPoint\",\"urlTemplate\":\"https:\/\/synthechim.ma\/?s={search_term_string}\"},\"query-input\":{\"@type\":\"PropertyValueSpecification\",\"valueRequired\":true,\"valueName\":\"search_term_string\"}}],\"inLanguage\":\"en-US\"},{\"@type\":\"Organization\",\"@id\":\"https:\/\/synthechim.ma\/#organization\",\"name\":\"Synthechim\",\"url\":\"https:\/\/synthechim.ma\/\",\"logo\":{\"@type\":\"ImageObject\",\"inLanguage\":\"en-US\",\"@id\":\"https:\/\/synthechim.ma\/#\/schema\/logo\/image\/\",\"url\":\"https:\/\/synthechim.ma\/wp-content\/uploads\/2023\/04\/Logo.png\",\"contentUrl\":\"https:\/\/synthechim.ma\/wp-content\/uploads\/2023\/04\/Logo.png\",\"width\":322,\"height\":130,\"caption\":\"Synthechim\"},\"image\":{\"@id\":\"https:\/\/synthechim.ma\/#\/schema\/logo\/image\/\"}}]}<\/script>\n<!-- \/ Yoast SEO plugin. -->","yoast_head_json":{"title":"LDPE (Poly\u00e9thyl\u00e8ne Basse Densit\u00e9) - Synthechim","robots":{"index":"index","follow":"follow","max-snippet":"max-snippet:-1","max-image-preview":"max-image-preview:large","max-video-preview":"max-video-preview:-1"},"canonical":"https:\/\/synthechim.ma\/en\/product\/ldpe-polyethylene-basse-densite\/","og_locale":"en_US","og_type":"article","og_title":"LDPE (Poly\u00e9thyl\u00e8ne Basse Densit\u00e9) - Synthechim","og_description":"Le polypropyl\u00e8ne (PP) est un polym\u00e8re thermoplastique polyvalent souvent choisi pour les extrusions en plastique en raison de ses nombreux avantages. Ce mat\u00e9riau est abordable, r\u00e9sistant \u00e0 la chaleur et flexible, ce qui le rend id\u00e9al pour de nombreuses applications. Les propri\u00e9t\u00e9s du polypropyl\u00e8ne sont similaires \u00e0 celles du poly\u00e9thyl\u00e8ne, mais il y a quelques [&hellip;]","og_url":"https:\/\/synthechim.ma\/en\/product\/ldpe-polyethylene-basse-densite\/","og_site_name":"Synthechim","article_modified_time":"2023-04-29T15:41:44+00:00","og_image":[{"width":274,"height":200,"url":"https:\/\/synthechim.ma\/wp-content\/uploads\/2023\/04\/Polyethylene-Basse-Densite.png","type":"image\/png"}],"twitter_card":"summary_large_image","twitter_misc":{"Est. reading time":"2 minutes"},"schema":{"@context":"https:\/\/schema.org","@graph":[{"@type":"WebPage","@id":"https:\/\/synthechim.ma\/produit\/ldpe-polyethylene-basse-densite\/","url":"https:\/\/synthechim.ma\/produit\/ldpe-polyethylene-basse-densite\/","name":"LDPE (Poly\u00e9thyl\u00e8ne Basse Densit\u00e9) - Synthechim","isPartOf":{"@id":"https:\/\/synthechim.ma\/#website"},"primaryImageOfPage":{"@id":"https:\/\/synthechim.ma\/produit\/ldpe-polyethylene-basse-densite\/#primaryimage"},"image":{"@id":"https:\/\/synthechim.ma\/produit\/ldpe-polyethylene-basse-densite\/#primaryimage"},"thumbnailUrl":"https:\/\/synthechim.ma\/wp-content\/uploads\/2023\/04\/Polyethylene-Basse-Densite.png","datePublished":"2023-04-27T18:36:25+00:00","dateModified":"2023-04-29T15:41:44+00:00","breadcrumb":{"@id":"https:\/\/synthechim.ma\/produit\/ldpe-polyethylene-basse-densite\/#breadcrumb"},"inLanguage":"en-US","potentialAction":[{"@type":"ReadAction","target":["https:\/\/synthechim.ma\/produit\/ldpe-polyethylene-basse-densite\/"]}]},{"@type":"ImageObject","inLanguage":"en-US","@id":"https:\/\/synthechim.ma\/produit\/ldpe-polyethylene-basse-densite\/#primaryimage","url":"https:\/\/synthechim.ma\/wp-content\/uploads\/2023\/04\/Polyethylene-Basse-Densite.png","contentUrl":"https:\/\/synthechim.ma\/wp-content\/uploads\/2023\/04\/Polyethylene-Basse-Densite.png","width":274,"height":200},{"@type":"BreadcrumbList","@id":"https:\/\/synthechim.ma\/produit\/ldpe-polyethylene-basse-densite\/#breadcrumb","itemListElement":[{"@type":"ListItem","position":1,"name":"Accueil","item":"https:\/\/synthechim.ma\/"},{"@type":"ListItem","position":2,"name":"Produits","item":"https:\/\/synthechim.ma\/boutique__trashed\/"},{"@type":"ListItem","position":3,"name":"LDPE (Poly\u00e9thyl\u00e8ne Basse Densit\u00e9)"}]},{"@type":"WebSite","@id":"https:\/\/synthechim.ma\/#website","url":"https:\/\/synthechim.ma\/","name":"Synthechim","description":".","publisher":{"@id":"https:\/\/synthechim.ma\/#organization"},"potentialAction":[{"@type":"SearchAction","target":{"@type":"EntryPoint","urlTemplate":"https:\/\/synthechim.ma\/?s={search_term_string}"},"query-input":{"@type":"PropertyValueSpecification","valueRequired":true,"valueName":"search_term_string"}}],"inLanguage":"en-US"},{"@type":"Organization","@id":"https:\/\/synthechim.ma\/#organization","name":"Synthechim","url":"https:\/\/synthechim.ma\/","logo":{"@type":"ImageObject","inLanguage":"en-US","@id":"https:\/\/synthechim.ma\/#\/schema\/logo\/image\/","url":"https:\/\/synthechim.ma\/wp-content\/uploads\/2023\/04\/Logo.png","contentUrl":"https:\/\/synthechim.ma\/wp-content\/uploads\/2023\/04\/Logo.png","width":322,"height":130,"caption":"Synthechim"},"image":{"@id":"https:\/\/synthechim.ma\/#\/schema\/logo\/image\/"}}]}},"_links":{"self":[{"href":"https:\/\/synthechim.ma\/en\/wp-json\/wp\/v2\/product\/1472","targetHints":{"allow":["GET"]}}],"collection":[{"href":"https:\/\/synthechim.ma\/en\/wp-json\/wp\/v2\/product"}],"about":[{"href":"https:\/\/synthechim.ma\/en\/wp-json\/wp\/v2\/types\/product"}],"version-history":[{"count":5,"href":"https:\/\/synthechim.ma\/en\/wp-json\/wp\/v2\/product\/1472\/revisions"}],"predecessor-version":[{"id":1749,"href":"https:\/\/synthechim.ma\/en\/wp-json\/wp\/v2\/product\/1472\/revisions\/1749"}],"wp:featuredmedia":[{"embeddable":true,"href":"https:\/\/synthechim.ma\/en\/wp-json\/wp\/v2\/media\/1461"}],"wp:attachment":[{"href":"https:\/\/synthechim.ma\/en\/wp-json\/wp\/v2\/media?parent=1472"}],"wp:term":[{"taxonomy":"product_cat","embeddable":true,"href":"https:\/\/synthechim.ma\/en\/wp-json\/wp\/v2\/product_cat?post=1472"},{"taxonomy":"product_tag","embeddable":true,"href":"https:\/\/synthechim.ma\/en\/wp-json\/wp\/v2\/product_tag?post=1472"}],"curies":[{"name":"wp","href":"https:\/\/api.w.org\/{rel}","templated":true}]}}