{"id":1480,"date":"2023-04-27T20:44:13","date_gmt":"2023-04-27T18:44:13","guid":{"rendered":"https:\/\/synthechim.top-energiedin.com\/?post_type=product&#038;p=1480"},"modified":"2023-06-01T17:29:06","modified_gmt":"2023-06-01T15:29:06","slug":"pc-polycarbonate","status":"publish","type":"product","link":"https:\/\/synthechim.ma\/en\/product\/pc-polycarbonate\/","title":{"rendered":"PC (POLYCARBONATE)"},"content":{"rendered":"<div data-elementor-type=\"product-post\" data-elementor-id=\"1480\" class=\"elementor elementor-1480\">\n\t\t\t\t\t\t<section class=\"elementor-section elementor-top-section elementor-element elementor-element-71fe504 elementor-section-boxed elementor-section-height-default elementor-section-height-default jltma-glass-effect-no\" data-id=\"71fe504\" data-element_type=\"section\">\n\t\t\t\t\t\t<div class=\"elementor-container elementor-column-gap-default\">\n\t\t\t\t\t<div class=\"elementor-column elementor-col-100 elementor-top-column elementor-element elementor-element-9eb264a jltma-glass-effect-no\" data-id=\"9eb264a\" data-element_type=\"column\">\n\t\t\t<div class=\"elementor-widget-wrap elementor-element-populated\">\n\t\t\t\t\t\t<div class=\"elementor-element elementor-element-28c0578 jltma-glass-effect-no elementor-widget elementor-widget-text-editor\" data-id=\"28c0578\" data-element_type=\"widget\" data-widget_type=\"text-editor.default\">\n\t\t\t\t<div class=\"elementor-widget-container\">\n\t\t\t<style>\/*! elementor - v3.22.0 - 26-06-2024 *\/\n.elementor-widget-text-editor.elementor-drop-cap-view-stacked .elementor-drop-cap{background-color:#69727d;color:#fff}.elementor-widget-text-editor.elementor-drop-cap-view-framed .elementor-drop-cap{color:#69727d;border:3px solid;background-color:transparent}.elementor-widget-text-editor:not(.elementor-drop-cap-view-default) .elementor-drop-cap{margin-top:8px}.elementor-widget-text-editor:not(.elementor-drop-cap-view-default) .elementor-drop-cap-letter{width:1em;height:1em}.elementor-widget-text-editor .elementor-drop-cap{float:left;text-align:center;line-height:1;font-size:50px}.elementor-widget-text-editor .elementor-drop-cap-letter{display:inline-block}<\/style>\t\t\t\t<p>Le polycarbonate est un mat\u00e9riau thermoplastique amorphe, transparent et tr\u00e8s r\u00e9sistant aux chocs.<\/p>\n<p>Il est constitu\u00e9 de monom\u00e8res de carbonate, qui sont li\u00e9s ensemble par des liaisons ester pour former des cha\u00eenes de polym\u00e8res lin\u00e9aires.<\/p>\n<p>Le polycarbonate poss\u00e8de une excellente r\u00e9sistance aux rayures et une grande r\u00e9sistance chimique, ainsi qu&rsquo;une bonne r\u00e9sistance aux temp\u00e9ratures \u00e9lev\u00e9es.<\/p>\n<p>Il dispose d&rsquo;une bonne rh\u00e9ologie, ce qui en fait un choix id\u00e9al pour les applications n\u00e9cessitant une grande r\u00e9sistance m\u00e9canique, comme les pare-brise d&rsquo;avion ou de voitures de course.<\/p>\n<p>En raison de ses propri\u00e9t\u00e9s de r\u00e9sistance aux intemp\u00e9ries, le polycarbonate est \u00e9galement utilis\u00e9 dans la fabrication de panneaux solaires et d&rsquo;\u00e9crans de protection, ainsi que dans des applications Automobile comme les phares.<\/p><p><br><\/p><p><br><\/p>\n<p>Chez SYNTHECHIM, nous proposons une vari\u00e9t\u00e9 de r\u00e9sines polycarbonates pour r\u00e9pondre aux besoins sp\u00e9cifiques de chaque client en termes de r\u00e9sistance, de transparence et de durabilit\u00e9.<\/p>\n<p>Si vous \u00eates \u00e0 la recherche d&rsquo;un mat\u00e9riau \u00e0 la fois solide et transparent pour votre projet, le polycarbonate est un excellent choix. <\/p>\n<p>Contactez-nous pour voir comment nous pouvons r\u00e9pondre \u00e0 vos besoins sp\u00e9cifiques!<\/p>\t\t\t\t\t\t<\/div>\n\t\t\t\t<\/div>\n\t\t\t\t\t<\/div>\n\t\t<\/div>\n\t\t\t\t\t<\/div>\n\t\t<\/section>\n\t\t\t\t<\/div>","protected":false},"excerpt":{"rendered":"<p>Le polycarbonate est un mat\u00e9riau thermoplastique amorphe, transparent et tr\u00e8s r\u00e9sistant aux chocs. Il est constitu\u00e9 de monom\u00e8res de carbonate, qui sont li\u00e9s ensemble par des liaisons ester pour former des cha\u00eenes de polym\u00e8res lin\u00e9aires. Le polycarbonate poss\u00e8de une excellente r\u00e9sistance aux rayures et une grande r\u00e9sistance chimique, ainsi qu&rsquo;une bonne r\u00e9sistance aux temp\u00e9ratures \u00e9lev\u00e9es. [&hellip;]<\/p>","protected":false},"featured_media":1460,"template":"","meta":{"_themeisle_gutenberg_block_has_review":false},"product_cat":[18,28],"product_tag":[],"class_list":["post-1480","product","type-product","status-publish","has-post-thumbnail","hentry","product_cat-matieres-plastiques-et-auxiliaires","product_cat-polymeres-techniques"],"yoast_head":"<!-- This site is optimized with the Yoast SEO plugin v26.0 - https:\/\/yoast.com\/wordpress\/plugins\/seo\/ -->\n<title>PC (POLYCARBONATE) - Synthechim<\/title>\n<meta name=\"description\" content=\"Le polycarbonate (PC) est un thermoplastique amorphe, transparent et tr\u00e8s r\u00e9sistant aux chocs - Contactez nous pour en savoir plus sur notre gamme !\" \/>\n<meta name=\"robots\" content=\"index, follow, max-snippet:-1, max-image-preview:large, max-video-preview:-1\" \/>\n<link rel=\"canonical\" href=\"https:\/\/synthechim.ma\/en\/product\/pc-polycarbonate\/\" \/>\n<meta property=\"og:locale\" content=\"en_US\" \/>\n<meta property=\"og:type\" content=\"article\" \/>\n<meta property=\"og:title\" content=\"PC (POLYCARBONATE) - Synthechim\" \/>\n<meta property=\"og:description\" content=\"Le polycarbonate (PC) est un thermoplastique amorphe, transparent et tr\u00e8s r\u00e9sistant aux chocs - Contactez nous pour en savoir plus sur notre gamme !\" \/>\n<meta property=\"og:url\" content=\"https:\/\/synthechim.ma\/en\/product\/pc-polycarbonate\/\" \/>\n<meta property=\"og:site_name\" content=\"Synthechim\" \/>\n<meta property=\"article:modified_time\" content=\"2023-06-01T15:29:06+00:00\" \/>\n<meta property=\"og:image\" content=\"https:\/\/synthechim.ma\/wp-content\/uploads\/2023\/04\/POLYCARBONATE.png\" \/>\n\t<meta property=\"og:image:width\" content=\"274\" \/>\n\t<meta property=\"og:image:height\" content=\"200\" \/>\n\t<meta property=\"og:image:type\" content=\"image\/png\" \/>\n<meta name=\"twitter:card\" content=\"summary_large_image\" \/>\n<meta name=\"twitter:label1\" content=\"Est. reading time\" \/>\n\t<meta name=\"twitter:data1\" content=\"1 minute\" \/>\n<script type=\"application\/ld+json\" class=\"yoast-schema-graph\">{\"@context\":\"https:\/\/schema.org\",\"@graph\":[{\"@type\":\"WebPage\",\"@id\":\"https:\/\/synthechim.ma\/produit\/pc-polycarbonate\/\",\"url\":\"https:\/\/synthechim.ma\/produit\/pc-polycarbonate\/\",\"name\":\"PC (POLYCARBONATE) - Synthechim\",\"isPartOf\":{\"@id\":\"https:\/\/synthechim.ma\/#website\"},\"primaryImageOfPage\":{\"@id\":\"https:\/\/synthechim.ma\/produit\/pc-polycarbonate\/#primaryimage\"},\"image\":{\"@id\":\"https:\/\/synthechim.ma\/produit\/pc-polycarbonate\/#primaryimage\"},\"thumbnailUrl\":\"https:\/\/synthechim.ma\/wp-content\/uploads\/2023\/04\/POLYCARBONATE.png\",\"datePublished\":\"2023-04-27T18:44:13+00:00\",\"dateModified\":\"2023-06-01T15:29:06+00:00\",\"description\":\"Le polycarbonate (PC) est un thermoplastique amorphe, transparent et tr\u00e8s r\u00e9sistant aux chocs - Contactez nous pour en savoir plus sur notre gamme !\",\"breadcrumb\":{\"@id\":\"https:\/\/synthechim.ma\/produit\/pc-polycarbonate\/#breadcrumb\"},\"inLanguage\":\"en-US\",\"potentialAction\":[{\"@type\":\"ReadAction\",\"target\":[\"https:\/\/synthechim.ma\/produit\/pc-polycarbonate\/\"]}]},{\"@type\":\"ImageObject\",\"inLanguage\":\"en-US\",\"@id\":\"https:\/\/synthechim.ma\/produit\/pc-polycarbonate\/#primaryimage\",\"url\":\"https:\/\/synthechim.ma\/wp-content\/uploads\/2023\/04\/POLYCARBONATE.png\",\"contentUrl\":\"https:\/\/synthechim.ma\/wp-content\/uploads\/2023\/04\/POLYCARBONATE.png\",\"width\":274,\"height\":200},{\"@type\":\"BreadcrumbList\",\"@id\":\"https:\/\/synthechim.ma\/produit\/pc-polycarbonate\/#breadcrumb\",\"itemListElement\":[{\"@type\":\"ListItem\",\"position\":1,\"name\":\"Accueil\",\"item\":\"https:\/\/synthechim.ma\/\"},{\"@type\":\"ListItem\",\"position\":2,\"name\":\"Produits\",\"item\":\"https:\/\/synthechim.ma\/boutique__trashed\/\"},{\"@type\":\"ListItem\",\"position\":3,\"name\":\"PC (POLYCARBONATE)\"}]},{\"@type\":\"WebSite\",\"@id\":\"https:\/\/synthechim.ma\/#website\",\"url\":\"https:\/\/synthechim.ma\/\",\"name\":\"Synthechim\",\"description\":\".\",\"publisher\":{\"@id\":\"https:\/\/synthechim.ma\/#organization\"},\"potentialAction\":[{\"@type\":\"SearchAction\",\"target\":{\"@type\":\"EntryPoint\",\"urlTemplate\":\"https:\/\/synthechim.ma\/?s={search_term_string}\"},\"query-input\":{\"@type\":\"PropertyValueSpecification\",\"valueRequired\":true,\"valueName\":\"search_term_string\"}}],\"inLanguage\":\"en-US\"},{\"@type\":\"Organization\",\"@id\":\"https:\/\/synthechim.ma\/#organization\",\"name\":\"Synthechim\",\"url\":\"https:\/\/synthechim.ma\/\",\"logo\":{\"@type\":\"ImageObject\",\"inLanguage\":\"en-US\",\"@id\":\"https:\/\/synthechim.ma\/#\/schema\/logo\/image\/\",\"url\":\"https:\/\/synthechim.ma\/wp-content\/uploads\/2023\/04\/Logo.png\",\"contentUrl\":\"https:\/\/synthechim.ma\/wp-content\/uploads\/2023\/04\/Logo.png\",\"width\":322,\"height\":130,\"caption\":\"Synthechim\"},\"image\":{\"@id\":\"https:\/\/synthechim.ma\/#\/schema\/logo\/image\/\"}}]}<\/script>\n<!-- \/ Yoast SEO plugin. -->","yoast_head_json":{"title":"PC (POLYCARBONATE) - Synthechim","description":"Le polycarbonate (PC) est un thermoplastique amorphe, transparent et tr\u00e8s r\u00e9sistant aux chocs - Contactez nous pour en savoir plus sur notre gamme !","robots":{"index":"index","follow":"follow","max-snippet":"max-snippet:-1","max-image-preview":"max-image-preview:large","max-video-preview":"max-video-preview:-1"},"canonical":"https:\/\/synthechim.ma\/en\/product\/pc-polycarbonate\/","og_locale":"en_US","og_type":"article","og_title":"PC (POLYCARBONATE) - Synthechim","og_description":"Le polycarbonate (PC) est un thermoplastique amorphe, transparent et tr\u00e8s r\u00e9sistant aux chocs - Contactez nous pour en savoir plus sur notre gamme !","og_url":"https:\/\/synthechim.ma\/en\/product\/pc-polycarbonate\/","og_site_name":"Synthechim","article_modified_time":"2023-06-01T15:29:06+00:00","og_image":[{"width":274,"height":200,"url":"https:\/\/synthechim.ma\/wp-content\/uploads\/2023\/04\/POLYCARBONATE.png","type":"image\/png"}],"twitter_card":"summary_large_image","twitter_misc":{"Est. reading time":"1 minute"},"schema":{"@context":"https:\/\/schema.org","@graph":[{"@type":"WebPage","@id":"https:\/\/synthechim.ma\/produit\/pc-polycarbonate\/","url":"https:\/\/synthechim.ma\/produit\/pc-polycarbonate\/","name":"PC (POLYCARBONATE) - Synthechim","isPartOf":{"@id":"https:\/\/synthechim.ma\/#website"},"primaryImageOfPage":{"@id":"https:\/\/synthechim.ma\/produit\/pc-polycarbonate\/#primaryimage"},"image":{"@id":"https:\/\/synthechim.ma\/produit\/pc-polycarbonate\/#primaryimage"},"thumbnailUrl":"https:\/\/synthechim.ma\/wp-content\/uploads\/2023\/04\/POLYCARBONATE.png","datePublished":"2023-04-27T18:44:13+00:00","dateModified":"2023-06-01T15:29:06+00:00","description":"Le polycarbonate (PC) est un thermoplastique amorphe, transparent et tr\u00e8s r\u00e9sistant aux chocs - Contactez nous pour en savoir plus sur notre gamme !","breadcrumb":{"@id":"https:\/\/synthechim.ma\/produit\/pc-polycarbonate\/#breadcrumb"},"inLanguage":"en-US","potentialAction":[{"@type":"ReadAction","target":["https:\/\/synthechim.ma\/produit\/pc-polycarbonate\/"]}]},{"@type":"ImageObject","inLanguage":"en-US","@id":"https:\/\/synthechim.ma\/produit\/pc-polycarbonate\/#primaryimage","url":"https:\/\/synthechim.ma\/wp-content\/uploads\/2023\/04\/POLYCARBONATE.png","contentUrl":"https:\/\/synthechim.ma\/wp-content\/uploads\/2023\/04\/POLYCARBONATE.png","width":274,"height":200},{"@type":"BreadcrumbList","@id":"https:\/\/synthechim.ma\/produit\/pc-polycarbonate\/#breadcrumb","itemListElement":[{"@type":"ListItem","position":1,"name":"Accueil","item":"https:\/\/synthechim.ma\/"},{"@type":"ListItem","position":2,"name":"Produits","item":"https:\/\/synthechim.ma\/boutique__trashed\/"},{"@type":"ListItem","position":3,"name":"PC (POLYCARBONATE)"}]},{"@type":"WebSite","@id":"https:\/\/synthechim.ma\/#website","url":"https:\/\/synthechim.ma\/","name":"Synthechim","description":".","publisher":{"@id":"https:\/\/synthechim.ma\/#organization"},"potentialAction":[{"@type":"SearchAction","target":{"@type":"EntryPoint","urlTemplate":"https:\/\/synthechim.ma\/?s={search_term_string}"},"query-input":{"@type":"PropertyValueSpecification","valueRequired":true,"valueName":"search_term_string"}}],"inLanguage":"en-US"},{"@type":"Organization","@id":"https:\/\/synthechim.ma\/#organization","name":"Synthechim","url":"https:\/\/synthechim.ma\/","logo":{"@type":"ImageObject","inLanguage":"en-US","@id":"https:\/\/synthechim.ma\/#\/schema\/logo\/image\/","url":"https:\/\/synthechim.ma\/wp-content\/uploads\/2023\/04\/Logo.png","contentUrl":"https:\/\/synthechim.ma\/wp-content\/uploads\/2023\/04\/Logo.png","width":322,"height":130,"caption":"Synthechim"},"image":{"@id":"https:\/\/synthechim.ma\/#\/schema\/logo\/image\/"}}]}},"_links":{"self":[{"href":"https:\/\/synthechim.ma\/en\/wp-json\/wp\/v2\/product\/1480","targetHints":{"allow":["GET"]}}],"collection":[{"href":"https:\/\/synthechim.ma\/en\/wp-json\/wp\/v2\/product"}],"about":[{"href":"https:\/\/synthechim.ma\/en\/wp-json\/wp\/v2\/types\/product"}],"version-history":[{"count":8,"href":"https:\/\/synthechim.ma\/en\/wp-json\/wp\/v2\/product\/1480\/revisions"}],"predecessor-version":[{"id":2230,"href":"https:\/\/synthechim.ma\/en\/wp-json\/wp\/v2\/product\/1480\/revisions\/2230"}],"wp:featuredmedia":[{"embeddable":true,"href":"https:\/\/synthechim.ma\/en\/wp-json\/wp\/v2\/media\/1460"}],"wp:attachment":[{"href":"https:\/\/synthechim.ma\/en\/wp-json\/wp\/v2\/media?parent=1480"}],"wp:term":[{"taxonomy":"product_cat","embeddable":true,"href":"https:\/\/synthechim.ma\/en\/wp-json\/wp\/v2\/product_cat?post=1480"},{"taxonomy":"product_tag","embeddable":true,"href":"https:\/\/synthechim.ma\/en\/wp-json\/wp\/v2\/product_tag?post=1480"}],"curies":[{"name":"wp","href":"https:\/\/api.w.org\/{rel}","templated":true}]}}