{"id":1482,"date":"2023-04-27T20:44:56","date_gmt":"2023-04-27T18:44:56","guid":{"rendered":"https:\/\/synthechim.top-energiedin.com\/?post_type=product&#038;p=1482"},"modified":"2023-04-30T16:53:26","modified_gmt":"2023-04-30T14:53:26","slug":"pmma-polymethacrylate-de-methyle-acrylique-ou-plexiglas","status":"publish","type":"product","link":"https:\/\/synthechim.ma\/en\/product\/pmma-polymethacrylate-de-methyle-acrylique-ou-plexiglas\/","title":{"rendered":"PMMA (Polym\u00e9thacrylate de M\u00e9thyle Acrylique) ou Plexiglas"},"content":{"rendered":"<div data-elementor-type=\"product-post\" data-elementor-id=\"1482\" class=\"elementor elementor-1482\">\n\t\t\t\t\t\t<section class=\"elementor-section elementor-top-section elementor-element elementor-element-71fe504 elementor-section-boxed elementor-section-height-default elementor-section-height-default jltma-glass-effect-no\" data-id=\"71fe504\" data-element_type=\"section\">\n\t\t\t\t\t\t<div class=\"elementor-container elementor-column-gap-default\">\n\t\t\t\t\t<div class=\"elementor-column elementor-col-100 elementor-top-column elementor-element elementor-element-9eb264a jltma-glass-effect-no\" data-id=\"9eb264a\" data-element_type=\"column\">\n\t\t\t<div class=\"elementor-widget-wrap elementor-element-populated\">\n\t\t\t\t\t\t<div class=\"elementor-element elementor-element-28c0578 jltma-glass-effect-no elementor-widget elementor-widget-text-editor\" data-id=\"28c0578\" data-element_type=\"widget\" data-widget_type=\"text-editor.default\">\n\t\t\t\t<div class=\"elementor-widget-container\">\n\t\t\t<style>\/*! elementor - v3.22.0 - 26-06-2024 *\/\n.elementor-widget-text-editor.elementor-drop-cap-view-stacked .elementor-drop-cap{background-color:#69727d;color:#fff}.elementor-widget-text-editor.elementor-drop-cap-view-framed .elementor-drop-cap{color:#69727d;border:3px solid;background-color:transparent}.elementor-widget-text-editor:not(.elementor-drop-cap-view-default) .elementor-drop-cap{margin-top:8px}.elementor-widget-text-editor:not(.elementor-drop-cap-view-default) .elementor-drop-cap-letter{width:1em;height:1em}.elementor-widget-text-editor .elementor-drop-cap{float:left;text-align:center;line-height:1;font-size:50px}.elementor-widget-text-editor .elementor-drop-cap-letter{display:inline-block}<\/style>\t\t\t\t<p>Le PMMA, \u00e9galement connu sous le nom de plexiglas, est un polym\u00e8re acrylique transparent et rigide.<\/p>\n<p>Utilis\u00e9 dans de nombreux secteurs, il offre de nombreux avantages, notamment sa r\u00e9sistance aux rayures, sa durabilit\u00e9 et sa l\u00e9g\u00e8ret\u00e9.<\/p>\n<p>Sa transparence \u00e9lev\u00e9e en fait \u00e9galement un choix populaire pour les \u00e9crans de protection, les vitrines d&rsquo;exposition, les lentilles optiques, les panneaux d&rsquo;affichage, les feux automobiles et les rev\u00eatements muraux.<\/p>\n<p>Le PMMA dispose d&rsquo;une bonne rh\u00e9ologie, ce qui permet une grande flexibilit\u00e9 de conception.<\/p>\n<p>Cependant, il peut \u00eatre sujet aux fissures et aux cassures lorsqu&rsquo;il est expos\u00e9 \u00e0 des temp\u00e9ratures \u00e9lev\u00e9es ou \u00e0 des contraintes m\u00e9caniques.<\/p>\n<p>Il est \u00e9galement sensible aux rayures et doit \u00eatre nettoy\u00e9 avec soin pour \u00e9viter d&rsquo;endommager sa surface.<\/p>\n<p>En r\u00e9sum\u00e9, le PMMA est un choix populaire pour de nombreuses applications en raison de ses propri\u00e9t\u00e9s uniques, mais il doit \u00eatre utilis\u00e9 avec pr\u00e9caution pour assurer sa durabilit\u00e9 \u00e0 long terme.<\/p>\n<p>N&rsquo;h\u00e9sitez pas \u00e0 nous contacter pour plus d&rsquo;informations sur le PMMA et comment il peut \u00eatre utilis\u00e9 dans votre prochain projet!<\/p>\t\t\t\t\t\t<\/div>\n\t\t\t\t<\/div>\n\t\t\t\t\t<\/div>\n\t\t<\/div>\n\t\t\t\t\t<\/div>\n\t\t<\/section>\n\t\t\t\t<\/div>","protected":false},"excerpt":{"rendered":"<p>Le PMMA, \u00e9galement connu sous le nom de plexiglas, est un polym\u00e8re acrylique transparent et rigide. Utilis\u00e9 dans de nombreux secteurs, il offre de nombreux avantages, notamment sa r\u00e9sistance aux rayures, sa durabilit\u00e9 et sa l\u00e9g\u00e8ret\u00e9. Sa transparence \u00e9lev\u00e9e en fait \u00e9galement un choix populaire pour les \u00e9crans de protection, les vitrines d&rsquo;exposition, les lentilles [&hellip;]<\/p>","protected":false},"featured_media":1457,"template":"","meta":{"_themeisle_gutenberg_block_has_review":false},"product_cat":[18,28],"product_tag":[],"class_list":["post-1482","product","type-product","status-publish","has-post-thumbnail","hentry","product_cat-matieres-plastiques-et-auxiliaires","product_cat-polymeres-techniques"],"yoast_head":"<!-- This site is optimized with the Yoast SEO plugin v26.0 - https:\/\/yoast.com\/wordpress\/plugins\/seo\/ -->\n<title>PMMA (Polym\u00e9thacrylate de M\u00e9thyle Acrylique) ou Plexiglas - Synthechim<\/title>\n<meta name=\"description\" content=\"D\u00e9couvrez notre PMMA permettant d&#039;obtenir une excellente transparence et diffusion de lumi\u00e8re ainsi qu&#039;une bonne r\u00e9sistance aux chocs et rayures.\" \/>\n<meta name=\"robots\" content=\"index, follow, max-snippet:-1, max-image-preview:large, max-video-preview:-1\" \/>\n<link rel=\"canonical\" href=\"https:\/\/synthechim.ma\/en\/product\/pmma-polymethacrylate-de-methyle-acrylique-ou-plexiglas\/\" \/>\n<meta property=\"og:locale\" content=\"en_US\" \/>\n<meta property=\"og:type\" content=\"article\" \/>\n<meta property=\"og:title\" content=\"PMMA (Polym\u00e9thacrylate de M\u00e9thyle Acrylique) ou Plexiglas - Synthechim\" \/>\n<meta property=\"og:description\" content=\"D\u00e9couvrez notre PMMA permettant d&#039;obtenir une excellente transparence et diffusion de lumi\u00e8re ainsi qu&#039;une bonne r\u00e9sistance aux chocs et rayures.\" \/>\n<meta property=\"og:url\" content=\"https:\/\/synthechim.ma\/en\/product\/pmma-polymethacrylate-de-methyle-acrylique-ou-plexiglas\/\" \/>\n<meta property=\"og:site_name\" content=\"Synthechim\" \/>\n<meta property=\"article:modified_time\" content=\"2023-04-30T14:53:26+00:00\" \/>\n<meta property=\"og:image\" content=\"https:\/\/synthechim.ma\/wp-content\/uploads\/2023\/04\/Plexiglas.png\" \/>\n\t<meta property=\"og:image:width\" content=\"274\" \/>\n\t<meta property=\"og:image:height\" content=\"200\" \/>\n\t<meta property=\"og:image:type\" content=\"image\/png\" \/>\n<meta name=\"twitter:card\" content=\"summary_large_image\" \/>\n<script type=\"application\/ld+json\" class=\"yoast-schema-graph\">{\"@context\":\"https:\/\/schema.org\",\"@graph\":[{\"@type\":\"WebPage\",\"@id\":\"https:\/\/synthechim.ma\/produit\/pmma-polymethacrylate-de-methyle-acrylique-ou-plexiglas\/\",\"url\":\"https:\/\/synthechim.ma\/produit\/pmma-polymethacrylate-de-methyle-acrylique-ou-plexiglas\/\",\"name\":\"PMMA (Polym\u00e9thacrylate de M\u00e9thyle Acrylique) ou Plexiglas - Synthechim\",\"isPartOf\":{\"@id\":\"https:\/\/synthechim.ma\/#website\"},\"primaryImageOfPage\":{\"@id\":\"https:\/\/synthechim.ma\/produit\/pmma-polymethacrylate-de-methyle-acrylique-ou-plexiglas\/#primaryimage\"},\"image\":{\"@id\":\"https:\/\/synthechim.ma\/produit\/pmma-polymethacrylate-de-methyle-acrylique-ou-plexiglas\/#primaryimage\"},\"thumbnailUrl\":\"https:\/\/synthechim.ma\/wp-content\/uploads\/2023\/04\/Plexiglas.png\",\"datePublished\":\"2023-04-27T18:44:56+00:00\",\"dateModified\":\"2023-04-30T14:53:26+00:00\",\"description\":\"D\u00e9couvrez notre PMMA permettant d'obtenir une excellente transparence et diffusion de lumi\u00e8re ainsi qu'une bonne r\u00e9sistance aux chocs et rayures.\",\"breadcrumb\":{\"@id\":\"https:\/\/synthechim.ma\/produit\/pmma-polymethacrylate-de-methyle-acrylique-ou-plexiglas\/#breadcrumb\"},\"inLanguage\":\"en-US\",\"potentialAction\":[{\"@type\":\"ReadAction\",\"target\":[\"https:\/\/synthechim.ma\/produit\/pmma-polymethacrylate-de-methyle-acrylique-ou-plexiglas\/\"]}]},{\"@type\":\"ImageObject\",\"inLanguage\":\"en-US\",\"@id\":\"https:\/\/synthechim.ma\/produit\/pmma-polymethacrylate-de-methyle-acrylique-ou-plexiglas\/#primaryimage\",\"url\":\"https:\/\/synthechim.ma\/wp-content\/uploads\/2023\/04\/Plexiglas.png\",\"contentUrl\":\"https:\/\/synthechim.ma\/wp-content\/uploads\/2023\/04\/Plexiglas.png\",\"width\":274,\"height\":200},{\"@type\":\"BreadcrumbList\",\"@id\":\"https:\/\/synthechim.ma\/produit\/pmma-polymethacrylate-de-methyle-acrylique-ou-plexiglas\/#breadcrumb\",\"itemListElement\":[{\"@type\":\"ListItem\",\"position\":1,\"name\":\"Accueil\",\"item\":\"https:\/\/synthechim.ma\/\"},{\"@type\":\"ListItem\",\"position\":2,\"name\":\"Produits\",\"item\":\"https:\/\/synthechim.ma\/boutique__trashed\/\"},{\"@type\":\"ListItem\",\"position\":3,\"name\":\"PMMA (Polym\u00e9thacrylate de M\u00e9thyle Acrylique) ou Plexiglas\"}]},{\"@type\":\"WebSite\",\"@id\":\"https:\/\/synthechim.ma\/#website\",\"url\":\"https:\/\/synthechim.ma\/\",\"name\":\"Synthechim\",\"description\":\".\",\"publisher\":{\"@id\":\"https:\/\/synthechim.ma\/#organization\"},\"potentialAction\":[{\"@type\":\"SearchAction\",\"target\":{\"@type\":\"EntryPoint\",\"urlTemplate\":\"https:\/\/synthechim.ma\/?s={search_term_string}\"},\"query-input\":{\"@type\":\"PropertyValueSpecification\",\"valueRequired\":true,\"valueName\":\"search_term_string\"}}],\"inLanguage\":\"en-US\"},{\"@type\":\"Organization\",\"@id\":\"https:\/\/synthechim.ma\/#organization\",\"name\":\"Synthechim\",\"url\":\"https:\/\/synthechim.ma\/\",\"logo\":{\"@type\":\"ImageObject\",\"inLanguage\":\"en-US\",\"@id\":\"https:\/\/synthechim.ma\/#\/schema\/logo\/image\/\",\"url\":\"https:\/\/synthechim.ma\/wp-content\/uploads\/2023\/04\/Logo.png\",\"contentUrl\":\"https:\/\/synthechim.ma\/wp-content\/uploads\/2023\/04\/Logo.png\",\"width\":322,\"height\":130,\"caption\":\"Synthechim\"},\"image\":{\"@id\":\"https:\/\/synthechim.ma\/#\/schema\/logo\/image\/\"}}]}<\/script>\n<!-- \/ Yoast SEO plugin. -->","yoast_head_json":{"title":"PMMA (Polym\u00e9thacrylate de M\u00e9thyle Acrylique) ou Plexiglas - Synthechim","description":"D\u00e9couvrez notre PMMA permettant d'obtenir une excellente transparence et diffusion de lumi\u00e8re ainsi qu'une bonne r\u00e9sistance aux chocs et rayures.","robots":{"index":"index","follow":"follow","max-snippet":"max-snippet:-1","max-image-preview":"max-image-preview:large","max-video-preview":"max-video-preview:-1"},"canonical":"https:\/\/synthechim.ma\/en\/product\/pmma-polymethacrylate-de-methyle-acrylique-ou-plexiglas\/","og_locale":"en_US","og_type":"article","og_title":"PMMA (Polym\u00e9thacrylate de M\u00e9thyle Acrylique) ou Plexiglas - Synthechim","og_description":"D\u00e9couvrez notre PMMA permettant d'obtenir une excellente transparence et diffusion de lumi\u00e8re ainsi qu'une bonne r\u00e9sistance aux chocs et rayures.","og_url":"https:\/\/synthechim.ma\/en\/product\/pmma-polymethacrylate-de-methyle-acrylique-ou-plexiglas\/","og_site_name":"Synthechim","article_modified_time":"2023-04-30T14:53:26+00:00","og_image":[{"width":274,"height":200,"url":"https:\/\/synthechim.ma\/wp-content\/uploads\/2023\/04\/Plexiglas.png","type":"image\/png"}],"twitter_card":"summary_large_image","schema":{"@context":"https:\/\/schema.org","@graph":[{"@type":"WebPage","@id":"https:\/\/synthechim.ma\/produit\/pmma-polymethacrylate-de-methyle-acrylique-ou-plexiglas\/","url":"https:\/\/synthechim.ma\/produit\/pmma-polymethacrylate-de-methyle-acrylique-ou-plexiglas\/","name":"PMMA (Polym\u00e9thacrylate de M\u00e9thyle Acrylique) ou Plexiglas - Synthechim","isPartOf":{"@id":"https:\/\/synthechim.ma\/#website"},"primaryImageOfPage":{"@id":"https:\/\/synthechim.ma\/produit\/pmma-polymethacrylate-de-methyle-acrylique-ou-plexiglas\/#primaryimage"},"image":{"@id":"https:\/\/synthechim.ma\/produit\/pmma-polymethacrylate-de-methyle-acrylique-ou-plexiglas\/#primaryimage"},"thumbnailUrl":"https:\/\/synthechim.ma\/wp-content\/uploads\/2023\/04\/Plexiglas.png","datePublished":"2023-04-27T18:44:56+00:00","dateModified":"2023-04-30T14:53:26+00:00","description":"D\u00e9couvrez notre PMMA permettant d'obtenir une excellente transparence et diffusion de lumi\u00e8re ainsi qu'une bonne r\u00e9sistance aux chocs et rayures.","breadcrumb":{"@id":"https:\/\/synthechim.ma\/produit\/pmma-polymethacrylate-de-methyle-acrylique-ou-plexiglas\/#breadcrumb"},"inLanguage":"en-US","potentialAction":[{"@type":"ReadAction","target":["https:\/\/synthechim.ma\/produit\/pmma-polymethacrylate-de-methyle-acrylique-ou-plexiglas\/"]}]},{"@type":"ImageObject","inLanguage":"en-US","@id":"https:\/\/synthechim.ma\/produit\/pmma-polymethacrylate-de-methyle-acrylique-ou-plexiglas\/#primaryimage","url":"https:\/\/synthechim.ma\/wp-content\/uploads\/2023\/04\/Plexiglas.png","contentUrl":"https:\/\/synthechim.ma\/wp-content\/uploads\/2023\/04\/Plexiglas.png","width":274,"height":200},{"@type":"BreadcrumbList","@id":"https:\/\/synthechim.ma\/produit\/pmma-polymethacrylate-de-methyle-acrylique-ou-plexiglas\/#breadcrumb","itemListElement":[{"@type":"ListItem","position":1,"name":"Accueil","item":"https:\/\/synthechim.ma\/"},{"@type":"ListItem","position":2,"name":"Produits","item":"https:\/\/synthechim.ma\/boutique__trashed\/"},{"@type":"ListItem","position":3,"name":"PMMA (Polym\u00e9thacrylate de M\u00e9thyle Acrylique) ou Plexiglas"}]},{"@type":"WebSite","@id":"https:\/\/synthechim.ma\/#website","url":"https:\/\/synthechim.ma\/","name":"Synthechim","description":".","publisher":{"@id":"https:\/\/synthechim.ma\/#organization"},"potentialAction":[{"@type":"SearchAction","target":{"@type":"EntryPoint","urlTemplate":"https:\/\/synthechim.ma\/?s={search_term_string}"},"query-input":{"@type":"PropertyValueSpecification","valueRequired":true,"valueName":"search_term_string"}}],"inLanguage":"en-US"},{"@type":"Organization","@id":"https:\/\/synthechim.ma\/#organization","name":"Synthechim","url":"https:\/\/synthechim.ma\/","logo":{"@type":"ImageObject","inLanguage":"en-US","@id":"https:\/\/synthechim.ma\/#\/schema\/logo\/image\/","url":"https:\/\/synthechim.ma\/wp-content\/uploads\/2023\/04\/Logo.png","contentUrl":"https:\/\/synthechim.ma\/wp-content\/uploads\/2023\/04\/Logo.png","width":322,"height":130,"caption":"Synthechim"},"image":{"@id":"https:\/\/synthechim.ma\/#\/schema\/logo\/image\/"}}]}},"_links":{"self":[{"href":"https:\/\/synthechim.ma\/en\/wp-json\/wp\/v2\/product\/1482","targetHints":{"allow":["GET"]}}],"collection":[{"href":"https:\/\/synthechim.ma\/en\/wp-json\/wp\/v2\/product"}],"about":[{"href":"https:\/\/synthechim.ma\/en\/wp-json\/wp\/v2\/types\/product"}],"version-history":[{"count":11,"href":"https:\/\/synthechim.ma\/en\/wp-json\/wp\/v2\/product\/1482\/revisions"}],"predecessor-version":[{"id":1881,"href":"https:\/\/synthechim.ma\/en\/wp-json\/wp\/v2\/product\/1482\/revisions\/1881"}],"wp:featuredmedia":[{"embeddable":true,"href":"https:\/\/synthechim.ma\/en\/wp-json\/wp\/v2\/media\/1457"}],"wp:attachment":[{"href":"https:\/\/synthechim.ma\/en\/wp-json\/wp\/v2\/media?parent=1482"}],"wp:term":[{"taxonomy":"product_cat","embeddable":true,"href":"https:\/\/synthechim.ma\/en\/wp-json\/wp\/v2\/product_cat?post=1482"},{"taxonomy":"product_tag","embeddable":true,"href":"https:\/\/synthechim.ma\/en\/wp-json\/wp\/v2\/product_tag?post=1482"}],"curies":[{"name":"wp","href":"https:\/\/api.w.org\/{rel}","templated":true}]}}