{"id":1486,"date":"2023-04-27T20:47:07","date_gmt":"2023-04-27T18:47:07","guid":{"rendered":"https:\/\/synthechim.top-energiedin.com\/?post_type=product&#038;p=1486"},"modified":"2023-04-30T16:47:25","modified_gmt":"2023-04-30T14:47:25","slug":"colorant-noir","status":"publish","type":"product","link":"https:\/\/synthechim.ma\/en\/product\/colorant-noir\/","title":{"rendered":"Colorant noir"},"content":{"rendered":"<div data-elementor-type=\"product-post\" data-elementor-id=\"1486\" class=\"elementor elementor-1486\">\n\t\t\t\t\t\t<section class=\"elementor-section elementor-top-section elementor-element elementor-element-71fe504 elementor-section-boxed elementor-section-height-default elementor-section-height-default jltma-glass-effect-no\" data-id=\"71fe504\" data-element_type=\"section\">\n\t\t\t\t\t\t<div class=\"elementor-container elementor-column-gap-default\">\n\t\t\t\t\t<div class=\"elementor-column elementor-col-100 elementor-top-column elementor-element elementor-element-9eb264a jltma-glass-effect-no\" data-id=\"9eb264a\" data-element_type=\"column\">\n\t\t\t<div class=\"elementor-widget-wrap elementor-element-populated\">\n\t\t\t\t\t\t<div class=\"elementor-element elementor-element-28c0578 jltma-glass-effect-no elementor-widget elementor-widget-text-editor\" data-id=\"28c0578\" data-element_type=\"widget\" data-widget_type=\"text-editor.default\">\n\t\t\t\t<div class=\"elementor-widget-container\">\n\t\t\t<style>\/*! elementor - v3.22.0 - 26-06-2024 *\/\n.elementor-widget-text-editor.elementor-drop-cap-view-stacked .elementor-drop-cap{background-color:#69727d;color:#fff}.elementor-widget-text-editor.elementor-drop-cap-view-framed .elementor-drop-cap{color:#69727d;border:3px solid;background-color:transparent}.elementor-widget-text-editor:not(.elementor-drop-cap-view-default) .elementor-drop-cap{margin-top:8px}.elementor-widget-text-editor:not(.elementor-drop-cap-view-default) .elementor-drop-cap-letter{width:1em;height:1em}.elementor-widget-text-editor .elementor-drop-cap{float:left;text-align:center;line-height:1;font-size:50px}.elementor-widget-text-editor .elementor-drop-cap-letter{display:inline-block}<\/style>\t\t\t\t<p>La plasticulture utilise des films de paillage pour prot\u00e9ger le sol et les cultures.<\/p>\n<p>Les films noirs ont une fonction herbistatique, r\u00e9duisent l&rsquo;\u00e9vaporation d&rsquo;eau et am\u00e9liorent la pr\u00e9cocit\u00e9.<\/p>\n<p>Ils peuvent \u00e9galement avoir d&rsquo;autres caract\u00e9ristiques telles que la fonction thermique nocturne ou la biod\u00e9gradation.<\/p>\n<p>Les films de paillage doivent avoir des propri\u00e9t\u00e9s de r\u00e9sistance et anti-UV pour une utilisation prolong\u00e9e. Ils sont class\u00e9s en trois familles :<\/p>\n<p>-Translucides,<\/p>\n<p>-Opaques<\/p>\n<p>-Opaques thermiques.<\/p>\n<p>D\u00e9couvrez comment notre gamme de colorants noirs pour plasticulture peuvent am\u00e9liorer la production agricole de vos clients!<\/p>\t\t\t\t\t\t<\/div>\n\t\t\t\t<\/div>\n\t\t\t\t\t<\/div>\n\t\t<\/div>\n\t\t\t\t\t<\/div>\n\t\t<\/section>\n\t\t\t\t<\/div>","protected":false},"excerpt":{"rendered":"<p>La plasticulture utilise des films de paillage pour prot\u00e9ger le sol et les cultures. Les films noirs ont une fonction herbistatique, r\u00e9duisent l&rsquo;\u00e9vaporation d&rsquo;eau et am\u00e9liorent la pr\u00e9cocit\u00e9. Ils peuvent \u00e9galement avoir d&rsquo;autres caract\u00e9ristiques telles que la fonction thermique nocturne ou la biod\u00e9gradation. Les films de paillage doivent avoir des propri\u00e9t\u00e9s de r\u00e9sistance et anti-UV [&hellip;]<\/p>","protected":false},"featured_media":1446,"template":"","meta":{"_themeisle_gutenberg_block_has_review":false},"product_cat":[18,46],"product_tag":[],"class_list":["post-1486","product","type-product","status-publish","has-post-thumbnail","hentry","product_cat-matieres-plastiques-et-auxiliaires","product_cat-plasticulture"],"yoast_head":"<!-- This site is optimized with the Yoast SEO plugin v26.0 - https:\/\/yoast.com\/wordpress\/plugins\/seo\/ -->\n<title>Colorant noir - Synthechim<\/title>\n<meta name=\"description\" content=\"Optimisez la plasticulture avec notre gamme de colorant noir pour film de paillage anti-UV : r\u00e9sistance, pr\u00e9cocit\u00e9 et qualit\u00e9 de r\u00e9colte\" \/>\n<meta name=\"robots\" content=\"index, follow, max-snippet:-1, max-image-preview:large, max-video-preview:-1\" \/>\n<link rel=\"canonical\" href=\"https:\/\/synthechim.ma\/en\/product\/colorant-noir\/\" \/>\n<meta property=\"og:locale\" content=\"en_US\" \/>\n<meta property=\"og:type\" content=\"article\" \/>\n<meta property=\"og:title\" content=\"Colorant noir - Synthechim\" \/>\n<meta property=\"og:description\" content=\"Optimisez la plasticulture avec notre gamme de colorant noir pour film de paillage anti-UV : r\u00e9sistance, pr\u00e9cocit\u00e9 et qualit\u00e9 de r\u00e9colte\" \/>\n<meta property=\"og:url\" content=\"https:\/\/synthechim.ma\/en\/product\/colorant-noir\/\" \/>\n<meta property=\"og:site_name\" content=\"Synthechim\" \/>\n<meta property=\"article:modified_time\" content=\"2023-04-30T14:47:25+00:00\" \/>\n<meta property=\"og:image\" content=\"https:\/\/synthechim.ma\/wp-content\/uploads\/2023\/04\/Colorant-noir.png\" \/>\n\t<meta property=\"og:image:width\" content=\"274\" \/>\n\t<meta property=\"og:image:height\" content=\"200\" \/>\n\t<meta property=\"og:image:type\" content=\"image\/png\" \/>\n<meta name=\"twitter:card\" content=\"summary_large_image\" \/>\n<script type=\"application\/ld+json\" class=\"yoast-schema-graph\">{\"@context\":\"https:\/\/schema.org\",\"@graph\":[{\"@type\":\"WebPage\",\"@id\":\"https:\/\/synthechim.ma\/produit\/colorant-noir\/\",\"url\":\"https:\/\/synthechim.ma\/produit\/colorant-noir\/\",\"name\":\"Colorant noir - Synthechim\",\"isPartOf\":{\"@id\":\"https:\/\/synthechim.ma\/#website\"},\"primaryImageOfPage\":{\"@id\":\"https:\/\/synthechim.ma\/produit\/colorant-noir\/#primaryimage\"},\"image\":{\"@id\":\"https:\/\/synthechim.ma\/produit\/colorant-noir\/#primaryimage\"},\"thumbnailUrl\":\"https:\/\/synthechim.ma\/wp-content\/uploads\/2023\/04\/Colorant-noir.png\",\"datePublished\":\"2023-04-27T18:47:07+00:00\",\"dateModified\":\"2023-04-30T14:47:25+00:00\",\"description\":\"Optimisez la plasticulture avec notre gamme de colorant noir pour film de paillage anti-UV : r\u00e9sistance, pr\u00e9cocit\u00e9 et qualit\u00e9 de r\u00e9colte\",\"breadcrumb\":{\"@id\":\"https:\/\/synthechim.ma\/produit\/colorant-noir\/#breadcrumb\"},\"inLanguage\":\"en-US\",\"potentialAction\":[{\"@type\":\"ReadAction\",\"target\":[\"https:\/\/synthechim.ma\/produit\/colorant-noir\/\"]}]},{\"@type\":\"ImageObject\",\"inLanguage\":\"en-US\",\"@id\":\"https:\/\/synthechim.ma\/produit\/colorant-noir\/#primaryimage\",\"url\":\"https:\/\/synthechim.ma\/wp-content\/uploads\/2023\/04\/Colorant-noir.png\",\"contentUrl\":\"https:\/\/synthechim.ma\/wp-content\/uploads\/2023\/04\/Colorant-noir.png\",\"width\":274,\"height\":200},{\"@type\":\"BreadcrumbList\",\"@id\":\"https:\/\/synthechim.ma\/produit\/colorant-noir\/#breadcrumb\",\"itemListElement\":[{\"@type\":\"ListItem\",\"position\":1,\"name\":\"Accueil\",\"item\":\"https:\/\/synthechim.ma\/\"},{\"@type\":\"ListItem\",\"position\":2,\"name\":\"Produits\",\"item\":\"https:\/\/synthechim.ma\/boutique__trashed\/\"},{\"@type\":\"ListItem\",\"position\":3,\"name\":\"Colorant noir\"}]},{\"@type\":\"WebSite\",\"@id\":\"https:\/\/synthechim.ma\/#website\",\"url\":\"https:\/\/synthechim.ma\/\",\"name\":\"Synthechim\",\"description\":\".\",\"publisher\":{\"@id\":\"https:\/\/synthechim.ma\/#organization\"},\"potentialAction\":[{\"@type\":\"SearchAction\",\"target\":{\"@type\":\"EntryPoint\",\"urlTemplate\":\"https:\/\/synthechim.ma\/?s={search_term_string}\"},\"query-input\":{\"@type\":\"PropertyValueSpecification\",\"valueRequired\":true,\"valueName\":\"search_term_string\"}}],\"inLanguage\":\"en-US\"},{\"@type\":\"Organization\",\"@id\":\"https:\/\/synthechim.ma\/#organization\",\"name\":\"Synthechim\",\"url\":\"https:\/\/synthechim.ma\/\",\"logo\":{\"@type\":\"ImageObject\",\"inLanguage\":\"en-US\",\"@id\":\"https:\/\/synthechim.ma\/#\/schema\/logo\/image\/\",\"url\":\"https:\/\/synthechim.ma\/wp-content\/uploads\/2023\/04\/Logo.png\",\"contentUrl\":\"https:\/\/synthechim.ma\/wp-content\/uploads\/2023\/04\/Logo.png\",\"width\":322,\"height\":130,\"caption\":\"Synthechim\"},\"image\":{\"@id\":\"https:\/\/synthechim.ma\/#\/schema\/logo\/image\/\"}}]}<\/script>\n<!-- \/ Yoast SEO plugin. -->","yoast_head_json":{"title":"Colorant noir - Synthechim","description":"Optimisez la plasticulture avec notre gamme de colorant noir pour film de paillage anti-UV : r\u00e9sistance, pr\u00e9cocit\u00e9 et qualit\u00e9 de r\u00e9colte","robots":{"index":"index","follow":"follow","max-snippet":"max-snippet:-1","max-image-preview":"max-image-preview:large","max-video-preview":"max-video-preview:-1"},"canonical":"https:\/\/synthechim.ma\/en\/product\/colorant-noir\/","og_locale":"en_US","og_type":"article","og_title":"Colorant noir - Synthechim","og_description":"Optimisez la plasticulture avec notre gamme de colorant noir pour film de paillage anti-UV : r\u00e9sistance, pr\u00e9cocit\u00e9 et qualit\u00e9 de r\u00e9colte","og_url":"https:\/\/synthechim.ma\/en\/product\/colorant-noir\/","og_site_name":"Synthechim","article_modified_time":"2023-04-30T14:47:25+00:00","og_image":[{"width":274,"height":200,"url":"https:\/\/synthechim.ma\/wp-content\/uploads\/2023\/04\/Colorant-noir.png","type":"image\/png"}],"twitter_card":"summary_large_image","schema":{"@context":"https:\/\/schema.org","@graph":[{"@type":"WebPage","@id":"https:\/\/synthechim.ma\/produit\/colorant-noir\/","url":"https:\/\/synthechim.ma\/produit\/colorant-noir\/","name":"Colorant noir - Synthechim","isPartOf":{"@id":"https:\/\/synthechim.ma\/#website"},"primaryImageOfPage":{"@id":"https:\/\/synthechim.ma\/produit\/colorant-noir\/#primaryimage"},"image":{"@id":"https:\/\/synthechim.ma\/produit\/colorant-noir\/#primaryimage"},"thumbnailUrl":"https:\/\/synthechim.ma\/wp-content\/uploads\/2023\/04\/Colorant-noir.png","datePublished":"2023-04-27T18:47:07+00:00","dateModified":"2023-04-30T14:47:25+00:00","description":"Optimisez la plasticulture avec notre gamme de colorant noir pour film de paillage anti-UV : r\u00e9sistance, pr\u00e9cocit\u00e9 et qualit\u00e9 de r\u00e9colte","breadcrumb":{"@id":"https:\/\/synthechim.ma\/produit\/colorant-noir\/#breadcrumb"},"inLanguage":"en-US","potentialAction":[{"@type":"ReadAction","target":["https:\/\/synthechim.ma\/produit\/colorant-noir\/"]}]},{"@type":"ImageObject","inLanguage":"en-US","@id":"https:\/\/synthechim.ma\/produit\/colorant-noir\/#primaryimage","url":"https:\/\/synthechim.ma\/wp-content\/uploads\/2023\/04\/Colorant-noir.png","contentUrl":"https:\/\/synthechim.ma\/wp-content\/uploads\/2023\/04\/Colorant-noir.png","width":274,"height":200},{"@type":"BreadcrumbList","@id":"https:\/\/synthechim.ma\/produit\/colorant-noir\/#breadcrumb","itemListElement":[{"@type":"ListItem","position":1,"name":"Accueil","item":"https:\/\/synthechim.ma\/"},{"@type":"ListItem","position":2,"name":"Produits","item":"https:\/\/synthechim.ma\/boutique__trashed\/"},{"@type":"ListItem","position":3,"name":"Colorant noir"}]},{"@type":"WebSite","@id":"https:\/\/synthechim.ma\/#website","url":"https:\/\/synthechim.ma\/","name":"Synthechim","description":".","publisher":{"@id":"https:\/\/synthechim.ma\/#organization"},"potentialAction":[{"@type":"SearchAction","target":{"@type":"EntryPoint","urlTemplate":"https:\/\/synthechim.ma\/?s={search_term_string}"},"query-input":{"@type":"PropertyValueSpecification","valueRequired":true,"valueName":"search_term_string"}}],"inLanguage":"en-US"},{"@type":"Organization","@id":"https:\/\/synthechim.ma\/#organization","name":"Synthechim","url":"https:\/\/synthechim.ma\/","logo":{"@type":"ImageObject","inLanguage":"en-US","@id":"https:\/\/synthechim.ma\/#\/schema\/logo\/image\/","url":"https:\/\/synthechim.ma\/wp-content\/uploads\/2023\/04\/Logo.png","contentUrl":"https:\/\/synthechim.ma\/wp-content\/uploads\/2023\/04\/Logo.png","width":322,"height":130,"caption":"Synthechim"},"image":{"@id":"https:\/\/synthechim.ma\/#\/schema\/logo\/image\/"}}]}},"_links":{"self":[{"href":"https:\/\/synthechim.ma\/en\/wp-json\/wp\/v2\/product\/1486","targetHints":{"allow":["GET"]}}],"collection":[{"href":"https:\/\/synthechim.ma\/en\/wp-json\/wp\/v2\/product"}],"about":[{"href":"https:\/\/synthechim.ma\/en\/wp-json\/wp\/v2\/types\/product"}],"version-history":[{"count":8,"href":"https:\/\/synthechim.ma\/en\/wp-json\/wp\/v2\/product\/1486\/revisions"}],"predecessor-version":[{"id":1871,"href":"https:\/\/synthechim.ma\/en\/wp-json\/wp\/v2\/product\/1486\/revisions\/1871"}],"wp:featuredmedia":[{"embeddable":true,"href":"https:\/\/synthechim.ma\/en\/wp-json\/wp\/v2\/media\/1446"}],"wp:attachment":[{"href":"https:\/\/synthechim.ma\/en\/wp-json\/wp\/v2\/media?parent=1486"}],"wp:term":[{"taxonomy":"product_cat","embeddable":true,"href":"https:\/\/synthechim.ma\/en\/wp-json\/wp\/v2\/product_cat?post=1486"},{"taxonomy":"product_tag","embeddable":true,"href":"https:\/\/synthechim.ma\/en\/wp-json\/wp\/v2\/product_tag?post=1486"}],"curies":[{"name":"wp","href":"https:\/\/api.w.org\/{rel}","templated":true}]}}