{"id":1488,"date":"2023-04-27T20:47:48","date_gmt":"2023-04-27T18:47:48","guid":{"rendered":"https:\/\/synthechim.top-energiedin.com\/?post_type=product&#038;p=1488"},"modified":"2023-04-30T16:46:36","modified_gmt":"2023-04-30T14:46:36","slug":"stabilisant-serre-agricole","status":"publish","type":"product","link":"https:\/\/synthechim.ma\/en\/product\/stabilisant-serre-agricole\/","title":{"rendered":"Stabilisant serre agricole"},"content":{"rendered":"<div data-elementor-type=\"product-post\" data-elementor-id=\"1488\" class=\"elementor elementor-1488\">\n\t\t\t\t\t\t<section class=\"elementor-section elementor-top-section elementor-element elementor-element-71fe504 elementor-section-boxed elementor-section-height-default elementor-section-height-default jltma-glass-effect-no\" data-id=\"71fe504\" data-element_type=\"section\">\n\t\t\t\t\t\t<div class=\"elementor-container elementor-column-gap-default\">\n\t\t\t\t\t<div class=\"elementor-column elementor-col-100 elementor-top-column elementor-element elementor-element-9eb264a jltma-glass-effect-no\" data-id=\"9eb264a\" data-element_type=\"column\">\n\t\t\t<div class=\"elementor-widget-wrap elementor-element-populated\">\n\t\t\t\t\t\t<div class=\"elementor-element elementor-element-28c0578 jltma-glass-effect-no elementor-widget elementor-widget-text-editor\" data-id=\"28c0578\" data-element_type=\"widget\" data-widget_type=\"text-editor.default\">\n\t\t\t\t<div class=\"elementor-widget-container\">\n\t\t\t<style>\/*! elementor - v3.22.0 - 26-06-2024 *\/\n.elementor-widget-text-editor.elementor-drop-cap-view-stacked .elementor-drop-cap{background-color:#69727d;color:#fff}.elementor-widget-text-editor.elementor-drop-cap-view-framed .elementor-drop-cap{color:#69727d;border:3px solid;background-color:transparent}.elementor-widget-text-editor:not(.elementor-drop-cap-view-default) .elementor-drop-cap{margin-top:8px}.elementor-widget-text-editor:not(.elementor-drop-cap-view-default) .elementor-drop-cap-letter{width:1em;height:1em}.elementor-widget-text-editor .elementor-drop-cap{float:left;text-align:center;line-height:1;font-size:50px}.elementor-widget-text-editor .elementor-drop-cap-letter{display:inline-block}<\/style>\t\t\t\t<p>Les serres agricoles en plasticulture ont pour but de cr\u00e9er un environnement optimal pour les plantes en prot\u00e9geant des intemp\u00e9ries, optimisant les conditions de culture, et am\u00e9liorant la gestion du climat.<\/p>\n<p>Les films serres utilis\u00e9s pour la couverture permanente des tunnels plastiques ou de serres multichapelles ont une dur\u00e9e de vie de 2 \u00e0 5 saisons.<\/p>\n<p>Outre les fonctions de base, les films serres peuvent avoir des caract\u00e9ristiques comme la fonction thermique, la fonction diffusante, la fonction \u00ab\u00a0cooling\u00a0\u00bb, la fonction antibu\u00e9e, la fonction barri\u00e8re bloquante pour certains rayonnements UV et la fonction r\u00e9sistance au soufre.<\/p>\n<p>Les films de serre doivent \u00e9galement conserver leurs propri\u00e9t\u00e9s anti-UV \u00e9lev\u00e9es et avoir des propri\u00e9t\u00e9s m\u00e9caniques pour r\u00e9sister aux contraintes climatiques.<br><br>D\u00e9couvrez notre gamme d&rsquo;additifs pour optimiser la protection de vos serres agricoles et films de plasticulture !<\/p>\t\t\t\t\t\t<\/div>\n\t\t\t\t<\/div>\n\t\t\t\t\t<\/div>\n\t\t<\/div>\n\t\t\t\t\t<\/div>\n\t\t<\/section>\n\t\t\t\t<\/div>","protected":false},"excerpt":{"rendered":"<p>Les serres agricoles en plasticulture ont pour but de cr\u00e9er un environnement optimal pour les plantes en prot\u00e9geant des intemp\u00e9ries, optimisant les conditions de culture, et am\u00e9liorant la gestion du climat. Les films serres utilis\u00e9s pour la couverture permanente des tunnels plastiques ou de serres multichapelles ont une dur\u00e9e de vie de 2 \u00e0 5 [&hellip;]<\/p>","protected":false},"featured_media":1467,"template":"","meta":{"_themeisle_gutenberg_block_has_review":false},"product_cat":[18,46],"product_tag":[],"class_list":["post-1488","product","type-product","status-publish","has-post-thumbnail","hentry","product_cat-matieres-plastiques-et-auxiliaires","product_cat-plasticulture"],"yoast_head":"<!-- This site is optimized with the Yoast SEO plugin v26.0 - https:\/\/yoast.com\/wordpress\/plugins\/seo\/ -->\n<title>Stabilisant serre agricole - Synthechim<\/title>\n<meta name=\"robots\" content=\"index, follow, max-snippet:-1, max-image-preview:large, max-video-preview:-1\" \/>\n<link rel=\"canonical\" href=\"https:\/\/synthechim.ma\/en\/product\/stabilisant-serre-agricole\/\" \/>\n<meta property=\"og:locale\" content=\"en_US\" \/>\n<meta property=\"og:type\" content=\"article\" \/>\n<meta property=\"og:title\" content=\"Stabilisant serre agricole - Synthechim\" \/>\n<meta property=\"og:description\" content=\"Les serres agricoles en plasticulture ont pour but de cr\u00e9er un environnement optimal pour les plantes en prot\u00e9geant des intemp\u00e9ries, optimisant les conditions de culture, et am\u00e9liorant la gestion du climat. Les films serres utilis\u00e9s pour la couverture permanente des tunnels plastiques ou de serres multichapelles ont une dur\u00e9e de vie de 2 \u00e0 5 [&hellip;]\" \/>\n<meta property=\"og:url\" content=\"https:\/\/synthechim.ma\/en\/product\/stabilisant-serre-agricole\/\" \/>\n<meta property=\"og:site_name\" content=\"Synthechim\" \/>\n<meta property=\"article:modified_time\" content=\"2023-04-30T14:46:36+00:00\" \/>\n<meta property=\"og:image\" content=\"https:\/\/synthechim.ma\/wp-content\/uploads\/2023\/04\/Stabilisant-serre-agricole.png\" \/>\n\t<meta property=\"og:image:width\" content=\"274\" \/>\n\t<meta property=\"og:image:height\" content=\"200\" \/>\n\t<meta property=\"og:image:type\" content=\"image\/png\" \/>\n<meta name=\"twitter:card\" content=\"summary_large_image\" \/>\n<script type=\"application\/ld+json\" class=\"yoast-schema-graph\">{\"@context\":\"https:\/\/schema.org\",\"@graph\":[{\"@type\":\"WebPage\",\"@id\":\"https:\/\/synthechim.ma\/produit\/stabilisant-serre-agricole\/\",\"url\":\"https:\/\/synthechim.ma\/produit\/stabilisant-serre-agricole\/\",\"name\":\"Stabilisant serre agricole - Synthechim\",\"isPartOf\":{\"@id\":\"https:\/\/synthechim.ma\/#website\"},\"primaryImageOfPage\":{\"@id\":\"https:\/\/synthechim.ma\/produit\/stabilisant-serre-agricole\/#primaryimage\"},\"image\":{\"@id\":\"https:\/\/synthechim.ma\/produit\/stabilisant-serre-agricole\/#primaryimage\"},\"thumbnailUrl\":\"https:\/\/synthechim.ma\/wp-content\/uploads\/2023\/04\/Stabilisant-serre-agricole.png\",\"datePublished\":\"2023-04-27T18:47:48+00:00\",\"dateModified\":\"2023-04-30T14:46:36+00:00\",\"breadcrumb\":{\"@id\":\"https:\/\/synthechim.ma\/produit\/stabilisant-serre-agricole\/#breadcrumb\"},\"inLanguage\":\"en-US\",\"potentialAction\":[{\"@type\":\"ReadAction\",\"target\":[\"https:\/\/synthechim.ma\/produit\/stabilisant-serre-agricole\/\"]}]},{\"@type\":\"ImageObject\",\"inLanguage\":\"en-US\",\"@id\":\"https:\/\/synthechim.ma\/produit\/stabilisant-serre-agricole\/#primaryimage\",\"url\":\"https:\/\/synthechim.ma\/wp-content\/uploads\/2023\/04\/Stabilisant-serre-agricole.png\",\"contentUrl\":\"https:\/\/synthechim.ma\/wp-content\/uploads\/2023\/04\/Stabilisant-serre-agricole.png\",\"width\":274,\"height\":200},{\"@type\":\"BreadcrumbList\",\"@id\":\"https:\/\/synthechim.ma\/produit\/stabilisant-serre-agricole\/#breadcrumb\",\"itemListElement\":[{\"@type\":\"ListItem\",\"position\":1,\"name\":\"Accueil\",\"item\":\"https:\/\/synthechim.ma\/\"},{\"@type\":\"ListItem\",\"position\":2,\"name\":\"Produits\",\"item\":\"https:\/\/synthechim.ma\/boutique__trashed\/\"},{\"@type\":\"ListItem\",\"position\":3,\"name\":\"Stabilisant serre agricole\"}]},{\"@type\":\"WebSite\",\"@id\":\"https:\/\/synthechim.ma\/#website\",\"url\":\"https:\/\/synthechim.ma\/\",\"name\":\"Synthechim\",\"description\":\".\",\"publisher\":{\"@id\":\"https:\/\/synthechim.ma\/#organization\"},\"potentialAction\":[{\"@type\":\"SearchAction\",\"target\":{\"@type\":\"EntryPoint\",\"urlTemplate\":\"https:\/\/synthechim.ma\/?s={search_term_string}\"},\"query-input\":{\"@type\":\"PropertyValueSpecification\",\"valueRequired\":true,\"valueName\":\"search_term_string\"}}],\"inLanguage\":\"en-US\"},{\"@type\":\"Organization\",\"@id\":\"https:\/\/synthechim.ma\/#organization\",\"name\":\"Synthechim\",\"url\":\"https:\/\/synthechim.ma\/\",\"logo\":{\"@type\":\"ImageObject\",\"inLanguage\":\"en-US\",\"@id\":\"https:\/\/synthechim.ma\/#\/schema\/logo\/image\/\",\"url\":\"https:\/\/synthechim.ma\/wp-content\/uploads\/2023\/04\/Logo.png\",\"contentUrl\":\"https:\/\/synthechim.ma\/wp-content\/uploads\/2023\/04\/Logo.png\",\"width\":322,\"height\":130,\"caption\":\"Synthechim\"},\"image\":{\"@id\":\"https:\/\/synthechim.ma\/#\/schema\/logo\/image\/\"}}]}<\/script>\n<!-- \/ Yoast SEO plugin. -->","yoast_head_json":{"title":"Stabilisant serre agricole - Synthechim","robots":{"index":"index","follow":"follow","max-snippet":"max-snippet:-1","max-image-preview":"max-image-preview:large","max-video-preview":"max-video-preview:-1"},"canonical":"https:\/\/synthechim.ma\/en\/product\/stabilisant-serre-agricole\/","og_locale":"en_US","og_type":"article","og_title":"Stabilisant serre agricole - Synthechim","og_description":"Les serres agricoles en plasticulture ont pour but de cr\u00e9er un environnement optimal pour les plantes en prot\u00e9geant des intemp\u00e9ries, optimisant les conditions de culture, et am\u00e9liorant la gestion du climat. Les films serres utilis\u00e9s pour la couverture permanente des tunnels plastiques ou de serres multichapelles ont une dur\u00e9e de vie de 2 \u00e0 5 [&hellip;]","og_url":"https:\/\/synthechim.ma\/en\/product\/stabilisant-serre-agricole\/","og_site_name":"Synthechim","article_modified_time":"2023-04-30T14:46:36+00:00","og_image":[{"width":274,"height":200,"url":"https:\/\/synthechim.ma\/wp-content\/uploads\/2023\/04\/Stabilisant-serre-agricole.png","type":"image\/png"}],"twitter_card":"summary_large_image","schema":{"@context":"https:\/\/schema.org","@graph":[{"@type":"WebPage","@id":"https:\/\/synthechim.ma\/produit\/stabilisant-serre-agricole\/","url":"https:\/\/synthechim.ma\/produit\/stabilisant-serre-agricole\/","name":"Stabilisant serre agricole - Synthechim","isPartOf":{"@id":"https:\/\/synthechim.ma\/#website"},"primaryImageOfPage":{"@id":"https:\/\/synthechim.ma\/produit\/stabilisant-serre-agricole\/#primaryimage"},"image":{"@id":"https:\/\/synthechim.ma\/produit\/stabilisant-serre-agricole\/#primaryimage"},"thumbnailUrl":"https:\/\/synthechim.ma\/wp-content\/uploads\/2023\/04\/Stabilisant-serre-agricole.png","datePublished":"2023-04-27T18:47:48+00:00","dateModified":"2023-04-30T14:46:36+00:00","breadcrumb":{"@id":"https:\/\/synthechim.ma\/produit\/stabilisant-serre-agricole\/#breadcrumb"},"inLanguage":"en-US","potentialAction":[{"@type":"ReadAction","target":["https:\/\/synthechim.ma\/produit\/stabilisant-serre-agricole\/"]}]},{"@type":"ImageObject","inLanguage":"en-US","@id":"https:\/\/synthechim.ma\/produit\/stabilisant-serre-agricole\/#primaryimage","url":"https:\/\/synthechim.ma\/wp-content\/uploads\/2023\/04\/Stabilisant-serre-agricole.png","contentUrl":"https:\/\/synthechim.ma\/wp-content\/uploads\/2023\/04\/Stabilisant-serre-agricole.png","width":274,"height":200},{"@type":"BreadcrumbList","@id":"https:\/\/synthechim.ma\/produit\/stabilisant-serre-agricole\/#breadcrumb","itemListElement":[{"@type":"ListItem","position":1,"name":"Accueil","item":"https:\/\/synthechim.ma\/"},{"@type":"ListItem","position":2,"name":"Produits","item":"https:\/\/synthechim.ma\/boutique__trashed\/"},{"@type":"ListItem","position":3,"name":"Stabilisant serre agricole"}]},{"@type":"WebSite","@id":"https:\/\/synthechim.ma\/#website","url":"https:\/\/synthechim.ma\/","name":"Synthechim","description":".","publisher":{"@id":"https:\/\/synthechim.ma\/#organization"},"potentialAction":[{"@type":"SearchAction","target":{"@type":"EntryPoint","urlTemplate":"https:\/\/synthechim.ma\/?s={search_term_string}"},"query-input":{"@type":"PropertyValueSpecification","valueRequired":true,"valueName":"search_term_string"}}],"inLanguage":"en-US"},{"@type":"Organization","@id":"https:\/\/synthechim.ma\/#organization","name":"Synthechim","url":"https:\/\/synthechim.ma\/","logo":{"@type":"ImageObject","inLanguage":"en-US","@id":"https:\/\/synthechim.ma\/#\/schema\/logo\/image\/","url":"https:\/\/synthechim.ma\/wp-content\/uploads\/2023\/04\/Logo.png","contentUrl":"https:\/\/synthechim.ma\/wp-content\/uploads\/2023\/04\/Logo.png","width":322,"height":130,"caption":"Synthechim"},"image":{"@id":"https:\/\/synthechim.ma\/#\/schema\/logo\/image\/"}}]}},"_links":{"self":[{"href":"https:\/\/synthechim.ma\/en\/wp-json\/wp\/v2\/product\/1488","targetHints":{"allow":["GET"]}}],"collection":[{"href":"https:\/\/synthechim.ma\/en\/wp-json\/wp\/v2\/product"}],"about":[{"href":"https:\/\/synthechim.ma\/en\/wp-json\/wp\/v2\/types\/product"}],"version-history":[{"count":7,"href":"https:\/\/synthechim.ma\/en\/wp-json\/wp\/v2\/product\/1488\/revisions"}],"predecessor-version":[{"id":1868,"href":"https:\/\/synthechim.ma\/en\/wp-json\/wp\/v2\/product\/1488\/revisions\/1868"}],"wp:featuredmedia":[{"embeddable":true,"href":"https:\/\/synthechim.ma\/en\/wp-json\/wp\/v2\/media\/1467"}],"wp:attachment":[{"href":"https:\/\/synthechim.ma\/en\/wp-json\/wp\/v2\/media?parent=1488"}],"wp:term":[{"taxonomy":"product_cat","embeddable":true,"href":"https:\/\/synthechim.ma\/en\/wp-json\/wp\/v2\/product_cat?post=1488"},{"taxonomy":"product_tag","embeddable":true,"href":"https:\/\/synthechim.ma\/en\/wp-json\/wp\/v2\/product_tag?post=1488"}],"curies":[{"name":"wp","href":"https:\/\/api.w.org\/{rel}","templated":true}]}}