{"id":1492,"date":"2023-04-27T20:49:47","date_gmt":"2023-04-27T18:49:47","guid":{"rendered":"https:\/\/synthechim.top-energiedin.com\/?post_type=product&#038;p=1492"},"modified":"2023-11-01T10:59:18","modified_gmt":"2023-11-01T09:59:18","slug":"raccord-rapide","status":"publish","type":"product","link":"https:\/\/synthechim.ma\/en\/product\/raccord-rapide\/","title":{"rendered":"Raccord rapide"},"content":{"rendered":"<div data-elementor-type=\"product-post\" data-elementor-id=\"1492\" class=\"elementor elementor-1492\">\n\t\t\t\t\t\t<section class=\"elementor-section elementor-top-section elementor-element elementor-element-7c682eb elementor-section-boxed elementor-section-height-default elementor-section-height-default jltma-glass-effect-no\" data-id=\"7c682eb\" data-element_type=\"section\">\n\t\t\t\t\t\t<div class=\"elementor-container elementor-column-gap-default\">\n\t\t\t\t\t<div class=\"elementor-column elementor-col-50 elementor-top-column elementor-element elementor-element-46f19a7 jltma-glass-effect-no\" data-id=\"46f19a7\" data-element_type=\"column\">\n\t\t\t<div class=\"elementor-widget-wrap elementor-element-populated\">\n\t\t\t\t\t\t<div class=\"elementor-element elementor-element-1819700 jltma-glass-effect-no elementor-widget elementor-widget-text-editor\" data-id=\"1819700\" data-element_type=\"widget\" data-widget_type=\"text-editor.default\">\n\t\t\t\t<div class=\"elementor-widget-container\">\n\t\t\t<style>\/*! elementor - v3.22.0 - 26-06-2024 *\/\n.elementor-widget-text-editor.elementor-drop-cap-view-stacked .elementor-drop-cap{background-color:#69727d;color:#fff}.elementor-widget-text-editor.elementor-drop-cap-view-framed .elementor-drop-cap{color:#69727d;border:3px solid;background-color:transparent}.elementor-widget-text-editor:not(.elementor-drop-cap-view-default) .elementor-drop-cap{margin-top:8px}.elementor-widget-text-editor:not(.elementor-drop-cap-view-default) .elementor-drop-cap-letter{width:1em;height:1em}.elementor-widget-text-editor .elementor-drop-cap{float:left;text-align:center;line-height:1;font-size:50px}.elementor-widget-text-editor .elementor-drop-cap-letter{display:inline-block}<\/style>\t\t\t\t<p>RTC Couplings fournit des syst\u00e8mes de raccordements multiples et des syst\u00e8mes d&rsquo;accouplement pour l&rsquo;hydraulique, l&rsquo;eau, la pneumatique et l&rsquo;\u00e9lectricit\u00e9.<\/p><p>Nous proposons une gamme compl\u00e8te de plus de 10 000 produits et applications diff\u00e9rents.<\/p><p>Les coupleurs de RTC sont fabriqu\u00e9s selon les normes de s\u00e9curit\u00e9 les plus \u00e9lev\u00e9es, avec de nombreux profils propri\u00e9taires et compatibles avec les fabricants courants dans les domaines de l&rsquo;hydraulique, de l&rsquo;eau, du gaz et de la pneumatique.<\/p><p style=\"color: #6f7996; text-align: justify;\"><span style=\"font-family: var( --e-global-typography-text-font-family ), Sans-serif; font-weight: var( --e-global-typography-text-font-weight ); font-size: 1rem;\">Que vous ayez besoin de coupleurs \u00e0 rupture propre, de s\u00e9curit\u00e9 ou \u00e0 d\u00e9bit total, nos produits offrent des performances \u00e9lev\u00e9es et une fiabilit\u00e9 \u00e0 long terme.<\/span><\/p><p>\u00a0<\/p>\t\t\t\t\t\t<\/div>\n\t\t\t\t<\/div>\n\t\t\t\t\t<\/div>\n\t\t<\/div>\n\t\t\t\t<div class=\"elementor-column elementor-col-50 elementor-top-column elementor-element elementor-element-277a957 jltma-glass-effect-no\" data-id=\"277a957\" data-element_type=\"column\">\n\t\t\t<div class=\"elementor-widget-wrap elementor-element-populated\">\n\t\t\t\t\t\t<div class=\"elementor-element elementor-element-cb72848 jltma-glass-effect-no elementor-widget elementor-widget-spacer\" data-id=\"cb72848\" data-element_type=\"widget\" data-widget_type=\"spacer.default\">\n\t\t\t\t<div class=\"elementor-widget-container\">\n\t\t\t<style>\/*! elementor - v3.22.0 - 26-06-2024 *\/\n.elementor-column .elementor-spacer-inner{height:var(--spacer-size)}.e-con{--container-widget-width:100%}.e-con-inner>.elementor-widget-spacer,.e-con>.elementor-widget-spacer{width:var(--container-widget-width,var(--spacer-size));--align-self:var(--container-widget-align-self,initial);--flex-shrink:0}.e-con-inner>.elementor-widget-spacer>.elementor-widget-container,.e-con>.elementor-widget-spacer>.elementor-widget-container{height:100%;width:100%}.e-con-inner>.elementor-widget-spacer>.elementor-widget-container>.elementor-spacer,.e-con>.elementor-widget-spacer>.elementor-widget-container>.elementor-spacer{height:100%}.e-con-inner>.elementor-widget-spacer>.elementor-widget-container>.elementor-spacer>.elementor-spacer-inner,.e-con>.elementor-widget-spacer>.elementor-widget-container>.elementor-spacer>.elementor-spacer-inner{height:var(--container-widget-height,var(--spacer-size))}.e-con-inner>.elementor-widget-spacer.elementor-widget-empty,.e-con>.elementor-widget-spacer.elementor-widget-empty{position:relative;min-height:22px;min-width:22px}.e-con-inner>.elementor-widget-spacer.elementor-widget-empty .elementor-widget-empty-icon,.e-con>.elementor-widget-spacer.elementor-widget-empty .elementor-widget-empty-icon{position:absolute;top:0;bottom:0;left:0;right:0;margin:auto;padding:0;width:22px;height:22px}<\/style>\t\t<div class=\"elementor-spacer\">\n\t\t\t<div class=\"elementor-spacer-inner\"><\/div>\n\t\t<\/div>\n\t\t\t\t<\/div>\n\t\t\t\t<\/div>\n\t\t\t\t<div class=\"elementor-element elementor-element-e8b5395 jltma-glass-effect-no elementor-widget elementor-widget-image\" data-id=\"e8b5395\" data-element_type=\"widget\" data-widget_type=\"image.default\">\n\t\t\t\t<div class=\"elementor-widget-container\">\n\t\t\t<style>\/*! elementor - v3.22.0 - 26-06-2024 *\/\n.elementor-widget-image{text-align:center}.elementor-widget-image a{display:inline-block}.elementor-widget-image a img[src$=\".svg\"]{width:48px}.elementor-widget-image img{vertical-align:middle;display:inline-block}<\/style>\t\t\t\t\t\t\t\t\t\t<img fetchpriority=\"high\" decoding=\"async\" width=\"800\" height=\"302\" src=\"https:\/\/synthechim.ma\/wp-content\/uploads\/2023\/11\/GAMME-COUPLING-RTC-1024x386.png\" class=\"attachment-large size-large wp-image-2552\" alt=\"\" srcset=\"https:\/\/synthechim.ma\/wp-content\/uploads\/2023\/11\/GAMME-COUPLING-RTC-1024x386.png 1024w, https:\/\/synthechim.ma\/wp-content\/uploads\/2023\/11\/GAMME-COUPLING-RTC-300x113.png 300w, https:\/\/synthechim.ma\/wp-content\/uploads\/2023\/11\/GAMME-COUPLING-RTC-768x289.png 768w, https:\/\/synthechim.ma\/wp-content\/uploads\/2023\/11\/GAMME-COUPLING-RTC-1536x579.png 1536w, https:\/\/synthechim.ma\/wp-content\/uploads\/2023\/11\/GAMME-COUPLING-RTC-2048x772.png 2048w, https:\/\/synthechim.ma\/wp-content\/uploads\/2023\/11\/GAMME-COUPLING-RTC-18x7.png 18w, https:\/\/synthechim.ma\/wp-content\/uploads\/2023\/11\/GAMME-COUPLING-RTC-600x226.png 600w\" sizes=\"(max-width: 800px) 100vw, 800px\" \/>\t\t\t\t\t\t\t\t\t\t\t\t\t<\/div>\n\t\t\t\t<\/div>\n\t\t\t\t\t<\/div>\n\t\t<\/div>\n\t\t\t\t\t<\/div>\n\t\t<\/section>\n\t\t\t\t<section class=\"elementor-section elementor-top-section elementor-element elementor-element-162ff23 elementor-section-boxed elementor-section-height-default elementor-section-height-default jltma-glass-effect-no\" data-id=\"162ff23\" data-element_type=\"section\">\n\t\t\t\t\t\t<div class=\"elementor-container elementor-column-gap-default\">\n\t\t\t\t\t<div class=\"elementor-column elementor-col-100 elementor-top-column elementor-element elementor-element-cbbef1e jltma-glass-effect-no\" data-id=\"cbbef1e\" data-element_type=\"column\">\n\t\t\t<div class=\"elementor-widget-wrap elementor-element-populated\">\n\t\t\t\t\t\t<div class=\"elementor-element elementor-element-87cff03 jltma-glass-effect-no elementor-widget elementor-widget-spacer\" data-id=\"87cff03\" data-element_type=\"widget\" data-widget_type=\"spacer.default\">\n\t\t\t\t<div class=\"elementor-widget-container\">\n\t\t\t\t\t<div class=\"elementor-spacer\">\n\t\t\t<div class=\"elementor-spacer-inner\"><\/div>\n\t\t<\/div>\n\t\t\t\t<\/div>\n\t\t\t\t<\/div>\n\t\t\t\t<div class=\"elementor-element elementor-element-c8d712d jltma-glass-effect-no elementor-widget elementor-widget-heading\" data-id=\"c8d712d\" data-element_type=\"widget\" data-widget_type=\"heading.default\">\n\t\t\t\t<div class=\"elementor-widget-container\">\n\t\t\t<style>\/*! elementor - v3.22.0 - 26-06-2024 *\/\n.elementor-heading-title{padding:0;margin:0;line-height:1}.elementor-widget-heading .elementor-heading-title[class*=elementor-size-]>a{color:inherit;font-size:inherit;line-height:inherit}.elementor-widget-heading .elementor-heading-title.elementor-size-small{font-size:15px}.elementor-widget-heading .elementor-heading-title.elementor-size-medium{font-size:19px}.elementor-widget-heading .elementor-heading-title.elementor-size-large{font-size:29px}.elementor-widget-heading .elementor-heading-title.elementor-size-xl{font-size:39px}.elementor-widget-heading .elementor-heading-title.elementor-size-xxl{font-size:59px}<\/style><h2 class=\"elementor-heading-title elementor-size-default\">100% Compatible avec les Standards du March\u00e9<\/h2>\t\t<\/div>\n\t\t\t\t<\/div>\n\t\t\t\t<div class=\"elementor-element elementor-element-1a21d6e jltma-glass-effect-no elementor-widget elementor-widget-spacer\" data-id=\"1a21d6e\" data-element_type=\"widget\" data-widget_type=\"spacer.default\">\n\t\t\t\t<div class=\"elementor-widget-container\">\n\t\t\t\t\t<div class=\"elementor-spacer\">\n\t\t\t<div class=\"elementor-spacer-inner\"><\/div>\n\t\t<\/div>\n\t\t\t\t<\/div>\n\t\t\t\t<\/div>\n\t\t\t\t\t<\/div>\n\t\t<\/div>\n\t\t\t\t\t<\/div>\n\t\t<\/section>\n\t\t\t\t<section class=\"elementor-section elementor-top-section elementor-element elementor-element-5f915e4 elementor-section-boxed elementor-section-height-default elementor-section-height-default jltma-glass-effect-no\" data-id=\"5f915e4\" data-element_type=\"section\">\n\t\t\t\t\t\t<div class=\"elementor-container elementor-column-gap-default\">\n\t\t\t\t\t<div class=\"elementor-column elementor-col-33 elementor-top-column elementor-element elementor-element-08bfbba jltma-glass-effect-no\" data-id=\"08bfbba\" data-element_type=\"column\">\n\t\t\t<div class=\"elementor-widget-wrap elementor-element-populated\">\n\t\t\t\t\t\t<div class=\"elementor-element elementor-element-bfd053c jltma-glass-effect-no elementor-widget elementor-widget-heading\" data-id=\"bfd053c\" data-element_type=\"widget\" data-widget_type=\"heading.default\">\n\t\t\t\t<div class=\"elementor-widget-container\">\n\t\t\t<h5 class=\"elementor-heading-title elementor-size-default\">STANDARD FRANCAI<i>S<\/i><\/h5>\t\t<\/div>\n\t\t\t\t<\/div>\n\t\t\t\t<div class=\"elementor-element elementor-element-56f3ee4 jltma-glass-effect-no elementor-widget elementor-widget-image\" data-id=\"56f3ee4\" data-element_type=\"widget\" data-widget_type=\"image.default\">\n\t\t\t\t<div class=\"elementor-widget-container\">\n\t\t\t\t\t\t\t\t\t\t\t\t\t<img decoding=\"async\" width=\"1894\" height=\"1066\" src=\"https:\/\/synthechim.ma\/wp-content\/uploads\/2023\/11\/RACCORD-STANDARD-STAUBLI.png\" class=\"attachment-full size-full wp-image-2556\" alt=\"\" srcset=\"https:\/\/synthechim.ma\/wp-content\/uploads\/2023\/11\/RACCORD-STANDARD-STAUBLI.png 1894w, https:\/\/synthechim.ma\/wp-content\/uploads\/2023\/11\/RACCORD-STANDARD-STAUBLI-300x169.png 300w, https:\/\/synthechim.ma\/wp-content\/uploads\/2023\/11\/RACCORD-STANDARD-STAUBLI-1024x576.png 1024w, https:\/\/synthechim.ma\/wp-content\/uploads\/2023\/11\/RACCORD-STANDARD-STAUBLI-768x432.png 768w, https:\/\/synthechim.ma\/wp-content\/uploads\/2023\/11\/RACCORD-STANDARD-STAUBLI-1536x865.png 1536w, https:\/\/synthechim.ma\/wp-content\/uploads\/2023\/11\/RACCORD-STANDARD-STAUBLI-18x10.png 18w, https:\/\/synthechim.ma\/wp-content\/uploads\/2023\/11\/RACCORD-STANDARD-STAUBLI-600x338.png 600w\" sizes=\"(max-width: 1894px) 100vw, 1894px\" \/>\t\t\t\t\t\t\t\t\t\t\t\t\t<\/div>\n\t\t\t\t<\/div>\n\t\t\t\t\t<\/div>\n\t\t<\/div>\n\t\t\t\t<div class=\"elementor-column elementor-col-33 elementor-top-column elementor-element elementor-element-f2ca9c3 jltma-glass-effect-no\" data-id=\"f2ca9c3\" data-element_type=\"column\">\n\t\t\t<div class=\"elementor-widget-wrap elementor-element-populated\">\n\t\t\t\t\t\t<div class=\"elementor-element elementor-element-190e3fb jltma-glass-effect-no elementor-widget elementor-widget-heading\" data-id=\"190e3fb\" data-element_type=\"widget\" data-widget_type=\"heading.default\">\n\t\t\t\t<div class=\"elementor-widget-container\">\n\t\t\t<h5 class=\"elementor-heading-title elementor-size-default\">STANDARD EUROPEEN<\/h5>\t\t<\/div>\n\t\t\t\t<\/div>\n\t\t\t\t<div class=\"elementor-element elementor-element-be0f65b jltma-glass-effect-no elementor-widget elementor-widget-image\" data-id=\"be0f65b\" data-element_type=\"widget\" data-widget_type=\"image.default\">\n\t\t\t\t<div class=\"elementor-widget-container\">\n\t\t\t\t\t\t\t\t\t\t\t\t\t<img decoding=\"async\" width=\"1311\" height=\"855\" src=\"https:\/\/synthechim.ma\/wp-content\/uploads\/2023\/11\/STANDART-QUICK-COUPLING-DME.png\" class=\"attachment-full size-full wp-image-2558\" alt=\"\" srcset=\"https:\/\/synthechim.ma\/wp-content\/uploads\/2023\/11\/STANDART-QUICK-COUPLING-DME.png 1311w, https:\/\/synthechim.ma\/wp-content\/uploads\/2023\/11\/STANDART-QUICK-COUPLING-DME-300x196.png 300w, https:\/\/synthechim.ma\/wp-content\/uploads\/2023\/11\/STANDART-QUICK-COUPLING-DME-1024x668.png 1024w, https:\/\/synthechim.ma\/wp-content\/uploads\/2023\/11\/STANDART-QUICK-COUPLING-DME-768x501.png 768w, https:\/\/synthechim.ma\/wp-content\/uploads\/2023\/11\/STANDART-QUICK-COUPLING-DME-18x12.png 18w, https:\/\/synthechim.ma\/wp-content\/uploads\/2023\/11\/STANDART-QUICK-COUPLING-DME-600x391.png 600w\" sizes=\"(max-width: 1311px) 100vw, 1311px\" \/>\t\t\t\t\t\t\t\t\t\t\t\t\t<\/div>\n\t\t\t\t<\/div>\n\t\t\t\t\t<\/div>\n\t\t<\/div>\n\t\t\t\t<div class=\"elementor-column elementor-col-33 elementor-top-column elementor-element elementor-element-b141e29 jltma-glass-effect-no\" data-id=\"b141e29\" data-element_type=\"column\">\n\t\t\t<div class=\"elementor-widget-wrap elementor-element-populated\">\n\t\t\t\t\t\t<div class=\"elementor-element elementor-element-a9947fe jltma-glass-effect-no elementor-widget elementor-widget-heading\" data-id=\"a9947fe\" data-element_type=\"widget\" data-widget_type=\"heading.default\">\n\t\t\t\t<div class=\"elementor-widget-container\">\n\t\t\t<h5 class=\"elementor-heading-title elementor-size-default\">STANDARD INTERNATIONAL<\/h5>\t\t<\/div>\n\t\t\t\t<\/div>\n\t\t\t\t<div class=\"elementor-element elementor-element-0a525e7 jltma-glass-effect-no elementor-widget elementor-widget-image\" data-id=\"0a525e7\" data-element_type=\"widget\" data-widget_type=\"image.default\">\n\t\t\t\t<div class=\"elementor-widget-container\">\n\t\t\t\t\t\t\t\t\t\t\t\t\t<img loading=\"lazy\" decoding=\"async\" width=\"800\" height=\"551\" src=\"https:\/\/synthechim.ma\/wp-content\/uploads\/2023\/11\/HASCO-QUICK-COUPLING-1024x705.png\" class=\"attachment-large size-large wp-image-2559\" alt=\"\" srcset=\"https:\/\/synthechim.ma\/wp-content\/uploads\/2023\/11\/HASCO-QUICK-COUPLING-1024x705.png 1024w, https:\/\/synthechim.ma\/wp-content\/uploads\/2023\/11\/HASCO-QUICK-COUPLING-300x206.png 300w, https:\/\/synthechim.ma\/wp-content\/uploads\/2023\/11\/HASCO-QUICK-COUPLING-768x529.png 768w, https:\/\/synthechim.ma\/wp-content\/uploads\/2023\/11\/HASCO-QUICK-COUPLING-1536x1057.png 1536w, https:\/\/synthechim.ma\/wp-content\/uploads\/2023\/11\/HASCO-QUICK-COUPLING-18x12.png 18w, https:\/\/synthechim.ma\/wp-content\/uploads\/2023\/11\/HASCO-QUICK-COUPLING-600x413.png 600w, https:\/\/synthechim.ma\/wp-content\/uploads\/2023\/11\/HASCO-QUICK-COUPLING.png 1559w\" sizes=\"(max-width: 800px) 100vw, 800px\" \/>\t\t\t\t\t\t\t\t\t\t\t\t\t<\/div>\n\t\t\t\t<\/div>\n\t\t\t\t\t<\/div>\n\t\t<\/div>\n\t\t\t\t\t<\/div>\n\t\t<\/section>\n\t\t\t\t<\/div>","protected":false},"excerpt":{"rendered":"<p>RTC Couplings fournit des syst\u00e8mes de raccordements multiples et des syst\u00e8mes d&rsquo;accouplement pour l&rsquo;hydraulique, l&rsquo;eau, la pneumatique et l&rsquo;\u00e9lectricit\u00e9. Nous proposons une gamme compl\u00e8te de plus de 10 000 produits et applications diff\u00e9rents. Les coupleurs de RTC sont fabriqu\u00e9s selon les normes de s\u00e9curit\u00e9 les plus \u00e9lev\u00e9es, avec de nombreux profils propri\u00e9taires et compatibles avec [&hellip;]<\/p>","protected":false},"featured_media":1710,"template":"","meta":{"_themeisle_gutenberg_block_has_review":false},"product_cat":[18,32],"product_tag":[],"class_list":["post-1492","product","type-product","status-publish","has-post-thumbnail","hentry","product_cat-matieres-plastiques-et-auxiliaires","product_cat-auxiliaires-moule"],"yoast_head":"<!-- This site is optimized with the Yoast SEO plugin v26.0 - https:\/\/yoast.com\/wordpress\/plugins\/seo\/ -->\n<title>Raccord rapide - Synthechim<\/title>\n<meta name=\"description\" content=\"D\u00e9couvrez notre large gamme de raccords rapides pour tous types de circuits et d&#039;applications. Hautes performances et fiabilit\u00e9 \u00e0 long terme.\" \/>\n<meta name=\"robots\" content=\"index, follow, max-snippet:-1, max-image-preview:large, max-video-preview:-1\" \/>\n<link rel=\"canonical\" href=\"https:\/\/synthechim.ma\/en\/product\/raccord-rapide\/\" \/>\n<meta property=\"og:locale\" content=\"en_US\" \/>\n<meta property=\"og:type\" content=\"article\" \/>\n<meta property=\"og:title\" content=\"Raccord rapide - Synthechim\" \/>\n<meta property=\"og:description\" content=\"D\u00e9couvrez notre large gamme de raccords rapides pour tous types de circuits et d&#039;applications. Hautes performances et fiabilit\u00e9 \u00e0 long terme.\" \/>\n<meta property=\"og:url\" content=\"https:\/\/synthechim.ma\/en\/product\/raccord-rapide\/\" \/>\n<meta property=\"og:site_name\" content=\"Synthechim\" \/>\n<meta property=\"article:modified_time\" content=\"2023-11-01T09:59:18+00:00\" \/>\n<meta property=\"og:image\" content=\"https:\/\/synthechim.ma\/wp-content\/uploads\/2023\/04\/090.jpg\" \/>\n\t<meta property=\"og:image:width\" content=\"728\" \/>\n\t<meta property=\"og:image:height\" content=\"360\" \/>\n\t<meta property=\"og:image:type\" content=\"image\/jpeg\" \/>\n<meta name=\"twitter:card\" content=\"summary_large_image\" \/>\n<script type=\"application\/ld+json\" class=\"yoast-schema-graph\">{\"@context\":\"https:\/\/schema.org\",\"@graph\":[{\"@type\":\"WebPage\",\"@id\":\"https:\/\/synthechim.ma\/produit\/raccord-rapide\/\",\"url\":\"https:\/\/synthechim.ma\/produit\/raccord-rapide\/\",\"name\":\"Raccord rapide - Synthechim\",\"isPartOf\":{\"@id\":\"https:\/\/synthechim.ma\/#website\"},\"primaryImageOfPage\":{\"@id\":\"https:\/\/synthechim.ma\/produit\/raccord-rapide\/#primaryimage\"},\"image\":{\"@id\":\"https:\/\/synthechim.ma\/produit\/raccord-rapide\/#primaryimage\"},\"thumbnailUrl\":\"https:\/\/synthechim.ma\/wp-content\/uploads\/2023\/04\/090.jpg\",\"datePublished\":\"2023-04-27T18:49:47+00:00\",\"dateModified\":\"2023-11-01T09:59:18+00:00\",\"description\":\"D\u00e9couvrez notre large gamme de raccords rapides pour tous types de circuits et d'applications. Hautes performances et fiabilit\u00e9 \u00e0 long terme.\",\"breadcrumb\":{\"@id\":\"https:\/\/synthechim.ma\/produit\/raccord-rapide\/#breadcrumb\"},\"inLanguage\":\"en-US\",\"potentialAction\":[{\"@type\":\"ReadAction\",\"target\":[\"https:\/\/synthechim.ma\/produit\/raccord-rapide\/\"]}]},{\"@type\":\"ImageObject\",\"inLanguage\":\"en-US\",\"@id\":\"https:\/\/synthechim.ma\/produit\/raccord-rapide\/#primaryimage\",\"url\":\"https:\/\/synthechim.ma\/wp-content\/uploads\/2023\/04\/090.jpg\",\"contentUrl\":\"https:\/\/synthechim.ma\/wp-content\/uploads\/2023\/04\/090.jpg\",\"width\":728,\"height\":360},{\"@type\":\"BreadcrumbList\",\"@id\":\"https:\/\/synthechim.ma\/produit\/raccord-rapide\/#breadcrumb\",\"itemListElement\":[{\"@type\":\"ListItem\",\"position\":1,\"name\":\"Accueil\",\"item\":\"https:\/\/synthechim.ma\/\"},{\"@type\":\"ListItem\",\"position\":2,\"name\":\"Produits\",\"item\":\"https:\/\/synthechim.ma\/boutique__trashed\/\"},{\"@type\":\"ListItem\",\"position\":3,\"name\":\"Raccord rapide\"}]},{\"@type\":\"WebSite\",\"@id\":\"https:\/\/synthechim.ma\/#website\",\"url\":\"https:\/\/synthechim.ma\/\",\"name\":\"Synthechim\",\"description\":\".\",\"publisher\":{\"@id\":\"https:\/\/synthechim.ma\/#organization\"},\"potentialAction\":[{\"@type\":\"SearchAction\",\"target\":{\"@type\":\"EntryPoint\",\"urlTemplate\":\"https:\/\/synthechim.ma\/?s={search_term_string}\"},\"query-input\":{\"@type\":\"PropertyValueSpecification\",\"valueRequired\":true,\"valueName\":\"search_term_string\"}}],\"inLanguage\":\"en-US\"},{\"@type\":\"Organization\",\"@id\":\"https:\/\/synthechim.ma\/#organization\",\"name\":\"Synthechim\",\"url\":\"https:\/\/synthechim.ma\/\",\"logo\":{\"@type\":\"ImageObject\",\"inLanguage\":\"en-US\",\"@id\":\"https:\/\/synthechim.ma\/#\/schema\/logo\/image\/\",\"url\":\"https:\/\/synthechim.ma\/wp-content\/uploads\/2023\/04\/Logo.png\",\"contentUrl\":\"https:\/\/synthechim.ma\/wp-content\/uploads\/2023\/04\/Logo.png\",\"width\":322,\"height\":130,\"caption\":\"Synthechim\"},\"image\":{\"@id\":\"https:\/\/synthechim.ma\/#\/schema\/logo\/image\/\"}}]}<\/script>\n<!-- \/ Yoast SEO plugin. -->","yoast_head_json":{"title":"Raccord rapide - Synthechim","description":"D\u00e9couvrez notre large gamme de raccords rapides pour tous types de circuits et d'applications. Hautes performances et fiabilit\u00e9 \u00e0 long terme.","robots":{"index":"index","follow":"follow","max-snippet":"max-snippet:-1","max-image-preview":"max-image-preview:large","max-video-preview":"max-video-preview:-1"},"canonical":"https:\/\/synthechim.ma\/en\/product\/raccord-rapide\/","og_locale":"en_US","og_type":"article","og_title":"Raccord rapide - Synthechim","og_description":"D\u00e9couvrez notre large gamme de raccords rapides pour tous types de circuits et d'applications. Hautes performances et fiabilit\u00e9 \u00e0 long terme.","og_url":"https:\/\/synthechim.ma\/en\/product\/raccord-rapide\/","og_site_name":"Synthechim","article_modified_time":"2023-11-01T09:59:18+00:00","og_image":[{"width":728,"height":360,"url":"https:\/\/synthechim.ma\/wp-content\/uploads\/2023\/04\/090.jpg","type":"image\/jpeg"}],"twitter_card":"summary_large_image","schema":{"@context":"https:\/\/schema.org","@graph":[{"@type":"WebPage","@id":"https:\/\/synthechim.ma\/produit\/raccord-rapide\/","url":"https:\/\/synthechim.ma\/produit\/raccord-rapide\/","name":"Raccord rapide - Synthechim","isPartOf":{"@id":"https:\/\/synthechim.ma\/#website"},"primaryImageOfPage":{"@id":"https:\/\/synthechim.ma\/produit\/raccord-rapide\/#primaryimage"},"image":{"@id":"https:\/\/synthechim.ma\/produit\/raccord-rapide\/#primaryimage"},"thumbnailUrl":"https:\/\/synthechim.ma\/wp-content\/uploads\/2023\/04\/090.jpg","datePublished":"2023-04-27T18:49:47+00:00","dateModified":"2023-11-01T09:59:18+00:00","description":"D\u00e9couvrez notre large gamme de raccords rapides pour tous types de circuits et d'applications. Hautes performances et fiabilit\u00e9 \u00e0 long terme.","breadcrumb":{"@id":"https:\/\/synthechim.ma\/produit\/raccord-rapide\/#breadcrumb"},"inLanguage":"en-US","potentialAction":[{"@type":"ReadAction","target":["https:\/\/synthechim.ma\/produit\/raccord-rapide\/"]}]},{"@type":"ImageObject","inLanguage":"en-US","@id":"https:\/\/synthechim.ma\/produit\/raccord-rapide\/#primaryimage","url":"https:\/\/synthechim.ma\/wp-content\/uploads\/2023\/04\/090.jpg","contentUrl":"https:\/\/synthechim.ma\/wp-content\/uploads\/2023\/04\/090.jpg","width":728,"height":360},{"@type":"BreadcrumbList","@id":"https:\/\/synthechim.ma\/produit\/raccord-rapide\/#breadcrumb","itemListElement":[{"@type":"ListItem","position":1,"name":"Accueil","item":"https:\/\/synthechim.ma\/"},{"@type":"ListItem","position":2,"name":"Produits","item":"https:\/\/synthechim.ma\/boutique__trashed\/"},{"@type":"ListItem","position":3,"name":"Raccord rapide"}]},{"@type":"WebSite","@id":"https:\/\/synthechim.ma\/#website","url":"https:\/\/synthechim.ma\/","name":"Synthechim","description":".","publisher":{"@id":"https:\/\/synthechim.ma\/#organization"},"potentialAction":[{"@type":"SearchAction","target":{"@type":"EntryPoint","urlTemplate":"https:\/\/synthechim.ma\/?s={search_term_string}"},"query-input":{"@type":"PropertyValueSpecification","valueRequired":true,"valueName":"search_term_string"}}],"inLanguage":"en-US"},{"@type":"Organization","@id":"https:\/\/synthechim.ma\/#organization","name":"Synthechim","url":"https:\/\/synthechim.ma\/","logo":{"@type":"ImageObject","inLanguage":"en-US","@id":"https:\/\/synthechim.ma\/#\/schema\/logo\/image\/","url":"https:\/\/synthechim.ma\/wp-content\/uploads\/2023\/04\/Logo.png","contentUrl":"https:\/\/synthechim.ma\/wp-content\/uploads\/2023\/04\/Logo.png","width":322,"height":130,"caption":"Synthechim"},"image":{"@id":"https:\/\/synthechim.ma\/#\/schema\/logo\/image\/"}}]}},"_links":{"self":[{"href":"https:\/\/synthechim.ma\/en\/wp-json\/wp\/v2\/product\/1492","targetHints":{"allow":["GET"]}}],"collection":[{"href":"https:\/\/synthechim.ma\/en\/wp-json\/wp\/v2\/product"}],"about":[{"href":"https:\/\/synthechim.ma\/en\/wp-json\/wp\/v2\/types\/product"}],"version-history":[{"count":11,"href":"https:\/\/synthechim.ma\/en\/wp-json\/wp\/v2\/product\/1492\/revisions"}],"predecessor-version":[{"id":2562,"href":"https:\/\/synthechim.ma\/en\/wp-json\/wp\/v2\/product\/1492\/revisions\/2562"}],"wp:featuredmedia":[{"embeddable":true,"href":"https:\/\/synthechim.ma\/en\/wp-json\/wp\/v2\/media\/1710"}],"wp:attachment":[{"href":"https:\/\/synthechim.ma\/en\/wp-json\/wp\/v2\/media?parent=1492"}],"wp:term":[{"taxonomy":"product_cat","embeddable":true,"href":"https:\/\/synthechim.ma\/en\/wp-json\/wp\/v2\/product_cat?post=1492"},{"taxonomy":"product_tag","embeddable":true,"href":"https:\/\/synthechim.ma\/en\/wp-json\/wp\/v2\/product_tag?post=1492"}],"curies":[{"name":"wp","href":"https:\/\/api.w.org\/{rel}","templated":true}]}}