{"id":1495,"date":"2023-04-27T20:51:33","date_gmt":"2023-04-27T18:51:33","guid":{"rendered":"https:\/\/synthechim.top-energiedin.com\/?post_type=product&#038;p=1495"},"modified":"2023-11-01T11:22:36","modified_gmt":"2023-11-01T10:22:36","slug":"multicoupling","status":"publish","type":"product","link":"https:\/\/synthechim.ma\/en\/product\/multicoupling\/","title":{"rendered":"Multicoupling"},"content":{"rendered":"<div data-elementor-type=\"product-post\" data-elementor-id=\"1495\" class=\"elementor elementor-1495\">\n\t\t\t\t\t\t<section class=\"elementor-section elementor-top-section elementor-element elementor-element-71fe504 elementor-section-boxed elementor-section-height-default elementor-section-height-default jltma-glass-effect-no\" data-id=\"71fe504\" data-element_type=\"section\">\n\t\t\t\t\t\t<div class=\"elementor-container elementor-column-gap-default\">\n\t\t\t\t\t<div class=\"elementor-column elementor-col-50 elementor-top-column elementor-element elementor-element-9eb264a jltma-glass-effect-no\" data-id=\"9eb264a\" data-element_type=\"column\">\n\t\t\t<div class=\"elementor-widget-wrap elementor-element-populated\">\n\t\t\t\t\t\t<div class=\"elementor-element elementor-element-28c0578 jltma-glass-effect-no elementor-widget elementor-widget-text-editor\" data-id=\"28c0578\" data-element_type=\"widget\" data-widget_type=\"text-editor.default\">\n\t\t\t\t<div class=\"elementor-widget-container\">\n\t\t\t<style>\/*! elementor - v3.22.0 - 26-06-2024 *\/\n.elementor-widget-text-editor.elementor-drop-cap-view-stacked .elementor-drop-cap{background-color:#69727d;color:#fff}.elementor-widget-text-editor.elementor-drop-cap-view-framed .elementor-drop-cap{color:#69727d;border:3px solid;background-color:transparent}.elementor-widget-text-editor:not(.elementor-drop-cap-view-default) .elementor-drop-cap{margin-top:8px}.elementor-widget-text-editor:not(.elementor-drop-cap-view-default) .elementor-drop-cap-letter{width:1em;height:1em}.elementor-widget-text-editor .elementor-drop-cap{float:left;text-align:center;line-height:1;font-size:50px}.elementor-widget-text-editor .elementor-drop-cap-letter{display:inline-block}<\/style>\t\t\t\t<p>Avec le syst\u00e8me Multicoupling, diff\u00e9rents fluides peuvent \u00eatre connect\u00e9es en une seule action, \u00e0 un seul point.<\/p>\n<p>Cela offre de nombreux avantages pour les injecteurs tels que des gains de productivit\u00e9 dans un espace optimis\u00e9, ainsi que la s\u00e9curit\u00e9 des op\u00e9rateurs et des installations, car le risque d&rsquo;inversion des circuits est compl\u00e8tement \u00e9limin\u00e9.<\/p>\n<p>Les syst\u00e8mes RTC connectent simultan\u00e9ment tous les circuits, offrant des solutions id\u00e9ales pour le montage \/ d\u00e9montage de moule.<\/p>\n<p>Ces solutions tout-en-un optimisent l&rsquo;efficacit\u00e9 et la s\u00e9curit\u00e9 des processus.&nbsp;<br><br>Notre \u00e9quipe est dispos\u00e9 \u00e0 vous accompagner dans vos demandes !&nbsp;<\/p>\t\t\t\t\t\t<\/div>\n\t\t\t\t<\/div>\n\t\t\t\t\t<\/div>\n\t\t<\/div>\n\t\t\t\t<div class=\"elementor-column elementor-col-50 elementor-top-column elementor-element elementor-element-7d420a3 jltma-glass-effect-no\" data-id=\"7d420a3\" data-element_type=\"column\">\n\t\t\t<div class=\"elementor-widget-wrap elementor-element-populated\">\n\t\t\t\t\t\t<div class=\"elementor-element elementor-element-75ad7bf jltma-glass-effect-no elementor-widget elementor-widget-spacer\" data-id=\"75ad7bf\" data-element_type=\"widget\" data-widget_type=\"spacer.default\">\n\t\t\t\t<div class=\"elementor-widget-container\">\n\t\t\t<style>\/*! elementor - v3.22.0 - 26-06-2024 *\/\n.elementor-column .elementor-spacer-inner{height:var(--spacer-size)}.e-con{--container-widget-width:100%}.e-con-inner>.elementor-widget-spacer,.e-con>.elementor-widget-spacer{width:var(--container-widget-width,var(--spacer-size));--align-self:var(--container-widget-align-self,initial);--flex-shrink:0}.e-con-inner>.elementor-widget-spacer>.elementor-widget-container,.e-con>.elementor-widget-spacer>.elementor-widget-container{height:100%;width:100%}.e-con-inner>.elementor-widget-spacer>.elementor-widget-container>.elementor-spacer,.e-con>.elementor-widget-spacer>.elementor-widget-container>.elementor-spacer{height:100%}.e-con-inner>.elementor-widget-spacer>.elementor-widget-container>.elementor-spacer>.elementor-spacer-inner,.e-con>.elementor-widget-spacer>.elementor-widget-container>.elementor-spacer>.elementor-spacer-inner{height:var(--container-widget-height,var(--spacer-size))}.e-con-inner>.elementor-widget-spacer.elementor-widget-empty,.e-con>.elementor-widget-spacer.elementor-widget-empty{position:relative;min-height:22px;min-width:22px}.e-con-inner>.elementor-widget-spacer.elementor-widget-empty .elementor-widget-empty-icon,.e-con>.elementor-widget-spacer.elementor-widget-empty .elementor-widget-empty-icon{position:absolute;top:0;bottom:0;left:0;right:0;margin:auto;padding:0;width:22px;height:22px}<\/style>\t\t<div class=\"elementor-spacer\">\n\t\t\t<div class=\"elementor-spacer-inner\"><\/div>\n\t\t<\/div>\n\t\t\t\t<\/div>\n\t\t\t\t<\/div>\n\t\t\t\t<div class=\"elementor-element elementor-element-cd8e8a7 jltma-glass-effect-no elementor-widget elementor-widget-image\" data-id=\"cd8e8a7\" data-element_type=\"widget\" data-widget_type=\"image.default\">\n\t\t\t\t<div class=\"elementor-widget-container\">\n\t\t\t<style>\/*! elementor - v3.22.0 - 26-06-2024 *\/\n.elementor-widget-image{text-align:center}.elementor-widget-image a{display:inline-block}.elementor-widget-image a img[src$=\".svg\"]{width:48px}.elementor-widget-image img{vertical-align:middle;display:inline-block}<\/style>\t\t\t\t\t\t\t\t\t\t<img fetchpriority=\"high\" decoding=\"async\" width=\"800\" height=\"154\" src=\"https:\/\/synthechim.ma\/wp-content\/uploads\/2023\/11\/gamme-rtc-1024x197.png\" class=\"attachment-large size-large wp-image-2569\" alt=\"\" srcset=\"https:\/\/synthechim.ma\/wp-content\/uploads\/2023\/11\/gamme-rtc-1024x197.png 1024w, https:\/\/synthechim.ma\/wp-content\/uploads\/2023\/11\/gamme-rtc-300x58.png 300w, https:\/\/synthechim.ma\/wp-content\/uploads\/2023\/11\/gamme-rtc-768x148.png 768w, https:\/\/synthechim.ma\/wp-content\/uploads\/2023\/11\/gamme-rtc-1536x296.png 1536w, https:\/\/synthechim.ma\/wp-content\/uploads\/2023\/11\/gamme-rtc-2048x395.png 2048w, https:\/\/synthechim.ma\/wp-content\/uploads\/2023\/11\/gamme-rtc-18x3.png 18w, https:\/\/synthechim.ma\/wp-content\/uploads\/2023\/11\/gamme-rtc-600x116.png 600w\" sizes=\"(max-width: 800px) 100vw, 800px\" \/>\t\t\t\t\t\t\t\t\t\t\t\t\t<\/div>\n\t\t\t\t<\/div>\n\t\t\t\t\t<\/div>\n\t\t<\/div>\n\t\t\t\t\t<\/div>\n\t\t<\/section>\n\t\t\t\t<section class=\"elementor-section elementor-top-section elementor-element elementor-element-972e029 elementor-section-boxed elementor-section-height-default elementor-section-height-default jltma-glass-effect-no\" data-id=\"972e029\" data-element_type=\"section\">\n\t\t\t\t\t\t<div class=\"elementor-container elementor-column-gap-default\">\n\t\t\t\t\t<div class=\"elementor-column elementor-col-100 elementor-top-column elementor-element elementor-element-bb9a42a jltma-glass-effect-no\" data-id=\"bb9a42a\" data-element_type=\"column\">\n\t\t\t<div class=\"elementor-widget-wrap elementor-element-populated\">\n\t\t\t\t\t\t<div class=\"elementor-element elementor-element-dcc3694 jltma-glass-effect-no elementor-widget elementor-widget-spacer\" data-id=\"dcc3694\" data-element_type=\"widget\" data-widget_type=\"spacer.default\">\n\t\t\t\t<div class=\"elementor-widget-container\">\n\t\t\t\t\t<div class=\"elementor-spacer\">\n\t\t\t<div class=\"elementor-spacer-inner\"><\/div>\n\t\t<\/div>\n\t\t\t\t<\/div>\n\t\t\t\t<\/div>\n\t\t\t\t<div class=\"elementor-element elementor-element-85e0fa4 jltma-glass-effect-no elementor-widget elementor-widget-heading\" data-id=\"85e0fa4\" data-element_type=\"widget\" data-widget_type=\"heading.default\">\n\t\t\t\t<div class=\"elementor-widget-container\">\n\t\t\t<style>\/*! elementor - v3.22.0 - 26-06-2024 *\/\n.elementor-heading-title{padding:0;margin:0;line-height:1}.elementor-widget-heading .elementor-heading-title[class*=elementor-size-]>a{color:inherit;font-size:inherit;line-height:inherit}.elementor-widget-heading .elementor-heading-title.elementor-size-small{font-size:15px}.elementor-widget-heading .elementor-heading-title.elementor-size-medium{font-size:19px}.elementor-widget-heading .elementor-heading-title.elementor-size-large{font-size:29px}.elementor-widget-heading .elementor-heading-title.elementor-size-xl{font-size:39px}.elementor-widget-heading .elementor-heading-title.elementor-size-xxl{font-size:59px}<\/style><h2 class=\"elementor-heading-title elementor-size-default\">100% Compatible avec les standards du march\u00e9<\/h2>\t\t<\/div>\n\t\t\t\t<\/div>\n\t\t\t\t\t<\/div>\n\t\t<\/div>\n\t\t\t\t\t<\/div>\n\t\t<\/section>\n\t\t\t\t<section class=\"elementor-section elementor-top-section elementor-element elementor-element-5aa6f89 elementor-section-boxed elementor-section-height-default elementor-section-height-default jltma-glass-effect-no\" data-id=\"5aa6f89\" data-element_type=\"section\">\n\t\t\t\t\t\t<div class=\"elementor-container elementor-column-gap-default\">\n\t\t\t\t\t<div class=\"elementor-column elementor-col-50 elementor-top-column elementor-element elementor-element-68f08a8 jltma-glass-effect-no\" data-id=\"68f08a8\" data-element_type=\"column\">\n\t\t\t<div class=\"elementor-widget-wrap elementor-element-populated\">\n\t\t\t\t\t\t<div class=\"elementor-element elementor-element-dfc0b85 jltma-glass-effect-no elementor-widget elementor-widget-heading\" data-id=\"dfc0b85\" data-element_type=\"widget\" data-widget_type=\"heading.default\">\n\t\t\t\t<div class=\"elementor-widget-container\">\n\t\t\t<h4 class=\"elementor-heading-title elementor-size-default\">Standard Europ\u00e9en<\/h4>\t\t<\/div>\n\t\t\t\t<\/div>\n\t\t\t\t<div class=\"elementor-element elementor-element-27afb0d jltma-glass-effect-no elementor-widget elementor-widget-image\" data-id=\"27afb0d\" data-element_type=\"widget\" data-widget_type=\"image.default\">\n\t\t\t\t<div class=\"elementor-widget-container\">\n\t\t\t\t\t\t\t\t\t\t\t\t\t<img decoding=\"async\" width=\"800\" height=\"505\" src=\"https:\/\/synthechim.ma\/wp-content\/uploads\/2023\/11\/multicoupling-hasco-1024x647.png\" class=\"attachment-large size-large wp-image-2563\" alt=\"\" srcset=\"https:\/\/synthechim.ma\/wp-content\/uploads\/2023\/11\/multicoupling-hasco-1024x647.png 1024w, https:\/\/synthechim.ma\/wp-content\/uploads\/2023\/11\/multicoupling-hasco-300x190.png 300w, https:\/\/synthechim.ma\/wp-content\/uploads\/2023\/11\/multicoupling-hasco-768x485.png 768w, https:\/\/synthechim.ma\/wp-content\/uploads\/2023\/11\/multicoupling-hasco-1536x971.png 1536w, https:\/\/synthechim.ma\/wp-content\/uploads\/2023\/11\/multicoupling-hasco-18x12.png 18w, https:\/\/synthechim.ma\/wp-content\/uploads\/2023\/11\/multicoupling-hasco-600x379.png 600w, https:\/\/synthechim.ma\/wp-content\/uploads\/2023\/11\/multicoupling-hasco.png 1775w\" sizes=\"(max-width: 800px) 100vw, 800px\" \/>\t\t\t\t\t\t\t\t\t\t\t\t\t<\/div>\n\t\t\t\t<\/div>\n\t\t\t\t\t<\/div>\n\t\t<\/div>\n\t\t\t\t<div class=\"elementor-column elementor-col-50 elementor-top-column elementor-element elementor-element-85d9f74 jltma-glass-effect-no\" data-id=\"85d9f74\" data-element_type=\"column\">\n\t\t\t<div class=\"elementor-widget-wrap elementor-element-populated\">\n\t\t\t\t\t\t<div class=\"elementor-element elementor-element-ec97c1e jltma-glass-effect-no elementor-widget elementor-widget-heading\" data-id=\"ec97c1e\" data-element_type=\"widget\" data-widget_type=\"heading.default\">\n\t\t\t\t<div class=\"elementor-widget-container\">\n\t\t\t<h4 class=\"elementor-heading-title elementor-size-default\">Standard International<\/h4>\t\t<\/div>\n\t\t\t\t<\/div>\n\t\t\t\t<div class=\"elementor-element elementor-element-c618806 jltma-glass-effect-no elementor-widget elementor-widget-image\" data-id=\"c618806\" data-element_type=\"widget\" data-widget_type=\"image.default\">\n\t\t\t\t<div class=\"elementor-widget-container\">\n\t\t\t\t\t\t\t\t\t\t\t\t\t<img decoding=\"async\" width=\"800\" height=\"474\" src=\"https:\/\/synthechim.ma\/wp-content\/uploads\/2023\/11\/standard-dme-1024x607.png\" class=\"attachment-large size-large wp-image-2565\" alt=\"\" srcset=\"https:\/\/synthechim.ma\/wp-content\/uploads\/2023\/11\/standard-dme-1024x607.png 1024w, https:\/\/synthechim.ma\/wp-content\/uploads\/2023\/11\/standard-dme-300x178.png 300w, https:\/\/synthechim.ma\/wp-content\/uploads\/2023\/11\/standard-dme-768x455.png 768w, https:\/\/synthechim.ma\/wp-content\/uploads\/2023\/11\/standard-dme-1536x910.png 1536w, https:\/\/synthechim.ma\/wp-content\/uploads\/2023\/11\/standard-dme-18x12.png 18w, https:\/\/synthechim.ma\/wp-content\/uploads\/2023\/11\/standard-dme-600x356.png 600w, https:\/\/synthechim.ma\/wp-content\/uploads\/2023\/11\/standard-dme.png 1777w\" sizes=\"(max-width: 800px) 100vw, 800px\" \/>\t\t\t\t\t\t\t\t\t\t\t\t\t<\/div>\n\t\t\t\t<\/div>\n\t\t\t\t\t<\/div>\n\t\t<\/div>\n\t\t\t\t\t<\/div>\n\t\t<\/section>\n\t\t\t\t<\/div>","protected":false},"excerpt":{"rendered":"<p>Avec le syst\u00e8me Multicoupling, diff\u00e9rents fluides peuvent \u00eatre connect\u00e9es en une seule action, \u00e0 un seul point. Cela offre de nombreux avantages pour les injecteurs tels que des gains de productivit\u00e9 dans un espace optimis\u00e9, ainsi que la s\u00e9curit\u00e9 des op\u00e9rateurs et des installations, car le risque d&rsquo;inversion des circuits est compl\u00e8tement \u00e9limin\u00e9. Les syst\u00e8mes [&hellip;]<\/p>","protected":false},"featured_media":2574,"template":"","meta":{"_themeisle_gutenberg_block_has_review":false},"product_cat":[18,32],"product_tag":[],"class_list":["post-1495","product","type-product","status-publish","has-post-thumbnail","hentry","product_cat-matieres-plastiques-et-auxiliaires","product_cat-auxiliaires-moule"],"yoast_head":"<!-- This site is optimized with the Yoast SEO plugin v26.0 - https:\/\/yoast.com\/wordpress\/plugins\/seo\/ -->\n<title>Multicoupling - Synthechim<\/title>\n<meta name=\"description\" content=\"D\u00e9couvrez les solutions multicoupling hydraulique de notre repr\u00e9sent\u00e9e RTC COUPLING TECHNOLOGIES. Contactez nous pour plus d&#039;informations !\" \/>\n<meta name=\"robots\" content=\"index, follow, max-snippet:-1, max-image-preview:large, max-video-preview:-1\" \/>\n<link rel=\"canonical\" href=\"https:\/\/synthechim.ma\/en\/product\/multicoupling\/\" \/>\n<meta property=\"og:locale\" content=\"en_US\" \/>\n<meta property=\"og:type\" content=\"article\" \/>\n<meta property=\"og:title\" content=\"Multicoupling - Synthechim\" \/>\n<meta property=\"og:description\" content=\"D\u00e9couvrez les solutions multicoupling hydraulique de notre repr\u00e9sent\u00e9e RTC COUPLING TECHNOLOGIES. Contactez nous pour plus d&#039;informations !\" \/>\n<meta property=\"og:url\" content=\"https:\/\/synthechim.ma\/en\/product\/multicoupling\/\" \/>\n<meta property=\"og:site_name\" content=\"Synthechim\" \/>\n<meta property=\"article:modified_time\" content=\"2023-11-01T10:22:36+00:00\" \/>\n<meta property=\"og:image\" content=\"https:\/\/synthechim.ma\/wp-content\/uploads\/2023\/04\/multicoupling-rtc.png\" \/>\n\t<meta property=\"og:image:width\" content=\"1975\" \/>\n\t<meta property=\"og:image:height\" content=\"1323\" \/>\n\t<meta property=\"og:image:type\" content=\"image\/png\" \/>\n<meta name=\"twitter:card\" content=\"summary_large_image\" \/>\n<meta name=\"twitter:label1\" content=\"Est. reading time\" \/>\n\t<meta name=\"twitter:data1\" content=\"2 minutes\" \/>\n<script type=\"application\/ld+json\" class=\"yoast-schema-graph\">{\"@context\":\"https:\/\/schema.org\",\"@graph\":[{\"@type\":\"WebPage\",\"@id\":\"https:\/\/synthechim.ma\/produit\/multicoupling\/\",\"url\":\"https:\/\/synthechim.ma\/produit\/multicoupling\/\",\"name\":\"Multicoupling - Synthechim\",\"isPartOf\":{\"@id\":\"https:\/\/synthechim.ma\/#website\"},\"primaryImageOfPage\":{\"@id\":\"https:\/\/synthechim.ma\/produit\/multicoupling\/#primaryimage\"},\"image\":{\"@id\":\"https:\/\/synthechim.ma\/produit\/multicoupling\/#primaryimage\"},\"thumbnailUrl\":\"https:\/\/synthechim.ma\/wp-content\/uploads\/2023\/04\/multicoupling-rtc.png\",\"datePublished\":\"2023-04-27T18:51:33+00:00\",\"dateModified\":\"2023-11-01T10:22:36+00:00\",\"description\":\"D\u00e9couvrez les solutions multicoupling hydraulique de notre repr\u00e9sent\u00e9e RTC COUPLING TECHNOLOGIES. Contactez nous pour plus d'informations !\",\"breadcrumb\":{\"@id\":\"https:\/\/synthechim.ma\/produit\/multicoupling\/#breadcrumb\"},\"inLanguage\":\"en-US\",\"potentialAction\":[{\"@type\":\"ReadAction\",\"target\":[\"https:\/\/synthechim.ma\/produit\/multicoupling\/\"]}]},{\"@type\":\"ImageObject\",\"inLanguage\":\"en-US\",\"@id\":\"https:\/\/synthechim.ma\/produit\/multicoupling\/#primaryimage\",\"url\":\"https:\/\/synthechim.ma\/wp-content\/uploads\/2023\/04\/multicoupling-rtc.png\",\"contentUrl\":\"https:\/\/synthechim.ma\/wp-content\/uploads\/2023\/04\/multicoupling-rtc.png\",\"width\":1975,\"height\":1323},{\"@type\":\"BreadcrumbList\",\"@id\":\"https:\/\/synthechim.ma\/produit\/multicoupling\/#breadcrumb\",\"itemListElement\":[{\"@type\":\"ListItem\",\"position\":1,\"name\":\"Accueil\",\"item\":\"https:\/\/synthechim.ma\/\"},{\"@type\":\"ListItem\",\"position\":2,\"name\":\"Produits\",\"item\":\"https:\/\/synthechim.ma\/boutique__trashed\/\"},{\"@type\":\"ListItem\",\"position\":3,\"name\":\"Multicoupling\"}]},{\"@type\":\"WebSite\",\"@id\":\"https:\/\/synthechim.ma\/#website\",\"url\":\"https:\/\/synthechim.ma\/\",\"name\":\"Synthechim\",\"description\":\".\",\"publisher\":{\"@id\":\"https:\/\/synthechim.ma\/#organization\"},\"potentialAction\":[{\"@type\":\"SearchAction\",\"target\":{\"@type\":\"EntryPoint\",\"urlTemplate\":\"https:\/\/synthechim.ma\/?s={search_term_string}\"},\"query-input\":{\"@type\":\"PropertyValueSpecification\",\"valueRequired\":true,\"valueName\":\"search_term_string\"}}],\"inLanguage\":\"en-US\"},{\"@type\":\"Organization\",\"@id\":\"https:\/\/synthechim.ma\/#organization\",\"name\":\"Synthechim\",\"url\":\"https:\/\/synthechim.ma\/\",\"logo\":{\"@type\":\"ImageObject\",\"inLanguage\":\"en-US\",\"@id\":\"https:\/\/synthechim.ma\/#\/schema\/logo\/image\/\",\"url\":\"https:\/\/synthechim.ma\/wp-content\/uploads\/2023\/04\/Logo.png\",\"contentUrl\":\"https:\/\/synthechim.ma\/wp-content\/uploads\/2023\/04\/Logo.png\",\"width\":322,\"height\":130,\"caption\":\"Synthechim\"},\"image\":{\"@id\":\"https:\/\/synthechim.ma\/#\/schema\/logo\/image\/\"}}]}<\/script>\n<!-- \/ Yoast SEO plugin. -->","yoast_head_json":{"title":"Multicoupling - Synthechim","description":"D\u00e9couvrez les solutions multicoupling hydraulique de notre repr\u00e9sent\u00e9e RTC COUPLING TECHNOLOGIES. Contactez nous pour plus d'informations !","robots":{"index":"index","follow":"follow","max-snippet":"max-snippet:-1","max-image-preview":"max-image-preview:large","max-video-preview":"max-video-preview:-1"},"canonical":"https:\/\/synthechim.ma\/en\/product\/multicoupling\/","og_locale":"en_US","og_type":"article","og_title":"Multicoupling - Synthechim","og_description":"D\u00e9couvrez les solutions multicoupling hydraulique de notre repr\u00e9sent\u00e9e RTC COUPLING TECHNOLOGIES. Contactez nous pour plus d'informations !","og_url":"https:\/\/synthechim.ma\/en\/product\/multicoupling\/","og_site_name":"Synthechim","article_modified_time":"2023-11-01T10:22:36+00:00","og_image":[{"width":1975,"height":1323,"url":"https:\/\/synthechim.ma\/wp-content\/uploads\/2023\/04\/multicoupling-rtc.png","type":"image\/png"}],"twitter_card":"summary_large_image","twitter_misc":{"Est. reading time":"2 minutes"},"schema":{"@context":"https:\/\/schema.org","@graph":[{"@type":"WebPage","@id":"https:\/\/synthechim.ma\/produit\/multicoupling\/","url":"https:\/\/synthechim.ma\/produit\/multicoupling\/","name":"Multicoupling - Synthechim","isPartOf":{"@id":"https:\/\/synthechim.ma\/#website"},"primaryImageOfPage":{"@id":"https:\/\/synthechim.ma\/produit\/multicoupling\/#primaryimage"},"image":{"@id":"https:\/\/synthechim.ma\/produit\/multicoupling\/#primaryimage"},"thumbnailUrl":"https:\/\/synthechim.ma\/wp-content\/uploads\/2023\/04\/multicoupling-rtc.png","datePublished":"2023-04-27T18:51:33+00:00","dateModified":"2023-11-01T10:22:36+00:00","description":"D\u00e9couvrez les solutions multicoupling hydraulique de notre repr\u00e9sent\u00e9e RTC COUPLING TECHNOLOGIES. Contactez nous pour plus d'informations !","breadcrumb":{"@id":"https:\/\/synthechim.ma\/produit\/multicoupling\/#breadcrumb"},"inLanguage":"en-US","potentialAction":[{"@type":"ReadAction","target":["https:\/\/synthechim.ma\/produit\/multicoupling\/"]}]},{"@type":"ImageObject","inLanguage":"en-US","@id":"https:\/\/synthechim.ma\/produit\/multicoupling\/#primaryimage","url":"https:\/\/synthechim.ma\/wp-content\/uploads\/2023\/04\/multicoupling-rtc.png","contentUrl":"https:\/\/synthechim.ma\/wp-content\/uploads\/2023\/04\/multicoupling-rtc.png","width":1975,"height":1323},{"@type":"BreadcrumbList","@id":"https:\/\/synthechim.ma\/produit\/multicoupling\/#breadcrumb","itemListElement":[{"@type":"ListItem","position":1,"name":"Accueil","item":"https:\/\/synthechim.ma\/"},{"@type":"ListItem","position":2,"name":"Produits","item":"https:\/\/synthechim.ma\/boutique__trashed\/"},{"@type":"ListItem","position":3,"name":"Multicoupling"}]},{"@type":"WebSite","@id":"https:\/\/synthechim.ma\/#website","url":"https:\/\/synthechim.ma\/","name":"Synthechim","description":".","publisher":{"@id":"https:\/\/synthechim.ma\/#organization"},"potentialAction":[{"@type":"SearchAction","target":{"@type":"EntryPoint","urlTemplate":"https:\/\/synthechim.ma\/?s={search_term_string}"},"query-input":{"@type":"PropertyValueSpecification","valueRequired":true,"valueName":"search_term_string"}}],"inLanguage":"en-US"},{"@type":"Organization","@id":"https:\/\/synthechim.ma\/#organization","name":"Synthechim","url":"https:\/\/synthechim.ma\/","logo":{"@type":"ImageObject","inLanguage":"en-US","@id":"https:\/\/synthechim.ma\/#\/schema\/logo\/image\/","url":"https:\/\/synthechim.ma\/wp-content\/uploads\/2023\/04\/Logo.png","contentUrl":"https:\/\/synthechim.ma\/wp-content\/uploads\/2023\/04\/Logo.png","width":322,"height":130,"caption":"Synthechim"},"image":{"@id":"https:\/\/synthechim.ma\/#\/schema\/logo\/image\/"}}]}},"_links":{"self":[{"href":"https:\/\/synthechim.ma\/en\/wp-json\/wp\/v2\/product\/1495","targetHints":{"allow":["GET"]}}],"collection":[{"href":"https:\/\/synthechim.ma\/en\/wp-json\/wp\/v2\/product"}],"about":[{"href":"https:\/\/synthechim.ma\/en\/wp-json\/wp\/v2\/types\/product"}],"version-history":[{"count":15,"href":"https:\/\/synthechim.ma\/en\/wp-json\/wp\/v2\/product\/1495\/revisions"}],"predecessor-version":[{"id":2575,"href":"https:\/\/synthechim.ma\/en\/wp-json\/wp\/v2\/product\/1495\/revisions\/2575"}],"wp:featuredmedia":[{"embeddable":true,"href":"https:\/\/synthechim.ma\/en\/wp-json\/wp\/v2\/media\/2574"}],"wp:attachment":[{"href":"https:\/\/synthechim.ma\/en\/wp-json\/wp\/v2\/media?parent=1495"}],"wp:term":[{"taxonomy":"product_cat","embeddable":true,"href":"https:\/\/synthechim.ma\/en\/wp-json\/wp\/v2\/product_cat?post=1495"},{"taxonomy":"product_tag","embeddable":true,"href":"https:\/\/synthechim.ma\/en\/wp-json\/wp\/v2\/product_tag?post=1495"}],"curies":[{"name":"wp","href":"https:\/\/api.w.org\/{rel}","templated":true}]}}