{"id":1900,"date":"2023-04-30T18:11:35","date_gmt":"2023-04-30T16:11:35","guid":{"rendered":"https:\/\/synthechim.top-energiedin.com\/?post_type=product&#038;p=1900"},"modified":"2023-05-02T12:50:15","modified_gmt":"2023-05-02T10:50:15","slug":"mlldpe-metalocene-lldpe","status":"publish","type":"product","link":"https:\/\/synthechim.ma\/en\/product\/mlldpe-metalocene-lldpe\/","title":{"rendered":"mLLDPE (Metalloc\u00e8ne LLDPE)"},"content":{"rendered":"<div data-elementor-type=\"product-post\" data-elementor-id=\"1900\" class=\"elementor elementor-1900\">\n\t\t\t\t\t\t<section class=\"elementor-section elementor-top-section elementor-element elementor-element-ac409f3 elementor-section-boxed elementor-section-height-default elementor-section-height-default jltma-glass-effect-no\" data-id=\"ac409f3\" data-element_type=\"section\">\n\t\t\t\t\t\t<div class=\"elementor-container elementor-column-gap-default\">\n\t\t\t\t\t<div class=\"elementor-column elementor-col-100 elementor-top-column elementor-element elementor-element-087c305 jltma-glass-effect-no\" data-id=\"087c305\" data-element_type=\"column\">\n\t\t\t<div class=\"elementor-widget-wrap elementor-element-populated\">\n\t\t\t\t\t\t<div class=\"elementor-element elementor-element-bdc5c5a jltma-glass-effect-no elementor-widget elementor-widget-text-editor\" data-id=\"bdc5c5a\" data-element_type=\"widget\" data-widget_type=\"text-editor.default\">\n\t\t\t\t<div class=\"elementor-widget-container\">\n\t\t\t<style>\/*! elementor - v3.22.0 - 26-06-2024 *\/\n.elementor-widget-text-editor.elementor-drop-cap-view-stacked .elementor-drop-cap{background-color:#69727d;color:#fff}.elementor-widget-text-editor.elementor-drop-cap-view-framed .elementor-drop-cap{color:#69727d;border:3px solid;background-color:transparent}.elementor-widget-text-editor:not(.elementor-drop-cap-view-default) .elementor-drop-cap{margin-top:8px}.elementor-widget-text-editor:not(.elementor-drop-cap-view-default) .elementor-drop-cap-letter{width:1em;height:1em}.elementor-widget-text-editor .elementor-drop-cap{float:left;text-align:center;line-height:1;font-size:50px}.elementor-widget-text-editor .elementor-drop-cap-letter{display:inline-block}<\/style>\t\t\t\t<p>Le LLDPE (poly\u00e9thyl\u00e8ne lin\u00e9aire basse densit\u00e9) m\u00e9talloc\u00e8ne est un type de poly\u00e9thyl\u00e8ne qui pr\u00e9sente une structure mol\u00e9culaire diff\u00e9rente du LLDPE conventionnel. Il est fabriqu\u00e9 \u00e0 partir d&rsquo;un catalyseur de type m\u00e9talloc\u00e8ne, qui permet de contr\u00f4ler la structure mol\u00e9culaire de mani\u00e8re plus pr\u00e9cise.<\/p>\n<p>Le m\u00e9talloc\u00e8ne LLDPE offre de nombreux avantages par rapport au LLDPE conventionnel, notamment une meilleure r\u00e9sistance aux chocs et \u00e0 la perforation, une meilleure r\u00e9sistance \u00e0 la d\u00e9chirure, une meilleure flexibilit\u00e9 \u00e0 basse temp\u00e9rature et une meilleure transparence.<\/p>\n<p>Ces caract\u00e9ristiques en font un mat\u00e9riau id\u00e9al pour de nombreuses applications, telles que les films d&#8217;emballage pour aliments, les sacs poubelle, les tuyaux et les gaines \u00e9lectriques, les jouets et les articles de sport, entre autres.<\/p>\n<p>Le m\u00e9talloc\u00e8ne LLDPE est \u00e9galement plus facile \u00e0 transformer gr\u00e2ce \u00e0 ses propri\u00e9t\u00e9s de fusion am\u00e9lior\u00e9es, ce qui permet une production plus efficace et une r\u00e9duction des co\u00fbts.<\/p>\n<p>Cependant, il est important de noter que le m\u00e9talloc\u00e8ne LLDPE peut avoir des propri\u00e9t\u00e9s diff\u00e9rentes en fonction des fabricants et des grades, il est donc essentiel de bien comprendre les caract\u00e9ristiques de chaque produit pour choisir celui qui convient le mieux \u00e0 l&rsquo;application souhait\u00e9e.<br><br>Notre \u00e9quipe de sp\u00e9cialistes seront ravis de vous renseigner vers la solutions la plus adapt\u00e9e !&nbsp;<\/p>\t\t\t\t\t\t<\/div>\n\t\t\t\t<\/div>\n\t\t\t\t\t<\/div>\n\t\t<\/div>\n\t\t\t\t\t<\/div>\n\t\t<\/section>\n\t\t\t\t<\/div>","protected":false},"excerpt":{"rendered":"","protected":false},"featured_media":1909,"template":"","meta":{"_themeisle_gutenberg_block_has_review":false},"product_cat":[18,26],"product_tag":[],"class_list":["post-1900","product","type-product","status-publish","has-post-thumbnail","hentry","product_cat-matieres-plastiques-et-auxiliaires","product_cat-polyolefines"],"yoast_head":"<!-- This site is optimized with the Yoast SEO plugin v26.0 - https:\/\/yoast.com\/wordpress\/plugins\/seo\/ -->\n<title>mLLDPE (Metalloc\u00e8ne LLDPE)<\/title>\n<meta name=\"description\" content=\"Le mLLDPE (M\u00e9talloc\u00e8ne LLDPE) offre une excellente r\u00e9sistance \u00e0 la traction et \u00e0 la perforation. Contactez nous pour plus d&#039;informations !\" \/>\n<meta name=\"robots\" content=\"index, follow, max-snippet:-1, max-image-preview:large, max-video-preview:-1\" \/>\n<link rel=\"canonical\" href=\"https:\/\/synthechim.ma\/en\/product\/mlldpe-metalocene-lldpe\/\" \/>\n<meta property=\"og:locale\" content=\"en_US\" \/>\n<meta property=\"og:type\" content=\"article\" \/>\n<meta property=\"og:title\" content=\"mLLDPE (Metalloc\u00e8ne LLDPE)\" \/>\n<meta property=\"og:description\" content=\"Le mLLDPE (M\u00e9talloc\u00e8ne LLDPE) offre une excellente r\u00e9sistance \u00e0 la traction et \u00e0 la perforation. Contactez nous pour plus d&#039;informations !\" \/>\n<meta property=\"og:url\" content=\"https:\/\/synthechim.ma\/en\/product\/mlldpe-metalocene-lldpe\/\" \/>\n<meta property=\"og:site_name\" content=\"Synthechim\" \/>\n<meta property=\"article:modified_time\" content=\"2023-05-02T10:50:15+00:00\" \/>\n<meta property=\"og:image\" content=\"https:\/\/synthechim.ma\/wp-content\/uploads\/2023\/04\/Capture-decran-2023-04-30-162833-1024x860.png\" \/>\n\t<meta property=\"og:image:width\" content=\"1024\" \/>\n\t<meta property=\"og:image:height\" content=\"860\" \/>\n\t<meta property=\"og:image:type\" content=\"image\/png\" \/>\n<meta name=\"twitter:card\" content=\"summary_large_image\" \/>\n<script type=\"application\/ld+json\" class=\"yoast-schema-graph\">{\"@context\":\"https:\/\/schema.org\",\"@graph\":[{\"@type\":\"WebPage\",\"@id\":\"https:\/\/synthechim.ma\/produit\/mlldpe-metalocene-lldpe\/\",\"url\":\"https:\/\/synthechim.ma\/produit\/mlldpe-metalocene-lldpe\/\",\"name\":\"mLLDPE (Metalloc\u00e8ne LLDPE)\",\"isPartOf\":{\"@id\":\"https:\/\/synthechim.ma\/#website\"},\"primaryImageOfPage\":{\"@id\":\"https:\/\/synthechim.ma\/produit\/mlldpe-metalocene-lldpe\/#primaryimage\"},\"image\":{\"@id\":\"https:\/\/synthechim.ma\/produit\/mlldpe-metalocene-lldpe\/#primaryimage\"},\"thumbnailUrl\":\"https:\/\/synthechim.ma\/wp-content\/uploads\/2023\/04\/Capture-decran-2023-04-30-162833.png\",\"datePublished\":\"2023-04-30T16:11:35+00:00\",\"dateModified\":\"2023-05-02T10:50:15+00:00\",\"description\":\"Le mLLDPE (M\u00e9talloc\u00e8ne LLDPE) offre une excellente r\u00e9sistance \u00e0 la traction et \u00e0 la perforation. Contactez nous pour plus d'informations !\",\"breadcrumb\":{\"@id\":\"https:\/\/synthechim.ma\/produit\/mlldpe-metalocene-lldpe\/#breadcrumb\"},\"inLanguage\":\"en-US\",\"potentialAction\":[{\"@type\":\"ReadAction\",\"target\":[\"https:\/\/synthechim.ma\/produit\/mlldpe-metalocene-lldpe\/\"]}]},{\"@type\":\"ImageObject\",\"inLanguage\":\"en-US\",\"@id\":\"https:\/\/synthechim.ma\/produit\/mlldpe-metalocene-lldpe\/#primaryimage\",\"url\":\"https:\/\/synthechim.ma\/wp-content\/uploads\/2023\/04\/Capture-decran-2023-04-30-162833.png\",\"contentUrl\":\"https:\/\/synthechim.ma\/wp-content\/uploads\/2023\/04\/Capture-decran-2023-04-30-162833.png\",\"width\":2011,\"height\":1689},{\"@type\":\"BreadcrumbList\",\"@id\":\"https:\/\/synthechim.ma\/produit\/mlldpe-metalocene-lldpe\/#breadcrumb\",\"itemListElement\":[{\"@type\":\"ListItem\",\"position\":1,\"name\":\"Accueil\",\"item\":\"https:\/\/synthechim.ma\/\"},{\"@type\":\"ListItem\",\"position\":2,\"name\":\"Produits\",\"item\":\"https:\/\/synthechim.ma\/boutique__trashed\/\"},{\"@type\":\"ListItem\",\"position\":3,\"name\":\"mLLDPE (Metalloc\u00e8ne LLDPE)\"}]},{\"@type\":\"WebSite\",\"@id\":\"https:\/\/synthechim.ma\/#website\",\"url\":\"https:\/\/synthechim.ma\/\",\"name\":\"Synthechim\",\"description\":\".\",\"publisher\":{\"@id\":\"https:\/\/synthechim.ma\/#organization\"},\"potentialAction\":[{\"@type\":\"SearchAction\",\"target\":{\"@type\":\"EntryPoint\",\"urlTemplate\":\"https:\/\/synthechim.ma\/?s={search_term_string}\"},\"query-input\":{\"@type\":\"PropertyValueSpecification\",\"valueRequired\":true,\"valueName\":\"search_term_string\"}}],\"inLanguage\":\"en-US\"},{\"@type\":\"Organization\",\"@id\":\"https:\/\/synthechim.ma\/#organization\",\"name\":\"Synthechim\",\"url\":\"https:\/\/synthechim.ma\/\",\"logo\":{\"@type\":\"ImageObject\",\"inLanguage\":\"en-US\",\"@id\":\"https:\/\/synthechim.ma\/#\/schema\/logo\/image\/\",\"url\":\"https:\/\/synthechim.ma\/wp-content\/uploads\/2023\/04\/Logo.png\",\"contentUrl\":\"https:\/\/synthechim.ma\/wp-content\/uploads\/2023\/04\/Logo.png\",\"width\":322,\"height\":130,\"caption\":\"Synthechim\"},\"image\":{\"@id\":\"https:\/\/synthechim.ma\/#\/schema\/logo\/image\/\"}}]}<\/script>\n<!-- \/ Yoast SEO plugin. -->","yoast_head_json":{"title":"mLLDPE (Metalloc\u00e8ne LLDPE)","description":"Le mLLDPE (M\u00e9talloc\u00e8ne LLDPE) offre une excellente r\u00e9sistance \u00e0 la traction et \u00e0 la perforation. Contactez nous pour plus d'informations !","robots":{"index":"index","follow":"follow","max-snippet":"max-snippet:-1","max-image-preview":"max-image-preview:large","max-video-preview":"max-video-preview:-1"},"canonical":"https:\/\/synthechim.ma\/en\/product\/mlldpe-metalocene-lldpe\/","og_locale":"en_US","og_type":"article","og_title":"mLLDPE (Metalloc\u00e8ne LLDPE)","og_description":"Le mLLDPE (M\u00e9talloc\u00e8ne LLDPE) offre une excellente r\u00e9sistance \u00e0 la traction et \u00e0 la perforation. Contactez nous pour plus d'informations !","og_url":"https:\/\/synthechim.ma\/en\/product\/mlldpe-metalocene-lldpe\/","og_site_name":"Synthechim","article_modified_time":"2023-05-02T10:50:15+00:00","og_image":[{"width":1024,"height":860,"url":"https:\/\/synthechim.ma\/wp-content\/uploads\/2023\/04\/Capture-decran-2023-04-30-162833-1024x860.png","type":"image\/png"}],"twitter_card":"summary_large_image","schema":{"@context":"https:\/\/schema.org","@graph":[{"@type":"WebPage","@id":"https:\/\/synthechim.ma\/produit\/mlldpe-metalocene-lldpe\/","url":"https:\/\/synthechim.ma\/produit\/mlldpe-metalocene-lldpe\/","name":"mLLDPE (Metalloc\u00e8ne LLDPE)","isPartOf":{"@id":"https:\/\/synthechim.ma\/#website"},"primaryImageOfPage":{"@id":"https:\/\/synthechim.ma\/produit\/mlldpe-metalocene-lldpe\/#primaryimage"},"image":{"@id":"https:\/\/synthechim.ma\/produit\/mlldpe-metalocene-lldpe\/#primaryimage"},"thumbnailUrl":"https:\/\/synthechim.ma\/wp-content\/uploads\/2023\/04\/Capture-decran-2023-04-30-162833.png","datePublished":"2023-04-30T16:11:35+00:00","dateModified":"2023-05-02T10:50:15+00:00","description":"Le mLLDPE (M\u00e9talloc\u00e8ne LLDPE) offre une excellente r\u00e9sistance \u00e0 la traction et \u00e0 la perforation. Contactez nous pour plus d'informations !","breadcrumb":{"@id":"https:\/\/synthechim.ma\/produit\/mlldpe-metalocene-lldpe\/#breadcrumb"},"inLanguage":"en-US","potentialAction":[{"@type":"ReadAction","target":["https:\/\/synthechim.ma\/produit\/mlldpe-metalocene-lldpe\/"]}]},{"@type":"ImageObject","inLanguage":"en-US","@id":"https:\/\/synthechim.ma\/produit\/mlldpe-metalocene-lldpe\/#primaryimage","url":"https:\/\/synthechim.ma\/wp-content\/uploads\/2023\/04\/Capture-decran-2023-04-30-162833.png","contentUrl":"https:\/\/synthechim.ma\/wp-content\/uploads\/2023\/04\/Capture-decran-2023-04-30-162833.png","width":2011,"height":1689},{"@type":"BreadcrumbList","@id":"https:\/\/synthechim.ma\/produit\/mlldpe-metalocene-lldpe\/#breadcrumb","itemListElement":[{"@type":"ListItem","position":1,"name":"Accueil","item":"https:\/\/synthechim.ma\/"},{"@type":"ListItem","position":2,"name":"Produits","item":"https:\/\/synthechim.ma\/boutique__trashed\/"},{"@type":"ListItem","position":3,"name":"mLLDPE (Metalloc\u00e8ne LLDPE)"}]},{"@type":"WebSite","@id":"https:\/\/synthechim.ma\/#website","url":"https:\/\/synthechim.ma\/","name":"Synthechim","description":".","publisher":{"@id":"https:\/\/synthechim.ma\/#organization"},"potentialAction":[{"@type":"SearchAction","target":{"@type":"EntryPoint","urlTemplate":"https:\/\/synthechim.ma\/?s={search_term_string}"},"query-input":{"@type":"PropertyValueSpecification","valueRequired":true,"valueName":"search_term_string"}}],"inLanguage":"en-US"},{"@type":"Organization","@id":"https:\/\/synthechim.ma\/#organization","name":"Synthechim","url":"https:\/\/synthechim.ma\/","logo":{"@type":"ImageObject","inLanguage":"en-US","@id":"https:\/\/synthechim.ma\/#\/schema\/logo\/image\/","url":"https:\/\/synthechim.ma\/wp-content\/uploads\/2023\/04\/Logo.png","contentUrl":"https:\/\/synthechim.ma\/wp-content\/uploads\/2023\/04\/Logo.png","width":322,"height":130,"caption":"Synthechim"},"image":{"@id":"https:\/\/synthechim.ma\/#\/schema\/logo\/image\/"}}]}},"_links":{"self":[{"href":"https:\/\/synthechim.ma\/en\/wp-json\/wp\/v2\/product\/1900","targetHints":{"allow":["GET"]}}],"collection":[{"href":"https:\/\/synthechim.ma\/en\/wp-json\/wp\/v2\/product"}],"about":[{"href":"https:\/\/synthechim.ma\/en\/wp-json\/wp\/v2\/types\/product"}],"version-history":[{"count":6,"href":"https:\/\/synthechim.ma\/en\/wp-json\/wp\/v2\/product\/1900\/revisions"}],"predecessor-version":[{"id":2064,"href":"https:\/\/synthechim.ma\/en\/wp-json\/wp\/v2\/product\/1900\/revisions\/2064"}],"wp:featuredmedia":[{"embeddable":true,"href":"https:\/\/synthechim.ma\/en\/wp-json\/wp\/v2\/media\/1909"}],"wp:attachment":[{"href":"https:\/\/synthechim.ma\/en\/wp-json\/wp\/v2\/media?parent=1900"}],"wp:term":[{"taxonomy":"product_cat","embeddable":true,"href":"https:\/\/synthechim.ma\/en\/wp-json\/wp\/v2\/product_cat?post=1900"},{"taxonomy":"product_tag","embeddable":true,"href":"https:\/\/synthechim.ma\/en\/wp-json\/wp\/v2\/product_tag?post=1900"}],"curies":[{"name":"wp","href":"https:\/\/api.w.org\/{rel}","templated":true}]}}