{"id":1934,"date":"2023-04-30T18:43:32","date_gmt":"2023-04-30T16:43:32","guid":{"rendered":"https:\/\/synthechim.top-energiedin.com\/?post_type=product&#038;p=1934"},"modified":"2023-10-22T13:36:30","modified_gmt":"2023-10-22T11:36:30","slug":"dunnage-bag-sac-de-calage","status":"publish","type":"product","link":"https:\/\/synthechim.ma\/en\/product\/dunnage-bag-sac-de-calage\/","title":{"rendered":"DUNNAGE BAG \/ SAC DE CALAGE"},"content":{"rendered":"<div data-elementor-type=\"product-post\" data-elementor-id=\"1934\" class=\"elementor elementor-1934\">\n\t\t\t\t\t\t<section class=\"elementor-section elementor-top-section elementor-element elementor-element-bfcf252 elementor-section-boxed elementor-section-height-default elementor-section-height-default jltma-glass-effect-no\" data-id=\"bfcf252\" data-element_type=\"section\">\n\t\t\t\t\t\t<div class=\"elementor-container elementor-column-gap-default\">\n\t\t\t\t\t<div class=\"elementor-column elementor-col-100 elementor-top-column elementor-element elementor-element-33b7a72 jltma-glass-effect-no\" data-id=\"33b7a72\" data-element_type=\"column\">\n\t\t\t<div class=\"elementor-widget-wrap elementor-element-populated\">\n\t\t\t\t\t\t<div class=\"elementor-element elementor-element-ee6448a jltma-glass-effect-no elementor-widget elementor-widget-text-editor\" data-id=\"ee6448a\" data-element_type=\"widget\" data-widget_type=\"text-editor.default\">\n\t\t\t\t<div class=\"elementor-widget-container\">\n\t\t\t<style>\/*! elementor - v3.22.0 - 26-06-2024 *\/\n.elementor-widget-text-editor.elementor-drop-cap-view-stacked .elementor-drop-cap{background-color:#69727d;color:#fff}.elementor-widget-text-editor.elementor-drop-cap-view-framed .elementor-drop-cap{color:#69727d;border:3px solid;background-color:transparent}.elementor-widget-text-editor:not(.elementor-drop-cap-view-default) .elementor-drop-cap{margin-top:8px}.elementor-widget-text-editor:not(.elementor-drop-cap-view-default) .elementor-drop-cap-letter{width:1em;height:1em}.elementor-widget-text-editor .elementor-drop-cap{float:left;text-align:center;line-height:1;font-size:50px}.elementor-widget-text-editor .elementor-drop-cap-letter{display:inline-block}<\/style>\t\t\t\t<p>le Dunnage bag (aussi connu sous les noms de Airbag ou sac de calage gonflable) est une r\u00e9volution dans la s\u00e9curisation et la protection du fret. Il est bas\u00e9 sur une id\u00e9e simple\u00a0: les coussins gonflables sont plac\u00e9s dans les interstices entre la cargaison et gonfl\u00e9s \u00e0 l&rsquo;air et fonctionnent comme des remplisseurs de vide.<br \/><br \/>La cargaison est maintenant s\u00e9curis\u00e9e et stabilis\u00e9e, et efficacement prot\u00e9g\u00e9e contre les dommages de transport co\u00fbteux&#8230; Le Dunnage bag est la solution optimale contre les d\u00e9fauts et les dommages, les demandes d&rsquo;indemnisation co\u00fbteuses et la perte de client\u00e8le dans un monde moderne bas\u00e9 sur le \u00ab\u00a0just in time\u00a0\u00bb.<\/p><p>Plusieurs dimensions et qualit\u00e9 sont disponibles !<\/p><p>N\u2019h\u00e9sitez pas \u00e0 nous contacter pour plus d\u2019informations<\/p>\t\t\t\t\t\t<\/div>\n\t\t\t\t<\/div>\n\t\t\t\t\t<\/div>\n\t\t<\/div>\n\t\t\t\t\t<\/div>\n\t\t<\/section>\n\t\t\t\t<section class=\"elementor-section elementor-top-section elementor-element elementor-element-80795c4 elementor-section-boxed elementor-section-height-default elementor-section-height-default jltma-glass-effect-no\" data-id=\"80795c4\" data-element_type=\"section\">\n\t\t\t\t\t\t<div class=\"elementor-container elementor-column-gap-default\">\n\t\t\t\t\t<div class=\"elementor-column elementor-col-100 elementor-top-column elementor-element elementor-element-913a951 jltma-glass-effect-no\" data-id=\"913a951\" data-element_type=\"column\">\n\t\t\t<div class=\"elementor-widget-wrap elementor-element-populated\">\n\t\t\t\t\t\t<div class=\"elementor-element elementor-element-bcfa4ff jltma-glass-effect-no elementor-widget elementor-widget-video\" data-id=\"bcfa4ff\" data-element_type=\"widget\" data-settings=\"{&quot;youtube_url&quot;:&quot;https:\\\/\\\/youtu.be\\\/CLmkHBBO_Rs&quot;,&quot;video_type&quot;:&quot;youtube&quot;,&quot;controls&quot;:&quot;yes&quot;}\" data-widget_type=\"video.default\">\n\t\t\t\t<div class=\"elementor-widget-container\">\n\t\t\t<style>\/*! elementor - v3.22.0 - 26-06-2024 *\/\n.elementor-widget-video .elementor-widget-container{overflow:hidden;transform:translateZ(0)}.elementor-widget-video .elementor-wrapper{aspect-ratio:var(--video-aspect-ratio)}.elementor-widget-video .elementor-wrapper iframe,.elementor-widget-video .elementor-wrapper video{height:100%;width:100%;display:flex;border:none;background-color:#000}@supports not (aspect-ratio:1\/1){.elementor-widget-video .elementor-wrapper{position:relative;overflow:hidden;height:0;padding-bottom:calc(100% \/ var(--video-aspect-ratio))}.elementor-widget-video .elementor-wrapper iframe,.elementor-widget-video .elementor-wrapper video{position:absolute;top:0;right:0;bottom:0;left:0}}.elementor-widget-video .elementor-open-inline .elementor-custom-embed-image-overlay{position:absolute;top:0;right:0;bottom:0;left:0;background-size:cover;background-position:50%}.elementor-widget-video .elementor-custom-embed-image-overlay{cursor:pointer;text-align:center}.elementor-widget-video .elementor-custom-embed-image-overlay:hover .elementor-custom-embed-play i{opacity:1}.elementor-widget-video .elementor-custom-embed-image-overlay img{display:block;width:100%;aspect-ratio:var(--video-aspect-ratio);-o-object-fit:cover;object-fit:cover;-o-object-position:center center;object-position:center center}@supports not (aspect-ratio:1\/1){.elementor-widget-video .elementor-custom-embed-image-overlay{position:relative;overflow:hidden;height:0;padding-bottom:calc(100% \/ var(--video-aspect-ratio))}.elementor-widget-video .elementor-custom-embed-image-overlay img{position:absolute;top:0;right:0;bottom:0;left:0}}.elementor-widget-video .e-hosted-video .elementor-video{-o-object-fit:cover;object-fit:cover}.e-con-inner>.elementor-widget-video,.e-con>.elementor-widget-video{width:var(--container-widget-width);--flex-grow:var(--container-widget-flex-grow)}<\/style>\t\t<div class=\"elementor-wrapper elementor-open-inline\">\n\t\t\t<div class=\"elementor-video\"><\/div>\t\t<\/div>\n\t\t\t\t<\/div>\n\t\t\t\t<\/div>\n\t\t\t\t\t<\/div>\n\t\t<\/div>\n\t\t\t\t\t<\/div>\n\t\t<\/section>\n\t\t\t\t<\/div>","protected":false},"excerpt":{"rendered":"<p>le Dunnage bag (aussi connu sous les noms de Airbag ou sac de calage gonflable) est une r\u00e9volution dans la s\u00e9curisation et la protection du fret. Il est bas\u00e9 sur une id\u00e9e simple\u00a0: les coussins gonflables sont plac\u00e9s dans les interstices entre la cargaison et gonfl\u00e9s \u00e0 l&rsquo;air et fonctionnent comme des remplisseurs de vide. [&hellip;]<\/p>","protected":false},"featured_media":1935,"template":"","meta":{"_themeisle_gutenberg_block_has_review":false},"product_cat":[15,17,21],"product_tag":[],"class_list":["post-1934","product","type-product","status-publish","has-post-thumbnail","hentry","product_cat-non-classe","product_cat-packaging-et-emballages","product_cat-emballages-de-transport"],"yoast_head":"<!-- This site is optimized with the Yoast SEO plugin v26.0 - https:\/\/yoast.com\/wordpress\/plugins\/seo\/ -->\n<title>DUNNAGE BAG \/ SAC DE CALAGE<\/title>\n<meta name=\"description\" content=\"Le Dunnage Bag, Airbag ou Sac de calage gonflable permet de combler les vides pour s\u00e9curiser votre marchandise dans les containers\" \/>\n<meta name=\"robots\" content=\"index, follow, max-snippet:-1, max-image-preview:large, max-video-preview:-1\" \/>\n<link rel=\"canonical\" href=\"https:\/\/synthechim.ma\/en\/product\/dunnage-bag-sac-de-calage\/\" \/>\n<meta property=\"og:locale\" content=\"en_US\" \/>\n<meta property=\"og:type\" content=\"article\" \/>\n<meta property=\"og:title\" content=\"DUNNAGE BAG \/ SAC DE CALAGE\" \/>\n<meta property=\"og:description\" content=\"Le Dunnage Bag, Airbag ou Sac de calage gonflable permet de combler les vides pour s\u00e9curiser votre marchandise dans les containers\" \/>\n<meta property=\"og:url\" content=\"https:\/\/synthechim.ma\/en\/product\/dunnage-bag-sac-de-calage\/\" \/>\n<meta property=\"og:site_name\" content=\"Synthechim\" \/>\n<meta property=\"article:modified_time\" content=\"2023-10-22T11:36:30+00:00\" \/>\n<meta property=\"og:image\" content=\"https:\/\/synthechim.ma\/wp-content\/uploads\/2023\/04\/5-24.jpg\" \/>\n\t<meta property=\"og:image:width\" content=\"600\" \/>\n\t<meta property=\"og:image:height\" content=\"388\" \/>\n\t<meta property=\"og:image:type\" content=\"image\/jpeg\" \/>\n<meta name=\"twitter:card\" content=\"summary_large_image\" \/>\n<script type=\"application\/ld+json\" class=\"yoast-schema-graph\">{\"@context\":\"https:\/\/schema.org\",\"@graph\":[{\"@type\":\"WebPage\",\"@id\":\"https:\/\/synthechim.ma\/produit\/dunnage-bag-sac-de-calage\/\",\"url\":\"https:\/\/synthechim.ma\/produit\/dunnage-bag-sac-de-calage\/\",\"name\":\"DUNNAGE BAG \/ SAC DE CALAGE\",\"isPartOf\":{\"@id\":\"https:\/\/synthechim.ma\/#website\"},\"primaryImageOfPage\":{\"@id\":\"https:\/\/synthechim.ma\/produit\/dunnage-bag-sac-de-calage\/#primaryimage\"},\"image\":{\"@id\":\"https:\/\/synthechim.ma\/produit\/dunnage-bag-sac-de-calage\/#primaryimage\"},\"thumbnailUrl\":\"https:\/\/synthechim.ma\/wp-content\/uploads\/2023\/04\/5-24.jpg\",\"datePublished\":\"2023-04-30T16:43:32+00:00\",\"dateModified\":\"2023-10-22T11:36:30+00:00\",\"description\":\"Le Dunnage Bag, Airbag ou Sac de calage gonflable permet de combler les vides pour s\u00e9curiser votre marchandise dans les containers\",\"breadcrumb\":{\"@id\":\"https:\/\/synthechim.ma\/produit\/dunnage-bag-sac-de-calage\/#breadcrumb\"},\"inLanguage\":\"en-US\",\"potentialAction\":[{\"@type\":\"ReadAction\",\"target\":[\"https:\/\/synthechim.ma\/produit\/dunnage-bag-sac-de-calage\/\"]}]},{\"@type\":\"ImageObject\",\"inLanguage\":\"en-US\",\"@id\":\"https:\/\/synthechim.ma\/produit\/dunnage-bag-sac-de-calage\/#primaryimage\",\"url\":\"https:\/\/synthechim.ma\/wp-content\/uploads\/2023\/04\/5-24.jpg\",\"contentUrl\":\"https:\/\/synthechim.ma\/wp-content\/uploads\/2023\/04\/5-24.jpg\",\"width\":600,\"height\":388},{\"@type\":\"BreadcrumbList\",\"@id\":\"https:\/\/synthechim.ma\/produit\/dunnage-bag-sac-de-calage\/#breadcrumb\",\"itemListElement\":[{\"@type\":\"ListItem\",\"position\":1,\"name\":\"Accueil\",\"item\":\"https:\/\/synthechim.ma\/\"},{\"@type\":\"ListItem\",\"position\":2,\"name\":\"Produits\",\"item\":\"https:\/\/synthechim.ma\/boutique__trashed\/\"},{\"@type\":\"ListItem\",\"position\":3,\"name\":\"DUNNAGE BAG \/ SAC DE CALAGE\"}]},{\"@type\":\"WebSite\",\"@id\":\"https:\/\/synthechim.ma\/#website\",\"url\":\"https:\/\/synthechim.ma\/\",\"name\":\"Synthechim\",\"description\":\".\",\"publisher\":{\"@id\":\"https:\/\/synthechim.ma\/#organization\"},\"potentialAction\":[{\"@type\":\"SearchAction\",\"target\":{\"@type\":\"EntryPoint\",\"urlTemplate\":\"https:\/\/synthechim.ma\/?s={search_term_string}\"},\"query-input\":{\"@type\":\"PropertyValueSpecification\",\"valueRequired\":true,\"valueName\":\"search_term_string\"}}],\"inLanguage\":\"en-US\"},{\"@type\":\"Organization\",\"@id\":\"https:\/\/synthechim.ma\/#organization\",\"name\":\"Synthechim\",\"url\":\"https:\/\/synthechim.ma\/\",\"logo\":{\"@type\":\"ImageObject\",\"inLanguage\":\"en-US\",\"@id\":\"https:\/\/synthechim.ma\/#\/schema\/logo\/image\/\",\"url\":\"https:\/\/synthechim.ma\/wp-content\/uploads\/2023\/04\/Logo.png\",\"contentUrl\":\"https:\/\/synthechim.ma\/wp-content\/uploads\/2023\/04\/Logo.png\",\"width\":322,\"height\":130,\"caption\":\"Synthechim\"},\"image\":{\"@id\":\"https:\/\/synthechim.ma\/#\/schema\/logo\/image\/\"}}]}<\/script>\n<!-- \/ Yoast SEO plugin. -->","yoast_head_json":{"title":"DUNNAGE BAG \/ SAC DE CALAGE","description":"Le Dunnage Bag, Airbag ou Sac de calage gonflable permet de combler les vides pour s\u00e9curiser votre marchandise dans les containers","robots":{"index":"index","follow":"follow","max-snippet":"max-snippet:-1","max-image-preview":"max-image-preview:large","max-video-preview":"max-video-preview:-1"},"canonical":"https:\/\/synthechim.ma\/en\/product\/dunnage-bag-sac-de-calage\/","og_locale":"en_US","og_type":"article","og_title":"DUNNAGE BAG \/ SAC DE CALAGE","og_description":"Le Dunnage Bag, Airbag ou Sac de calage gonflable permet de combler les vides pour s\u00e9curiser votre marchandise dans les containers","og_url":"https:\/\/synthechim.ma\/en\/product\/dunnage-bag-sac-de-calage\/","og_site_name":"Synthechim","article_modified_time":"2023-10-22T11:36:30+00:00","og_image":[{"width":600,"height":388,"url":"https:\/\/synthechim.ma\/wp-content\/uploads\/2023\/04\/5-24.jpg","type":"image\/jpeg"}],"twitter_card":"summary_large_image","schema":{"@context":"https:\/\/schema.org","@graph":[{"@type":"WebPage","@id":"https:\/\/synthechim.ma\/produit\/dunnage-bag-sac-de-calage\/","url":"https:\/\/synthechim.ma\/produit\/dunnage-bag-sac-de-calage\/","name":"DUNNAGE BAG \/ SAC DE CALAGE","isPartOf":{"@id":"https:\/\/synthechim.ma\/#website"},"primaryImageOfPage":{"@id":"https:\/\/synthechim.ma\/produit\/dunnage-bag-sac-de-calage\/#primaryimage"},"image":{"@id":"https:\/\/synthechim.ma\/produit\/dunnage-bag-sac-de-calage\/#primaryimage"},"thumbnailUrl":"https:\/\/synthechim.ma\/wp-content\/uploads\/2023\/04\/5-24.jpg","datePublished":"2023-04-30T16:43:32+00:00","dateModified":"2023-10-22T11:36:30+00:00","description":"Le Dunnage Bag, Airbag ou Sac de calage gonflable permet de combler les vides pour s\u00e9curiser votre marchandise dans les containers","breadcrumb":{"@id":"https:\/\/synthechim.ma\/produit\/dunnage-bag-sac-de-calage\/#breadcrumb"},"inLanguage":"en-US","potentialAction":[{"@type":"ReadAction","target":["https:\/\/synthechim.ma\/produit\/dunnage-bag-sac-de-calage\/"]}]},{"@type":"ImageObject","inLanguage":"en-US","@id":"https:\/\/synthechim.ma\/produit\/dunnage-bag-sac-de-calage\/#primaryimage","url":"https:\/\/synthechim.ma\/wp-content\/uploads\/2023\/04\/5-24.jpg","contentUrl":"https:\/\/synthechim.ma\/wp-content\/uploads\/2023\/04\/5-24.jpg","width":600,"height":388},{"@type":"BreadcrumbList","@id":"https:\/\/synthechim.ma\/produit\/dunnage-bag-sac-de-calage\/#breadcrumb","itemListElement":[{"@type":"ListItem","position":1,"name":"Accueil","item":"https:\/\/synthechim.ma\/"},{"@type":"ListItem","position":2,"name":"Produits","item":"https:\/\/synthechim.ma\/boutique__trashed\/"},{"@type":"ListItem","position":3,"name":"DUNNAGE BAG \/ SAC DE CALAGE"}]},{"@type":"WebSite","@id":"https:\/\/synthechim.ma\/#website","url":"https:\/\/synthechim.ma\/","name":"Synthechim","description":".","publisher":{"@id":"https:\/\/synthechim.ma\/#organization"},"potentialAction":[{"@type":"SearchAction","target":{"@type":"EntryPoint","urlTemplate":"https:\/\/synthechim.ma\/?s={search_term_string}"},"query-input":{"@type":"PropertyValueSpecification","valueRequired":true,"valueName":"search_term_string"}}],"inLanguage":"en-US"},{"@type":"Organization","@id":"https:\/\/synthechim.ma\/#organization","name":"Synthechim","url":"https:\/\/synthechim.ma\/","logo":{"@type":"ImageObject","inLanguage":"en-US","@id":"https:\/\/synthechim.ma\/#\/schema\/logo\/image\/","url":"https:\/\/synthechim.ma\/wp-content\/uploads\/2023\/04\/Logo.png","contentUrl":"https:\/\/synthechim.ma\/wp-content\/uploads\/2023\/04\/Logo.png","width":322,"height":130,"caption":"Synthechim"},"image":{"@id":"https:\/\/synthechim.ma\/#\/schema\/logo\/image\/"}}]}},"_links":{"self":[{"href":"https:\/\/synthechim.ma\/en\/wp-json\/wp\/v2\/product\/1934","targetHints":{"allow":["GET"]}}],"collection":[{"href":"https:\/\/synthechim.ma\/en\/wp-json\/wp\/v2\/product"}],"about":[{"href":"https:\/\/synthechim.ma\/en\/wp-json\/wp\/v2\/types\/product"}],"version-history":[{"count":8,"href":"https:\/\/synthechim.ma\/en\/wp-json\/wp\/v2\/product\/1934\/revisions"}],"predecessor-version":[{"id":2393,"href":"https:\/\/synthechim.ma\/en\/wp-json\/wp\/v2\/product\/1934\/revisions\/2393"}],"wp:featuredmedia":[{"embeddable":true,"href":"https:\/\/synthechim.ma\/en\/wp-json\/wp\/v2\/media\/1935"}],"wp:attachment":[{"href":"https:\/\/synthechim.ma\/en\/wp-json\/wp\/v2\/media?parent=1934"}],"wp:term":[{"taxonomy":"product_cat","embeddable":true,"href":"https:\/\/synthechim.ma\/en\/wp-json\/wp\/v2\/product_cat?post=1934"},{"taxonomy":"product_tag","embeddable":true,"href":"https:\/\/synthechim.ma\/en\/wp-json\/wp\/v2\/product_tag?post=1934"}],"curies":[{"name":"wp","href":"https:\/\/api.w.org\/{rel}","templated":true}]}}