{"id":1944,"date":"2023-04-30T18:51:32","date_gmt":"2023-04-30T16:51:32","guid":{"rendered":"https:\/\/synthechim.top-energiedin.com\/?post_type=product&#038;p=1944"},"modified":"2023-10-22T13:46:30","modified_gmt":"2023-10-22T11:46:30","slug":"hydrogel-absorbeur-dhumidite","status":"publish","type":"product","link":"https:\/\/synthechim.ma\/en\/product\/hydrogel-absorbeur-dhumidite\/","title":{"rendered":"HYDROGEL &#8211; Absorbeur d&rsquo;humidit\u00e9"},"content":{"rendered":"<div data-elementor-type=\"product-post\" data-elementor-id=\"1944\" class=\"elementor elementor-1944\">\n\t\t\t\t\t\t<section class=\"elementor-section elementor-top-section elementor-element elementor-element-5daf479 elementor-section-boxed elementor-section-height-default elementor-section-height-default jltma-glass-effect-no\" data-id=\"5daf479\" data-element_type=\"section\">\n\t\t\t\t\t\t<div class=\"elementor-container elementor-column-gap-default\">\n\t\t\t\t\t<div class=\"elementor-column elementor-col-100 elementor-top-column elementor-element elementor-element-1e4fd99 jltma-glass-effect-no\" data-id=\"1e4fd99\" data-element_type=\"column\">\n\t\t\t<div class=\"elementor-widget-wrap elementor-element-populated\">\n\t\t\t\t\t\t<div class=\"elementor-element elementor-element-1ecbd55 jltma-glass-effect-no elementor-widget elementor-widget-text-editor\" data-id=\"1ecbd55\" data-element_type=\"widget\" data-widget_type=\"text-editor.default\">\n\t\t\t\t<div class=\"elementor-widget-container\">\n\t\t\t<style>\/*! elementor - v3.22.0 - 26-06-2024 *\/\n.elementor-widget-text-editor.elementor-drop-cap-view-stacked .elementor-drop-cap{background-color:#69727d;color:#fff}.elementor-widget-text-editor.elementor-drop-cap-view-framed .elementor-drop-cap{color:#69727d;border:3px solid;background-color:transparent}.elementor-widget-text-editor:not(.elementor-drop-cap-view-default) .elementor-drop-cap{margin-top:8px}.elementor-widget-text-editor:not(.elementor-drop-cap-view-default) .elementor-drop-cap-letter{width:1em;height:1em}.elementor-widget-text-editor .elementor-drop-cap{float:left;text-align:center;line-height:1;font-size:50px}.elementor-widget-text-editor .elementor-drop-cap-letter{display:inline-block}<\/style>\t\t\t\t<p>La technologie de pointe d\u00e9velopp\u00e9 pour ce gel permet d\u2019absorber 360% de son poids en eau.<\/p><p>L\u2019eau transform\u00e9 se transforme en gel, \u00e9liminant les fuites typiques provoqu\u00e9s par les absorbeurs traditionnels.<\/p><p>Hydro-gel utilise plus de 60% de chlorure de calcium en tant qu\u2019ingr\u00e9dient actif, ce qui est approuv\u00e9 pour les une utilisation sur les march\u00e9s alimentaire et notamment agricole.<\/p><p>Con\u00e7us pour des performances optimales avec des mat\u00e9riaux bruts de provenances europ\u00e9enne pour une capture d\u2019humidit\u00e9 rapide et efficace.<\/p><p>Contactez nous pour plus d&rsquo;informations !\u00a0<\/p>\t\t\t\t\t\t<\/div>\n\t\t\t\t<\/div>\n\t\t\t\t\t<\/div>\n\t\t<\/div>\n\t\t\t\t\t<\/div>\n\t\t<\/section>\n\t\t\t\t<section class=\"elementor-section elementor-top-section elementor-element elementor-element-cb3cd94 elementor-section-boxed elementor-section-height-default elementor-section-height-default jltma-glass-effect-no\" data-id=\"cb3cd94\" data-element_type=\"section\">\n\t\t\t\t\t\t<div class=\"elementor-container elementor-column-gap-default\">\n\t\t\t\t\t<div class=\"elementor-column elementor-col-100 elementor-top-column elementor-element elementor-element-d9ed987 jltma-glass-effect-no\" data-id=\"d9ed987\" data-element_type=\"column\">\n\t\t\t<div class=\"elementor-widget-wrap elementor-element-populated\">\n\t\t\t\t\t\t<div class=\"elementor-element elementor-element-4730566 jltma-glass-effect-no elementor-widget elementor-widget-video\" data-id=\"4730566\" data-element_type=\"widget\" data-settings=\"{&quot;youtube_url&quot;:&quot;https:\\\/\\\/youtu.be\\\/0qyLcwRg2VM&quot;,&quot;video_type&quot;:&quot;youtube&quot;,&quot;controls&quot;:&quot;yes&quot;}\" data-widget_type=\"video.default\">\n\t\t\t\t<div class=\"elementor-widget-container\">\n\t\t\t<style>\/*! elementor - v3.22.0 - 26-06-2024 *\/\n.elementor-widget-video .elementor-widget-container{overflow:hidden;transform:translateZ(0)}.elementor-widget-video .elementor-wrapper{aspect-ratio:var(--video-aspect-ratio)}.elementor-widget-video .elementor-wrapper iframe,.elementor-widget-video .elementor-wrapper video{height:100%;width:100%;display:flex;border:none;background-color:#000}@supports not (aspect-ratio:1\/1){.elementor-widget-video .elementor-wrapper{position:relative;overflow:hidden;height:0;padding-bottom:calc(100% \/ var(--video-aspect-ratio))}.elementor-widget-video .elementor-wrapper iframe,.elementor-widget-video .elementor-wrapper video{position:absolute;top:0;right:0;bottom:0;left:0}}.elementor-widget-video .elementor-open-inline .elementor-custom-embed-image-overlay{position:absolute;top:0;right:0;bottom:0;left:0;background-size:cover;background-position:50%}.elementor-widget-video .elementor-custom-embed-image-overlay{cursor:pointer;text-align:center}.elementor-widget-video .elementor-custom-embed-image-overlay:hover .elementor-custom-embed-play i{opacity:1}.elementor-widget-video .elementor-custom-embed-image-overlay img{display:block;width:100%;aspect-ratio:var(--video-aspect-ratio);-o-object-fit:cover;object-fit:cover;-o-object-position:center center;object-position:center center}@supports not (aspect-ratio:1\/1){.elementor-widget-video .elementor-custom-embed-image-overlay{position:relative;overflow:hidden;height:0;padding-bottom:calc(100% \/ var(--video-aspect-ratio))}.elementor-widget-video .elementor-custom-embed-image-overlay img{position:absolute;top:0;right:0;bottom:0;left:0}}.elementor-widget-video .e-hosted-video .elementor-video{-o-object-fit:cover;object-fit:cover}.e-con-inner>.elementor-widget-video,.e-con>.elementor-widget-video{width:var(--container-widget-width);--flex-grow:var(--container-widget-flex-grow)}<\/style>\t\t<div class=\"elementor-wrapper elementor-open-inline\">\n\t\t\t<div class=\"elementor-video\"><\/div>\t\t<\/div>\n\t\t\t\t<\/div>\n\t\t\t\t<\/div>\n\t\t\t\t\t<\/div>\n\t\t<\/div>\n\t\t\t\t\t<\/div>\n\t\t<\/section>\n\t\t\t\t<\/div>","protected":false},"excerpt":{"rendered":"<p>La technologie de pointe d\u00e9velopp\u00e9 pour ce gel permet d\u2019absorber 360% de son poids en eau. L\u2019eau transform\u00e9 se transforme en gel, \u00e9liminant les fuites typiques provoqu\u00e9s par les absorbeurs traditionnels. Hydro-gel utilise plus de 60% de chlorure de calcium en tant qu\u2019ingr\u00e9dient actif, ce qui est approuv\u00e9 pour les une utilisation sur les march\u00e9s [&hellip;]<\/p>","protected":false},"featured_media":1942,"template":"","meta":{"_themeisle_gutenberg_block_has_review":false},"product_cat":[17,21],"product_tag":[],"class_list":["post-1944","product","type-product","status-publish","has-post-thumbnail","hentry","product_cat-packaging-et-emballages","product_cat-emballages-de-transport"],"yoast_head":"<!-- This site is optimized with the Yoast SEO plugin v26.0 - https:\/\/yoast.com\/wordpress\/plugins\/seo\/ -->\n<title>HYDROGEL - Absorbeur d&#039;humidit\u00e9 - Synthechim<\/title>\n<meta name=\"description\" content=\"Pr\u00e9servez vos marchandises de l&#039;humidit\u00e9 dans vos containers - Performance optimal de l&#039;Hydrogel absorbant jusqu&#039;\u00e0 360% de son poids en eau !\" \/>\n<meta name=\"robots\" content=\"index, follow, max-snippet:-1, max-image-preview:large, max-video-preview:-1\" \/>\n<link rel=\"canonical\" href=\"https:\/\/synthechim.ma\/en\/product\/hydrogel-absorbeur-dhumidite\/\" \/>\n<meta property=\"og:locale\" content=\"en_US\" \/>\n<meta property=\"og:type\" content=\"article\" \/>\n<meta property=\"og:title\" content=\"HYDROGEL - Absorbeur d&#039;humidit\u00e9 - Synthechim\" \/>\n<meta property=\"og:description\" content=\"Pr\u00e9servez vos marchandises de l&#039;humidit\u00e9 dans vos containers - Performance optimal de l&#039;Hydrogel absorbant jusqu&#039;\u00e0 360% de son poids en eau !\" \/>\n<meta property=\"og:url\" content=\"https:\/\/synthechim.ma\/en\/product\/hydrogel-absorbeur-dhumidite\/\" \/>\n<meta property=\"og:site_name\" content=\"Synthechim\" \/>\n<meta property=\"article:modified_time\" content=\"2023-10-22T11:46:30+00:00\" \/>\n<meta property=\"og:image\" content=\"https:\/\/synthechim.ma\/wp-content\/uploads\/2023\/04\/Hydrobag_1.png\" \/>\n\t<meta property=\"og:image:width\" content=\"600\" \/>\n\t<meta property=\"og:image:height\" content=\"350\" \/>\n\t<meta property=\"og:image:type\" content=\"image\/png\" \/>\n<meta name=\"twitter:card\" content=\"summary_large_image\" \/>\n<script type=\"application\/ld+json\" class=\"yoast-schema-graph\">{\"@context\":\"https:\/\/schema.org\",\"@graph\":[{\"@type\":\"WebPage\",\"@id\":\"https:\/\/synthechim.ma\/produit\/hydrogel-absorbeur-dhumidite\/\",\"url\":\"https:\/\/synthechim.ma\/produit\/hydrogel-absorbeur-dhumidite\/\",\"name\":\"HYDROGEL - Absorbeur d'humidit\u00e9 - Synthechim\",\"isPartOf\":{\"@id\":\"https:\/\/synthechim.ma\/#website\"},\"primaryImageOfPage\":{\"@id\":\"https:\/\/synthechim.ma\/produit\/hydrogel-absorbeur-dhumidite\/#primaryimage\"},\"image\":{\"@id\":\"https:\/\/synthechim.ma\/produit\/hydrogel-absorbeur-dhumidite\/#primaryimage\"},\"thumbnailUrl\":\"https:\/\/synthechim.ma\/wp-content\/uploads\/2023\/04\/Hydrobag_1.png\",\"datePublished\":\"2023-04-30T16:51:32+00:00\",\"dateModified\":\"2023-10-22T11:46:30+00:00\",\"description\":\"Pr\u00e9servez vos marchandises de l'humidit\u00e9 dans vos containers - Performance optimal de l'Hydrogel absorbant jusqu'\u00e0 360% de son poids en eau !\",\"breadcrumb\":{\"@id\":\"https:\/\/synthechim.ma\/produit\/hydrogel-absorbeur-dhumidite\/#breadcrumb\"},\"inLanguage\":\"en-US\",\"potentialAction\":[{\"@type\":\"ReadAction\",\"target\":[\"https:\/\/synthechim.ma\/produit\/hydrogel-absorbeur-dhumidite\/\"]}]},{\"@type\":\"ImageObject\",\"inLanguage\":\"en-US\",\"@id\":\"https:\/\/synthechim.ma\/produit\/hydrogel-absorbeur-dhumidite\/#primaryimage\",\"url\":\"https:\/\/synthechim.ma\/wp-content\/uploads\/2023\/04\/Hydrobag_1.png\",\"contentUrl\":\"https:\/\/synthechim.ma\/wp-content\/uploads\/2023\/04\/Hydrobag_1.png\",\"width\":600,\"height\":350},{\"@type\":\"BreadcrumbList\",\"@id\":\"https:\/\/synthechim.ma\/produit\/hydrogel-absorbeur-dhumidite\/#breadcrumb\",\"itemListElement\":[{\"@type\":\"ListItem\",\"position\":1,\"name\":\"Accueil\",\"item\":\"https:\/\/synthechim.ma\/\"},{\"@type\":\"ListItem\",\"position\":2,\"name\":\"Produits\",\"item\":\"https:\/\/synthechim.ma\/boutique__trashed\/\"},{\"@type\":\"ListItem\",\"position\":3,\"name\":\"HYDROGEL &#8211; Absorbeur d&rsquo;humidit\u00e9\"}]},{\"@type\":\"WebSite\",\"@id\":\"https:\/\/synthechim.ma\/#website\",\"url\":\"https:\/\/synthechim.ma\/\",\"name\":\"Synthechim\",\"description\":\".\",\"publisher\":{\"@id\":\"https:\/\/synthechim.ma\/#organization\"},\"potentialAction\":[{\"@type\":\"SearchAction\",\"target\":{\"@type\":\"EntryPoint\",\"urlTemplate\":\"https:\/\/synthechim.ma\/?s={search_term_string}\"},\"query-input\":{\"@type\":\"PropertyValueSpecification\",\"valueRequired\":true,\"valueName\":\"search_term_string\"}}],\"inLanguage\":\"en-US\"},{\"@type\":\"Organization\",\"@id\":\"https:\/\/synthechim.ma\/#organization\",\"name\":\"Synthechim\",\"url\":\"https:\/\/synthechim.ma\/\",\"logo\":{\"@type\":\"ImageObject\",\"inLanguage\":\"en-US\",\"@id\":\"https:\/\/synthechim.ma\/#\/schema\/logo\/image\/\",\"url\":\"https:\/\/synthechim.ma\/wp-content\/uploads\/2023\/04\/Logo.png\",\"contentUrl\":\"https:\/\/synthechim.ma\/wp-content\/uploads\/2023\/04\/Logo.png\",\"width\":322,\"height\":130,\"caption\":\"Synthechim\"},\"image\":{\"@id\":\"https:\/\/synthechim.ma\/#\/schema\/logo\/image\/\"}}]}<\/script>\n<!-- \/ Yoast SEO plugin. -->","yoast_head_json":{"title":"HYDROGEL - Absorbeur d'humidit\u00e9 - Synthechim","description":"Pr\u00e9servez vos marchandises de l'humidit\u00e9 dans vos containers - Performance optimal de l'Hydrogel absorbant jusqu'\u00e0 360% de son poids en eau !","robots":{"index":"index","follow":"follow","max-snippet":"max-snippet:-1","max-image-preview":"max-image-preview:large","max-video-preview":"max-video-preview:-1"},"canonical":"https:\/\/synthechim.ma\/en\/product\/hydrogel-absorbeur-dhumidite\/","og_locale":"en_US","og_type":"article","og_title":"HYDROGEL - Absorbeur d'humidit\u00e9 - Synthechim","og_description":"Pr\u00e9servez vos marchandises de l'humidit\u00e9 dans vos containers - Performance optimal de l'Hydrogel absorbant jusqu'\u00e0 360% de son poids en eau !","og_url":"https:\/\/synthechim.ma\/en\/product\/hydrogel-absorbeur-dhumidite\/","og_site_name":"Synthechim","article_modified_time":"2023-10-22T11:46:30+00:00","og_image":[{"width":600,"height":350,"url":"https:\/\/synthechim.ma\/wp-content\/uploads\/2023\/04\/Hydrobag_1.png","type":"image\/png"}],"twitter_card":"summary_large_image","schema":{"@context":"https:\/\/schema.org","@graph":[{"@type":"WebPage","@id":"https:\/\/synthechim.ma\/produit\/hydrogel-absorbeur-dhumidite\/","url":"https:\/\/synthechim.ma\/produit\/hydrogel-absorbeur-dhumidite\/","name":"HYDROGEL - Absorbeur d'humidit\u00e9 - Synthechim","isPartOf":{"@id":"https:\/\/synthechim.ma\/#website"},"primaryImageOfPage":{"@id":"https:\/\/synthechim.ma\/produit\/hydrogel-absorbeur-dhumidite\/#primaryimage"},"image":{"@id":"https:\/\/synthechim.ma\/produit\/hydrogel-absorbeur-dhumidite\/#primaryimage"},"thumbnailUrl":"https:\/\/synthechim.ma\/wp-content\/uploads\/2023\/04\/Hydrobag_1.png","datePublished":"2023-04-30T16:51:32+00:00","dateModified":"2023-10-22T11:46:30+00:00","description":"Pr\u00e9servez vos marchandises de l'humidit\u00e9 dans vos containers - Performance optimal de l'Hydrogel absorbant jusqu'\u00e0 360% de son poids en eau !","breadcrumb":{"@id":"https:\/\/synthechim.ma\/produit\/hydrogel-absorbeur-dhumidite\/#breadcrumb"},"inLanguage":"en-US","potentialAction":[{"@type":"ReadAction","target":["https:\/\/synthechim.ma\/produit\/hydrogel-absorbeur-dhumidite\/"]}]},{"@type":"ImageObject","inLanguage":"en-US","@id":"https:\/\/synthechim.ma\/produit\/hydrogel-absorbeur-dhumidite\/#primaryimage","url":"https:\/\/synthechim.ma\/wp-content\/uploads\/2023\/04\/Hydrobag_1.png","contentUrl":"https:\/\/synthechim.ma\/wp-content\/uploads\/2023\/04\/Hydrobag_1.png","width":600,"height":350},{"@type":"BreadcrumbList","@id":"https:\/\/synthechim.ma\/produit\/hydrogel-absorbeur-dhumidite\/#breadcrumb","itemListElement":[{"@type":"ListItem","position":1,"name":"Accueil","item":"https:\/\/synthechim.ma\/"},{"@type":"ListItem","position":2,"name":"Produits","item":"https:\/\/synthechim.ma\/boutique__trashed\/"},{"@type":"ListItem","position":3,"name":"HYDROGEL &#8211; Absorbeur d&rsquo;humidit\u00e9"}]},{"@type":"WebSite","@id":"https:\/\/synthechim.ma\/#website","url":"https:\/\/synthechim.ma\/","name":"Synthechim","description":".","publisher":{"@id":"https:\/\/synthechim.ma\/#organization"},"potentialAction":[{"@type":"SearchAction","target":{"@type":"EntryPoint","urlTemplate":"https:\/\/synthechim.ma\/?s={search_term_string}"},"query-input":{"@type":"PropertyValueSpecification","valueRequired":true,"valueName":"search_term_string"}}],"inLanguage":"en-US"},{"@type":"Organization","@id":"https:\/\/synthechim.ma\/#organization","name":"Synthechim","url":"https:\/\/synthechim.ma\/","logo":{"@type":"ImageObject","inLanguage":"en-US","@id":"https:\/\/synthechim.ma\/#\/schema\/logo\/image\/","url":"https:\/\/synthechim.ma\/wp-content\/uploads\/2023\/04\/Logo.png","contentUrl":"https:\/\/synthechim.ma\/wp-content\/uploads\/2023\/04\/Logo.png","width":322,"height":130,"caption":"Synthechim"},"image":{"@id":"https:\/\/synthechim.ma\/#\/schema\/logo\/image\/"}}]}},"_links":{"self":[{"href":"https:\/\/synthechim.ma\/en\/wp-json\/wp\/v2\/product\/1944","targetHints":{"allow":["GET"]}}],"collection":[{"href":"https:\/\/synthechim.ma\/en\/wp-json\/wp\/v2\/product"}],"about":[{"href":"https:\/\/synthechim.ma\/en\/wp-json\/wp\/v2\/types\/product"}],"version-history":[{"count":12,"href":"https:\/\/synthechim.ma\/en\/wp-json\/wp\/v2\/product\/1944\/revisions"}],"predecessor-version":[{"id":2398,"href":"https:\/\/synthechim.ma\/en\/wp-json\/wp\/v2\/product\/1944\/revisions\/2398"}],"wp:featuredmedia":[{"embeddable":true,"href":"https:\/\/synthechim.ma\/en\/wp-json\/wp\/v2\/media\/1942"}],"wp:attachment":[{"href":"https:\/\/synthechim.ma\/en\/wp-json\/wp\/v2\/media?parent=1944"}],"wp:term":[{"taxonomy":"product_cat","embeddable":true,"href":"https:\/\/synthechim.ma\/en\/wp-json\/wp\/v2\/product_cat?post=1944"},{"taxonomy":"product_tag","embeddable":true,"href":"https:\/\/synthechim.ma\/en\/wp-json\/wp\/v2\/product_tag?post=1944"}],"curies":[{"name":"wp","href":"https:\/\/api.w.org\/{rel}","templated":true}]}}