{"id":1961,"date":"2023-04-30T19:05:48","date_gmt":"2023-04-30T17:05:48","guid":{"rendered":"https:\/\/synthechim.top-energiedin.com\/?post_type=product&#038;p=1961"},"modified":"2023-06-01T16:55:34","modified_gmt":"2023-06-01T14:55:34","slug":"masterbatch-colorants","status":"publish","type":"product","link":"https:\/\/synthechim.ma\/en\/product\/masterbatch-colorants\/","title":{"rendered":"Masterbatchs Colorants"},"content":{"rendered":"<div data-elementor-type=\"product-post\" data-elementor-id=\"1961\" class=\"elementor elementor-1961\">\n\t\t\t\t\t\t<section class=\"elementor-section elementor-top-section elementor-element elementor-element-33a8382 elementor-section-boxed elementor-section-height-default elementor-section-height-default jltma-glass-effect-no\" data-id=\"33a8382\" data-element_type=\"section\">\n\t\t\t\t\t\t<div class=\"elementor-container elementor-column-gap-default\">\n\t\t\t\t\t<div class=\"elementor-column elementor-col-100 elementor-top-column elementor-element elementor-element-7feabdb jltma-glass-effect-no\" data-id=\"7feabdb\" data-element_type=\"column\">\n\t\t\t<div class=\"elementor-widget-wrap elementor-element-populated\">\n\t\t\t\t\t\t<div class=\"elementor-element elementor-element-9ef2b56 jltma-glass-effect-no elementor-widget elementor-widget-text-editor\" data-id=\"9ef2b56\" data-element_type=\"widget\" data-widget_type=\"text-editor.default\">\n\t\t\t\t<div class=\"elementor-widget-container\">\n\t\t\t<style>\/*! elementor - v3.22.0 - 26-06-2024 *\/\n.elementor-widget-text-editor.elementor-drop-cap-view-stacked .elementor-drop-cap{background-color:#69727d;color:#fff}.elementor-widget-text-editor.elementor-drop-cap-view-framed .elementor-drop-cap{color:#69727d;border:3px solid;background-color:transparent}.elementor-widget-text-editor:not(.elementor-drop-cap-view-default) .elementor-drop-cap{margin-top:8px}.elementor-widget-text-editor:not(.elementor-drop-cap-view-default) .elementor-drop-cap-letter{width:1em;height:1em}.elementor-widget-text-editor .elementor-drop-cap{float:left;text-align:center;line-height:1;font-size:50px}.elementor-widget-text-editor .elementor-drop-cap-letter{display:inline-block}<\/style>\t\t\t\t<p>Les masterbatch colorants sont des additifs utilis\u00e9s dans l&rsquo;industrie de la plasturgie pour colorer les mati\u00e8res plastiques.<\/p><p>Ils sont constitu\u00e9s de granules de polym\u00e8re concentr\u00e9s contenant une quantit\u00e9 \u00e9lev\u00e9e de pigments et d&rsquo;additifs sp\u00e9cifiques.<\/p><p>Les masterbatch colorants offrent de nombreux avantages, notamment une excellente dispersion, une coloration homog\u00e8ne, une meilleure stabilit\u00e9 thermique, une tenue \u00e0 la lumi\u00e8re et une r\u00e9duction des co\u00fbts.<\/p><p>Ils peuvent \u00eatre utilis\u00e9s dans divers proc\u00e9d\u00e9s de transformation de plastiques tels que le moulage par injection, l&rsquo;extrusion et le soufflage.<\/p><p>Les masterbatch colorants sont disponibles dans une large gamme de couleurs et de concentrations pour r\u00e9pondre aux exigences de chaque application.<\/p><p>Chez SYNTHECHIM, nous disposons de masterbatch colorants haut de gamme pour r\u00e9pondre \u00e0 vos besoins sp\u00e9cifiques en termes de r\u00e9sistance aux UV, d&rsquo;effets de brillance, de propri\u00e9t\u00e9s conductrices, d&rsquo;effets de pearlescence et de bien d&rsquo;autres caract\u00e9ristiques.<\/p><p>Contactez-nous pour en savoir plus sur notre gamme de masterbatch colorants!<\/p>\t\t\t\t\t\t<\/div>\n\t\t\t\t<\/div>\n\t\t\t\t\t<\/div>\n\t\t<\/div>\n\t\t\t\t\t<\/div>\n\t\t<\/section>\n\t\t\t\t<\/div>","protected":false},"excerpt":{"rendered":"<p>Les masterbatch colorants sont des additifs utilis\u00e9s dans l&rsquo;industrie de la plasturgie pour colorer les mati\u00e8res plastiques. Ils sont constitu\u00e9s de granules de polym\u00e8re concentr\u00e9s contenant une quantit\u00e9 \u00e9lev\u00e9e de pigments et d&rsquo;additifs sp\u00e9cifiques. Les masterbatch colorants offrent de nombreux avantages, notamment une excellente dispersion, une coloration homog\u00e8ne, une meilleure stabilit\u00e9 thermique, une tenue \u00e0 [&hellip;]<\/p>","protected":false},"featured_media":1962,"template":"","meta":{"_themeisle_gutenberg_block_has_review":false},"product_cat":[18,29],"product_tag":[],"class_list":["post-1961","product","type-product","status-publish","has-post-thumbnail","hentry","product_cat-matieres-plastiques-et-auxiliaires","product_cat-masterbatchs"],"yoast_head":"<!-- This site is optimized with the Yoast SEO plugin v26.0 - https:\/\/yoast.com\/wordpress\/plugins\/seo\/ -->\n<title>Masterbatchs Colorants<\/title>\n<meta name=\"description\" content=\"D\u00e9couvrez notre large gamme de Masterbatchs colorants hautes performances ! Contactez les sp\u00e9cialistes plasturgie de SYNTHECHIM pour plus d&#039;informations !\" \/>\n<meta name=\"robots\" content=\"index, follow, max-snippet:-1, max-image-preview:large, max-video-preview:-1\" \/>\n<link rel=\"canonical\" href=\"https:\/\/synthechim.ma\/en\/product\/masterbatch-colorants\/\" \/>\n<meta property=\"og:locale\" content=\"en_US\" \/>\n<meta property=\"og:type\" content=\"article\" \/>\n<meta property=\"og:title\" content=\"Masterbatchs Colorants\" \/>\n<meta property=\"og:description\" content=\"D\u00e9couvrez notre large gamme de Masterbatchs colorants hautes performances ! Contactez les sp\u00e9cialistes plasturgie de SYNTHECHIM pour plus d&#039;informations !\" \/>\n<meta property=\"og:url\" content=\"https:\/\/synthechim.ma\/en\/product\/masterbatch-colorants\/\" \/>\n<meta property=\"og:site_name\" content=\"Synthechim\" \/>\n<meta property=\"article:modified_time\" content=\"2023-06-01T14:55:34+00:00\" \/>\n<meta property=\"og:image\" content=\"https:\/\/synthechim.ma\/wp-content\/uploads\/2023\/04\/Colour-Vision-Inspiration-fur-Kunststoffe-inspiration-for-plastics-Box-offen_0.jpg\" \/>\n\t<meta property=\"og:image:width\" content=\"600\" \/>\n\t<meta property=\"og:image:height\" content=\"600\" \/>\n\t<meta property=\"og:image:type\" content=\"image\/jpeg\" \/>\n<meta name=\"twitter:card\" content=\"summary_large_image\" \/>\n<meta name=\"twitter:label1\" content=\"Est. reading time\" \/>\n\t<meta name=\"twitter:data1\" content=\"1 minute\" \/>\n<script type=\"application\/ld+json\" class=\"yoast-schema-graph\">{\"@context\":\"https:\/\/schema.org\",\"@graph\":[{\"@type\":\"WebPage\",\"@id\":\"https:\/\/synthechim.ma\/produit\/masterbatch-colorants\/\",\"url\":\"https:\/\/synthechim.ma\/produit\/masterbatch-colorants\/\",\"name\":\"Masterbatchs Colorants\",\"isPartOf\":{\"@id\":\"https:\/\/synthechim.ma\/#website\"},\"primaryImageOfPage\":{\"@id\":\"https:\/\/synthechim.ma\/produit\/masterbatch-colorants\/#primaryimage\"},\"image\":{\"@id\":\"https:\/\/synthechim.ma\/produit\/masterbatch-colorants\/#primaryimage\"},\"thumbnailUrl\":\"https:\/\/synthechim.ma\/wp-content\/uploads\/2023\/04\/Colour-Vision-Inspiration-fur-Kunststoffe-inspiration-for-plastics-Box-offen_0.jpg\",\"datePublished\":\"2023-04-30T17:05:48+00:00\",\"dateModified\":\"2023-06-01T14:55:34+00:00\",\"description\":\"D\u00e9couvrez notre large gamme de Masterbatchs colorants hautes performances ! Contactez les sp\u00e9cialistes plasturgie de SYNTHECHIM pour plus d'informations !\",\"breadcrumb\":{\"@id\":\"https:\/\/synthechim.ma\/produit\/masterbatch-colorants\/#breadcrumb\"},\"inLanguage\":\"en-US\",\"potentialAction\":[{\"@type\":\"ReadAction\",\"target\":[\"https:\/\/synthechim.ma\/produit\/masterbatch-colorants\/\"]}]},{\"@type\":\"ImageObject\",\"inLanguage\":\"en-US\",\"@id\":\"https:\/\/synthechim.ma\/produit\/masterbatch-colorants\/#primaryimage\",\"url\":\"https:\/\/synthechim.ma\/wp-content\/uploads\/2023\/04\/Colour-Vision-Inspiration-fur-Kunststoffe-inspiration-for-plastics-Box-offen_0.jpg\",\"contentUrl\":\"https:\/\/synthechim.ma\/wp-content\/uploads\/2023\/04\/Colour-Vision-Inspiration-fur-Kunststoffe-inspiration-for-plastics-Box-offen_0.jpg\",\"width\":600,\"height\":600},{\"@type\":\"BreadcrumbList\",\"@id\":\"https:\/\/synthechim.ma\/produit\/masterbatch-colorants\/#breadcrumb\",\"itemListElement\":[{\"@type\":\"ListItem\",\"position\":1,\"name\":\"Accueil\",\"item\":\"https:\/\/synthechim.ma\/\"},{\"@type\":\"ListItem\",\"position\":2,\"name\":\"Produits\",\"item\":\"https:\/\/synthechim.ma\/boutique__trashed\/\"},{\"@type\":\"ListItem\",\"position\":3,\"name\":\"Masterbatchs Colorants\"}]},{\"@type\":\"WebSite\",\"@id\":\"https:\/\/synthechim.ma\/#website\",\"url\":\"https:\/\/synthechim.ma\/\",\"name\":\"Synthechim\",\"description\":\".\",\"publisher\":{\"@id\":\"https:\/\/synthechim.ma\/#organization\"},\"potentialAction\":[{\"@type\":\"SearchAction\",\"target\":{\"@type\":\"EntryPoint\",\"urlTemplate\":\"https:\/\/synthechim.ma\/?s={search_term_string}\"},\"query-input\":{\"@type\":\"PropertyValueSpecification\",\"valueRequired\":true,\"valueName\":\"search_term_string\"}}],\"inLanguage\":\"en-US\"},{\"@type\":\"Organization\",\"@id\":\"https:\/\/synthechim.ma\/#organization\",\"name\":\"Synthechim\",\"url\":\"https:\/\/synthechim.ma\/\",\"logo\":{\"@type\":\"ImageObject\",\"inLanguage\":\"en-US\",\"@id\":\"https:\/\/synthechim.ma\/#\/schema\/logo\/image\/\",\"url\":\"https:\/\/synthechim.ma\/wp-content\/uploads\/2023\/04\/Logo.png\",\"contentUrl\":\"https:\/\/synthechim.ma\/wp-content\/uploads\/2023\/04\/Logo.png\",\"width\":322,\"height\":130,\"caption\":\"Synthechim\"},\"image\":{\"@id\":\"https:\/\/synthechim.ma\/#\/schema\/logo\/image\/\"}}]}<\/script>\n<!-- \/ Yoast SEO plugin. -->","yoast_head_json":{"title":"Masterbatchs Colorants","description":"D\u00e9couvrez notre large gamme de Masterbatchs colorants hautes performances ! Contactez les sp\u00e9cialistes plasturgie de SYNTHECHIM pour plus d'informations !","robots":{"index":"index","follow":"follow","max-snippet":"max-snippet:-1","max-image-preview":"max-image-preview:large","max-video-preview":"max-video-preview:-1"},"canonical":"https:\/\/synthechim.ma\/en\/product\/masterbatch-colorants\/","og_locale":"en_US","og_type":"article","og_title":"Masterbatchs Colorants","og_description":"D\u00e9couvrez notre large gamme de Masterbatchs colorants hautes performances ! Contactez les sp\u00e9cialistes plasturgie de SYNTHECHIM pour plus d'informations !","og_url":"https:\/\/synthechim.ma\/en\/product\/masterbatch-colorants\/","og_site_name":"Synthechim","article_modified_time":"2023-06-01T14:55:34+00:00","og_image":[{"width":600,"height":600,"url":"https:\/\/synthechim.ma\/wp-content\/uploads\/2023\/04\/Colour-Vision-Inspiration-fur-Kunststoffe-inspiration-for-plastics-Box-offen_0.jpg","type":"image\/jpeg"}],"twitter_card":"summary_large_image","twitter_misc":{"Est. reading time":"1 minute"},"schema":{"@context":"https:\/\/schema.org","@graph":[{"@type":"WebPage","@id":"https:\/\/synthechim.ma\/produit\/masterbatch-colorants\/","url":"https:\/\/synthechim.ma\/produit\/masterbatch-colorants\/","name":"Masterbatchs Colorants","isPartOf":{"@id":"https:\/\/synthechim.ma\/#website"},"primaryImageOfPage":{"@id":"https:\/\/synthechim.ma\/produit\/masterbatch-colorants\/#primaryimage"},"image":{"@id":"https:\/\/synthechim.ma\/produit\/masterbatch-colorants\/#primaryimage"},"thumbnailUrl":"https:\/\/synthechim.ma\/wp-content\/uploads\/2023\/04\/Colour-Vision-Inspiration-fur-Kunststoffe-inspiration-for-plastics-Box-offen_0.jpg","datePublished":"2023-04-30T17:05:48+00:00","dateModified":"2023-06-01T14:55:34+00:00","description":"D\u00e9couvrez notre large gamme de Masterbatchs colorants hautes performances ! Contactez les sp\u00e9cialistes plasturgie de SYNTHECHIM pour plus d'informations !","breadcrumb":{"@id":"https:\/\/synthechim.ma\/produit\/masterbatch-colorants\/#breadcrumb"},"inLanguage":"en-US","potentialAction":[{"@type":"ReadAction","target":["https:\/\/synthechim.ma\/produit\/masterbatch-colorants\/"]}]},{"@type":"ImageObject","inLanguage":"en-US","@id":"https:\/\/synthechim.ma\/produit\/masterbatch-colorants\/#primaryimage","url":"https:\/\/synthechim.ma\/wp-content\/uploads\/2023\/04\/Colour-Vision-Inspiration-fur-Kunststoffe-inspiration-for-plastics-Box-offen_0.jpg","contentUrl":"https:\/\/synthechim.ma\/wp-content\/uploads\/2023\/04\/Colour-Vision-Inspiration-fur-Kunststoffe-inspiration-for-plastics-Box-offen_0.jpg","width":600,"height":600},{"@type":"BreadcrumbList","@id":"https:\/\/synthechim.ma\/produit\/masterbatch-colorants\/#breadcrumb","itemListElement":[{"@type":"ListItem","position":1,"name":"Accueil","item":"https:\/\/synthechim.ma\/"},{"@type":"ListItem","position":2,"name":"Produits","item":"https:\/\/synthechim.ma\/boutique__trashed\/"},{"@type":"ListItem","position":3,"name":"Masterbatchs Colorants"}]},{"@type":"WebSite","@id":"https:\/\/synthechim.ma\/#website","url":"https:\/\/synthechim.ma\/","name":"Synthechim","description":".","publisher":{"@id":"https:\/\/synthechim.ma\/#organization"},"potentialAction":[{"@type":"SearchAction","target":{"@type":"EntryPoint","urlTemplate":"https:\/\/synthechim.ma\/?s={search_term_string}"},"query-input":{"@type":"PropertyValueSpecification","valueRequired":true,"valueName":"search_term_string"}}],"inLanguage":"en-US"},{"@type":"Organization","@id":"https:\/\/synthechim.ma\/#organization","name":"Synthechim","url":"https:\/\/synthechim.ma\/","logo":{"@type":"ImageObject","inLanguage":"en-US","@id":"https:\/\/synthechim.ma\/#\/schema\/logo\/image\/","url":"https:\/\/synthechim.ma\/wp-content\/uploads\/2023\/04\/Logo.png","contentUrl":"https:\/\/synthechim.ma\/wp-content\/uploads\/2023\/04\/Logo.png","width":322,"height":130,"caption":"Synthechim"},"image":{"@id":"https:\/\/synthechim.ma\/#\/schema\/logo\/image\/"}}]}},"_links":{"self":[{"href":"https:\/\/synthechim.ma\/en\/wp-json\/wp\/v2\/product\/1961","targetHints":{"allow":["GET"]}}],"collection":[{"href":"https:\/\/synthechim.ma\/en\/wp-json\/wp\/v2\/product"}],"about":[{"href":"https:\/\/synthechim.ma\/en\/wp-json\/wp\/v2\/types\/product"}],"version-history":[{"count":8,"href":"https:\/\/synthechim.ma\/en\/wp-json\/wp\/v2\/product\/1961\/revisions"}],"predecessor-version":[{"id":2145,"href":"https:\/\/synthechim.ma\/en\/wp-json\/wp\/v2\/product\/1961\/revisions\/2145"}],"wp:featuredmedia":[{"embeddable":true,"href":"https:\/\/synthechim.ma\/en\/wp-json\/wp\/v2\/media\/1962"}],"wp:attachment":[{"href":"https:\/\/synthechim.ma\/en\/wp-json\/wp\/v2\/media?parent=1961"}],"wp:term":[{"taxonomy":"product_cat","embeddable":true,"href":"https:\/\/synthechim.ma\/en\/wp-json\/wp\/v2\/product_cat?post=1961"},{"taxonomy":"product_tag","embeddable":true,"href":"https:\/\/synthechim.ma\/en\/wp-json\/wp\/v2\/product_tag?post=1961"}],"curies":[{"name":"wp","href":"https:\/\/api.w.org\/{rel}","templated":true}]}}