{"id":1981,"date":"2023-04-30T19:37:08","date_gmt":"2023-04-30T17:37:08","guid":{"rendered":"https:\/\/synthechim.top-energiedin.com\/?post_type=product&#038;p=1981"},"modified":"2023-06-01T16:44:30","modified_gmt":"2023-06-01T14:44:30","slug":"lubrifiant-parties-mobiles","status":"publish","type":"product","link":"https:\/\/synthechim.ma\/en\/product\/lubrifiant-parties-mobiles\/","title":{"rendered":"Lubrifiant parties mobiles"},"content":{"rendered":"<div data-elementor-type=\"product-post\" data-elementor-id=\"1981\" class=\"elementor elementor-1981\">\n\t\t\t\t\t\t<section class=\"elementor-section elementor-top-section elementor-element elementor-element-53dc8a2 elementor-section-boxed elementor-section-height-default elementor-section-height-default jltma-glass-effect-no\" data-id=\"53dc8a2\" data-element_type=\"section\">\n\t\t\t\t\t\t<div class=\"elementor-container elementor-column-gap-default\">\n\t\t\t\t\t<div class=\"elementor-column elementor-col-100 elementor-top-column elementor-element elementor-element-51e77c0 jltma-glass-effect-no\" data-id=\"51e77c0\" data-element_type=\"column\">\n\t\t\t<div class=\"elementor-widget-wrap elementor-element-populated\">\n\t\t\t\t\t\t<div class=\"elementor-element elementor-element-1bf2a61 jltma-glass-effect-no elementor-widget elementor-widget-text-editor\" data-id=\"1bf2a61\" data-element_type=\"widget\" data-widget_type=\"text-editor.default\">\n\t\t\t\t<div class=\"elementor-widget-container\">\n\t\t\t<style>\/*! elementor - v3.22.0 - 26-06-2024 *\/\n.elementor-widget-text-editor.elementor-drop-cap-view-stacked .elementor-drop-cap{background-color:#69727d;color:#fff}.elementor-widget-text-editor.elementor-drop-cap-view-framed .elementor-drop-cap{color:#69727d;border:3px solid;background-color:transparent}.elementor-widget-text-editor:not(.elementor-drop-cap-view-default) .elementor-drop-cap{margin-top:8px}.elementor-widget-text-editor:not(.elementor-drop-cap-view-default) .elementor-drop-cap-letter{width:1em;height:1em}.elementor-widget-text-editor .elementor-drop-cap{float:left;text-align:center;line-height:1;font-size:50px}.elementor-widget-text-editor .elementor-drop-cap-letter{display:inline-block}<\/style>\t\t\t\t<p>Notre lubrifiant est une p\u00e2te sp\u00e9ciale de lubrification et d&rsquo;assemblage.<\/p><p>Ce lubrifiant est sp\u00e9cialement d\u00e9velopp\u00e9 pour les pi\u00e8ces mobiles dans les moules.<\/p><p>Il est r\u00e9sistant \u00e0 la haute pression et prot\u00e8ge contre la corrosion.<\/p><p>Il pr\u00e9vient le grippage et est r\u00e9sistant \u00e0 l&rsquo;eau chaude et aux gaz corrosifs qui se produisent pendant le traitement des polym\u00e8res.<\/p><p>Il se r\u00e9pand facilement et pr\u00e9sente une adh\u00e9rence fiable au point de friction.<\/p><p>Le lubrifiant convient aux temp\u00e9ratures d&rsquo;application (temp\u00e9ratures de moule) jusqu&rsquo;\u00e0 150\u00b0C \/ 302\u00b0F.<br \/><br \/><\/p><p>D\u00e9couvrez notre gamme de produits de sp\u00e9cialit\u00e9s pour la maintenance de vos moules d&rsquo;injection plastique !<\/p><p>Contactez nous pour plus d&rsquo;informations !<\/p>\t\t\t\t\t\t<\/div>\n\t\t\t\t<\/div>\n\t\t\t\t\t<\/div>\n\t\t<\/div>\n\t\t\t\t\t<\/div>\n\t\t<\/section>\n\t\t\t\t<\/div>","protected":false},"excerpt":{"rendered":"","protected":false},"featured_media":1982,"template":"","meta":{"_themeisle_gutenberg_block_has_review":false},"product_cat":[18,31],"product_tag":[],"class_list":["post-1981","product","type-product","status-publish","has-post-thumbnail","hentry","product_cat-matieres-plastiques-et-auxiliaires","product_cat-maintenance-moule"],"yoast_head":"<!-- This site is optimized with the Yoast SEO plugin v26.0 - https:\/\/yoast.com\/wordpress\/plugins\/seo\/ -->\n<title>Lubrifiant parties mobiles<\/title>\n<meta name=\"description\" content=\"D\u00e9couvrez notre gamme de produits de sp\u00e9cialit\u00e9s pour la maintenance de vos moules d&#039;injection plastique ! Graisse \u00e9jecteurs et parties mobiles du moule\" \/>\n<meta name=\"robots\" content=\"index, follow, max-snippet:-1, max-image-preview:large, max-video-preview:-1\" \/>\n<link rel=\"canonical\" href=\"https:\/\/synthechim.ma\/en\/product\/lubrifiant-parties-mobiles\/\" \/>\n<meta property=\"og:locale\" content=\"en_US\" \/>\n<meta property=\"og:type\" content=\"article\" \/>\n<meta property=\"og:title\" content=\"Lubrifiant parties mobiles\" \/>\n<meta property=\"og:description\" content=\"D\u00e9couvrez notre gamme de produits de sp\u00e9cialit\u00e9s pour la maintenance de vos moules d&#039;injection plastique ! Graisse \u00e9jecteurs et parties mobiles du moule\" \/>\n<meta property=\"og:url\" content=\"https:\/\/synthechim.ma\/en\/product\/lubrifiant-parties-mobiles\/\" \/>\n<meta property=\"og:site_name\" content=\"Synthechim\" \/>\n<meta property=\"article:modified_time\" content=\"2023-06-01T14:44:30+00:00\" \/>\n<meta property=\"og:image\" content=\"https:\/\/synthechim.ma\/wp-content\/uploads\/2023\/04\/pzo-152-sp.jpeg\" \/>\n\t<meta property=\"og:image:width\" content=\"632\" \/>\n\t<meta property=\"og:image:height\" content=\"299\" \/>\n\t<meta property=\"og:image:type\" content=\"image\/jpeg\" \/>\n<meta name=\"twitter:card\" content=\"summary_large_image\" \/>\n<script type=\"application\/ld+json\" class=\"yoast-schema-graph\">{\"@context\":\"https:\/\/schema.org\",\"@graph\":[{\"@type\":\"WebPage\",\"@id\":\"https:\/\/synthechim.ma\/produit\/lubrifiant-parties-mobiles\/\",\"url\":\"https:\/\/synthechim.ma\/produit\/lubrifiant-parties-mobiles\/\",\"name\":\"Lubrifiant parties mobiles\",\"isPartOf\":{\"@id\":\"https:\/\/synthechim.ma\/#website\"},\"primaryImageOfPage\":{\"@id\":\"https:\/\/synthechim.ma\/produit\/lubrifiant-parties-mobiles\/#primaryimage\"},\"image\":{\"@id\":\"https:\/\/synthechim.ma\/produit\/lubrifiant-parties-mobiles\/#primaryimage\"},\"thumbnailUrl\":\"https:\/\/synthechim.ma\/wp-content\/uploads\/2023\/04\/pzo-152-sp.jpeg\",\"datePublished\":\"2023-04-30T17:37:08+00:00\",\"dateModified\":\"2023-06-01T14:44:30+00:00\",\"description\":\"D\u00e9couvrez notre gamme de produits de sp\u00e9cialit\u00e9s pour la maintenance de vos moules d'injection plastique ! Graisse \u00e9jecteurs et parties mobiles du moule\",\"breadcrumb\":{\"@id\":\"https:\/\/synthechim.ma\/produit\/lubrifiant-parties-mobiles\/#breadcrumb\"},\"inLanguage\":\"en-US\",\"potentialAction\":[{\"@type\":\"ReadAction\",\"target\":[\"https:\/\/synthechim.ma\/produit\/lubrifiant-parties-mobiles\/\"]}]},{\"@type\":\"ImageObject\",\"inLanguage\":\"en-US\",\"@id\":\"https:\/\/synthechim.ma\/produit\/lubrifiant-parties-mobiles\/#primaryimage\",\"url\":\"https:\/\/synthechim.ma\/wp-content\/uploads\/2023\/04\/pzo-152-sp.jpeg\",\"contentUrl\":\"https:\/\/synthechim.ma\/wp-content\/uploads\/2023\/04\/pzo-152-sp.jpeg\",\"width\":632,\"height\":299},{\"@type\":\"BreadcrumbList\",\"@id\":\"https:\/\/synthechim.ma\/produit\/lubrifiant-parties-mobiles\/#breadcrumb\",\"itemListElement\":[{\"@type\":\"ListItem\",\"position\":1,\"name\":\"Accueil\",\"item\":\"https:\/\/synthechim.ma\/\"},{\"@type\":\"ListItem\",\"position\":2,\"name\":\"Produits\",\"item\":\"https:\/\/synthechim.ma\/boutique__trashed\/\"},{\"@type\":\"ListItem\",\"position\":3,\"name\":\"Lubrifiant parties mobiles\"}]},{\"@type\":\"WebSite\",\"@id\":\"https:\/\/synthechim.ma\/#website\",\"url\":\"https:\/\/synthechim.ma\/\",\"name\":\"Synthechim\",\"description\":\".\",\"publisher\":{\"@id\":\"https:\/\/synthechim.ma\/#organization\"},\"potentialAction\":[{\"@type\":\"SearchAction\",\"target\":{\"@type\":\"EntryPoint\",\"urlTemplate\":\"https:\/\/synthechim.ma\/?s={search_term_string}\"},\"query-input\":{\"@type\":\"PropertyValueSpecification\",\"valueRequired\":true,\"valueName\":\"search_term_string\"}}],\"inLanguage\":\"en-US\"},{\"@type\":\"Organization\",\"@id\":\"https:\/\/synthechim.ma\/#organization\",\"name\":\"Synthechim\",\"url\":\"https:\/\/synthechim.ma\/\",\"logo\":{\"@type\":\"ImageObject\",\"inLanguage\":\"en-US\",\"@id\":\"https:\/\/synthechim.ma\/#\/schema\/logo\/image\/\",\"url\":\"https:\/\/synthechim.ma\/wp-content\/uploads\/2023\/04\/Logo.png\",\"contentUrl\":\"https:\/\/synthechim.ma\/wp-content\/uploads\/2023\/04\/Logo.png\",\"width\":322,\"height\":130,\"caption\":\"Synthechim\"},\"image\":{\"@id\":\"https:\/\/synthechim.ma\/#\/schema\/logo\/image\/\"}}]}<\/script>\n<!-- \/ Yoast SEO plugin. -->","yoast_head_json":{"title":"Lubrifiant parties mobiles","description":"D\u00e9couvrez notre gamme de produits de sp\u00e9cialit\u00e9s pour la maintenance de vos moules d'injection plastique ! Graisse \u00e9jecteurs et parties mobiles du moule","robots":{"index":"index","follow":"follow","max-snippet":"max-snippet:-1","max-image-preview":"max-image-preview:large","max-video-preview":"max-video-preview:-1"},"canonical":"https:\/\/synthechim.ma\/en\/product\/lubrifiant-parties-mobiles\/","og_locale":"en_US","og_type":"article","og_title":"Lubrifiant parties mobiles","og_description":"D\u00e9couvrez notre gamme de produits de sp\u00e9cialit\u00e9s pour la maintenance de vos moules d'injection plastique ! Graisse \u00e9jecteurs et parties mobiles du moule","og_url":"https:\/\/synthechim.ma\/en\/product\/lubrifiant-parties-mobiles\/","og_site_name":"Synthechim","article_modified_time":"2023-06-01T14:44:30+00:00","og_image":[{"width":632,"height":299,"url":"https:\/\/synthechim.ma\/wp-content\/uploads\/2023\/04\/pzo-152-sp.jpeg","type":"image\/jpeg"}],"twitter_card":"summary_large_image","schema":{"@context":"https:\/\/schema.org","@graph":[{"@type":"WebPage","@id":"https:\/\/synthechim.ma\/produit\/lubrifiant-parties-mobiles\/","url":"https:\/\/synthechim.ma\/produit\/lubrifiant-parties-mobiles\/","name":"Lubrifiant parties mobiles","isPartOf":{"@id":"https:\/\/synthechim.ma\/#website"},"primaryImageOfPage":{"@id":"https:\/\/synthechim.ma\/produit\/lubrifiant-parties-mobiles\/#primaryimage"},"image":{"@id":"https:\/\/synthechim.ma\/produit\/lubrifiant-parties-mobiles\/#primaryimage"},"thumbnailUrl":"https:\/\/synthechim.ma\/wp-content\/uploads\/2023\/04\/pzo-152-sp.jpeg","datePublished":"2023-04-30T17:37:08+00:00","dateModified":"2023-06-01T14:44:30+00:00","description":"D\u00e9couvrez notre gamme de produits de sp\u00e9cialit\u00e9s pour la maintenance de vos moules d'injection plastique ! Graisse \u00e9jecteurs et parties mobiles du moule","breadcrumb":{"@id":"https:\/\/synthechim.ma\/produit\/lubrifiant-parties-mobiles\/#breadcrumb"},"inLanguage":"en-US","potentialAction":[{"@type":"ReadAction","target":["https:\/\/synthechim.ma\/produit\/lubrifiant-parties-mobiles\/"]}]},{"@type":"ImageObject","inLanguage":"en-US","@id":"https:\/\/synthechim.ma\/produit\/lubrifiant-parties-mobiles\/#primaryimage","url":"https:\/\/synthechim.ma\/wp-content\/uploads\/2023\/04\/pzo-152-sp.jpeg","contentUrl":"https:\/\/synthechim.ma\/wp-content\/uploads\/2023\/04\/pzo-152-sp.jpeg","width":632,"height":299},{"@type":"BreadcrumbList","@id":"https:\/\/synthechim.ma\/produit\/lubrifiant-parties-mobiles\/#breadcrumb","itemListElement":[{"@type":"ListItem","position":1,"name":"Accueil","item":"https:\/\/synthechim.ma\/"},{"@type":"ListItem","position":2,"name":"Produits","item":"https:\/\/synthechim.ma\/boutique__trashed\/"},{"@type":"ListItem","position":3,"name":"Lubrifiant parties mobiles"}]},{"@type":"WebSite","@id":"https:\/\/synthechim.ma\/#website","url":"https:\/\/synthechim.ma\/","name":"Synthechim","description":".","publisher":{"@id":"https:\/\/synthechim.ma\/#organization"},"potentialAction":[{"@type":"SearchAction","target":{"@type":"EntryPoint","urlTemplate":"https:\/\/synthechim.ma\/?s={search_term_string}"},"query-input":{"@type":"PropertyValueSpecification","valueRequired":true,"valueName":"search_term_string"}}],"inLanguage":"en-US"},{"@type":"Organization","@id":"https:\/\/synthechim.ma\/#organization","name":"Synthechim","url":"https:\/\/synthechim.ma\/","logo":{"@type":"ImageObject","inLanguage":"en-US","@id":"https:\/\/synthechim.ma\/#\/schema\/logo\/image\/","url":"https:\/\/synthechim.ma\/wp-content\/uploads\/2023\/04\/Logo.png","contentUrl":"https:\/\/synthechim.ma\/wp-content\/uploads\/2023\/04\/Logo.png","width":322,"height":130,"caption":"Synthechim"},"image":{"@id":"https:\/\/synthechim.ma\/#\/schema\/logo\/image\/"}}]}},"_links":{"self":[{"href":"https:\/\/synthechim.ma\/en\/wp-json\/wp\/v2\/product\/1981","targetHints":{"allow":["GET"]}}],"collection":[{"href":"https:\/\/synthechim.ma\/en\/wp-json\/wp\/v2\/product"}],"about":[{"href":"https:\/\/synthechim.ma\/en\/wp-json\/wp\/v2\/types\/product"}],"version-history":[{"count":5,"href":"https:\/\/synthechim.ma\/en\/wp-json\/wp\/v2\/product\/1981\/revisions"}],"predecessor-version":[{"id":1987,"href":"https:\/\/synthechim.ma\/en\/wp-json\/wp\/v2\/product\/1981\/revisions\/1987"}],"wp:featuredmedia":[{"embeddable":true,"href":"https:\/\/synthechim.ma\/en\/wp-json\/wp\/v2\/media\/1982"}],"wp:attachment":[{"href":"https:\/\/synthechim.ma\/en\/wp-json\/wp\/v2\/media?parent=1981"}],"wp:term":[{"taxonomy":"product_cat","embeddable":true,"href":"https:\/\/synthechim.ma\/en\/wp-json\/wp\/v2\/product_cat?post=1981"},{"taxonomy":"product_tag","embeddable":true,"href":"https:\/\/synthechim.ma\/en\/wp-json\/wp\/v2\/product_tag?post=1981"}],"curies":[{"name":"wp","href":"https:\/\/api.w.org\/{rel}","templated":true}]}}