{"id":1988,"date":"2023-04-30T19:43:06","date_gmt":"2023-04-30T17:43:06","guid":{"rendered":"https:\/\/synthechim.top-energiedin.com\/?post_type=product&#038;p=1988"},"modified":"2023-06-01T16:38:30","modified_gmt":"2023-06-01T14:38:30","slug":"lubrifiant-hautes-temperatures","status":"publish","type":"product","link":"https:\/\/synthechim.ma\/en\/product\/lubrifiant-hautes-temperatures\/","title":{"rendered":"Lubrifiant Hautes Temp\u00e9ratures"},"content":{"rendered":"<div data-elementor-type=\"product-post\" data-elementor-id=\"1988\" class=\"elementor elementor-1988\">\n\t\t\t\t\t\t<section class=\"elementor-section elementor-top-section elementor-element elementor-element-d17f8a6 elementor-section-boxed elementor-section-height-default elementor-section-height-default jltma-glass-effect-no\" data-id=\"d17f8a6\" data-element_type=\"section\">\n\t\t\t\t\t\t<div class=\"elementor-container elementor-column-gap-default\">\n\t\t\t\t\t<div class=\"elementor-column elementor-col-100 elementor-top-column elementor-element elementor-element-e951a0d jltma-glass-effect-no\" data-id=\"e951a0d\" data-element_type=\"column\">\n\t\t\t<div class=\"elementor-widget-wrap elementor-element-populated\">\n\t\t\t\t\t\t<div class=\"elementor-element elementor-element-80b48bc jltma-glass-effect-no elementor-widget elementor-widget-text-editor\" data-id=\"80b48bc\" data-element_type=\"widget\" data-widget_type=\"text-editor.default\">\n\t\t\t\t<div class=\"elementor-widget-container\">\n\t\t\t<style>\/*! elementor - v3.22.0 - 26-06-2024 *\/\n.elementor-widget-text-editor.elementor-drop-cap-view-stacked .elementor-drop-cap{background-color:#69727d;color:#fff}.elementor-widget-text-editor.elementor-drop-cap-view-framed .elementor-drop-cap{color:#69727d;border:3px solid;background-color:transparent}.elementor-widget-text-editor:not(.elementor-drop-cap-view-default) .elementor-drop-cap{margin-top:8px}.elementor-widget-text-editor:not(.elementor-drop-cap-view-default) .elementor-drop-cap-letter{width:1em;height:1em}.elementor-widget-text-editor .elementor-drop-cap{float:left;text-align:center;line-height:1;font-size:50px}.elementor-widget-text-editor .elementor-drop-cap-letter{display:inline-block}<\/style>\t\t\t\t<p>Notre lubrifiant est une p\u00e2te lubrifiante haute temp\u00e9rature \u00e0 base d&rsquo;huile synth\u00e9tiques de couleur grise.<\/p><p><br \/>Il s&rsquo;agit d&rsquo;un lubrifiant haute temp\u00e9rature et une<br \/>p\u00e2te d&rsquo;assemblage bas\u00e9 sur des huiles synth\u00e9tiques et une<br \/>combinaison de lubrifiants solides inorganiques.<\/p><p>Il conduit la chaleur et emp\u00eache le grippage.<\/p><p>Il est utilisable \u00e0 des temp\u00e9ratures (moule) allant jusqu&rsquo;\u00e0 1,000\u00b0C<\/p><p>D\u00e9couvrez notre gamme de produits de sp\u00e9cialit\u00e9s pour la maintenance de vos moules d&rsquo;injection plastique !<\/p><p>Contactez nous pour plus d&rsquo;informations !<\/p>\t\t\t\t\t\t<\/div>\n\t\t\t\t<\/div>\n\t\t\t\t\t<\/div>\n\t\t<\/div>\n\t\t\t\t\t<\/div>\n\t\t<\/section>\n\t\t\t\t<\/div>","protected":false},"excerpt":{"rendered":"","protected":false},"featured_media":1989,"template":"","meta":{"_themeisle_gutenberg_block_has_review":false},"product_cat":[18,31],"product_tag":[],"class_list":["post-1988","product","type-product","status-publish","has-post-thumbnail","hentry","product_cat-matieres-plastiques-et-auxiliaires","product_cat-maintenance-moule"],"yoast_head":"<!-- This site is optimized with the Yoast SEO plugin v26.0 - https:\/\/yoast.com\/wordpress\/plugins\/seo\/ -->\n<title>Lubrifiant Hautes Temp\u00e9ratures<\/title>\n<meta name=\"description\" content=\"D\u00e9couvrez notre gamme de produits de sp\u00e9cialit\u00e9s pour la maintenance de vos moules d&#039;injection plastique ! Graisse Haute temp\u00e9rature\" \/>\n<meta name=\"robots\" content=\"index, follow, max-snippet:-1, max-image-preview:large, max-video-preview:-1\" \/>\n<link rel=\"canonical\" href=\"https:\/\/synthechim.ma\/en\/product\/lubrifiant-hautes-temperatures\/\" \/>\n<meta property=\"og:locale\" content=\"en_US\" \/>\n<meta property=\"og:type\" content=\"article\" \/>\n<meta property=\"og:title\" content=\"Lubrifiant Hautes Temp\u00e9ratures\" \/>\n<meta property=\"og:description\" content=\"D\u00e9couvrez notre gamme de produits de sp\u00e9cialit\u00e9s pour la maintenance de vos moules d&#039;injection plastique ! Graisse Haute temp\u00e9rature\" \/>\n<meta property=\"og:url\" content=\"https:\/\/synthechim.ma\/en\/product\/lubrifiant-hautes-temperatures\/\" \/>\n<meta property=\"og:site_name\" content=\"Synthechim\" \/>\n<meta property=\"article:modified_time\" content=\"2023-06-01T14:38:30+00:00\" \/>\n<meta property=\"og:image\" content=\"https:\/\/synthechim.ma\/wp-content\/uploads\/2023\/04\/Paste-Lusin.jpg\" \/>\n\t<meta property=\"og:image:width\" content=\"1024\" \/>\n\t<meta property=\"og:image:height\" content=\"1024\" \/>\n\t<meta property=\"og:image:type\" content=\"image\/jpeg\" \/>\n<meta name=\"twitter:card\" content=\"summary_large_image\" \/>\n<script type=\"application\/ld+json\" class=\"yoast-schema-graph\">{\"@context\":\"https:\/\/schema.org\",\"@graph\":[{\"@type\":\"WebPage\",\"@id\":\"https:\/\/synthechim.ma\/produit\/lubrifiant-hautes-temperatures\/\",\"url\":\"https:\/\/synthechim.ma\/produit\/lubrifiant-hautes-temperatures\/\",\"name\":\"Lubrifiant Hautes Temp\u00e9ratures\",\"isPartOf\":{\"@id\":\"https:\/\/synthechim.ma\/#website\"},\"primaryImageOfPage\":{\"@id\":\"https:\/\/synthechim.ma\/produit\/lubrifiant-hautes-temperatures\/#primaryimage\"},\"image\":{\"@id\":\"https:\/\/synthechim.ma\/produit\/lubrifiant-hautes-temperatures\/#primaryimage\"},\"thumbnailUrl\":\"https:\/\/synthechim.ma\/wp-content\/uploads\/2023\/04\/Paste-Lusin.jpg\",\"datePublished\":\"2023-04-30T17:43:06+00:00\",\"dateModified\":\"2023-06-01T14:38:30+00:00\",\"description\":\"D\u00e9couvrez notre gamme de produits de sp\u00e9cialit\u00e9s pour la maintenance de vos moules d'injection plastique ! Graisse Haute temp\u00e9rature\",\"breadcrumb\":{\"@id\":\"https:\/\/synthechim.ma\/produit\/lubrifiant-hautes-temperatures\/#breadcrumb\"},\"inLanguage\":\"en-US\",\"potentialAction\":[{\"@type\":\"ReadAction\",\"target\":[\"https:\/\/synthechim.ma\/produit\/lubrifiant-hautes-temperatures\/\"]}]},{\"@type\":\"ImageObject\",\"inLanguage\":\"en-US\",\"@id\":\"https:\/\/synthechim.ma\/produit\/lubrifiant-hautes-temperatures\/#primaryimage\",\"url\":\"https:\/\/synthechim.ma\/wp-content\/uploads\/2023\/04\/Paste-Lusin.jpg\",\"contentUrl\":\"https:\/\/synthechim.ma\/wp-content\/uploads\/2023\/04\/Paste-Lusin.jpg\",\"width\":1024,\"height\":1024},{\"@type\":\"BreadcrumbList\",\"@id\":\"https:\/\/synthechim.ma\/produit\/lubrifiant-hautes-temperatures\/#breadcrumb\",\"itemListElement\":[{\"@type\":\"ListItem\",\"position\":1,\"name\":\"Accueil\",\"item\":\"https:\/\/synthechim.ma\/\"},{\"@type\":\"ListItem\",\"position\":2,\"name\":\"Produits\",\"item\":\"https:\/\/synthechim.ma\/boutique__trashed\/\"},{\"@type\":\"ListItem\",\"position\":3,\"name\":\"Lubrifiant Hautes Temp\u00e9ratures\"}]},{\"@type\":\"WebSite\",\"@id\":\"https:\/\/synthechim.ma\/#website\",\"url\":\"https:\/\/synthechim.ma\/\",\"name\":\"Synthechim\",\"description\":\".\",\"publisher\":{\"@id\":\"https:\/\/synthechim.ma\/#organization\"},\"potentialAction\":[{\"@type\":\"SearchAction\",\"target\":{\"@type\":\"EntryPoint\",\"urlTemplate\":\"https:\/\/synthechim.ma\/?s={search_term_string}\"},\"query-input\":{\"@type\":\"PropertyValueSpecification\",\"valueRequired\":true,\"valueName\":\"search_term_string\"}}],\"inLanguage\":\"en-US\"},{\"@type\":\"Organization\",\"@id\":\"https:\/\/synthechim.ma\/#organization\",\"name\":\"Synthechim\",\"url\":\"https:\/\/synthechim.ma\/\",\"logo\":{\"@type\":\"ImageObject\",\"inLanguage\":\"en-US\",\"@id\":\"https:\/\/synthechim.ma\/#\/schema\/logo\/image\/\",\"url\":\"https:\/\/synthechim.ma\/wp-content\/uploads\/2023\/04\/Logo.png\",\"contentUrl\":\"https:\/\/synthechim.ma\/wp-content\/uploads\/2023\/04\/Logo.png\",\"width\":322,\"height\":130,\"caption\":\"Synthechim\"},\"image\":{\"@id\":\"https:\/\/synthechim.ma\/#\/schema\/logo\/image\/\"}}]}<\/script>\n<!-- \/ Yoast SEO plugin. -->","yoast_head_json":{"title":"Lubrifiant Hautes Temp\u00e9ratures","description":"D\u00e9couvrez notre gamme de produits de sp\u00e9cialit\u00e9s pour la maintenance de vos moules d'injection plastique ! Graisse Haute temp\u00e9rature","robots":{"index":"index","follow":"follow","max-snippet":"max-snippet:-1","max-image-preview":"max-image-preview:large","max-video-preview":"max-video-preview:-1"},"canonical":"https:\/\/synthechim.ma\/en\/product\/lubrifiant-hautes-temperatures\/","og_locale":"en_US","og_type":"article","og_title":"Lubrifiant Hautes Temp\u00e9ratures","og_description":"D\u00e9couvrez notre gamme de produits de sp\u00e9cialit\u00e9s pour la maintenance de vos moules d'injection plastique ! Graisse Haute temp\u00e9rature","og_url":"https:\/\/synthechim.ma\/en\/product\/lubrifiant-hautes-temperatures\/","og_site_name":"Synthechim","article_modified_time":"2023-06-01T14:38:30+00:00","og_image":[{"width":1024,"height":1024,"url":"https:\/\/synthechim.ma\/wp-content\/uploads\/2023\/04\/Paste-Lusin.jpg","type":"image\/jpeg"}],"twitter_card":"summary_large_image","schema":{"@context":"https:\/\/schema.org","@graph":[{"@type":"WebPage","@id":"https:\/\/synthechim.ma\/produit\/lubrifiant-hautes-temperatures\/","url":"https:\/\/synthechim.ma\/produit\/lubrifiant-hautes-temperatures\/","name":"Lubrifiant Hautes Temp\u00e9ratures","isPartOf":{"@id":"https:\/\/synthechim.ma\/#website"},"primaryImageOfPage":{"@id":"https:\/\/synthechim.ma\/produit\/lubrifiant-hautes-temperatures\/#primaryimage"},"image":{"@id":"https:\/\/synthechim.ma\/produit\/lubrifiant-hautes-temperatures\/#primaryimage"},"thumbnailUrl":"https:\/\/synthechim.ma\/wp-content\/uploads\/2023\/04\/Paste-Lusin.jpg","datePublished":"2023-04-30T17:43:06+00:00","dateModified":"2023-06-01T14:38:30+00:00","description":"D\u00e9couvrez notre gamme de produits de sp\u00e9cialit\u00e9s pour la maintenance de vos moules d'injection plastique ! Graisse Haute temp\u00e9rature","breadcrumb":{"@id":"https:\/\/synthechim.ma\/produit\/lubrifiant-hautes-temperatures\/#breadcrumb"},"inLanguage":"en-US","potentialAction":[{"@type":"ReadAction","target":["https:\/\/synthechim.ma\/produit\/lubrifiant-hautes-temperatures\/"]}]},{"@type":"ImageObject","inLanguage":"en-US","@id":"https:\/\/synthechim.ma\/produit\/lubrifiant-hautes-temperatures\/#primaryimage","url":"https:\/\/synthechim.ma\/wp-content\/uploads\/2023\/04\/Paste-Lusin.jpg","contentUrl":"https:\/\/synthechim.ma\/wp-content\/uploads\/2023\/04\/Paste-Lusin.jpg","width":1024,"height":1024},{"@type":"BreadcrumbList","@id":"https:\/\/synthechim.ma\/produit\/lubrifiant-hautes-temperatures\/#breadcrumb","itemListElement":[{"@type":"ListItem","position":1,"name":"Accueil","item":"https:\/\/synthechim.ma\/"},{"@type":"ListItem","position":2,"name":"Produits","item":"https:\/\/synthechim.ma\/boutique__trashed\/"},{"@type":"ListItem","position":3,"name":"Lubrifiant Hautes Temp\u00e9ratures"}]},{"@type":"WebSite","@id":"https:\/\/synthechim.ma\/#website","url":"https:\/\/synthechim.ma\/","name":"Synthechim","description":".","publisher":{"@id":"https:\/\/synthechim.ma\/#organization"},"potentialAction":[{"@type":"SearchAction","target":{"@type":"EntryPoint","urlTemplate":"https:\/\/synthechim.ma\/?s={search_term_string}"},"query-input":{"@type":"PropertyValueSpecification","valueRequired":true,"valueName":"search_term_string"}}],"inLanguage":"en-US"},{"@type":"Organization","@id":"https:\/\/synthechim.ma\/#organization","name":"Synthechim","url":"https:\/\/synthechim.ma\/","logo":{"@type":"ImageObject","inLanguage":"en-US","@id":"https:\/\/synthechim.ma\/#\/schema\/logo\/image\/","url":"https:\/\/synthechim.ma\/wp-content\/uploads\/2023\/04\/Logo.png","contentUrl":"https:\/\/synthechim.ma\/wp-content\/uploads\/2023\/04\/Logo.png","width":322,"height":130,"caption":"Synthechim"},"image":{"@id":"https:\/\/synthechim.ma\/#\/schema\/logo\/image\/"}}]}},"_links":{"self":[{"href":"https:\/\/synthechim.ma\/en\/wp-json\/wp\/v2\/product\/1988","targetHints":{"allow":["GET"]}}],"collection":[{"href":"https:\/\/synthechim.ma\/en\/wp-json\/wp\/v2\/product"}],"about":[{"href":"https:\/\/synthechim.ma\/en\/wp-json\/wp\/v2\/types\/product"}],"version-history":[{"count":8,"href":"https:\/\/synthechim.ma\/en\/wp-json\/wp\/v2\/product\/1988\/revisions"}],"predecessor-version":[{"id":1997,"href":"https:\/\/synthechim.ma\/en\/wp-json\/wp\/v2\/product\/1988\/revisions\/1997"}],"wp:featuredmedia":[{"embeddable":true,"href":"https:\/\/synthechim.ma\/en\/wp-json\/wp\/v2\/media\/1989"}],"wp:attachment":[{"href":"https:\/\/synthechim.ma\/en\/wp-json\/wp\/v2\/media?parent=1988"}],"wp:term":[{"taxonomy":"product_cat","embeddable":true,"href":"https:\/\/synthechim.ma\/en\/wp-json\/wp\/v2\/product_cat?post=1988"},{"taxonomy":"product_tag","embeddable":true,"href":"https:\/\/synthechim.ma\/en\/wp-json\/wp\/v2\/product_tag?post=1988"}],"curies":[{"name":"wp","href":"https:\/\/api.w.org\/{rel}","templated":true}]}}