{"id":2005,"date":"2023-04-30T19:55:49","date_gmt":"2023-04-30T17:55:49","guid":{"rendered":"https:\/\/synthechim.top-energiedin.com\/?post_type=product&#038;p=2005"},"modified":"2023-06-01T16:30:57","modified_gmt":"2023-06-01T14:30:57","slug":"degrippant-multi-usage","status":"publish","type":"product","link":"https:\/\/synthechim.ma\/en\/product\/degrippant-multi-usage\/","title":{"rendered":"D\u00e9grippant multi-usage"},"content":{"rendered":"<div data-elementor-type=\"product-post\" data-elementor-id=\"2005\" class=\"elementor elementor-2005\">\n\t\t\t\t\t\t<section class=\"elementor-section elementor-top-section elementor-element elementor-element-9d3d0c9 elementor-section-boxed elementor-section-height-default elementor-section-height-default jltma-glass-effect-no\" data-id=\"9d3d0c9\" data-element_type=\"section\">\n\t\t\t\t\t\t<div class=\"elementor-container elementor-column-gap-default\">\n\t\t\t\t\t<div class=\"elementor-column elementor-col-100 elementor-top-column elementor-element elementor-element-e56af91 jltma-glass-effect-no\" data-id=\"e56af91\" data-element_type=\"column\">\n\t\t\t<div class=\"elementor-widget-wrap elementor-element-populated\">\n\t\t\t\t\t\t<div class=\"elementor-element elementor-element-43fba3a jltma-glass-effect-no elementor-widget elementor-widget-text-editor\" data-id=\"43fba3a\" data-element_type=\"widget\" data-widget_type=\"text-editor.default\">\n\t\t\t\t<div class=\"elementor-widget-container\">\n\t\t\t<style>\/*! elementor - v3.22.0 - 26-06-2024 *\/\n.elementor-widget-text-editor.elementor-drop-cap-view-stacked .elementor-drop-cap{background-color:#69727d;color:#fff}.elementor-widget-text-editor.elementor-drop-cap-view-framed .elementor-drop-cap{color:#69727d;border:3px solid;background-color:transparent}.elementor-widget-text-editor:not(.elementor-drop-cap-view-default) .elementor-drop-cap{margin-top:8px}.elementor-widget-text-editor:not(.elementor-drop-cap-view-default) .elementor-drop-cap-letter{width:1em;height:1em}.elementor-widget-text-editor .elementor-drop-cap{float:left;text-align:center;line-height:1;font-size:50px}.elementor-widget-text-editor .elementor-drop-cap-letter{display:inline-block}<\/style>\t\t\t\t<p>Huile sprayable haute performance. Produit huileux multi-usage p\u00e9n\u00e9trant dans les fissures et recoins.<\/p><p>Il sert de lubrifiant et d&rsquo;agent de protection contre la corrosion.<\/p><p>Du fait de son principe actif anti-rouille, il va \u00e9vacuer et r\u00e9duire les traces de corrosion sur les pi\u00e8ces.<\/p><p>D\u00e9couvrez notre gamme de produits de sp\u00e9cialit\u00e9s pour la maintenance de vos moules d&rsquo;injection plastique !<\/p><p>Contactez nous pour plus d&rsquo;informations !<\/p>\t\t\t\t\t\t<\/div>\n\t\t\t\t<\/div>\n\t\t\t\t\t<\/div>\n\t\t<\/div>\n\t\t\t\t\t<\/div>\n\t\t<\/section>\n\t\t\t\t<\/div>","protected":false},"excerpt":{"rendered":"","protected":false},"featured_media":2006,"template":"","meta":{"_themeisle_gutenberg_block_has_review":false},"product_cat":[18,31],"product_tag":[],"class_list":["post-2005","product","type-product","status-publish","has-post-thumbnail","hentry","product_cat-matieres-plastiques-et-auxiliaires","product_cat-maintenance-moule"],"yoast_head":"<!-- This site is optimized with the Yoast SEO plugin v26.0 - https:\/\/yoast.com\/wordpress\/plugins\/seo\/ -->\n<title>D\u00e9grippant multi-usage<\/title>\n<meta name=\"description\" content=\"D\u00e9couvrez notre gamme de produits de sp\u00e9cialit\u00e9s pour la maintenance de vos moules d&#039;injection plastique ! D\u00e9grippant Multi-usage\" \/>\n<meta name=\"robots\" content=\"index, follow, max-snippet:-1, max-image-preview:large, max-video-preview:-1\" \/>\n<link rel=\"canonical\" href=\"https:\/\/synthechim.ma\/en\/product\/degrippant-multi-usage\/\" \/>\n<meta property=\"og:locale\" content=\"en_US\" \/>\n<meta property=\"og:type\" content=\"article\" \/>\n<meta property=\"og:title\" content=\"D\u00e9grippant multi-usage\" \/>\n<meta property=\"og:description\" content=\"D\u00e9couvrez notre gamme de produits de sp\u00e9cialit\u00e9s pour la maintenance de vos moules d&#039;injection plastique ! D\u00e9grippant Multi-usage\" \/>\n<meta property=\"og:url\" content=\"https:\/\/synthechim.ma\/en\/product\/degrippant-multi-usage\/\" \/>\n<meta property=\"og:site_name\" content=\"Synthechim\" \/>\n<meta property=\"article:modified_time\" content=\"2023-06-01T14:30:57+00:00\" \/>\n<meta property=\"og:image\" content=\"https:\/\/synthechim.ma\/wp-content\/uploads\/2023\/04\/protection-anti-corrosion-lusin-protect-g-11-009872330-product_zoom.jpg\" \/>\n\t<meta property=\"og:image:width\" content=\"640\" \/>\n\t<meta property=\"og:image:height\" content=\"480\" \/>\n\t<meta property=\"og:image:type\" content=\"image\/jpeg\" \/>\n<meta name=\"twitter:card\" content=\"summary_large_image\" \/>\n<script type=\"application\/ld+json\" class=\"yoast-schema-graph\">{\"@context\":\"https:\/\/schema.org\",\"@graph\":[{\"@type\":\"WebPage\",\"@id\":\"https:\/\/synthechim.ma\/produit\/degrippant-multi-usage\/\",\"url\":\"https:\/\/synthechim.ma\/produit\/degrippant-multi-usage\/\",\"name\":\"D\u00e9grippant multi-usage\",\"isPartOf\":{\"@id\":\"https:\/\/synthechim.ma\/#website\"},\"primaryImageOfPage\":{\"@id\":\"https:\/\/synthechim.ma\/produit\/degrippant-multi-usage\/#primaryimage\"},\"image\":{\"@id\":\"https:\/\/synthechim.ma\/produit\/degrippant-multi-usage\/#primaryimage\"},\"thumbnailUrl\":\"https:\/\/synthechim.ma\/wp-content\/uploads\/2023\/04\/protection-anti-corrosion-lusin-protect-g-11-009872330-product_zoom.jpg\",\"datePublished\":\"2023-04-30T17:55:49+00:00\",\"dateModified\":\"2023-06-01T14:30:57+00:00\",\"description\":\"D\u00e9couvrez notre gamme de produits de sp\u00e9cialit\u00e9s pour la maintenance de vos moules d'injection plastique ! D\u00e9grippant Multi-usage\",\"breadcrumb\":{\"@id\":\"https:\/\/synthechim.ma\/produit\/degrippant-multi-usage\/#breadcrumb\"},\"inLanguage\":\"en-US\",\"potentialAction\":[{\"@type\":\"ReadAction\",\"target\":[\"https:\/\/synthechim.ma\/produit\/degrippant-multi-usage\/\"]}]},{\"@type\":\"ImageObject\",\"inLanguage\":\"en-US\",\"@id\":\"https:\/\/synthechim.ma\/produit\/degrippant-multi-usage\/#primaryimage\",\"url\":\"https:\/\/synthechim.ma\/wp-content\/uploads\/2023\/04\/protection-anti-corrosion-lusin-protect-g-11-009872330-product_zoom.jpg\",\"contentUrl\":\"https:\/\/synthechim.ma\/wp-content\/uploads\/2023\/04\/protection-anti-corrosion-lusin-protect-g-11-009872330-product_zoom.jpg\",\"width\":640,\"height\":480},{\"@type\":\"BreadcrumbList\",\"@id\":\"https:\/\/synthechim.ma\/produit\/degrippant-multi-usage\/#breadcrumb\",\"itemListElement\":[{\"@type\":\"ListItem\",\"position\":1,\"name\":\"Accueil\",\"item\":\"https:\/\/synthechim.ma\/\"},{\"@type\":\"ListItem\",\"position\":2,\"name\":\"Produits\",\"item\":\"https:\/\/synthechim.ma\/boutique__trashed\/\"},{\"@type\":\"ListItem\",\"position\":3,\"name\":\"D\u00e9grippant multi-usage\"}]},{\"@type\":\"WebSite\",\"@id\":\"https:\/\/synthechim.ma\/#website\",\"url\":\"https:\/\/synthechim.ma\/\",\"name\":\"Synthechim\",\"description\":\".\",\"publisher\":{\"@id\":\"https:\/\/synthechim.ma\/#organization\"},\"potentialAction\":[{\"@type\":\"SearchAction\",\"target\":{\"@type\":\"EntryPoint\",\"urlTemplate\":\"https:\/\/synthechim.ma\/?s={search_term_string}\"},\"query-input\":{\"@type\":\"PropertyValueSpecification\",\"valueRequired\":true,\"valueName\":\"search_term_string\"}}],\"inLanguage\":\"en-US\"},{\"@type\":\"Organization\",\"@id\":\"https:\/\/synthechim.ma\/#organization\",\"name\":\"Synthechim\",\"url\":\"https:\/\/synthechim.ma\/\",\"logo\":{\"@type\":\"ImageObject\",\"inLanguage\":\"en-US\",\"@id\":\"https:\/\/synthechim.ma\/#\/schema\/logo\/image\/\",\"url\":\"https:\/\/synthechim.ma\/wp-content\/uploads\/2023\/04\/Logo.png\",\"contentUrl\":\"https:\/\/synthechim.ma\/wp-content\/uploads\/2023\/04\/Logo.png\",\"width\":322,\"height\":130,\"caption\":\"Synthechim\"},\"image\":{\"@id\":\"https:\/\/synthechim.ma\/#\/schema\/logo\/image\/\"}}]}<\/script>\n<!-- \/ Yoast SEO plugin. -->","yoast_head_json":{"title":"D\u00e9grippant multi-usage","description":"D\u00e9couvrez notre gamme de produits de sp\u00e9cialit\u00e9s pour la maintenance de vos moules d'injection plastique ! D\u00e9grippant Multi-usage","robots":{"index":"index","follow":"follow","max-snippet":"max-snippet:-1","max-image-preview":"max-image-preview:large","max-video-preview":"max-video-preview:-1"},"canonical":"https:\/\/synthechim.ma\/en\/product\/degrippant-multi-usage\/","og_locale":"en_US","og_type":"article","og_title":"D\u00e9grippant multi-usage","og_description":"D\u00e9couvrez notre gamme de produits de sp\u00e9cialit\u00e9s pour la maintenance de vos moules d'injection plastique ! D\u00e9grippant Multi-usage","og_url":"https:\/\/synthechim.ma\/en\/product\/degrippant-multi-usage\/","og_site_name":"Synthechim","article_modified_time":"2023-06-01T14:30:57+00:00","og_image":[{"width":640,"height":480,"url":"https:\/\/synthechim.ma\/wp-content\/uploads\/2023\/04\/protection-anti-corrosion-lusin-protect-g-11-009872330-product_zoom.jpg","type":"image\/jpeg"}],"twitter_card":"summary_large_image","schema":{"@context":"https:\/\/schema.org","@graph":[{"@type":"WebPage","@id":"https:\/\/synthechim.ma\/produit\/degrippant-multi-usage\/","url":"https:\/\/synthechim.ma\/produit\/degrippant-multi-usage\/","name":"D\u00e9grippant multi-usage","isPartOf":{"@id":"https:\/\/synthechim.ma\/#website"},"primaryImageOfPage":{"@id":"https:\/\/synthechim.ma\/produit\/degrippant-multi-usage\/#primaryimage"},"image":{"@id":"https:\/\/synthechim.ma\/produit\/degrippant-multi-usage\/#primaryimage"},"thumbnailUrl":"https:\/\/synthechim.ma\/wp-content\/uploads\/2023\/04\/protection-anti-corrosion-lusin-protect-g-11-009872330-product_zoom.jpg","datePublished":"2023-04-30T17:55:49+00:00","dateModified":"2023-06-01T14:30:57+00:00","description":"D\u00e9couvrez notre gamme de produits de sp\u00e9cialit\u00e9s pour la maintenance de vos moules d'injection plastique ! D\u00e9grippant Multi-usage","breadcrumb":{"@id":"https:\/\/synthechim.ma\/produit\/degrippant-multi-usage\/#breadcrumb"},"inLanguage":"en-US","potentialAction":[{"@type":"ReadAction","target":["https:\/\/synthechim.ma\/produit\/degrippant-multi-usage\/"]}]},{"@type":"ImageObject","inLanguage":"en-US","@id":"https:\/\/synthechim.ma\/produit\/degrippant-multi-usage\/#primaryimage","url":"https:\/\/synthechim.ma\/wp-content\/uploads\/2023\/04\/protection-anti-corrosion-lusin-protect-g-11-009872330-product_zoom.jpg","contentUrl":"https:\/\/synthechim.ma\/wp-content\/uploads\/2023\/04\/protection-anti-corrosion-lusin-protect-g-11-009872330-product_zoom.jpg","width":640,"height":480},{"@type":"BreadcrumbList","@id":"https:\/\/synthechim.ma\/produit\/degrippant-multi-usage\/#breadcrumb","itemListElement":[{"@type":"ListItem","position":1,"name":"Accueil","item":"https:\/\/synthechim.ma\/"},{"@type":"ListItem","position":2,"name":"Produits","item":"https:\/\/synthechim.ma\/boutique__trashed\/"},{"@type":"ListItem","position":3,"name":"D\u00e9grippant multi-usage"}]},{"@type":"WebSite","@id":"https:\/\/synthechim.ma\/#website","url":"https:\/\/synthechim.ma\/","name":"Synthechim","description":".","publisher":{"@id":"https:\/\/synthechim.ma\/#organization"},"potentialAction":[{"@type":"SearchAction","target":{"@type":"EntryPoint","urlTemplate":"https:\/\/synthechim.ma\/?s={search_term_string}"},"query-input":{"@type":"PropertyValueSpecification","valueRequired":true,"valueName":"search_term_string"}}],"inLanguage":"en-US"},{"@type":"Organization","@id":"https:\/\/synthechim.ma\/#organization","name":"Synthechim","url":"https:\/\/synthechim.ma\/","logo":{"@type":"ImageObject","inLanguage":"en-US","@id":"https:\/\/synthechim.ma\/#\/schema\/logo\/image\/","url":"https:\/\/synthechim.ma\/wp-content\/uploads\/2023\/04\/Logo.png","contentUrl":"https:\/\/synthechim.ma\/wp-content\/uploads\/2023\/04\/Logo.png","width":322,"height":130,"caption":"Synthechim"},"image":{"@id":"https:\/\/synthechim.ma\/#\/schema\/logo\/image\/"}}]}},"_links":{"self":[{"href":"https:\/\/synthechim.ma\/en\/wp-json\/wp\/v2\/product\/2005","targetHints":{"allow":["GET"]}}],"collection":[{"href":"https:\/\/synthechim.ma\/en\/wp-json\/wp\/v2\/product"}],"about":[{"href":"https:\/\/synthechim.ma\/en\/wp-json\/wp\/v2\/types\/product"}],"version-history":[{"count":5,"href":"https:\/\/synthechim.ma\/en\/wp-json\/wp\/v2\/product\/2005\/revisions"}],"predecessor-version":[{"id":2011,"href":"https:\/\/synthechim.ma\/en\/wp-json\/wp\/v2\/product\/2005\/revisions\/2011"}],"wp:featuredmedia":[{"embeddable":true,"href":"https:\/\/synthechim.ma\/en\/wp-json\/wp\/v2\/media\/2006"}],"wp:attachment":[{"href":"https:\/\/synthechim.ma\/en\/wp-json\/wp\/v2\/media?parent=2005"}],"wp:term":[{"taxonomy":"product_cat","embeddable":true,"href":"https:\/\/synthechim.ma\/en\/wp-json\/wp\/v2\/product_cat?post=2005"},{"taxonomy":"product_tag","embeddable":true,"href":"https:\/\/synthechim.ma\/en\/wp-json\/wp\/v2\/product_tag?post=2005"}],"curies":[{"name":"wp","href":"https:\/\/api.w.org\/{rel}","templated":true}]}}