{"id":2012,"date":"2023-04-30T20:00:47","date_gmt":"2023-04-30T18:00:47","guid":{"rendered":"https:\/\/synthechim.top-energiedin.com\/?post_type=product&#038;p=2012"},"modified":"2023-06-01T16:27:29","modified_gmt":"2023-06-01T14:27:29","slug":"demoulant-sans-silicone","status":"publish","type":"product","link":"https:\/\/synthechim.ma\/en\/product\/demoulant-sans-silicone\/","title":{"rendered":"D\u00e9moulant sans silicone"},"content":{"rendered":"<div data-elementor-type=\"product-post\" data-elementor-id=\"2012\" class=\"elementor elementor-2012\">\n\t\t\t\t\t\t<section class=\"elementor-section elementor-top-section elementor-element elementor-element-6b0a9c4 elementor-section-boxed elementor-section-height-default elementor-section-height-default jltma-glass-effect-no\" data-id=\"6b0a9c4\" data-element_type=\"section\">\n\t\t\t\t\t\t<div class=\"elementor-container elementor-column-gap-default\">\n\t\t\t\t\t<div class=\"elementor-column elementor-col-100 elementor-top-column elementor-element elementor-element-186195c jltma-glass-effect-no\" data-id=\"186195c\" data-element_type=\"column\">\n\t\t\t<div class=\"elementor-widget-wrap elementor-element-populated\">\n\t\t\t\t\t\t<div class=\"elementor-element elementor-element-59b8d1c jltma-glass-effect-no elementor-widget elementor-widget-text-editor\" data-id=\"59b8d1c\" data-element_type=\"widget\" data-widget_type=\"text-editor.default\">\n\t\t\t\t<div class=\"elementor-widget-container\">\n\t\t\t<style>\/*! elementor - v3.22.0 - 26-06-2024 *\/\n.elementor-widget-text-editor.elementor-drop-cap-view-stacked .elementor-drop-cap{background-color:#69727d;color:#fff}.elementor-widget-text-editor.elementor-drop-cap-view-framed .elementor-drop-cap{color:#69727d;border:3px solid;background-color:transparent}.elementor-widget-text-editor:not(.elementor-drop-cap-view-default) .elementor-drop-cap{margin-top:8px}.elementor-widget-text-editor:not(.elementor-drop-cap-view-default) .elementor-drop-cap-letter{width:1em;height:1em}.elementor-widget-text-editor .elementor-drop-cap{float:left;text-align:center;line-height:1;font-size:50px}.elementor-widget-text-editor .elementor-drop-cap-letter{display:inline-block}<\/style>\t\t\t\t<p>Agent de d\u00e9moulage universel sans silicone.<\/p><p>D\u00e9couvrez notre gamme de produits de sp\u00e9cialit\u00e9s pour la maintenance de vos moules d&rsquo;injection plastique !<\/p><p>Contactez nous pour plus d&rsquo;informations !<\/p>\t\t\t\t\t\t<\/div>\n\t\t\t\t<\/div>\n\t\t\t\t\t<\/div>\n\t\t<\/div>\n\t\t\t\t\t<\/div>\n\t\t<\/section>\n\t\t\t\t<\/div>","protected":false},"excerpt":{"rendered":"<p>Agent de d\u00e9moulage universel sans silicone. D\u00e9couvrez notre gamme de produits de sp\u00e9cialit\u00e9s pour la maintenance de vos moules d&rsquo;injection plastique ! Contactez nous pour plus d&rsquo;informations !<\/p>","protected":false},"featured_media":2013,"template":"","meta":{"_themeisle_gutenberg_block_has_review":false},"product_cat":[18,31],"product_tag":[],"class_list":["post-2012","product","type-product","status-publish","has-post-thumbnail","hentry","product_cat-matieres-plastiques-et-auxiliaires","product_cat-maintenance-moule"],"yoast_head":"<!-- This site is optimized with the Yoast SEO plugin v26.0 - https:\/\/yoast.com\/wordpress\/plugins\/seo\/ -->\n<title>D\u00e9moulant sans silicone - Synthechim<\/title>\n<meta name=\"description\" content=\"D\u00e9couvrez notre gamme de produits chimiques de maintenance \u00e0 destination des moules d&#039;injection plastique - D\u00e9moulant sans silicone\" \/>\n<meta name=\"robots\" content=\"index, follow, max-snippet:-1, max-image-preview:large, max-video-preview:-1\" \/>\n<link rel=\"canonical\" href=\"https:\/\/synthechim.ma\/en\/product\/demoulant-sans-silicone\/\" \/>\n<meta property=\"og:locale\" content=\"en_US\" \/>\n<meta property=\"og:type\" content=\"article\" \/>\n<meta property=\"og:title\" content=\"D\u00e9moulant sans silicone - Synthechim\" \/>\n<meta property=\"og:description\" content=\"D\u00e9couvrez notre gamme de produits chimiques de maintenance \u00e0 destination des moules d&#039;injection plastique - D\u00e9moulant sans silicone\" \/>\n<meta property=\"og:url\" content=\"https:\/\/synthechim.ma\/en\/product\/demoulant-sans-silicone\/\" \/>\n<meta property=\"og:site_name\" content=\"Synthechim\" \/>\n<meta property=\"article:modified_time\" content=\"2023-06-01T14:27:29+00:00\" \/>\n<meta property=\"og:image\" content=\"https:\/\/synthechim.ma\/wp-content\/uploads\/2023\/04\/TP16-FS-Lusin_Alro_OL_151-A_V1.jpg\" \/>\n\t<meta property=\"og:image:width\" content=\"850\" \/>\n\t<meta property=\"og:image:height\" content=\"850\" \/>\n\t<meta property=\"og:image:type\" content=\"image\/jpeg\" \/>\n<meta name=\"twitter:card\" content=\"summary_large_image\" \/>\n<meta name=\"twitter:label1\" content=\"Est. reading time\" \/>\n\t<meta name=\"twitter:data1\" content=\"1 minute\" \/>\n<script type=\"application\/ld+json\" class=\"yoast-schema-graph\">{\"@context\":\"https:\/\/schema.org\",\"@graph\":[{\"@type\":\"WebPage\",\"@id\":\"https:\/\/synthechim.ma\/produit\/demoulant-sans-silicone\/\",\"url\":\"https:\/\/synthechim.ma\/produit\/demoulant-sans-silicone\/\",\"name\":\"D\u00e9moulant sans silicone - Synthechim\",\"isPartOf\":{\"@id\":\"https:\/\/synthechim.ma\/#website\"},\"primaryImageOfPage\":{\"@id\":\"https:\/\/synthechim.ma\/produit\/demoulant-sans-silicone\/#primaryimage\"},\"image\":{\"@id\":\"https:\/\/synthechim.ma\/produit\/demoulant-sans-silicone\/#primaryimage\"},\"thumbnailUrl\":\"https:\/\/synthechim.ma\/wp-content\/uploads\/2023\/04\/TP16-FS-Lusin_Alro_OL_151-A_V1.jpg\",\"datePublished\":\"2023-04-30T18:00:47+00:00\",\"dateModified\":\"2023-06-01T14:27:29+00:00\",\"description\":\"D\u00e9couvrez notre gamme de produits chimiques de maintenance \u00e0 destination des moules d'injection plastique - D\u00e9moulant sans silicone\",\"breadcrumb\":{\"@id\":\"https:\/\/synthechim.ma\/produit\/demoulant-sans-silicone\/#breadcrumb\"},\"inLanguage\":\"en-US\",\"potentialAction\":[{\"@type\":\"ReadAction\",\"target\":[\"https:\/\/synthechim.ma\/produit\/demoulant-sans-silicone\/\"]}]},{\"@type\":\"ImageObject\",\"inLanguage\":\"en-US\",\"@id\":\"https:\/\/synthechim.ma\/produit\/demoulant-sans-silicone\/#primaryimage\",\"url\":\"https:\/\/synthechim.ma\/wp-content\/uploads\/2023\/04\/TP16-FS-Lusin_Alro_OL_151-A_V1.jpg\",\"contentUrl\":\"https:\/\/synthechim.ma\/wp-content\/uploads\/2023\/04\/TP16-FS-Lusin_Alro_OL_151-A_V1.jpg\",\"width\":850,\"height\":850},{\"@type\":\"BreadcrumbList\",\"@id\":\"https:\/\/synthechim.ma\/produit\/demoulant-sans-silicone\/#breadcrumb\",\"itemListElement\":[{\"@type\":\"ListItem\",\"position\":1,\"name\":\"Accueil\",\"item\":\"https:\/\/synthechim.ma\/\"},{\"@type\":\"ListItem\",\"position\":2,\"name\":\"Produits\",\"item\":\"https:\/\/synthechim.ma\/boutique__trashed\/\"},{\"@type\":\"ListItem\",\"position\":3,\"name\":\"D\u00e9moulant sans silicone\"}]},{\"@type\":\"WebSite\",\"@id\":\"https:\/\/synthechim.ma\/#website\",\"url\":\"https:\/\/synthechim.ma\/\",\"name\":\"Synthechim\",\"description\":\".\",\"publisher\":{\"@id\":\"https:\/\/synthechim.ma\/#organization\"},\"potentialAction\":[{\"@type\":\"SearchAction\",\"target\":{\"@type\":\"EntryPoint\",\"urlTemplate\":\"https:\/\/synthechim.ma\/?s={search_term_string}\"},\"query-input\":{\"@type\":\"PropertyValueSpecification\",\"valueRequired\":true,\"valueName\":\"search_term_string\"}}],\"inLanguage\":\"en-US\"},{\"@type\":\"Organization\",\"@id\":\"https:\/\/synthechim.ma\/#organization\",\"name\":\"Synthechim\",\"url\":\"https:\/\/synthechim.ma\/\",\"logo\":{\"@type\":\"ImageObject\",\"inLanguage\":\"en-US\",\"@id\":\"https:\/\/synthechim.ma\/#\/schema\/logo\/image\/\",\"url\":\"https:\/\/synthechim.ma\/wp-content\/uploads\/2023\/04\/Logo.png\",\"contentUrl\":\"https:\/\/synthechim.ma\/wp-content\/uploads\/2023\/04\/Logo.png\",\"width\":322,\"height\":130,\"caption\":\"Synthechim\"},\"image\":{\"@id\":\"https:\/\/synthechim.ma\/#\/schema\/logo\/image\/\"}}]}<\/script>\n<!-- \/ Yoast SEO plugin. -->","yoast_head_json":{"title":"D\u00e9moulant sans silicone - Synthechim","description":"D\u00e9couvrez notre gamme de produits chimiques de maintenance \u00e0 destination des moules d'injection plastique - D\u00e9moulant sans silicone","robots":{"index":"index","follow":"follow","max-snippet":"max-snippet:-1","max-image-preview":"max-image-preview:large","max-video-preview":"max-video-preview:-1"},"canonical":"https:\/\/synthechim.ma\/en\/product\/demoulant-sans-silicone\/","og_locale":"en_US","og_type":"article","og_title":"D\u00e9moulant sans silicone - Synthechim","og_description":"D\u00e9couvrez notre gamme de produits chimiques de maintenance \u00e0 destination des moules d'injection plastique - D\u00e9moulant sans silicone","og_url":"https:\/\/synthechim.ma\/en\/product\/demoulant-sans-silicone\/","og_site_name":"Synthechim","article_modified_time":"2023-06-01T14:27:29+00:00","og_image":[{"width":850,"height":850,"url":"https:\/\/synthechim.ma\/wp-content\/uploads\/2023\/04\/TP16-FS-Lusin_Alro_OL_151-A_V1.jpg","type":"image\/jpeg"}],"twitter_card":"summary_large_image","twitter_misc":{"Est. reading time":"1 minute"},"schema":{"@context":"https:\/\/schema.org","@graph":[{"@type":"WebPage","@id":"https:\/\/synthechim.ma\/produit\/demoulant-sans-silicone\/","url":"https:\/\/synthechim.ma\/produit\/demoulant-sans-silicone\/","name":"D\u00e9moulant sans silicone - Synthechim","isPartOf":{"@id":"https:\/\/synthechim.ma\/#website"},"primaryImageOfPage":{"@id":"https:\/\/synthechim.ma\/produit\/demoulant-sans-silicone\/#primaryimage"},"image":{"@id":"https:\/\/synthechim.ma\/produit\/demoulant-sans-silicone\/#primaryimage"},"thumbnailUrl":"https:\/\/synthechim.ma\/wp-content\/uploads\/2023\/04\/TP16-FS-Lusin_Alro_OL_151-A_V1.jpg","datePublished":"2023-04-30T18:00:47+00:00","dateModified":"2023-06-01T14:27:29+00:00","description":"D\u00e9couvrez notre gamme de produits chimiques de maintenance \u00e0 destination des moules d'injection plastique - D\u00e9moulant sans silicone","breadcrumb":{"@id":"https:\/\/synthechim.ma\/produit\/demoulant-sans-silicone\/#breadcrumb"},"inLanguage":"en-US","potentialAction":[{"@type":"ReadAction","target":["https:\/\/synthechim.ma\/produit\/demoulant-sans-silicone\/"]}]},{"@type":"ImageObject","inLanguage":"en-US","@id":"https:\/\/synthechim.ma\/produit\/demoulant-sans-silicone\/#primaryimage","url":"https:\/\/synthechim.ma\/wp-content\/uploads\/2023\/04\/TP16-FS-Lusin_Alro_OL_151-A_V1.jpg","contentUrl":"https:\/\/synthechim.ma\/wp-content\/uploads\/2023\/04\/TP16-FS-Lusin_Alro_OL_151-A_V1.jpg","width":850,"height":850},{"@type":"BreadcrumbList","@id":"https:\/\/synthechim.ma\/produit\/demoulant-sans-silicone\/#breadcrumb","itemListElement":[{"@type":"ListItem","position":1,"name":"Accueil","item":"https:\/\/synthechim.ma\/"},{"@type":"ListItem","position":2,"name":"Produits","item":"https:\/\/synthechim.ma\/boutique__trashed\/"},{"@type":"ListItem","position":3,"name":"D\u00e9moulant sans silicone"}]},{"@type":"WebSite","@id":"https:\/\/synthechim.ma\/#website","url":"https:\/\/synthechim.ma\/","name":"Synthechim","description":".","publisher":{"@id":"https:\/\/synthechim.ma\/#organization"},"potentialAction":[{"@type":"SearchAction","target":{"@type":"EntryPoint","urlTemplate":"https:\/\/synthechim.ma\/?s={search_term_string}"},"query-input":{"@type":"PropertyValueSpecification","valueRequired":true,"valueName":"search_term_string"}}],"inLanguage":"en-US"},{"@type":"Organization","@id":"https:\/\/synthechim.ma\/#organization","name":"Synthechim","url":"https:\/\/synthechim.ma\/","logo":{"@type":"ImageObject","inLanguage":"en-US","@id":"https:\/\/synthechim.ma\/#\/schema\/logo\/image\/","url":"https:\/\/synthechim.ma\/wp-content\/uploads\/2023\/04\/Logo.png","contentUrl":"https:\/\/synthechim.ma\/wp-content\/uploads\/2023\/04\/Logo.png","width":322,"height":130,"caption":"Synthechim"},"image":{"@id":"https:\/\/synthechim.ma\/#\/schema\/logo\/image\/"}}]}},"_links":{"self":[{"href":"https:\/\/synthechim.ma\/en\/wp-json\/wp\/v2\/product\/2012","targetHints":{"allow":["GET"]}}],"collection":[{"href":"https:\/\/synthechim.ma\/en\/wp-json\/wp\/v2\/product"}],"about":[{"href":"https:\/\/synthechim.ma\/en\/wp-json\/wp\/v2\/types\/product"}],"version-history":[{"count":5,"href":"https:\/\/synthechim.ma\/en\/wp-json\/wp\/v2\/product\/2012\/revisions"}],"predecessor-version":[{"id":2226,"href":"https:\/\/synthechim.ma\/en\/wp-json\/wp\/v2\/product\/2012\/revisions\/2226"}],"wp:featuredmedia":[{"embeddable":true,"href":"https:\/\/synthechim.ma\/en\/wp-json\/wp\/v2\/media\/2013"}],"wp:attachment":[{"href":"https:\/\/synthechim.ma\/en\/wp-json\/wp\/v2\/media?parent=2012"}],"wp:term":[{"taxonomy":"product_cat","embeddable":true,"href":"https:\/\/synthechim.ma\/en\/wp-json\/wp\/v2\/product_cat?post=2012"},{"taxonomy":"product_tag","embeddable":true,"href":"https:\/\/synthechim.ma\/en\/wp-json\/wp\/v2\/product_tag?post=2012"}],"curies":[{"name":"wp","href":"https:\/\/api.w.org\/{rel}","templated":true}]}}