{"id":206,"date":"2023-04-04T12:11:00","date_gmt":"2023-04-04T10:11:00","guid":{"rendered":"https:\/\/synthechim.top-energiedin.com\/?post_type=product&#038;p=206"},"modified":"2023-10-26T13:20:33","modified_gmt":"2023-10-26T11:20:33","slug":"film-de-fardelage-imprime","status":"publish","type":"product","link":"https:\/\/synthechim.ma\/en\/product\/film-de-fardelage-imprime\/","title":{"rendered":"Film de fardelage imprime"},"content":{"rendered":"<div data-elementor-type=\"product-post\" data-elementor-id=\"206\" class=\"elementor elementor-206\">\n\t\t\t\t\t\t<section class=\"elementor-section elementor-top-section elementor-element elementor-element-5dba87f elementor-section-boxed elementor-section-height-default elementor-section-height-default jltma-glass-effect-no\" data-id=\"5dba87f\" data-element_type=\"section\">\n\t\t\t\t\t\t<div class=\"elementor-container elementor-column-gap-default\">\n\t\t\t\t\t<div class=\"elementor-column elementor-col-100 elementor-top-column elementor-element elementor-element-9ef1ad7 jltma-glass-effect-no\" data-id=\"9ef1ad7\" data-element_type=\"column\">\n\t\t\t<div class=\"elementor-widget-wrap elementor-element-populated\">\n\t\t\t\t\t\t<div class=\"elementor-element elementor-element-b6f874e jltma-glass-effect-no elementor-widget elementor-widget-text-editor\" data-id=\"b6f874e\" data-element_type=\"widget\" data-widget_type=\"text-editor.default\">\n\t\t\t\t<div class=\"elementor-widget-container\">\n\t\t\t<style>\/*! elementor - v3.22.0 - 26-06-2024 *\/\n.elementor-widget-text-editor.elementor-drop-cap-view-stacked .elementor-drop-cap{background-color:#69727d;color:#fff}.elementor-widget-text-editor.elementor-drop-cap-view-framed .elementor-drop-cap{color:#69727d;border:3px solid;background-color:transparent}.elementor-widget-text-editor:not(.elementor-drop-cap-view-default) .elementor-drop-cap{margin-top:8px}.elementor-widget-text-editor:not(.elementor-drop-cap-view-default) .elementor-drop-cap-letter{width:1em;height:1em}.elementor-widget-text-editor .elementor-drop-cap{float:left;text-align:center;line-height:1;font-size:50px}.elementor-widget-text-editor .elementor-drop-cap-letter{display:inline-block}<\/style>\t\t\t\t<p>Cet emballage multipack peut \u00e9pouser les formes les plus complexes et cr\u00e9er des visuels qui enveloppent l&#8217;emballage sur 360 degr\u00e9s, avec une excellente qualit\u00e9 d&rsquo;impression.\u00a0<\/p><p>Ce film permet de \u00a0cr\u00e9er des promotions sp\u00e9ciales ou coller aux tendances de la mode sans avoir \u00e0 modifier la base de l&#8217;emballage.<\/p><p>Il permet \u00e9galement une excellente visibilit\u00e9 en rayon dans les grandes surfaces.<br \/><br \/><\/p><p>N&rsquo;h\u00e9sitez pas \u00e0 prendre contact avec nous pour de plus amples informations !\u00a0<\/p>\t\t\t\t\t\t<\/div>\n\t\t\t\t<\/div>\n\t\t\t\t\t<\/div>\n\t\t<\/div>\n\t\t\t\t\t<\/div>\n\t\t<\/section>\n\t\t\t\t<section class=\"elementor-section elementor-top-section elementor-element elementor-element-9ab43b8 elementor-section-boxed elementor-section-height-default elementor-section-height-default jltma-glass-effect-no\" data-id=\"9ab43b8\" data-element_type=\"section\">\n\t\t\t\t\t\t<div class=\"elementor-container elementor-column-gap-default\">\n\t\t\t\t\t<div class=\"elementor-column elementor-col-100 elementor-top-column elementor-element elementor-element-9cb6cda jltma-glass-effect-no\" data-id=\"9cb6cda\" data-element_type=\"column\">\n\t\t\t<div class=\"elementor-widget-wrap elementor-element-populated\">\n\t\t\t\t\t\t<div class=\"elementor-element elementor-element-a137ce4 jltma-glass-effect-no elementor-widget elementor-widget-video\" data-id=\"a137ce4\" data-element_type=\"widget\" data-settings=\"{&quot;youtube_url&quot;:&quot;https:\\\/\\\/youtu.be\\\/pJxUcWWDdog&quot;,&quot;video_type&quot;:&quot;youtube&quot;,&quot;controls&quot;:&quot;yes&quot;}\" data-widget_type=\"video.default\">\n\t\t\t\t<div class=\"elementor-widget-container\">\n\t\t\t<style>\/*! elementor - v3.22.0 - 26-06-2024 *\/\n.elementor-widget-video .elementor-widget-container{overflow:hidden;transform:translateZ(0)}.elementor-widget-video .elementor-wrapper{aspect-ratio:var(--video-aspect-ratio)}.elementor-widget-video .elementor-wrapper iframe,.elementor-widget-video .elementor-wrapper video{height:100%;width:100%;display:flex;border:none;background-color:#000}@supports not (aspect-ratio:1\/1){.elementor-widget-video .elementor-wrapper{position:relative;overflow:hidden;height:0;padding-bottom:calc(100% \/ var(--video-aspect-ratio))}.elementor-widget-video .elementor-wrapper iframe,.elementor-widget-video .elementor-wrapper video{position:absolute;top:0;right:0;bottom:0;left:0}}.elementor-widget-video .elementor-open-inline .elementor-custom-embed-image-overlay{position:absolute;top:0;right:0;bottom:0;left:0;background-size:cover;background-position:50%}.elementor-widget-video .elementor-custom-embed-image-overlay{cursor:pointer;text-align:center}.elementor-widget-video .elementor-custom-embed-image-overlay:hover .elementor-custom-embed-play i{opacity:1}.elementor-widget-video .elementor-custom-embed-image-overlay img{display:block;width:100%;aspect-ratio:var(--video-aspect-ratio);-o-object-fit:cover;object-fit:cover;-o-object-position:center center;object-position:center center}@supports not (aspect-ratio:1\/1){.elementor-widget-video .elementor-custom-embed-image-overlay{position:relative;overflow:hidden;height:0;padding-bottom:calc(100% \/ var(--video-aspect-ratio))}.elementor-widget-video .elementor-custom-embed-image-overlay img{position:absolute;top:0;right:0;bottom:0;left:0}}.elementor-widget-video .e-hosted-video .elementor-video{-o-object-fit:cover;object-fit:cover}.e-con-inner>.elementor-widget-video,.e-con>.elementor-widget-video{width:var(--container-widget-width);--flex-grow:var(--container-widget-flex-grow)}<\/style>\t\t<div class=\"elementor-wrapper elementor-open-inline\">\n\t\t\t<div class=\"elementor-video\"><\/div>\t\t<\/div>\n\t\t\t\t<\/div>\n\t\t\t\t<\/div>\n\t\t\t\t\t<\/div>\n\t\t<\/div>\n\t\t\t\t\t<\/div>\n\t\t<\/section>\n\t\t\t\t<\/div>","protected":false},"excerpt":{"rendered":"<p>Cet emballage multipack peut \u00e9pouser les formes les plus complexes et cr\u00e9er des visuels qui enveloppent l&#8217;emballage sur 360 degr\u00e9s, avec une excellente qualit\u00e9 d&rsquo;impression.\u00a0 Ce film permet de \u00a0cr\u00e9er des promotions sp\u00e9ciales ou coller aux tendances de la mode sans avoir \u00e0 modifier la base de l&#8217;emballage. Il permet \u00e9galement une excellente visibilit\u00e9 en [&hellip;]<\/p>","protected":false},"featured_media":1452,"template":"","meta":{"_themeisle_gutenberg_block_has_review":false},"product_cat":[17,20],"product_tag":[],"class_list":["post-206","product","type-product","status-publish","has-post-thumbnail","hentry","product_cat-packaging-et-emballages","product_cat-film-retractable-imprime"],"yoast_head":"<!-- This site is optimized with the Yoast SEO plugin v26.0 - https:\/\/yoast.com\/wordpress\/plugins\/seo\/ -->\n<title>Film de fardelage imprime<\/title>\n<meta name=\"description\" content=\"Mettez vos produits Multipack en avant dans les rayonnages gr\u00e2ce aux films de fardelage r\u00e9tractables imprim\u00e9s ! Contactez nous pour plus d&#039;informations !\" \/>\n<meta name=\"robots\" content=\"index, follow, max-snippet:-1, max-image-preview:large, max-video-preview:-1\" \/>\n<link rel=\"canonical\" href=\"https:\/\/synthechim.ma\/en\/product\/film-de-fardelage-imprime\/\" \/>\n<meta property=\"og:locale\" content=\"en_US\" \/>\n<meta property=\"og:type\" content=\"article\" \/>\n<meta property=\"og:title\" content=\"Film de fardelage imprime\" \/>\n<meta property=\"og:description\" content=\"Mettez vos produits Multipack en avant dans les rayonnages gr\u00e2ce aux films de fardelage r\u00e9tractables imprim\u00e9s ! Contactez nous pour plus d&#039;informations !\" \/>\n<meta property=\"og:url\" content=\"https:\/\/synthechim.ma\/en\/product\/film-de-fardelage-imprime\/\" \/>\n<meta property=\"og:site_name\" content=\"Synthechim\" \/>\n<meta property=\"article:modified_time\" content=\"2023-10-26T11:20:33+00:00\" \/>\n<meta property=\"og:image\" content=\"https:\/\/synthechim.ma\/wp-content\/uploads\/2023\/04\/FILM-DE-FARDELAGE-IMPRIME.png\" \/>\n\t<meta property=\"og:image:width\" content=\"274\" \/>\n\t<meta property=\"og:image:height\" content=\"200\" \/>\n\t<meta property=\"og:image:type\" content=\"image\/png\" \/>\n<meta name=\"twitter:card\" content=\"summary_large_image\" \/>\n<script type=\"application\/ld+json\" class=\"yoast-schema-graph\">{\"@context\":\"https:\/\/schema.org\",\"@graph\":[{\"@type\":\"WebPage\",\"@id\":\"https:\/\/synthechim.ma\/produit\/film-de-fardelage-imprime\/\",\"url\":\"https:\/\/synthechim.ma\/produit\/film-de-fardelage-imprime\/\",\"name\":\"Film de fardelage imprime\",\"isPartOf\":{\"@id\":\"https:\/\/synthechim.ma\/#website\"},\"primaryImageOfPage\":{\"@id\":\"https:\/\/synthechim.ma\/produit\/film-de-fardelage-imprime\/#primaryimage\"},\"image\":{\"@id\":\"https:\/\/synthechim.ma\/produit\/film-de-fardelage-imprime\/#primaryimage\"},\"thumbnailUrl\":\"https:\/\/synthechim.ma\/wp-content\/uploads\/2023\/04\/FILM-DE-FARDELAGE-IMPRIME.png\",\"datePublished\":\"2023-04-04T10:11:00+00:00\",\"dateModified\":\"2023-10-26T11:20:33+00:00\",\"description\":\"Mettez vos produits Multipack en avant dans les rayonnages gr\u00e2ce aux films de fardelage r\u00e9tractables imprim\u00e9s ! Contactez nous pour plus d'informations !\",\"breadcrumb\":{\"@id\":\"https:\/\/synthechim.ma\/produit\/film-de-fardelage-imprime\/#breadcrumb\"},\"inLanguage\":\"en-US\",\"potentialAction\":[{\"@type\":\"ReadAction\",\"target\":[\"https:\/\/synthechim.ma\/produit\/film-de-fardelage-imprime\/\"]}]},{\"@type\":\"ImageObject\",\"inLanguage\":\"en-US\",\"@id\":\"https:\/\/synthechim.ma\/produit\/film-de-fardelage-imprime\/#primaryimage\",\"url\":\"https:\/\/synthechim.ma\/wp-content\/uploads\/2023\/04\/FILM-DE-FARDELAGE-IMPRIME.png\",\"contentUrl\":\"https:\/\/synthechim.ma\/wp-content\/uploads\/2023\/04\/FILM-DE-FARDELAGE-IMPRIME.png\",\"width\":274,\"height\":200},{\"@type\":\"BreadcrumbList\",\"@id\":\"https:\/\/synthechim.ma\/produit\/film-de-fardelage-imprime\/#breadcrumb\",\"itemListElement\":[{\"@type\":\"ListItem\",\"position\":1,\"name\":\"Accueil\",\"item\":\"https:\/\/synthechim.ma\/\"},{\"@type\":\"ListItem\",\"position\":2,\"name\":\"Produits\",\"item\":\"https:\/\/synthechim.ma\/boutique__trashed\/\"},{\"@type\":\"ListItem\",\"position\":3,\"name\":\"Film de fardelage imprime\"}]},{\"@type\":\"WebSite\",\"@id\":\"https:\/\/synthechim.ma\/#website\",\"url\":\"https:\/\/synthechim.ma\/\",\"name\":\"Synthechim\",\"description\":\".\",\"publisher\":{\"@id\":\"https:\/\/synthechim.ma\/#organization\"},\"potentialAction\":[{\"@type\":\"SearchAction\",\"target\":{\"@type\":\"EntryPoint\",\"urlTemplate\":\"https:\/\/synthechim.ma\/?s={search_term_string}\"},\"query-input\":{\"@type\":\"PropertyValueSpecification\",\"valueRequired\":true,\"valueName\":\"search_term_string\"}}],\"inLanguage\":\"en-US\"},{\"@type\":\"Organization\",\"@id\":\"https:\/\/synthechim.ma\/#organization\",\"name\":\"Synthechim\",\"url\":\"https:\/\/synthechim.ma\/\",\"logo\":{\"@type\":\"ImageObject\",\"inLanguage\":\"en-US\",\"@id\":\"https:\/\/synthechim.ma\/#\/schema\/logo\/image\/\",\"url\":\"https:\/\/synthechim.ma\/wp-content\/uploads\/2023\/04\/Logo.png\",\"contentUrl\":\"https:\/\/synthechim.ma\/wp-content\/uploads\/2023\/04\/Logo.png\",\"width\":322,\"height\":130,\"caption\":\"Synthechim\"},\"image\":{\"@id\":\"https:\/\/synthechim.ma\/#\/schema\/logo\/image\/\"}}]}<\/script>\n<!-- \/ Yoast SEO plugin. -->","yoast_head_json":{"title":"Film de fardelage imprime","description":"Mettez vos produits Multipack en avant dans les rayonnages gr\u00e2ce aux films de fardelage r\u00e9tractables imprim\u00e9s ! Contactez nous pour plus d'informations !","robots":{"index":"index","follow":"follow","max-snippet":"max-snippet:-1","max-image-preview":"max-image-preview:large","max-video-preview":"max-video-preview:-1"},"canonical":"https:\/\/synthechim.ma\/en\/product\/film-de-fardelage-imprime\/","og_locale":"en_US","og_type":"article","og_title":"Film de fardelage imprime","og_description":"Mettez vos produits Multipack en avant dans les rayonnages gr\u00e2ce aux films de fardelage r\u00e9tractables imprim\u00e9s ! Contactez nous pour plus d'informations !","og_url":"https:\/\/synthechim.ma\/en\/product\/film-de-fardelage-imprime\/","og_site_name":"Synthechim","article_modified_time":"2023-10-26T11:20:33+00:00","og_image":[{"width":274,"height":200,"url":"https:\/\/synthechim.ma\/wp-content\/uploads\/2023\/04\/FILM-DE-FARDELAGE-IMPRIME.png","type":"image\/png"}],"twitter_card":"summary_large_image","schema":{"@context":"https:\/\/schema.org","@graph":[{"@type":"WebPage","@id":"https:\/\/synthechim.ma\/produit\/film-de-fardelage-imprime\/","url":"https:\/\/synthechim.ma\/produit\/film-de-fardelage-imprime\/","name":"Film de fardelage imprime","isPartOf":{"@id":"https:\/\/synthechim.ma\/#website"},"primaryImageOfPage":{"@id":"https:\/\/synthechim.ma\/produit\/film-de-fardelage-imprime\/#primaryimage"},"image":{"@id":"https:\/\/synthechim.ma\/produit\/film-de-fardelage-imprime\/#primaryimage"},"thumbnailUrl":"https:\/\/synthechim.ma\/wp-content\/uploads\/2023\/04\/FILM-DE-FARDELAGE-IMPRIME.png","datePublished":"2023-04-04T10:11:00+00:00","dateModified":"2023-10-26T11:20:33+00:00","description":"Mettez vos produits Multipack en avant dans les rayonnages gr\u00e2ce aux films de fardelage r\u00e9tractables imprim\u00e9s ! Contactez nous pour plus d'informations !","breadcrumb":{"@id":"https:\/\/synthechim.ma\/produit\/film-de-fardelage-imprime\/#breadcrumb"},"inLanguage":"en-US","potentialAction":[{"@type":"ReadAction","target":["https:\/\/synthechim.ma\/produit\/film-de-fardelage-imprime\/"]}]},{"@type":"ImageObject","inLanguage":"en-US","@id":"https:\/\/synthechim.ma\/produit\/film-de-fardelage-imprime\/#primaryimage","url":"https:\/\/synthechim.ma\/wp-content\/uploads\/2023\/04\/FILM-DE-FARDELAGE-IMPRIME.png","contentUrl":"https:\/\/synthechim.ma\/wp-content\/uploads\/2023\/04\/FILM-DE-FARDELAGE-IMPRIME.png","width":274,"height":200},{"@type":"BreadcrumbList","@id":"https:\/\/synthechim.ma\/produit\/film-de-fardelage-imprime\/#breadcrumb","itemListElement":[{"@type":"ListItem","position":1,"name":"Accueil","item":"https:\/\/synthechim.ma\/"},{"@type":"ListItem","position":2,"name":"Produits","item":"https:\/\/synthechim.ma\/boutique__trashed\/"},{"@type":"ListItem","position":3,"name":"Film de fardelage imprime"}]},{"@type":"WebSite","@id":"https:\/\/synthechim.ma\/#website","url":"https:\/\/synthechim.ma\/","name":"Synthechim","description":".","publisher":{"@id":"https:\/\/synthechim.ma\/#organization"},"potentialAction":[{"@type":"SearchAction","target":{"@type":"EntryPoint","urlTemplate":"https:\/\/synthechim.ma\/?s={search_term_string}"},"query-input":{"@type":"PropertyValueSpecification","valueRequired":true,"valueName":"search_term_string"}}],"inLanguage":"en-US"},{"@type":"Organization","@id":"https:\/\/synthechim.ma\/#organization","name":"Synthechim","url":"https:\/\/synthechim.ma\/","logo":{"@type":"ImageObject","inLanguage":"en-US","@id":"https:\/\/synthechim.ma\/#\/schema\/logo\/image\/","url":"https:\/\/synthechim.ma\/wp-content\/uploads\/2023\/04\/Logo.png","contentUrl":"https:\/\/synthechim.ma\/wp-content\/uploads\/2023\/04\/Logo.png","width":322,"height":130,"caption":"Synthechim"},"image":{"@id":"https:\/\/synthechim.ma\/#\/schema\/logo\/image\/"}}]}},"_links":{"self":[{"href":"https:\/\/synthechim.ma\/en\/wp-json\/wp\/v2\/product\/206","targetHints":{"allow":["GET"]}}],"collection":[{"href":"https:\/\/synthechim.ma\/en\/wp-json\/wp\/v2\/product"}],"about":[{"href":"https:\/\/synthechim.ma\/en\/wp-json\/wp\/v2\/types\/product"}],"version-history":[{"count":11,"href":"https:\/\/synthechim.ma\/en\/wp-json\/wp\/v2\/product\/206\/revisions"}],"predecessor-version":[{"id":2470,"href":"https:\/\/synthechim.ma\/en\/wp-json\/wp\/v2\/product\/206\/revisions\/2470"}],"wp:featuredmedia":[{"embeddable":true,"href":"https:\/\/synthechim.ma\/en\/wp-json\/wp\/v2\/media\/1452"}],"wp:attachment":[{"href":"https:\/\/synthechim.ma\/en\/wp-json\/wp\/v2\/media?parent=206"}],"wp:term":[{"taxonomy":"product_cat","embeddable":true,"href":"https:\/\/synthechim.ma\/en\/wp-json\/wp\/v2\/product_cat?post=206"},{"taxonomy":"product_tag","embeddable":true,"href":"https:\/\/synthechim.ma\/en\/wp-json\/wp\/v2\/product_tag?post=206"}],"curies":[{"name":"wp","href":"https:\/\/api.w.org\/{rel}","templated":true}]}}