{"id":208,"date":"2023-04-04T12:11:35","date_gmt":"2023-04-04T10:11:35","guid":{"rendered":"https:\/\/synthechim.top-energiedin.com\/?post_type=product&#038;p=208"},"modified":"2023-06-01T18:06:17","modified_gmt":"2023-06-01T16:06:17","slug":"film-preetire","status":"publish","type":"product","link":"https:\/\/synthechim.ma\/en\/product\/film-preetire\/","title":{"rendered":"Film pr\u00e9-\u00e9tir\u00e9"},"content":{"rendered":"<div data-elementor-type=\"product-post\" data-elementor-id=\"208\" class=\"elementor elementor-208\">\n\t\t\t\t\t\t<section class=\"elementor-section elementor-top-section elementor-element elementor-element-c7006be elementor-section-boxed elementor-section-height-default elementor-section-height-default jltma-glass-effect-no\" data-id=\"c7006be\" data-element_type=\"section\">\n\t\t\t\t\t\t<div class=\"elementor-container elementor-column-gap-default\">\n\t\t\t\t\t<div class=\"elementor-column elementor-col-100 elementor-top-column elementor-element elementor-element-d012a56 jltma-glass-effect-no\" data-id=\"d012a56\" data-element_type=\"column\">\n\t\t\t<div class=\"elementor-widget-wrap elementor-element-populated\">\n\t\t\t\t\t\t<div class=\"elementor-element elementor-element-56c0f45 jltma-glass-effect-no elementor-widget elementor-widget-text-editor\" data-id=\"56c0f45\" data-element_type=\"widget\" data-widget_type=\"text-editor.default\">\n\t\t\t\t<div class=\"elementor-widget-container\">\n\t\t\t<style>\/*! elementor - v3.22.0 - 26-06-2024 *\/\n.elementor-widget-text-editor.elementor-drop-cap-view-stacked .elementor-drop-cap{background-color:#69727d;color:#fff}.elementor-widget-text-editor.elementor-drop-cap-view-framed .elementor-drop-cap{color:#69727d;border:3px solid;background-color:transparent}.elementor-widget-text-editor:not(.elementor-drop-cap-view-default) .elementor-drop-cap{margin-top:8px}.elementor-widget-text-editor:not(.elementor-drop-cap-view-default) .elementor-drop-cap-letter{width:1em;height:1em}.elementor-widget-text-editor .elementor-drop-cap{float:left;text-align:center;line-height:1;font-size:50px}.elementor-widget-text-editor .elementor-drop-cap-letter{display:inline-block}<\/style>\t\t\t\t<p>Le film de banderolage permet de maintenir et de prot\u00e9ger vos marchandises sur palette durant le transport ou le stockage.<br \/>Contrairement aux films \u00e9tirables ayant besoin d&rsquo;\u00eatre \u00e9tir\u00e9 pour une exploitation correcte du film, le film pr\u00e9\u00e9tir\u00e9 est utilis\u00e9 d\u00e9j\u00e0 \u00e9tir\u00e9 donc pr\u00eat \u00e0 l&#8217;emploi.\u00a0<\/p><p>Le film pr\u00e9\u00e9tir\u00e9 prot\u00e8ge les produits de la poussi\u00e8re, de l&rsquo;humidit\u00e9, des chocs et des rayures, r\u00e9duisant ainsi les pertes et les casses.<\/p><p>Nous disposons de film pr\u00e9\u00e9tir\u00e9 manuel et de film pr\u00e9\u00e9tir\u00e9 automatique.<\/p><p>Notre film pr\u00e9\u00e9tir\u00e9 machine est adapt\u00e9 \u00e0 tout type de banderoleuses \u00e9quip\u00e9es d&rsquo;un frein m\u00e9canique ou \u00e9lectromagn\u00e9tique ne permettant pas d&rsquo;exploiter correctement un film \u00e9tirable.<\/p><p>Dans ce cas de figure, notre film pr\u00e9\u00e9tir\u00e9 automatique haute performance, appliqu\u00e9 avec une tension raisonnable, assurera un excellent maintien de la charge sur la palette lors du stockage et du transport.<\/p><p>La structure multicouche de notre film pr\u00e9\u00e9tir\u00e9 \u00e9vite l&rsquo;accrochage entre les palettes film\u00e9es et am\u00e9liore, entre autres, les op\u00e9rations de chargement\/d\u00e9chargement des camions.<\/p><p>L&rsquo;utilisation de notre film pr\u00e9\u00e9tir\u00e9 g\u00e9n\u00e9rera 2 \u00e0 3 fois moins de d\u00e9chets qu&rsquo;un film \u00e9tirable traditionnel non exploit\u00e9.<\/p><p>Cette r\u00e9duction de consommation permet \u00e9galement de g\u00e9n\u00e9rer des \u00e9conomies tr\u00e8s int\u00e9ressantes.<\/p><p>Il est essentiel de trouver le film qui vous convient le mieux :<\/p><ul><li><strong>Nos \u00e9paisseurs :\u00a0 \u00a0 \u00a0 \u00a0 \u00a0 \u00a0<\/strong> 6 \u00e0 9\u00b5<\/li><\/ul><p>\u00a0<\/p><ul><li><strong>Nos laizes :\u00a0 \u00a0 \u00a0 \u00a0 \u00a0 \u00a0 \u00a0 \u00a0 \u00a0 \u00a0 \u00a0 \u00a0<\/strong> 430mm et 440mm<\/li><\/ul><p>\u00a0<\/p><ul><li><strong>Capacit\u00e9 d\u2019\u00e9tirage :\u00a0 <\/strong>\u00a0D\u00e9j\u00e0 pr\u00e9\u00e9tir\u00e9<\/li><\/ul><p>\u00a0<\/p><p>Notre \u00e9quipe de sp\u00e9cialiste sont dispos\u00e9s \u00e0 vous rencontrer pour vous exposer les avantages d&rsquo;utilisation technique et \u00e9conomique de notre solution innovante !<\/p>\t\t\t\t\t\t<\/div>\n\t\t\t\t<\/div>\n\t\t\t\t\t<\/div>\n\t\t<\/div>\n\t\t\t\t\t<\/div>\n\t\t<\/section>\n\t\t\t\t<\/div>","protected":false},"excerpt":{"rendered":"<p>Le film de banderolage permet de maintenir et de prot\u00e9ger vos marchandises sur palette durant le transport ou le stockage. Contrairement aux films \u00e9tirables ayant besoin d&rsquo;\u00eatre \u00e9tir\u00e9 pour une exploitation correcte du film, le film pr\u00e9\u00e9tir\u00e9 est utilis\u00e9 d\u00e9j\u00e0 \u00e9tir\u00e9 donc pr\u00eat \u00e0 l&#8217;emploi. Le film pr\u00e9\u00e9tir\u00e9 prot\u00e8ge les produits de la poussi\u00e8re, de [&hellip;]<\/p>","protected":false},"featured_media":1508,"template":"","meta":{"_themeisle_gutenberg_block_has_review":false},"product_cat":[17,21],"product_tag":[],"class_list":["post-208","product","type-product","status-publish","has-post-thumbnail","hentry","product_cat-packaging-et-emballages","product_cat-emballages-de-transport"],"yoast_head":"<!-- This site is optimized with the Yoast SEO plugin v26.0 - https:\/\/yoast.com\/wordpress\/plugins\/seo\/ -->\n<title>Film pr\u00e9-\u00e9tir\u00e9<\/title>\n<meta name=\"description\" content=\"D\u00e9couvrez comment nos films pr\u00e9\u00e9tir\u00e9s manuels et automatiques am\u00e9liorent la stabilit\u00e9 de vos palettes et r\u00e9duisent vos co\u00fbts de banderolage.\" \/>\n<meta name=\"robots\" content=\"index, follow, max-snippet:-1, max-image-preview:large, max-video-preview:-1\" \/>\n<link rel=\"canonical\" href=\"https:\/\/synthechim.ma\/en\/product\/film-preetire\/\" \/>\n<meta property=\"og:locale\" content=\"en_US\" \/>\n<meta property=\"og:type\" content=\"article\" \/>\n<meta property=\"og:title\" content=\"Film pr\u00e9-\u00e9tir\u00e9\" \/>\n<meta property=\"og:description\" content=\"D\u00e9couvrez comment nos films pr\u00e9\u00e9tir\u00e9s manuels et automatiques am\u00e9liorent la stabilit\u00e9 de vos palettes et r\u00e9duisent vos co\u00fbts de banderolage.\" \/>\n<meta property=\"og:url\" content=\"https:\/\/synthechim.ma\/en\/product\/film-preetire\/\" \/>\n<meta property=\"og:site_name\" content=\"Synthechim\" \/>\n<meta property=\"article:modified_time\" content=\"2023-06-01T16:06:17+00:00\" \/>\n<meta property=\"og:image\" content=\"https:\/\/synthechim.ma\/wp-content\/uploads\/2023\/04\/FILM-ETIRABLE.png\" \/>\n\t<meta property=\"og:image:width\" content=\"274\" \/>\n\t<meta property=\"og:image:height\" content=\"200\" \/>\n\t<meta property=\"og:image:type\" content=\"image\/png\" \/>\n<meta name=\"twitter:card\" content=\"summary_large_image\" \/>\n<meta name=\"twitter:label1\" content=\"Est. reading time\" \/>\n\t<meta name=\"twitter:data1\" content=\"2 minutes\" \/>\n<script type=\"application\/ld+json\" class=\"yoast-schema-graph\">{\"@context\":\"https:\/\/schema.org\",\"@graph\":[{\"@type\":\"WebPage\",\"@id\":\"https:\/\/synthechim.ma\/produit\/film-preetire\/\",\"url\":\"https:\/\/synthechim.ma\/produit\/film-preetire\/\",\"name\":\"Film pr\u00e9-\u00e9tir\u00e9\",\"isPartOf\":{\"@id\":\"https:\/\/synthechim.ma\/#website\"},\"primaryImageOfPage\":{\"@id\":\"https:\/\/synthechim.ma\/produit\/film-preetire\/#primaryimage\"},\"image\":{\"@id\":\"https:\/\/synthechim.ma\/produit\/film-preetire\/#primaryimage\"},\"thumbnailUrl\":\"https:\/\/synthechim.ma\/wp-content\/uploads\/2023\/04\/FILM-ETIRABLE.png\",\"datePublished\":\"2023-04-04T10:11:35+00:00\",\"dateModified\":\"2023-06-01T16:06:17+00:00\",\"description\":\"D\u00e9couvrez comment nos films pr\u00e9\u00e9tir\u00e9s manuels et automatiques am\u00e9liorent la stabilit\u00e9 de vos palettes et r\u00e9duisent vos co\u00fbts de banderolage.\",\"breadcrumb\":{\"@id\":\"https:\/\/synthechim.ma\/produit\/film-preetire\/#breadcrumb\"},\"inLanguage\":\"en-US\",\"potentialAction\":[{\"@type\":\"ReadAction\",\"target\":[\"https:\/\/synthechim.ma\/produit\/film-preetire\/\"]}]},{\"@type\":\"ImageObject\",\"inLanguage\":\"en-US\",\"@id\":\"https:\/\/synthechim.ma\/produit\/film-preetire\/#primaryimage\",\"url\":\"https:\/\/synthechim.ma\/wp-content\/uploads\/2023\/04\/FILM-ETIRABLE.png\",\"contentUrl\":\"https:\/\/synthechim.ma\/wp-content\/uploads\/2023\/04\/FILM-ETIRABLE.png\",\"width\":274,\"height\":200},{\"@type\":\"BreadcrumbList\",\"@id\":\"https:\/\/synthechim.ma\/produit\/film-preetire\/#breadcrumb\",\"itemListElement\":[{\"@type\":\"ListItem\",\"position\":1,\"name\":\"Accueil\",\"item\":\"https:\/\/synthechim.ma\/\"},{\"@type\":\"ListItem\",\"position\":2,\"name\":\"Produits\",\"item\":\"https:\/\/synthechim.ma\/boutique__trashed\/\"},{\"@type\":\"ListItem\",\"position\":3,\"name\":\"Film pr\u00e9-\u00e9tir\u00e9\"}]},{\"@type\":\"WebSite\",\"@id\":\"https:\/\/synthechim.ma\/#website\",\"url\":\"https:\/\/synthechim.ma\/\",\"name\":\"Synthechim\",\"description\":\".\",\"publisher\":{\"@id\":\"https:\/\/synthechim.ma\/#organization\"},\"potentialAction\":[{\"@type\":\"SearchAction\",\"target\":{\"@type\":\"EntryPoint\",\"urlTemplate\":\"https:\/\/synthechim.ma\/?s={search_term_string}\"},\"query-input\":{\"@type\":\"PropertyValueSpecification\",\"valueRequired\":true,\"valueName\":\"search_term_string\"}}],\"inLanguage\":\"en-US\"},{\"@type\":\"Organization\",\"@id\":\"https:\/\/synthechim.ma\/#organization\",\"name\":\"Synthechim\",\"url\":\"https:\/\/synthechim.ma\/\",\"logo\":{\"@type\":\"ImageObject\",\"inLanguage\":\"en-US\",\"@id\":\"https:\/\/synthechim.ma\/#\/schema\/logo\/image\/\",\"url\":\"https:\/\/synthechim.ma\/wp-content\/uploads\/2023\/04\/Logo.png\",\"contentUrl\":\"https:\/\/synthechim.ma\/wp-content\/uploads\/2023\/04\/Logo.png\",\"width\":322,\"height\":130,\"caption\":\"Synthechim\"},\"image\":{\"@id\":\"https:\/\/synthechim.ma\/#\/schema\/logo\/image\/\"}}]}<\/script>\n<!-- \/ Yoast SEO plugin. -->","yoast_head_json":{"title":"Film pr\u00e9-\u00e9tir\u00e9","description":"D\u00e9couvrez comment nos films pr\u00e9\u00e9tir\u00e9s manuels et automatiques am\u00e9liorent la stabilit\u00e9 de vos palettes et r\u00e9duisent vos co\u00fbts de banderolage.","robots":{"index":"index","follow":"follow","max-snippet":"max-snippet:-1","max-image-preview":"max-image-preview:large","max-video-preview":"max-video-preview:-1"},"canonical":"https:\/\/synthechim.ma\/en\/product\/film-preetire\/","og_locale":"en_US","og_type":"article","og_title":"Film pr\u00e9-\u00e9tir\u00e9","og_description":"D\u00e9couvrez comment nos films pr\u00e9\u00e9tir\u00e9s manuels et automatiques am\u00e9liorent la stabilit\u00e9 de vos palettes et r\u00e9duisent vos co\u00fbts de banderolage.","og_url":"https:\/\/synthechim.ma\/en\/product\/film-preetire\/","og_site_name":"Synthechim","article_modified_time":"2023-06-01T16:06:17+00:00","og_image":[{"width":274,"height":200,"url":"https:\/\/synthechim.ma\/wp-content\/uploads\/2023\/04\/FILM-ETIRABLE.png","type":"image\/png"}],"twitter_card":"summary_large_image","twitter_misc":{"Est. reading time":"2 minutes"},"schema":{"@context":"https:\/\/schema.org","@graph":[{"@type":"WebPage","@id":"https:\/\/synthechim.ma\/produit\/film-preetire\/","url":"https:\/\/synthechim.ma\/produit\/film-preetire\/","name":"Film pr\u00e9-\u00e9tir\u00e9","isPartOf":{"@id":"https:\/\/synthechim.ma\/#website"},"primaryImageOfPage":{"@id":"https:\/\/synthechim.ma\/produit\/film-preetire\/#primaryimage"},"image":{"@id":"https:\/\/synthechim.ma\/produit\/film-preetire\/#primaryimage"},"thumbnailUrl":"https:\/\/synthechim.ma\/wp-content\/uploads\/2023\/04\/FILM-ETIRABLE.png","datePublished":"2023-04-04T10:11:35+00:00","dateModified":"2023-06-01T16:06:17+00:00","description":"D\u00e9couvrez comment nos films pr\u00e9\u00e9tir\u00e9s manuels et automatiques am\u00e9liorent la stabilit\u00e9 de vos palettes et r\u00e9duisent vos co\u00fbts de banderolage.","breadcrumb":{"@id":"https:\/\/synthechim.ma\/produit\/film-preetire\/#breadcrumb"},"inLanguage":"en-US","potentialAction":[{"@type":"ReadAction","target":["https:\/\/synthechim.ma\/produit\/film-preetire\/"]}]},{"@type":"ImageObject","inLanguage":"en-US","@id":"https:\/\/synthechim.ma\/produit\/film-preetire\/#primaryimage","url":"https:\/\/synthechim.ma\/wp-content\/uploads\/2023\/04\/FILM-ETIRABLE.png","contentUrl":"https:\/\/synthechim.ma\/wp-content\/uploads\/2023\/04\/FILM-ETIRABLE.png","width":274,"height":200},{"@type":"BreadcrumbList","@id":"https:\/\/synthechim.ma\/produit\/film-preetire\/#breadcrumb","itemListElement":[{"@type":"ListItem","position":1,"name":"Accueil","item":"https:\/\/synthechim.ma\/"},{"@type":"ListItem","position":2,"name":"Produits","item":"https:\/\/synthechim.ma\/boutique__trashed\/"},{"@type":"ListItem","position":3,"name":"Film pr\u00e9-\u00e9tir\u00e9"}]},{"@type":"WebSite","@id":"https:\/\/synthechim.ma\/#website","url":"https:\/\/synthechim.ma\/","name":"Synthechim","description":".","publisher":{"@id":"https:\/\/synthechim.ma\/#organization"},"potentialAction":[{"@type":"SearchAction","target":{"@type":"EntryPoint","urlTemplate":"https:\/\/synthechim.ma\/?s={search_term_string}"},"query-input":{"@type":"PropertyValueSpecification","valueRequired":true,"valueName":"search_term_string"}}],"inLanguage":"en-US"},{"@type":"Organization","@id":"https:\/\/synthechim.ma\/#organization","name":"Synthechim","url":"https:\/\/synthechim.ma\/","logo":{"@type":"ImageObject","inLanguage":"en-US","@id":"https:\/\/synthechim.ma\/#\/schema\/logo\/image\/","url":"https:\/\/synthechim.ma\/wp-content\/uploads\/2023\/04\/Logo.png","contentUrl":"https:\/\/synthechim.ma\/wp-content\/uploads\/2023\/04\/Logo.png","width":322,"height":130,"caption":"Synthechim"},"image":{"@id":"https:\/\/synthechim.ma\/#\/schema\/logo\/image\/"}}]}},"_links":{"self":[{"href":"https:\/\/synthechim.ma\/en\/wp-json\/wp\/v2\/product\/208","targetHints":{"allow":["GET"]}}],"collection":[{"href":"https:\/\/synthechim.ma\/en\/wp-json\/wp\/v2\/product"}],"about":[{"href":"https:\/\/synthechim.ma\/en\/wp-json\/wp\/v2\/types\/product"}],"version-history":[{"count":19,"href":"https:\/\/synthechim.ma\/en\/wp-json\/wp\/v2\/product\/208\/revisions"}],"predecessor-version":[{"id":2235,"href":"https:\/\/synthechim.ma\/en\/wp-json\/wp\/v2\/product\/208\/revisions\/2235"}],"wp:featuredmedia":[{"embeddable":true,"href":"https:\/\/synthechim.ma\/en\/wp-json\/wp\/v2\/media\/1508"}],"wp:attachment":[{"href":"https:\/\/synthechim.ma\/en\/wp-json\/wp\/v2\/media?parent=208"}],"wp:term":[{"taxonomy":"product_cat","embeddable":true,"href":"https:\/\/synthechim.ma\/en\/wp-json\/wp\/v2\/product_cat?post=208"},{"taxonomy":"product_tag","embeddable":true,"href":"https:\/\/synthechim.ma\/en\/wp-json\/wp\/v2\/product_tag?post=208"}],"curies":[{"name":"wp","href":"https:\/\/api.w.org\/{rel}","templated":true}]}}