{"id":2384,"date":"2023-10-22T13:02:12","date_gmt":"2023-10-22T11:02:12","guid":{"rendered":"https:\/\/synthechim.ma\/?post_type=product&#038;p=2384"},"modified":"2023-10-26T22:29:58","modified_gmt":"2023-10-26T20:29:58","slug":"intercalaire-plastique","status":"publish","type":"product","link":"https:\/\/synthechim.ma\/en\/product\/intercalaire-plastique\/","title":{"rendered":"INTERCALAIRE PLASTIQUE POUR PALETTE"},"content":{"rendered":"<div data-elementor-type=\"product-post\" data-elementor-id=\"2384\" class=\"elementor elementor-2384\">\n\t\t\t\t\t\t<section class=\"elementor-section elementor-top-section elementor-element elementor-element-5daf479 elementor-section-boxed elementor-section-height-default elementor-section-height-default jltma-glass-effect-no\" data-id=\"5daf479\" data-element_type=\"section\">\n\t\t\t\t\t\t<div class=\"elementor-container elementor-column-gap-default\">\n\t\t\t\t\t<div class=\"elementor-column elementor-col-100 elementor-top-column elementor-element elementor-element-1e4fd99 jltma-glass-effect-no\" data-id=\"1e4fd99\" data-element_type=\"column\">\n\t\t\t<div class=\"elementor-widget-wrap elementor-element-populated\">\n\t\t\t\t\t\t<div class=\"elementor-element elementor-element-1ecbd55 jltma-glass-effect-no elementor-widget elementor-widget-text-editor\" data-id=\"1ecbd55\" data-element_type=\"widget\" data-widget_type=\"text-editor.default\">\n\t\t\t\t<div class=\"elementor-widget-container\">\n\t\t\t<style>\/*! elementor - v3.22.0 - 26-06-2024 *\/\n.elementor-widget-text-editor.elementor-drop-cap-view-stacked .elementor-drop-cap{background-color:#69727d;color:#fff}.elementor-widget-text-editor.elementor-drop-cap-view-framed .elementor-drop-cap{color:#69727d;border:3px solid;background-color:transparent}.elementor-widget-text-editor:not(.elementor-drop-cap-view-default) .elementor-drop-cap{margin-top:8px}.elementor-widget-text-editor:not(.elementor-drop-cap-view-default) .elementor-drop-cap-letter{width:1em;height:1em}.elementor-widget-text-editor .elementor-drop-cap{float:left;text-align:center;line-height:1;font-size:50px}.elementor-widget-text-editor .elementor-drop-cap-letter{display:inline-block}<\/style>\t\t\t\t<p>Nos intercalaires en polypropyl\u00e8ne sont la solution id\u00e9ale pour am\u00e9liorer votre logistique et prot\u00e9ger vos palettes de mani\u00e8re efficace.<\/p><p>Que vous ayez besoin de s\u00e9parer, stabiliser ou prot\u00e9ger vos chargements, nos intercalaires en plastique alv\u00e9olaire sont con\u00e7us pour r\u00e9pondre \u00e0 vos besoins.<\/p><p>Ils r\u00e9sistent aux chocs et \u00e0 l&rsquo;humidit\u00e9, ce qui les rend parfaits pour les palettes stock\u00e9es en ext\u00e9rieur et pour divers secteurs tels que l&rsquo;agroalimentaire, la cosm\u00e9tique et l&rsquo;\u00e9lectronique.<\/p><p>De plus, leur structure pliable s&rsquo;adapte \u00e0 n&rsquo;importe quel chargement, offrant une flexibilit\u00e9 pr\u00e9cieuse dans votre cha\u00eene logistique.<\/p><p>Que ce soit dans l&rsquo;industrie, la construction ou d&rsquo;autres secteurs, nos intercalaires sont \u00e9galement compatibles avec une vari\u00e9t\u00e9 de produits chimiques.<\/p><p>Optimisez la protection de vos produits et la gestion de vos palettes avec nos intercalaires en PP de haute qualit\u00e9.<\/p>\t\t\t\t\t\t<\/div>\n\t\t\t\t<\/div>\n\t\t\t\t\t<\/div>\n\t\t<\/div>\n\t\t\t\t\t<\/div>\n\t\t<\/section>\n\t\t\t\t<section class=\"elementor-section elementor-top-section elementor-element elementor-element-4d58865 elementor-section-boxed elementor-section-height-default elementor-section-height-default jltma-glass-effect-no\" data-id=\"4d58865\" data-element_type=\"section\">\n\t\t\t\t\t\t<div class=\"elementor-container elementor-column-gap-default\">\n\t\t\t\t\t<div class=\"elementor-column elementor-col-100 elementor-top-column elementor-element elementor-element-94accd9 jltma-glass-effect-no\" data-id=\"94accd9\" data-element_type=\"column\">\n\t\t\t<div class=\"elementor-widget-wrap elementor-element-populated\">\n\t\t\t\t\t\t<div class=\"elementor-element elementor-element-36b10f0 jltma-glass-effect-no elementor-widget elementor-widget-spacer\" data-id=\"36b10f0\" data-element_type=\"widget\" data-widget_type=\"spacer.default\">\n\t\t\t\t<div class=\"elementor-widget-container\">\n\t\t\t<style>\/*! elementor - v3.22.0 - 26-06-2024 *\/\n.elementor-column .elementor-spacer-inner{height:var(--spacer-size)}.e-con{--container-widget-width:100%}.e-con-inner>.elementor-widget-spacer,.e-con>.elementor-widget-spacer{width:var(--container-widget-width,var(--spacer-size));--align-self:var(--container-widget-align-self,initial);--flex-shrink:0}.e-con-inner>.elementor-widget-spacer>.elementor-widget-container,.e-con>.elementor-widget-spacer>.elementor-widget-container{height:100%;width:100%}.e-con-inner>.elementor-widget-spacer>.elementor-widget-container>.elementor-spacer,.e-con>.elementor-widget-spacer>.elementor-widget-container>.elementor-spacer{height:100%}.e-con-inner>.elementor-widget-spacer>.elementor-widget-container>.elementor-spacer>.elementor-spacer-inner,.e-con>.elementor-widget-spacer>.elementor-widget-container>.elementor-spacer>.elementor-spacer-inner{height:var(--container-widget-height,var(--spacer-size))}.e-con-inner>.elementor-widget-spacer.elementor-widget-empty,.e-con>.elementor-widget-spacer.elementor-widget-empty{position:relative;min-height:22px;min-width:22px}.e-con-inner>.elementor-widget-spacer.elementor-widget-empty .elementor-widget-empty-icon,.e-con>.elementor-widget-spacer.elementor-widget-empty .elementor-widget-empty-icon{position:absolute;top:0;bottom:0;left:0;right:0;margin:auto;padding:0;width:22px;height:22px}<\/style>\t\t<div class=\"elementor-spacer\">\n\t\t\t<div class=\"elementor-spacer-inner\"><\/div>\n\t\t<\/div>\n\t\t\t\t<\/div>\n\t\t\t\t<\/div>\n\t\t\t\t\t<\/div>\n\t\t<\/div>\n\t\t\t\t\t<\/div>\n\t\t<\/section>\n\t\t\t\t<section class=\"elementor-section elementor-top-section elementor-element elementor-element-db11436 elementor-section-boxed elementor-section-height-default elementor-section-height-default jltma-glass-effect-no\" data-id=\"db11436\" data-element_type=\"section\">\n\t\t\t\t\t\t<div class=\"elementor-container elementor-column-gap-default\">\n\t\t\t\t\t<div class=\"elementor-column elementor-col-50 elementor-top-column elementor-element elementor-element-cdc3106 jltma-glass-effect-no\" data-id=\"cdc3106\" data-element_type=\"column\">\n\t\t\t<div class=\"elementor-widget-wrap elementor-element-populated\">\n\t\t\t\t\t\t<div class=\"elementor-element elementor-element-703c0cf jltma-glass-effect-no elementor-widget elementor-widget-image\" data-id=\"703c0cf\" data-element_type=\"widget\" data-widget_type=\"image.default\">\n\t\t\t\t<div class=\"elementor-widget-container\">\n\t\t\t<style>\/*! elementor - v3.22.0 - 26-06-2024 *\/\n.elementor-widget-image{text-align:center}.elementor-widget-image a{display:inline-block}.elementor-widget-image a img[src$=\".svg\"]{width:48px}.elementor-widget-image img{vertical-align:middle;display:inline-block}<\/style>\t\t\t\t\t\t\t\t\t\t<img fetchpriority=\"high\" decoding=\"async\" width=\"800\" height=\"451\" src=\"https:\/\/synthechim.ma\/wp-content\/uploads\/2023\/10\/intercalaire-palette-plastique-3-1024x577.jpg\" class=\"attachment-large size-large wp-image-2387\" alt=\"\" srcset=\"https:\/\/synthechim.ma\/wp-content\/uploads\/2023\/10\/intercalaire-palette-plastique-3-1024x577.jpg 1024w, https:\/\/synthechim.ma\/wp-content\/uploads\/2023\/10\/intercalaire-palette-plastique-3-300x169.jpg 300w, https:\/\/synthechim.ma\/wp-content\/uploads\/2023\/10\/intercalaire-palette-plastique-3-768x433.jpg 768w, https:\/\/synthechim.ma\/wp-content\/uploads\/2023\/10\/intercalaire-palette-plastique-3-18x10.jpg 18w, https:\/\/synthechim.ma\/wp-content\/uploads\/2023\/10\/intercalaire-palette-plastique-3-600x338.jpg 600w, https:\/\/synthechim.ma\/wp-content\/uploads\/2023\/10\/intercalaire-palette-plastique-3.jpg 1053w\" sizes=\"(max-width: 800px) 100vw, 800px\" \/>\t\t\t\t\t\t\t\t\t\t\t\t\t<\/div>\n\t\t\t\t<\/div>\n\t\t\t\t\t<\/div>\n\t\t<\/div>\n\t\t\t\t<div class=\"elementor-column elementor-col-50 elementor-top-column elementor-element elementor-element-8cb6551 jltma-glass-effect-no\" data-id=\"8cb6551\" data-element_type=\"column\">\n\t\t\t<div class=\"elementor-widget-wrap elementor-element-populated\">\n\t\t\t\t\t\t<div class=\"elementor-element elementor-element-3a706db elementor-widget__width-initial jltma-glass-effect-no elementor-widget elementor-widget-text-editor\" data-id=\"3a706db\" data-element_type=\"widget\" data-widget_type=\"text-editor.default\">\n\t\t\t\t<div class=\"elementor-widget-container\">\n\t\t\t\t\t\t\t<p>Nos produits sont fabriqu\u00e9es en polypropyl\u00e8ne (PP). Ce mat\u00e9riau propre, l\u00e9ger, et 100 % recycl\u00e9 et recyclable se caract\u00e9rise par de nombreux avantages :<\/p><ul><li><strong>R\u00e9utilisable et \u00e9conomique<\/strong><\/li><li style=\"font-size: 16px;\"><span style=\"font-weight: bolder;\">L\u00e9ger\u00a0<\/span>: facile \u00e0 transporter, \u00e0 manipuler et \u00e0 placer ou \u00e0 fixer.<\/li><li><strong>R\u00e9sistant \u00e0 l&rsquo;humidit\u00e9 et aux intemp\u00e9ries<\/strong>\u00a0: adapt\u00e9 \u00e0 une utilisation int\u00e9rieure et ext\u00e9rieure<\/li><li><strong>R\u00e9sistant aux produits chimiques<\/strong>, \u00e0 l&rsquo;humidit\u00e9 et \u00e0 l&rsquo;huile : convient aux environnements gras, humides et chimiques.<\/li><li><strong>Respectueux de l&rsquo;environnement<\/strong>\u00a0:\u00a0 fabriqu\u00e9 \u00e0 partir de mat\u00e9riaux 100 % recycl\u00e9 (PCR) et recyclables.<\/li><li><strong>Personnalisable<\/strong>\u00a0: disponible dans une large gamme de dimensions, de couleurs, d&rsquo;\u00e9paisseurs, de poids et de traitements.<\/li><\/ul>\t\t\t\t\t\t<\/div>\n\t\t\t\t<\/div>\n\t\t\t\t\t<\/div>\n\t\t<\/div>\n\t\t\t\t\t<\/div>\n\t\t<\/section>\n\t\t\t\t<\/div>","protected":false},"excerpt":{"rendered":"<p>Nos intercalaires en polypropyl\u00e8ne sont la solution id\u00e9ale pour am\u00e9liorer votre logistique et prot\u00e9ger vos palettes de mani\u00e8re efficace. Que vous ayez besoin de s\u00e9parer, stabiliser ou prot\u00e9ger vos chargements, nos intercalaires en plastique alv\u00e9olaire sont con\u00e7us pour r\u00e9pondre \u00e0 vos besoins. Ils r\u00e9sistent aux chocs et \u00e0 l&rsquo;humidit\u00e9, ce qui les rend parfaits pour [&hellip;]<\/p>","protected":false},"featured_media":2376,"template":"","meta":{"_themeisle_gutenberg_block_has_review":false},"product_cat":[17,21],"product_tag":[],"class_list":["post-2384","product","type-product","status-publish","has-post-thumbnail","hentry","product_cat-packaging-et-emballages","product_cat-emballages-de-transport"],"yoast_head":"<!-- This site is optimized with the Yoast SEO plugin v26.0 - https:\/\/yoast.com\/wordpress\/plugins\/seo\/ -->\n<title>INTERCALAIRE PLASTIQUE POUR PALETTE - Synthechim<\/title>\n<meta name=\"description\" content=\"Stabilisez, s\u00e9parez, et prot\u00e9gez vos chargements contre l&#039;humidit\u00e9 avec nos intercalaires en Polypropyl\u00e8ne. Plaque en plastique 100% recycl\u00e9s et recyclables\" \/>\n<meta name=\"robots\" content=\"index, follow, max-snippet:-1, max-image-preview:large, max-video-preview:-1\" \/>\n<link rel=\"canonical\" href=\"https:\/\/synthechim.ma\/en\/product\/intercalaire-plastique\/\" \/>\n<meta property=\"og:locale\" content=\"en_US\" \/>\n<meta property=\"og:type\" content=\"article\" \/>\n<meta property=\"og:title\" content=\"INTERCALAIRE PLASTIQUE POUR PALETTE - Synthechim\" \/>\n<meta property=\"og:description\" content=\"Stabilisez, s\u00e9parez, et prot\u00e9gez vos chargements contre l&#039;humidit\u00e9 avec nos intercalaires en Polypropyl\u00e8ne. Plaque en plastique 100% recycl\u00e9s et recyclables\" \/>\n<meta property=\"og:url\" content=\"https:\/\/synthechim.ma\/en\/product\/intercalaire-plastique\/\" \/>\n<meta property=\"og:site_name\" content=\"Synthechim\" \/>\n<meta property=\"article:modified_time\" content=\"2023-10-26T20:29:58+00:00\" \/>\n<meta property=\"og:image\" content=\"https:\/\/synthechim.ma\/wp-content\/uploads\/2023\/10\/plaque-pp-palette1_1706.jpg\" \/>\n\t<meta property=\"og:image:width\" content=\"650\" \/>\n\t<meta property=\"og:image:height\" content=\"433\" \/>\n\t<meta property=\"og:image:type\" content=\"image\/jpeg\" \/>\n<meta name=\"twitter:card\" content=\"summary_large_image\" \/>\n<script type=\"application\/ld+json\" class=\"yoast-schema-graph\">{\"@context\":\"https:\/\/schema.org\",\"@graph\":[{\"@type\":\"WebPage\",\"@id\":\"https:\/\/synthechim.ma\/produit\/intercalaire-plastique\/\",\"url\":\"https:\/\/synthechim.ma\/produit\/intercalaire-plastique\/\",\"name\":\"INTERCALAIRE PLASTIQUE POUR PALETTE - Synthechim\",\"isPartOf\":{\"@id\":\"https:\/\/synthechim.ma\/#website\"},\"primaryImageOfPage\":{\"@id\":\"https:\/\/synthechim.ma\/produit\/intercalaire-plastique\/#primaryimage\"},\"image\":{\"@id\":\"https:\/\/synthechim.ma\/produit\/intercalaire-plastique\/#primaryimage\"},\"thumbnailUrl\":\"https:\/\/synthechim.ma\/wp-content\/uploads\/2023\/10\/plaque-pp-palette1_1706.jpg\",\"datePublished\":\"2023-10-22T11:02:12+00:00\",\"dateModified\":\"2023-10-26T20:29:58+00:00\",\"description\":\"Stabilisez, s\u00e9parez, et prot\u00e9gez vos chargements contre l'humidit\u00e9 avec nos intercalaires en Polypropyl\u00e8ne. Plaque en plastique 100% recycl\u00e9s et recyclables\",\"breadcrumb\":{\"@id\":\"https:\/\/synthechim.ma\/produit\/intercalaire-plastique\/#breadcrumb\"},\"inLanguage\":\"en-US\",\"potentialAction\":[{\"@type\":\"ReadAction\",\"target\":[\"https:\/\/synthechim.ma\/produit\/intercalaire-plastique\/\"]}]},{\"@type\":\"ImageObject\",\"inLanguage\":\"en-US\",\"@id\":\"https:\/\/synthechim.ma\/produit\/intercalaire-plastique\/#primaryimage\",\"url\":\"https:\/\/synthechim.ma\/wp-content\/uploads\/2023\/10\/plaque-pp-palette1_1706.jpg\",\"contentUrl\":\"https:\/\/synthechim.ma\/wp-content\/uploads\/2023\/10\/plaque-pp-palette1_1706.jpg\",\"width\":650,\"height\":433},{\"@type\":\"BreadcrumbList\",\"@id\":\"https:\/\/synthechim.ma\/produit\/intercalaire-plastique\/#breadcrumb\",\"itemListElement\":[{\"@type\":\"ListItem\",\"position\":1,\"name\":\"Accueil\",\"item\":\"https:\/\/synthechim.ma\/\"},{\"@type\":\"ListItem\",\"position\":2,\"name\":\"Produits\",\"item\":\"https:\/\/synthechim.ma\/boutique__trashed\/\"},{\"@type\":\"ListItem\",\"position\":3,\"name\":\"INTERCALAIRE PLASTIQUE POUR PALETTE\"}]},{\"@type\":\"WebSite\",\"@id\":\"https:\/\/synthechim.ma\/#website\",\"url\":\"https:\/\/synthechim.ma\/\",\"name\":\"Synthechim\",\"description\":\".\",\"publisher\":{\"@id\":\"https:\/\/synthechim.ma\/#organization\"},\"potentialAction\":[{\"@type\":\"SearchAction\",\"target\":{\"@type\":\"EntryPoint\",\"urlTemplate\":\"https:\/\/synthechim.ma\/?s={search_term_string}\"},\"query-input\":{\"@type\":\"PropertyValueSpecification\",\"valueRequired\":true,\"valueName\":\"search_term_string\"}}],\"inLanguage\":\"en-US\"},{\"@type\":\"Organization\",\"@id\":\"https:\/\/synthechim.ma\/#organization\",\"name\":\"Synthechim\",\"url\":\"https:\/\/synthechim.ma\/\",\"logo\":{\"@type\":\"ImageObject\",\"inLanguage\":\"en-US\",\"@id\":\"https:\/\/synthechim.ma\/#\/schema\/logo\/image\/\",\"url\":\"https:\/\/synthechim.ma\/wp-content\/uploads\/2023\/04\/Logo.png\",\"contentUrl\":\"https:\/\/synthechim.ma\/wp-content\/uploads\/2023\/04\/Logo.png\",\"width\":322,\"height\":130,\"caption\":\"Synthechim\"},\"image\":{\"@id\":\"https:\/\/synthechim.ma\/#\/schema\/logo\/image\/\"}}]}<\/script>\n<!-- \/ Yoast SEO plugin. -->","yoast_head_json":{"title":"INTERCALAIRE PLASTIQUE POUR PALETTE - Synthechim","description":"Stabilisez, s\u00e9parez, et prot\u00e9gez vos chargements contre l'humidit\u00e9 avec nos intercalaires en Polypropyl\u00e8ne. Plaque en plastique 100% recycl\u00e9s et recyclables","robots":{"index":"index","follow":"follow","max-snippet":"max-snippet:-1","max-image-preview":"max-image-preview:large","max-video-preview":"max-video-preview:-1"},"canonical":"https:\/\/synthechim.ma\/en\/product\/intercalaire-plastique\/","og_locale":"en_US","og_type":"article","og_title":"INTERCALAIRE PLASTIQUE POUR PALETTE - Synthechim","og_description":"Stabilisez, s\u00e9parez, et prot\u00e9gez vos chargements contre l'humidit\u00e9 avec nos intercalaires en Polypropyl\u00e8ne. Plaque en plastique 100% recycl\u00e9s et recyclables","og_url":"https:\/\/synthechim.ma\/en\/product\/intercalaire-plastique\/","og_site_name":"Synthechim","article_modified_time":"2023-10-26T20:29:58+00:00","og_image":[{"width":650,"height":433,"url":"https:\/\/synthechim.ma\/wp-content\/uploads\/2023\/10\/plaque-pp-palette1_1706.jpg","type":"image\/jpeg"}],"twitter_card":"summary_large_image","schema":{"@context":"https:\/\/schema.org","@graph":[{"@type":"WebPage","@id":"https:\/\/synthechim.ma\/produit\/intercalaire-plastique\/","url":"https:\/\/synthechim.ma\/produit\/intercalaire-plastique\/","name":"INTERCALAIRE PLASTIQUE POUR PALETTE - Synthechim","isPartOf":{"@id":"https:\/\/synthechim.ma\/#website"},"primaryImageOfPage":{"@id":"https:\/\/synthechim.ma\/produit\/intercalaire-plastique\/#primaryimage"},"image":{"@id":"https:\/\/synthechim.ma\/produit\/intercalaire-plastique\/#primaryimage"},"thumbnailUrl":"https:\/\/synthechim.ma\/wp-content\/uploads\/2023\/10\/plaque-pp-palette1_1706.jpg","datePublished":"2023-10-22T11:02:12+00:00","dateModified":"2023-10-26T20:29:58+00:00","description":"Stabilisez, s\u00e9parez, et prot\u00e9gez vos chargements contre l'humidit\u00e9 avec nos intercalaires en Polypropyl\u00e8ne. Plaque en plastique 100% recycl\u00e9s et recyclables","breadcrumb":{"@id":"https:\/\/synthechim.ma\/produit\/intercalaire-plastique\/#breadcrumb"},"inLanguage":"en-US","potentialAction":[{"@type":"ReadAction","target":["https:\/\/synthechim.ma\/produit\/intercalaire-plastique\/"]}]},{"@type":"ImageObject","inLanguage":"en-US","@id":"https:\/\/synthechim.ma\/produit\/intercalaire-plastique\/#primaryimage","url":"https:\/\/synthechim.ma\/wp-content\/uploads\/2023\/10\/plaque-pp-palette1_1706.jpg","contentUrl":"https:\/\/synthechim.ma\/wp-content\/uploads\/2023\/10\/plaque-pp-palette1_1706.jpg","width":650,"height":433},{"@type":"BreadcrumbList","@id":"https:\/\/synthechim.ma\/produit\/intercalaire-plastique\/#breadcrumb","itemListElement":[{"@type":"ListItem","position":1,"name":"Accueil","item":"https:\/\/synthechim.ma\/"},{"@type":"ListItem","position":2,"name":"Produits","item":"https:\/\/synthechim.ma\/boutique__trashed\/"},{"@type":"ListItem","position":3,"name":"INTERCALAIRE PLASTIQUE POUR PALETTE"}]},{"@type":"WebSite","@id":"https:\/\/synthechim.ma\/#website","url":"https:\/\/synthechim.ma\/","name":"Synthechim","description":".","publisher":{"@id":"https:\/\/synthechim.ma\/#organization"},"potentialAction":[{"@type":"SearchAction","target":{"@type":"EntryPoint","urlTemplate":"https:\/\/synthechim.ma\/?s={search_term_string}"},"query-input":{"@type":"PropertyValueSpecification","valueRequired":true,"valueName":"search_term_string"}}],"inLanguage":"en-US"},{"@type":"Organization","@id":"https:\/\/synthechim.ma\/#organization","name":"Synthechim","url":"https:\/\/synthechim.ma\/","logo":{"@type":"ImageObject","inLanguage":"en-US","@id":"https:\/\/synthechim.ma\/#\/schema\/logo\/image\/","url":"https:\/\/synthechim.ma\/wp-content\/uploads\/2023\/04\/Logo.png","contentUrl":"https:\/\/synthechim.ma\/wp-content\/uploads\/2023\/04\/Logo.png","width":322,"height":130,"caption":"Synthechim"},"image":{"@id":"https:\/\/synthechim.ma\/#\/schema\/logo\/image\/"}}]}},"_links":{"self":[{"href":"https:\/\/synthechim.ma\/en\/wp-json\/wp\/v2\/product\/2384","targetHints":{"allow":["GET"]}}],"collection":[{"href":"https:\/\/synthechim.ma\/en\/wp-json\/wp\/v2\/product"}],"about":[{"href":"https:\/\/synthechim.ma\/en\/wp-json\/wp\/v2\/types\/product"}],"version-history":[{"count":10,"href":"https:\/\/synthechim.ma\/en\/wp-json\/wp\/v2\/product\/2384\/revisions"}],"predecessor-version":[{"id":2495,"href":"https:\/\/synthechim.ma\/en\/wp-json\/wp\/v2\/product\/2384\/revisions\/2495"}],"wp:featuredmedia":[{"embeddable":true,"href":"https:\/\/synthechim.ma\/en\/wp-json\/wp\/v2\/media\/2376"}],"wp:attachment":[{"href":"https:\/\/synthechim.ma\/en\/wp-json\/wp\/v2\/media?parent=2384"}],"wp:term":[{"taxonomy":"product_cat","embeddable":true,"href":"https:\/\/synthechim.ma\/en\/wp-json\/wp\/v2\/product_cat?post=2384"},{"taxonomy":"product_tag","embeddable":true,"href":"https:\/\/synthechim.ma\/en\/wp-json\/wp\/v2\/product_tag?post=2384"}],"curies":[{"name":"wp","href":"https:\/\/api.w.org\/{rel}","templated":true}]}}