{"id":2576,"date":"2023-11-01T11:24:49","date_gmt":"2023-11-01T10:24:49","guid":{"rendered":"https:\/\/synthechim.ma\/?post_type=product&#038;p=2576"},"modified":"2023-11-01T12:05:04","modified_gmt":"2023-11-01T11:05:04","slug":"collecteur-moule","status":"publish","type":"product","link":"https:\/\/synthechim.ma\/en\/product\/collecteur-moule\/","title":{"rendered":"Nourrice moule injection"},"content":{"rendered":"<div data-elementor-type=\"product-post\" data-elementor-id=\"2576\" class=\"elementor elementor-2576\">\n\t\t\t\t\t\t<section class=\"elementor-section elementor-top-section elementor-element elementor-element-71fe504 elementor-section-boxed elementor-section-height-default elementor-section-height-default jltma-glass-effect-no\" data-id=\"71fe504\" data-element_type=\"section\">\n\t\t\t\t\t\t<div class=\"elementor-container elementor-column-gap-default\">\n\t\t\t\t\t<div class=\"elementor-column elementor-col-50 elementor-top-column elementor-element elementor-element-9eb264a jltma-glass-effect-no\" data-id=\"9eb264a\" data-element_type=\"column\">\n\t\t\t<div class=\"elementor-widget-wrap elementor-element-populated\">\n\t\t\t\t\t\t<div class=\"elementor-element elementor-element-28c0578 jltma-glass-effect-no elementor-widget elementor-widget-text-editor\" data-id=\"28c0578\" data-element_type=\"widget\" data-widget_type=\"text-editor.default\">\n\t\t\t\t<div class=\"elementor-widget-container\">\n\t\t\t<style>\/*! elementor - v3.22.0 - 26-06-2024 *\/\n.elementor-widget-text-editor.elementor-drop-cap-view-stacked .elementor-drop-cap{background-color:#69727d;color:#fff}.elementor-widget-text-editor.elementor-drop-cap-view-framed .elementor-drop-cap{color:#69727d;border:3px solid;background-color:transparent}.elementor-widget-text-editor:not(.elementor-drop-cap-view-default) .elementor-drop-cap{margin-top:8px}.elementor-widget-text-editor:not(.elementor-drop-cap-view-default) .elementor-drop-cap-letter{width:1em;height:1em}.elementor-widget-text-editor .elementor-drop-cap{float:left;text-align:center;line-height:1;font-size:50px}.elementor-widget-text-editor .elementor-drop-cap-letter{display:inline-block}<\/style>\t\t\t\t<p>RTC Coupling technology propose des blocs de nourrice 100% Aluminium pour les circuits de refroidissement flexibles.<\/p><p>Les nourices peuvent \u00eatre mont\u00e9s directement sur le moule d&rsquo;injection et sont compatibles avec tout type de raccords gr\u00e2ce \u00e0 un syst\u00e8me modulaire enfichable.<\/p><p>Les tuyaux peuvent \u00eatre raccord\u00e9s via des raccords viss\u00e9s fixes ou des combinaisons mamelon\/raccord, et le syst\u00e8me peut g\u00e9rer des temp\u00e9ratures de fluide caloporteur allant jusqu&rsquo;\u00e0 400\u00b0C avec une pression de service maximale de 40 bar (580 psi).<\/p><p>l&rsquo;entr\u00e9e\/sortie centrale du bloc de nourrice permet l&rsquo;utilisation de tuyaux plus courts, ce qui peut \u00e9conomiser de l&rsquo;\u00e9nergie et simplifier et s\u00e9curiser l&rsquo;agencement des lignes de refroidissement.<\/p><p>Les lignes d&rsquo;alimentation et de retour peuvent \u00eatre facilement distingu\u00e9es gr\u00e2ce aux blocs de nourrice anodis\u00e9s en bleu et en rouge.<\/p><p>\u00a0<\/p><p>\u00a0<\/p><p>N&rsquo;h\u00e9sitez pas \u00e0 nous contacter pour plus d&rsquo;informations !\u00a0<\/p>\t\t\t\t\t\t<\/div>\n\t\t\t\t<\/div>\n\t\t\t\t\t<\/div>\n\t\t<\/div>\n\t\t\t\t<div class=\"elementor-column elementor-col-50 elementor-top-column elementor-element elementor-element-7d420a3 jltma-glass-effect-no\" data-id=\"7d420a3\" data-element_type=\"column\">\n\t\t\t<div class=\"elementor-widget-wrap elementor-element-populated\">\n\t\t\t\t\t\t<div class=\"elementor-element elementor-element-d2925d8 jltma-glass-effect-no elementor-widget elementor-widget-image\" data-id=\"d2925d8\" data-element_type=\"widget\" data-widget_type=\"image.default\">\n\t\t\t\t<div class=\"elementor-widget-container\">\n\t\t\t<style>\/*! elementor - v3.22.0 - 26-06-2024 *\/\n.elementor-widget-image{text-align:center}.elementor-widget-image a{display:inline-block}.elementor-widget-image a img[src$=\".svg\"]{width:48px}.elementor-widget-image img{vertical-align:middle;display:inline-block}<\/style>\t\t\t\t\t\t\t\t\t\t<img fetchpriority=\"high\" decoding=\"async\" width=\"730\" height=\"735\" src=\"https:\/\/synthechim.ma\/wp-content\/uploads\/2023\/11\/Nourrice-montee-2.jpg\" class=\"attachment-large size-large wp-image-2584\" alt=\"\" srcset=\"https:\/\/synthechim.ma\/wp-content\/uploads\/2023\/11\/Nourrice-montee-2.jpg 730w, https:\/\/synthechim.ma\/wp-content\/uploads\/2023\/11\/Nourrice-montee-2-298x300.jpg 298w, https:\/\/synthechim.ma\/wp-content\/uploads\/2023\/11\/Nourrice-montee-2-150x150.jpg 150w, https:\/\/synthechim.ma\/wp-content\/uploads\/2023\/11\/Nourrice-montee-2-12x12.jpg 12w, https:\/\/synthechim.ma\/wp-content\/uploads\/2023\/11\/Nourrice-montee-2-600x604.jpg 600w, https:\/\/synthechim.ma\/wp-content\/uploads\/2023\/11\/Nourrice-montee-2-100x100.jpg 100w\" sizes=\"(max-width: 730px) 100vw, 730px\" \/>\t\t\t\t\t\t\t\t\t\t\t\t\t<\/div>\n\t\t\t\t<\/div>\n\t\t\t\t\t<\/div>\n\t\t<\/div>\n\t\t\t\t\t<\/div>\n\t\t<\/section>\n\t\t\t\t<section class=\"elementor-section elementor-top-section elementor-element elementor-element-9866786 elementor-section-boxed elementor-section-height-default elementor-section-height-default jltma-glass-effect-no\" data-id=\"9866786\" data-element_type=\"section\">\n\t\t\t\t\t\t<div class=\"elementor-container elementor-column-gap-default\">\n\t\t\t\t\t<div class=\"elementor-column elementor-col-100 elementor-top-column elementor-element elementor-element-da714da jltma-glass-effect-no\" data-id=\"da714da\" data-element_type=\"column\">\n\t\t\t<div class=\"elementor-widget-wrap elementor-element-populated\">\n\t\t\t\t\t\t<div class=\"elementor-element elementor-element-3f064bc jltma-glass-effect-no elementor-widget elementor-widget-image\" data-id=\"3f064bc\" data-element_type=\"widget\" data-widget_type=\"image.default\">\n\t\t\t\t<div class=\"elementor-widget-container\">\n\t\t\t\t\t\t\t\t\t\t\t\t\t<img decoding=\"async\" width=\"768\" height=\"456\" src=\"https:\/\/synthechim.ma\/wp-content\/uploads\/2023\/11\/NOURRICE-RTC-768x456.png\" class=\"attachment-medium_large size-medium_large wp-image-2581\" alt=\"\" srcset=\"https:\/\/synthechim.ma\/wp-content\/uploads\/2023\/11\/NOURRICE-RTC-768x456.png 768w, https:\/\/synthechim.ma\/wp-content\/uploads\/2023\/11\/NOURRICE-RTC-300x178.png 300w, https:\/\/synthechim.ma\/wp-content\/uploads\/2023\/11\/NOURRICE-RTC-1024x608.png 1024w, https:\/\/synthechim.ma\/wp-content\/uploads\/2023\/11\/NOURRICE-RTC-1536x912.png 1536w, https:\/\/synthechim.ma\/wp-content\/uploads\/2023\/11\/NOURRICE-RTC-2048x1216.png 2048w, https:\/\/synthechim.ma\/wp-content\/uploads\/2023\/11\/NOURRICE-RTC-18x12.png 18w, https:\/\/synthechim.ma\/wp-content\/uploads\/2023\/11\/NOURRICE-RTC-600x356.png 600w\" sizes=\"(max-width: 768px) 100vw, 768px\" \/>\t\t\t\t\t\t\t\t\t\t\t\t\t<\/div>\n\t\t\t\t<\/div>\n\t\t\t\t\t<\/div>\n\t\t<\/div>\n\t\t\t\t\t<\/div>\n\t\t<\/section>\n\t\t\t\t<\/div>","protected":false},"excerpt":{"rendered":"<p>RTC Coupling technology propose des blocs de nourrice 100% Aluminium pour les circuits de refroidissement flexibles. Les nourices peuvent \u00eatre mont\u00e9s directement sur le moule d&rsquo;injection et sont compatibles avec tout type de raccords gr\u00e2ce \u00e0 un syst\u00e8me modulaire enfichable. Les tuyaux peuvent \u00eatre raccord\u00e9s via des raccords viss\u00e9s fixes ou des combinaisons mamelon\/raccord, et [&hellip;]<\/p>","protected":false},"featured_media":2578,"template":"","meta":{"_themeisle_gutenberg_block_has_review":false},"product_cat":[18,32],"product_tag":[],"class_list":["post-2576","product","type-product","status-publish","has-post-thumbnail","hentry","product_cat-matieres-plastiques-et-auxiliaires","product_cat-auxiliaires-moule"],"yoast_head":"<!-- This site is optimized with the Yoast SEO plugin v26.0 - https:\/\/yoast.com\/wordpress\/plugins\/seo\/ -->\n<title>Nourrice moule injection - Synthechim<\/title>\n<meta name=\"description\" content=\"D\u00e9couvrez les solutions de collecteurs et nourrisse de notre repr\u00e9sent\u00e9e RTC COUPLING TECHNOLOGIES. Contactez nous pour plus d&#039;informations !\" \/>\n<meta name=\"robots\" content=\"index, follow, max-snippet:-1, max-image-preview:large, max-video-preview:-1\" \/>\n<link rel=\"canonical\" href=\"https:\/\/synthechim.ma\/en\/product\/collecteur-moule\/\" \/>\n<meta property=\"og:locale\" content=\"en_US\" \/>\n<meta property=\"og:type\" content=\"article\" \/>\n<meta property=\"og:title\" content=\"Nourrice moule injection - Synthechim\" \/>\n<meta property=\"og:description\" content=\"D\u00e9couvrez les solutions de collecteurs et nourrisse de notre repr\u00e9sent\u00e9e RTC COUPLING TECHNOLOGIES. Contactez nous pour plus d&#039;informations !\" \/>\n<meta property=\"og:url\" content=\"https:\/\/synthechim.ma\/en\/product\/collecteur-moule\/\" \/>\n<meta property=\"og:site_name\" content=\"Synthechim\" \/>\n<meta property=\"article:modified_time\" content=\"2023-11-01T11:05:04+00:00\" \/>\n<meta property=\"og:image\" content=\"https:\/\/synthechim.ma\/wp-content\/uploads\/2023\/11\/collecteur-1.png\" \/>\n\t<meta property=\"og:image:width\" content=\"1409\" \/>\n\t<meta property=\"og:image:height\" content=\"1089\" \/>\n\t<meta property=\"og:image:type\" content=\"image\/png\" \/>\n<meta name=\"twitter:card\" content=\"summary_large_image\" \/>\n<meta name=\"twitter:label1\" content=\"Est. reading time\" \/>\n\t<meta name=\"twitter:data1\" content=\"2 minutes\" \/>\n<script type=\"application\/ld+json\" class=\"yoast-schema-graph\">{\"@context\":\"https:\/\/schema.org\",\"@graph\":[{\"@type\":\"WebPage\",\"@id\":\"https:\/\/synthechim.ma\/produit\/collecteur-moule\/\",\"url\":\"https:\/\/synthechim.ma\/produit\/collecteur-moule\/\",\"name\":\"Nourrice moule injection - Synthechim\",\"isPartOf\":{\"@id\":\"https:\/\/synthechim.ma\/#website\"},\"primaryImageOfPage\":{\"@id\":\"https:\/\/synthechim.ma\/produit\/collecteur-moule\/#primaryimage\"},\"image\":{\"@id\":\"https:\/\/synthechim.ma\/produit\/collecteur-moule\/#primaryimage\"},\"thumbnailUrl\":\"https:\/\/synthechim.ma\/wp-content\/uploads\/2023\/11\/collecteur-1.png\",\"datePublished\":\"2023-11-01T10:24:49+00:00\",\"dateModified\":\"2023-11-01T11:05:04+00:00\",\"description\":\"D\u00e9couvrez les solutions de collecteurs et nourrisse de notre repr\u00e9sent\u00e9e RTC COUPLING TECHNOLOGIES. Contactez nous pour plus d'informations !\",\"breadcrumb\":{\"@id\":\"https:\/\/synthechim.ma\/produit\/collecteur-moule\/#breadcrumb\"},\"inLanguage\":\"en-US\",\"potentialAction\":[{\"@type\":\"ReadAction\",\"target\":[\"https:\/\/synthechim.ma\/produit\/collecteur-moule\/\"]}]},{\"@type\":\"ImageObject\",\"inLanguage\":\"en-US\",\"@id\":\"https:\/\/synthechim.ma\/produit\/collecteur-moule\/#primaryimage\",\"url\":\"https:\/\/synthechim.ma\/wp-content\/uploads\/2023\/11\/collecteur-1.png\",\"contentUrl\":\"https:\/\/synthechim.ma\/wp-content\/uploads\/2023\/11\/collecteur-1.png\",\"width\":1409,\"height\":1089},{\"@type\":\"BreadcrumbList\",\"@id\":\"https:\/\/synthechim.ma\/produit\/collecteur-moule\/#breadcrumb\",\"itemListElement\":[{\"@type\":\"ListItem\",\"position\":1,\"name\":\"Accueil\",\"item\":\"https:\/\/synthechim.ma\/\"},{\"@type\":\"ListItem\",\"position\":2,\"name\":\"Produits\",\"item\":\"https:\/\/synthechim.ma\/boutique__trashed\/\"},{\"@type\":\"ListItem\",\"position\":3,\"name\":\"Nourrice moule injection\"}]},{\"@type\":\"WebSite\",\"@id\":\"https:\/\/synthechim.ma\/#website\",\"url\":\"https:\/\/synthechim.ma\/\",\"name\":\"Synthechim\",\"description\":\".\",\"publisher\":{\"@id\":\"https:\/\/synthechim.ma\/#organization\"},\"potentialAction\":[{\"@type\":\"SearchAction\",\"target\":{\"@type\":\"EntryPoint\",\"urlTemplate\":\"https:\/\/synthechim.ma\/?s={search_term_string}\"},\"query-input\":{\"@type\":\"PropertyValueSpecification\",\"valueRequired\":true,\"valueName\":\"search_term_string\"}}],\"inLanguage\":\"en-US\"},{\"@type\":\"Organization\",\"@id\":\"https:\/\/synthechim.ma\/#organization\",\"name\":\"Synthechim\",\"url\":\"https:\/\/synthechim.ma\/\",\"logo\":{\"@type\":\"ImageObject\",\"inLanguage\":\"en-US\",\"@id\":\"https:\/\/synthechim.ma\/#\/schema\/logo\/image\/\",\"url\":\"https:\/\/synthechim.ma\/wp-content\/uploads\/2023\/04\/Logo.png\",\"contentUrl\":\"https:\/\/synthechim.ma\/wp-content\/uploads\/2023\/04\/Logo.png\",\"width\":322,\"height\":130,\"caption\":\"Synthechim\"},\"image\":{\"@id\":\"https:\/\/synthechim.ma\/#\/schema\/logo\/image\/\"}}]}<\/script>\n<!-- \/ Yoast SEO plugin. -->","yoast_head_json":{"title":"Nourrice moule injection - Synthechim","description":"D\u00e9couvrez les solutions de collecteurs et nourrisse de notre repr\u00e9sent\u00e9e RTC COUPLING TECHNOLOGIES. Contactez nous pour plus d'informations !","robots":{"index":"index","follow":"follow","max-snippet":"max-snippet:-1","max-image-preview":"max-image-preview:large","max-video-preview":"max-video-preview:-1"},"canonical":"https:\/\/synthechim.ma\/en\/product\/collecteur-moule\/","og_locale":"en_US","og_type":"article","og_title":"Nourrice moule injection - Synthechim","og_description":"D\u00e9couvrez les solutions de collecteurs et nourrisse de notre repr\u00e9sent\u00e9e RTC COUPLING TECHNOLOGIES. Contactez nous pour plus d'informations !","og_url":"https:\/\/synthechim.ma\/en\/product\/collecteur-moule\/","og_site_name":"Synthechim","article_modified_time":"2023-11-01T11:05:04+00:00","og_image":[{"width":1409,"height":1089,"url":"https:\/\/synthechim.ma\/wp-content\/uploads\/2023\/11\/collecteur-1.png","type":"image\/png"}],"twitter_card":"summary_large_image","twitter_misc":{"Est. reading time":"2 minutes"},"schema":{"@context":"https:\/\/schema.org","@graph":[{"@type":"WebPage","@id":"https:\/\/synthechim.ma\/produit\/collecteur-moule\/","url":"https:\/\/synthechim.ma\/produit\/collecteur-moule\/","name":"Nourrice moule injection - Synthechim","isPartOf":{"@id":"https:\/\/synthechim.ma\/#website"},"primaryImageOfPage":{"@id":"https:\/\/synthechim.ma\/produit\/collecteur-moule\/#primaryimage"},"image":{"@id":"https:\/\/synthechim.ma\/produit\/collecteur-moule\/#primaryimage"},"thumbnailUrl":"https:\/\/synthechim.ma\/wp-content\/uploads\/2023\/11\/collecteur-1.png","datePublished":"2023-11-01T10:24:49+00:00","dateModified":"2023-11-01T11:05:04+00:00","description":"D\u00e9couvrez les solutions de collecteurs et nourrisse de notre repr\u00e9sent\u00e9e RTC COUPLING TECHNOLOGIES. Contactez nous pour plus d'informations !","breadcrumb":{"@id":"https:\/\/synthechim.ma\/produit\/collecteur-moule\/#breadcrumb"},"inLanguage":"en-US","potentialAction":[{"@type":"ReadAction","target":["https:\/\/synthechim.ma\/produit\/collecteur-moule\/"]}]},{"@type":"ImageObject","inLanguage":"en-US","@id":"https:\/\/synthechim.ma\/produit\/collecteur-moule\/#primaryimage","url":"https:\/\/synthechim.ma\/wp-content\/uploads\/2023\/11\/collecteur-1.png","contentUrl":"https:\/\/synthechim.ma\/wp-content\/uploads\/2023\/11\/collecteur-1.png","width":1409,"height":1089},{"@type":"BreadcrumbList","@id":"https:\/\/synthechim.ma\/produit\/collecteur-moule\/#breadcrumb","itemListElement":[{"@type":"ListItem","position":1,"name":"Accueil","item":"https:\/\/synthechim.ma\/"},{"@type":"ListItem","position":2,"name":"Produits","item":"https:\/\/synthechim.ma\/boutique__trashed\/"},{"@type":"ListItem","position":3,"name":"Nourrice moule injection"}]},{"@type":"WebSite","@id":"https:\/\/synthechim.ma\/#website","url":"https:\/\/synthechim.ma\/","name":"Synthechim","description":".","publisher":{"@id":"https:\/\/synthechim.ma\/#organization"},"potentialAction":[{"@type":"SearchAction","target":{"@type":"EntryPoint","urlTemplate":"https:\/\/synthechim.ma\/?s={search_term_string}"},"query-input":{"@type":"PropertyValueSpecification","valueRequired":true,"valueName":"search_term_string"}}],"inLanguage":"en-US"},{"@type":"Organization","@id":"https:\/\/synthechim.ma\/#organization","name":"Synthechim","url":"https:\/\/synthechim.ma\/","logo":{"@type":"ImageObject","inLanguage":"en-US","@id":"https:\/\/synthechim.ma\/#\/schema\/logo\/image\/","url":"https:\/\/synthechim.ma\/wp-content\/uploads\/2023\/04\/Logo.png","contentUrl":"https:\/\/synthechim.ma\/wp-content\/uploads\/2023\/04\/Logo.png","width":322,"height":130,"caption":"Synthechim"},"image":{"@id":"https:\/\/synthechim.ma\/#\/schema\/logo\/image\/"}}]}},"_links":{"self":[{"href":"https:\/\/synthechim.ma\/en\/wp-json\/wp\/v2\/product\/2576","targetHints":{"allow":["GET"]}}],"collection":[{"href":"https:\/\/synthechim.ma\/en\/wp-json\/wp\/v2\/product"}],"about":[{"href":"https:\/\/synthechim.ma\/en\/wp-json\/wp\/v2\/types\/product"}],"version-history":[{"count":9,"href":"https:\/\/synthechim.ma\/en\/wp-json\/wp\/v2\/product\/2576\/revisions"}],"predecessor-version":[{"id":2592,"href":"https:\/\/synthechim.ma\/en\/wp-json\/wp\/v2\/product\/2576\/revisions\/2592"}],"wp:featuredmedia":[{"embeddable":true,"href":"https:\/\/synthechim.ma\/en\/wp-json\/wp\/v2\/media\/2578"}],"wp:attachment":[{"href":"https:\/\/synthechim.ma\/en\/wp-json\/wp\/v2\/media?parent=2576"}],"wp:term":[{"taxonomy":"product_cat","embeddable":true,"href":"https:\/\/synthechim.ma\/en\/wp-json\/wp\/v2\/product_cat?post=2576"},{"taxonomy":"product_tag","embeddable":true,"href":"https:\/\/synthechim.ma\/en\/wp-json\/wp\/v2\/product_tag?post=2576"}],"curies":[{"name":"wp","href":"https:\/\/api.w.org\/{rel}","templated":true}]}}