{"id":2593,"date":"2023-11-01T12:06:46","date_gmt":"2023-11-01T11:06:46","guid":{"rendered":"https:\/\/synthechim.ma\/?post_type=product&#038;p=2593"},"modified":"2023-11-01T12:55:49","modified_gmt":"2023-11-01T11:55:49","slug":"flexible-pour-raccord-moule","status":"publish","type":"product","link":"https:\/\/synthechim.ma\/en\/product\/flexible-pour-raccord-moule\/","title":{"rendered":"FLEXIBLE POUR RACCORD MOULE"},"content":{"rendered":"<div data-elementor-type=\"product-post\" data-elementor-id=\"2593\" class=\"elementor elementor-2593\">\n\t\t\t\t\t\t<section class=\"elementor-section elementor-top-section elementor-element elementor-element-71fe504 elementor-section-boxed elementor-section-height-default elementor-section-height-default jltma-glass-effect-no\" data-id=\"71fe504\" data-element_type=\"section\">\n\t\t\t\t\t\t<div class=\"elementor-container elementor-column-gap-default\">\n\t\t\t\t\t<div class=\"elementor-column elementor-col-100 elementor-top-column elementor-element elementor-element-9eb264a jltma-glass-effect-no\" data-id=\"9eb264a\" data-element_type=\"column\">\n\t\t\t<div class=\"elementor-widget-wrap elementor-element-populated\">\n\t\t\t\t\t\t<div class=\"elementor-element elementor-element-28c0578 jltma-glass-effect-no elementor-widget elementor-widget-text-editor\" data-id=\"28c0578\" data-element_type=\"widget\" data-widget_type=\"text-editor.default\">\n\t\t\t\t<div class=\"elementor-widget-container\">\n\t\t\t<style>\/*! elementor - v3.22.0 - 26-06-2024 *\/\n.elementor-widget-text-editor.elementor-drop-cap-view-stacked .elementor-drop-cap{background-color:#69727d;color:#fff}.elementor-widget-text-editor.elementor-drop-cap-view-framed .elementor-drop-cap{color:#69727d;border:3px solid;background-color:transparent}.elementor-widget-text-editor:not(.elementor-drop-cap-view-default) .elementor-drop-cap{margin-top:8px}.elementor-widget-text-editor:not(.elementor-drop-cap-view-default) .elementor-drop-cap-letter{width:1em;height:1em}.elementor-widget-text-editor .elementor-drop-cap{float:left;text-align:center;line-height:1;font-size:50px}.elementor-widget-text-editor .elementor-drop-cap-letter{display:inline-block}<\/style>\t\t\t\t<p>RTC Coupling Technolgies a une large gamme de flexible \u00ab\u00a0push-to-connect\u00a0\u00bb, une solution con\u00e7ue pour assurer des connexions rapides et s\u00e9curis\u00e9es des circuits de chauffage et de refroidissement.<\/p><p>Le syst\u00e8me inclut une gamme de variantes de tuyaux de haute qualit\u00e9 qui permettent des configurations personnalis\u00e9es de syst\u00e8mes de chauffage et de refroidissement.<\/p><p>Nos flexible \u00ab\u00a0Push to connect\u00a0\u00bb ont \u00e9t\u00e9 sp\u00e9cifiquement d\u00e9velopp\u00e9s pour simplifier les processus d&rsquo;assemblage.<\/p><p>Disponibles en bleu et en rouge, ils permettent une identification claire des lignes d&rsquo;entr\u00e9e et de sortie sur vos outils de moulage par injection. De plus, ces tuyaux sont fabriqu\u00e9s \u00e0 partir d&rsquo;un m\u00e9lange de mat\u00e9riaux qui les rend flexibles, r\u00e9sistants au vrillage et \u00e0 la torsion, et capables de supporter des temp\u00e9ratures allant de -40\u00b0C \u00e0 +140\u00b0C avec une pression de service maximum de 28 Bar (406 Psi), assurant ainsi une longue dur\u00e9e de vie.<\/p><p>Le syst\u00e8me de tuyaux \u00ab\u00a0Push-to-connect est con\u00e7u pour des r\u00e9parations rapides. Cela permet non seulement de gagner du temps pr\u00e9cieux, mais aussi de r\u00e9duire consid\u00e9rablement les co\u00fbts.\u00a0<\/p>\t\t\t\t\t\t<\/div>\n\t\t\t\t<\/div>\n\t\t\t\t\t<\/div>\n\t\t<\/div>\n\t\t\t\t\t<\/div>\n\t\t<\/section>\n\t\t\t\t<section class=\"elementor-section elementor-top-section elementor-element elementor-element-c7c80a8 elementor-section-boxed elementor-section-height-default elementor-section-height-default jltma-glass-effect-no\" data-id=\"c7c80a8\" data-element_type=\"section\">\n\t\t\t\t\t\t<div class=\"elementor-container elementor-column-gap-default\">\n\t\t\t\t\t<div class=\"elementor-column elementor-col-50 elementor-top-column elementor-element elementor-element-c8ca237 jltma-glass-effect-no\" data-id=\"c8ca237\" data-element_type=\"column\">\n\t\t\t<div class=\"elementor-widget-wrap elementor-element-populated\">\n\t\t\t\t\t\t<div class=\"elementor-element elementor-element-1a6cf27 jltma-glass-effect-no elementor-widget elementor-widget-heading\" data-id=\"1a6cf27\" data-element_type=\"widget\" data-widget_type=\"heading.default\">\n\t\t\t\t<div class=\"elementor-widget-container\">\n\t\t\t<style>\/*! elementor - v3.22.0 - 26-06-2024 *\/\n.elementor-heading-title{padding:0;margin:0;line-height:1}.elementor-widget-heading .elementor-heading-title[class*=elementor-size-]>a{color:inherit;font-size:inherit;line-height:inherit}.elementor-widget-heading .elementor-heading-title.elementor-size-small{font-size:15px}.elementor-widget-heading .elementor-heading-title.elementor-size-medium{font-size:19px}.elementor-widget-heading .elementor-heading-title.elementor-size-large{font-size:29px}.elementor-widget-heading .elementor-heading-title.elementor-size-xl{font-size:39px}.elementor-widget-heading .elementor-heading-title.elementor-size-xxl{font-size:59px}<\/style><h4 class=\"elementor-heading-title elementor-size-default\">Assemblage<\/h4>\t\t<\/div>\n\t\t\t\t<\/div>\n\t\t\t\t\t<\/div>\n\t\t<\/div>\n\t\t\t\t<div class=\"elementor-column elementor-col-50 elementor-top-column elementor-element elementor-element-4236f50 jltma-glass-effect-no\" data-id=\"4236f50\" data-element_type=\"column\">\n\t\t\t<div class=\"elementor-widget-wrap elementor-element-populated\">\n\t\t\t\t\t\t<div class=\"elementor-element elementor-element-a5d8ff8 jltma-glass-effect-no elementor-widget elementor-widget-heading\" data-id=\"a5d8ff8\" data-element_type=\"widget\" data-widget_type=\"heading.default\">\n\t\t\t\t<div class=\"elementor-widget-container\">\n\t\t\t<h4 class=\"elementor-heading-title elementor-size-default\">D\u00e9sassemblage<\/h4>\t\t<\/div>\n\t\t\t\t<\/div>\n\t\t\t\t\t<\/div>\n\t\t<\/div>\n\t\t\t\t\t<\/div>\n\t\t<\/section>\n\t\t\t\t<section class=\"elementor-section elementor-top-section elementor-element elementor-element-9866786 elementor-section-boxed elementor-section-height-default elementor-section-height-default jltma-glass-effect-no\" data-id=\"9866786\" data-element_type=\"section\">\n\t\t\t\t\t\t<div class=\"elementor-container elementor-column-gap-default\">\n\t\t\t\t\t<div class=\"elementor-column elementor-col-25 elementor-top-column elementor-element elementor-element-da714da jltma-glass-effect-no\" data-id=\"da714da\" data-element_type=\"column\">\n\t\t\t<div class=\"elementor-widget-wrap elementor-element-populated\">\n\t\t\t\t\t\t<div class=\"elementor-element elementor-element-dbd6a5c jltma-glass-effect-no elementor-widget elementor-widget-image\" data-id=\"dbd6a5c\" data-element_type=\"widget\" data-widget_type=\"image.default\">\n\t\t\t\t<div class=\"elementor-widget-container\">\n\t\t\t<style>\/*! elementor - v3.22.0 - 26-06-2024 *\/\n.elementor-widget-image{text-align:center}.elementor-widget-image a{display:inline-block}.elementor-widget-image a img[src$=\".svg\"]{width:48px}.elementor-widget-image img{vertical-align:middle;display:inline-block}<\/style>\t\t\t\t\t\t\t\t\t\t<img fetchpriority=\"high\" decoding=\"async\" width=\"691\" height=\"700\" src=\"https:\/\/synthechim.ma\/wp-content\/uploads\/2023\/11\/Montage-flexible-etape-1-1.png\" class=\"attachment-large size-large wp-image-2600\" alt=\"\" srcset=\"https:\/\/synthechim.ma\/wp-content\/uploads\/2023\/11\/Montage-flexible-etape-1-1.png 691w, https:\/\/synthechim.ma\/wp-content\/uploads\/2023\/11\/Montage-flexible-etape-1-1-296x300.png 296w, https:\/\/synthechim.ma\/wp-content\/uploads\/2023\/11\/Montage-flexible-etape-1-1-12x12.png 12w, https:\/\/synthechim.ma\/wp-content\/uploads\/2023\/11\/Montage-flexible-etape-1-1-600x608.png 600w, https:\/\/synthechim.ma\/wp-content\/uploads\/2023\/11\/Montage-flexible-etape-1-1-100x100.png 100w\" sizes=\"(max-width: 691px) 100vw, 691px\" \/>\t\t\t\t\t\t\t\t\t\t\t\t\t<\/div>\n\t\t\t\t<\/div>\n\t\t\t\t<div class=\"elementor-element elementor-element-915036e jltma-glass-effect-no elementor-widget elementor-widget-text-editor\" data-id=\"915036e\" data-element_type=\"widget\" data-widget_type=\"text-editor.default\">\n\t\t\t\t<div class=\"elementor-widget-container\">\n\t\t\t\t\t\t\t<p style=\"text-align: center;\">Afin de maintenir le tuyau dans le bon angle, coupez-le avec un couteau tranchant ou un coupe-tuyau.<\/p>\t\t\t\t\t\t<\/div>\n\t\t\t\t<\/div>\n\t\t\t\t\t<\/div>\n\t\t<\/div>\n\t\t\t\t<div class=\"elementor-column elementor-col-25 elementor-top-column elementor-element elementor-element-449bfb9 jltma-glass-effect-no\" data-id=\"449bfb9\" data-element_type=\"column\">\n\t\t\t<div class=\"elementor-widget-wrap elementor-element-populated\">\n\t\t\t\t\t\t<div class=\"elementor-element elementor-element-6675f56 jltma-glass-effect-no elementor-widget elementor-widget-image\" data-id=\"6675f56\" data-element_type=\"widget\" data-widget_type=\"image.default\">\n\t\t\t\t<div class=\"elementor-widget-container\">\n\t\t\t\t\t\t\t\t\t\t\t\t\t<img decoding=\"async\" width=\"694\" height=\"700\" src=\"https:\/\/synthechim.ma\/wp-content\/uploads\/2023\/11\/Montage-flexible-etape-2-1.png\" class=\"attachment-large size-large wp-image-2599\" alt=\"\" srcset=\"https:\/\/synthechim.ma\/wp-content\/uploads\/2023\/11\/Montage-flexible-etape-2-1.png 694w, https:\/\/synthechim.ma\/wp-content\/uploads\/2023\/11\/Montage-flexible-etape-2-1-297x300.png 297w, https:\/\/synthechim.ma\/wp-content\/uploads\/2023\/11\/Montage-flexible-etape-2-1-150x150.png 150w, https:\/\/synthechim.ma\/wp-content\/uploads\/2023\/11\/Montage-flexible-etape-2-1-12x12.png 12w, https:\/\/synthechim.ma\/wp-content\/uploads\/2023\/11\/Montage-flexible-etape-2-1-600x605.png 600w, https:\/\/synthechim.ma\/wp-content\/uploads\/2023\/11\/Montage-flexible-etape-2-1-100x100.png 100w\" sizes=\"(max-width: 694px) 100vw, 694px\" \/>\t\t\t\t\t\t\t\t\t\t\t\t\t<\/div>\n\t\t\t\t<\/div>\n\t\t\t\t<div class=\"elementor-element elementor-element-0c1918d jltma-glass-effect-no elementor-widget elementor-widget-text-editor\" data-id=\"0c1918d\" data-element_type=\"widget\" data-widget_type=\"text-editor.default\">\n\t\t\t\t<div class=\"elementor-widget-container\">\n\t\t\t\t\t\t\t<p style=\"text-align: center;\">Ins\u00e9rez le mamelon \u00e0 l&rsquo;int\u00e9rieur du tuyau et poussez-le jusqu&rsquo;\u00e0 l&rsquo;arr\u00eat jaune.<\/p><p style=\"text-align: center;\">Ensuite, tirez simplement vers l&rsquo;arri\u00e8re.<\/p>\t\t\t\t\t\t<\/div>\n\t\t\t\t<\/div>\n\t\t\t\t\t<\/div>\n\t\t<\/div>\n\t\t\t\t<div class=\"elementor-column elementor-col-25 elementor-top-column elementor-element elementor-element-00adcef jltma-glass-effect-no\" data-id=\"00adcef\" data-element_type=\"column\">\n\t\t\t<div class=\"elementor-widget-wrap elementor-element-populated\">\n\t\t\t\t\t\t<div class=\"elementor-element elementor-element-9e13a89 jltma-glass-effect-no elementor-widget elementor-widget-image\" data-id=\"9e13a89\" data-element_type=\"widget\" data-widget_type=\"image.default\">\n\t\t\t\t<div class=\"elementor-widget-container\">\n\t\t\t\t\t\t\t\t\t\t\t\t\t<img decoding=\"async\" width=\"691\" height=\"700\" src=\"https:\/\/synthechim.ma\/wp-content\/uploads\/2023\/11\/demontage-flexible-partie-1.png\" class=\"attachment-large size-large wp-image-2601\" alt=\"\" srcset=\"https:\/\/synthechim.ma\/wp-content\/uploads\/2023\/11\/demontage-flexible-partie-1.png 691w, https:\/\/synthechim.ma\/wp-content\/uploads\/2023\/11\/demontage-flexible-partie-1-296x300.png 296w, https:\/\/synthechim.ma\/wp-content\/uploads\/2023\/11\/demontage-flexible-partie-1-12x12.png 12w, https:\/\/synthechim.ma\/wp-content\/uploads\/2023\/11\/demontage-flexible-partie-1-600x608.png 600w, https:\/\/synthechim.ma\/wp-content\/uploads\/2023\/11\/demontage-flexible-partie-1-100x100.png 100w\" sizes=\"(max-width: 691px) 100vw, 691px\" \/>\t\t\t\t\t\t\t\t\t\t\t\t\t<\/div>\n\t\t\t\t<\/div>\n\t\t\t\t<div class=\"elementor-element elementor-element-e8c7138 jltma-glass-effect-no elementor-widget elementor-widget-text-editor\" data-id=\"e8c7138\" data-element_type=\"widget\" data-widget_type=\"text-editor.default\">\n\t\t\t\t<div class=\"elementor-widget-container\">\n\t\t\t\t\t\t\t<p style=\"text-align: center;\">Effectuez une l\u00e9g\u00e8re coupe sur le tuyau \u00e0 l&rsquo;aide d&rsquo;un couteau dans l&rsquo;axe longitudinal.<\/p><p style=\"text-align: center;\">Veillez \u00e0 ne pas endommager le mamelon.<\/p>\t\t\t\t\t\t<\/div>\n\t\t\t\t<\/div>\n\t\t\t\t\t<\/div>\n\t\t<\/div>\n\t\t\t\t<div class=\"elementor-column elementor-col-25 elementor-top-column elementor-element elementor-element-3ed44a6 jltma-glass-effect-no\" data-id=\"3ed44a6\" data-element_type=\"column\">\n\t\t\t<div class=\"elementor-widget-wrap elementor-element-populated\">\n\t\t\t\t\t\t<div class=\"elementor-element elementor-element-9a95940 jltma-glass-effect-no elementor-widget elementor-widget-image\" data-id=\"9a95940\" data-element_type=\"widget\" data-widget_type=\"image.default\">\n\t\t\t\t<div class=\"elementor-widget-container\">\n\t\t\t\t\t\t\t\t\t\t\t\t\t<img loading=\"lazy\" decoding=\"async\" width=\"696\" height=\"703\" src=\"https:\/\/synthechim.ma\/wp-content\/uploads\/2023\/11\/demontage-flexible-partie-2.png\" class=\"attachment-large size-large wp-image-2602\" alt=\"\" srcset=\"https:\/\/synthechim.ma\/wp-content\/uploads\/2023\/11\/demontage-flexible-partie-2.png 696w, https:\/\/synthechim.ma\/wp-content\/uploads\/2023\/11\/demontage-flexible-partie-2-297x300.png 297w, https:\/\/synthechim.ma\/wp-content\/uploads\/2023\/11\/demontage-flexible-partie-2-12x12.png 12w, https:\/\/synthechim.ma\/wp-content\/uploads\/2023\/11\/demontage-flexible-partie-2-600x606.png 600w, https:\/\/synthechim.ma\/wp-content\/uploads\/2023\/11\/demontage-flexible-partie-2-100x100.png 100w\" sizes=\"(max-width: 696px) 100vw, 696px\" \/>\t\t\t\t\t\t\t\t\t\t\t\t\t<\/div>\n\t\t\t\t<\/div>\n\t\t\t\t<div class=\"elementor-element elementor-element-7ff69ea jltma-glass-effect-no elementor-widget elementor-widget-text-editor\" data-id=\"7ff69ea\" data-element_type=\"widget\" data-widget_type=\"text-editor.default\">\n\t\t\t\t<div class=\"elementor-widget-container\">\n\t\t\t\t\t\t\t<p style=\"text-align: center;\">Le mamelon est maintenant retir\u00e9 du tuyau et peut \u00eatre r\u00e9utilis\u00e9.<\/p>\t\t\t\t\t\t<\/div>\n\t\t\t\t<\/div>\n\t\t\t\t\t<\/div>\n\t\t<\/div>\n\t\t\t\t\t<\/div>\n\t\t<\/section>\n\t\t\t\t<\/div>","protected":false},"excerpt":{"rendered":"<p>RTC Coupling Technolgies a une large gamme de flexible \u00ab\u00a0push-to-connect\u00a0\u00bb, une solution con\u00e7ue pour assurer des connexions rapides et s\u00e9curis\u00e9es des circuits de chauffage et de refroidissement. Le syst\u00e8me inclut une gamme de variantes de tuyaux de haute qualit\u00e9 qui permettent des configurations personnalis\u00e9es de syst\u00e8mes de chauffage et de refroidissement. Nos flexible \u00ab\u00a0Push to [&hellip;]<\/p>","protected":false},"featured_media":2594,"template":"","meta":{"_themeisle_gutenberg_block_has_review":false},"product_cat":[18,32],"product_tag":[],"class_list":["post-2593","product","type-product","status-publish","has-post-thumbnail","hentry","product_cat-matieres-plastiques-et-auxiliaires","product_cat-auxiliaires-moule"],"yoast_head":"<!-- This site is optimized with the Yoast SEO plugin v26.0 - https:\/\/yoast.com\/wordpress\/plugins\/seo\/ -->\n<title>FLEXIBLE POUR RACCORD MOULE - Synthechim<\/title>\n<meta name=\"description\" content=\"D\u00e9couvrez la gamme compl\u00e8te de flexibles moule de notre repr\u00e9sent\u00e9e RTC COUPLING TECHNOLOGIES. Contactez nous pour plus d&#039;informations !\" \/>\n<meta name=\"robots\" content=\"index, follow, max-snippet:-1, max-image-preview:large, max-video-preview:-1\" \/>\n<link rel=\"canonical\" href=\"https:\/\/synthechim.ma\/en\/product\/flexible-pour-raccord-moule\/\" \/>\n<meta property=\"og:locale\" content=\"en_US\" \/>\n<meta property=\"og:type\" content=\"article\" \/>\n<meta property=\"og:title\" content=\"FLEXIBLE POUR RACCORD MOULE - Synthechim\" \/>\n<meta property=\"og:description\" content=\"D\u00e9couvrez la gamme compl\u00e8te de flexibles moule de notre repr\u00e9sent\u00e9e RTC COUPLING TECHNOLOGIES. Contactez nous pour plus d&#039;informations !\" \/>\n<meta property=\"og:url\" content=\"https:\/\/synthechim.ma\/en\/product\/flexible-pour-raccord-moule\/\" \/>\n<meta property=\"og:site_name\" content=\"Synthechim\" \/>\n<meta property=\"article:modified_time\" content=\"2023-11-01T11:55:49+00:00\" \/>\n<meta property=\"og:image\" content=\"https:\/\/synthechim.ma\/wp-content\/uploads\/2023\/11\/HOSE-LOCK90S.jpg\" \/>\n\t<meta property=\"og:image:width\" content=\"728\" \/>\n\t<meta property=\"og:image:height\" content=\"360\" \/>\n\t<meta property=\"og:image:type\" content=\"image\/jpeg\" \/>\n<meta name=\"twitter:card\" content=\"summary_large_image\" \/>\n<script type=\"application\/ld+json\" class=\"yoast-schema-graph\">{\"@context\":\"https:\/\/schema.org\",\"@graph\":[{\"@type\":\"WebPage\",\"@id\":\"https:\/\/synthechim.ma\/produit\/flexible-pour-raccord-moule\/\",\"url\":\"https:\/\/synthechim.ma\/produit\/flexible-pour-raccord-moule\/\",\"name\":\"FLEXIBLE POUR RACCORD MOULE - Synthechim\",\"isPartOf\":{\"@id\":\"https:\/\/synthechim.ma\/#website\"},\"primaryImageOfPage\":{\"@id\":\"https:\/\/synthechim.ma\/produit\/flexible-pour-raccord-moule\/#primaryimage\"},\"image\":{\"@id\":\"https:\/\/synthechim.ma\/produit\/flexible-pour-raccord-moule\/#primaryimage\"},\"thumbnailUrl\":\"https:\/\/synthechim.ma\/wp-content\/uploads\/2023\/11\/HOSE-LOCK90S.jpg\",\"datePublished\":\"2023-11-01T11:06:46+00:00\",\"dateModified\":\"2023-11-01T11:55:49+00:00\",\"description\":\"D\u00e9couvrez la gamme compl\u00e8te de flexibles moule de notre repr\u00e9sent\u00e9e RTC COUPLING TECHNOLOGIES. Contactez nous pour plus d'informations !\",\"breadcrumb\":{\"@id\":\"https:\/\/synthechim.ma\/produit\/flexible-pour-raccord-moule\/#breadcrumb\"},\"inLanguage\":\"en-US\",\"potentialAction\":[{\"@type\":\"ReadAction\",\"target\":[\"https:\/\/synthechim.ma\/produit\/flexible-pour-raccord-moule\/\"]}]},{\"@type\":\"ImageObject\",\"inLanguage\":\"en-US\",\"@id\":\"https:\/\/synthechim.ma\/produit\/flexible-pour-raccord-moule\/#primaryimage\",\"url\":\"https:\/\/synthechim.ma\/wp-content\/uploads\/2023\/11\/HOSE-LOCK90S.jpg\",\"contentUrl\":\"https:\/\/synthechim.ma\/wp-content\/uploads\/2023\/11\/HOSE-LOCK90S.jpg\",\"width\":728,\"height\":360},{\"@type\":\"BreadcrumbList\",\"@id\":\"https:\/\/synthechim.ma\/produit\/flexible-pour-raccord-moule\/#breadcrumb\",\"itemListElement\":[{\"@type\":\"ListItem\",\"position\":1,\"name\":\"Accueil\",\"item\":\"https:\/\/synthechim.ma\/\"},{\"@type\":\"ListItem\",\"position\":2,\"name\":\"Produits\",\"item\":\"https:\/\/synthechim.ma\/boutique__trashed\/\"},{\"@type\":\"ListItem\",\"position\":3,\"name\":\"FLEXIBLE POUR RACCORD MOULE\"}]},{\"@type\":\"WebSite\",\"@id\":\"https:\/\/synthechim.ma\/#website\",\"url\":\"https:\/\/synthechim.ma\/\",\"name\":\"Synthechim\",\"description\":\".\",\"publisher\":{\"@id\":\"https:\/\/synthechim.ma\/#organization\"},\"potentialAction\":[{\"@type\":\"SearchAction\",\"target\":{\"@type\":\"EntryPoint\",\"urlTemplate\":\"https:\/\/synthechim.ma\/?s={search_term_string}\"},\"query-input\":{\"@type\":\"PropertyValueSpecification\",\"valueRequired\":true,\"valueName\":\"search_term_string\"}}],\"inLanguage\":\"en-US\"},{\"@type\":\"Organization\",\"@id\":\"https:\/\/synthechim.ma\/#organization\",\"name\":\"Synthechim\",\"url\":\"https:\/\/synthechim.ma\/\",\"logo\":{\"@type\":\"ImageObject\",\"inLanguage\":\"en-US\",\"@id\":\"https:\/\/synthechim.ma\/#\/schema\/logo\/image\/\",\"url\":\"https:\/\/synthechim.ma\/wp-content\/uploads\/2023\/04\/Logo.png\",\"contentUrl\":\"https:\/\/synthechim.ma\/wp-content\/uploads\/2023\/04\/Logo.png\",\"width\":322,\"height\":130,\"caption\":\"Synthechim\"},\"image\":{\"@id\":\"https:\/\/synthechim.ma\/#\/schema\/logo\/image\/\"}}]}<\/script>\n<!-- \/ Yoast SEO plugin. -->","yoast_head_json":{"title":"FLEXIBLE POUR RACCORD MOULE - Synthechim","description":"D\u00e9couvrez la gamme compl\u00e8te de flexibles moule de notre repr\u00e9sent\u00e9e RTC COUPLING TECHNOLOGIES. Contactez nous pour plus d'informations !","robots":{"index":"index","follow":"follow","max-snippet":"max-snippet:-1","max-image-preview":"max-image-preview:large","max-video-preview":"max-video-preview:-1"},"canonical":"https:\/\/synthechim.ma\/en\/product\/flexible-pour-raccord-moule\/","og_locale":"en_US","og_type":"article","og_title":"FLEXIBLE POUR RACCORD MOULE - Synthechim","og_description":"D\u00e9couvrez la gamme compl\u00e8te de flexibles moule de notre repr\u00e9sent\u00e9e RTC COUPLING TECHNOLOGIES. Contactez nous pour plus d'informations !","og_url":"https:\/\/synthechim.ma\/en\/product\/flexible-pour-raccord-moule\/","og_site_name":"Synthechim","article_modified_time":"2023-11-01T11:55:49+00:00","og_image":[{"width":728,"height":360,"url":"https:\/\/synthechim.ma\/wp-content\/uploads\/2023\/11\/HOSE-LOCK90S.jpg","type":"image\/jpeg"}],"twitter_card":"summary_large_image","schema":{"@context":"https:\/\/schema.org","@graph":[{"@type":"WebPage","@id":"https:\/\/synthechim.ma\/produit\/flexible-pour-raccord-moule\/","url":"https:\/\/synthechim.ma\/produit\/flexible-pour-raccord-moule\/","name":"FLEXIBLE POUR RACCORD MOULE - Synthechim","isPartOf":{"@id":"https:\/\/synthechim.ma\/#website"},"primaryImageOfPage":{"@id":"https:\/\/synthechim.ma\/produit\/flexible-pour-raccord-moule\/#primaryimage"},"image":{"@id":"https:\/\/synthechim.ma\/produit\/flexible-pour-raccord-moule\/#primaryimage"},"thumbnailUrl":"https:\/\/synthechim.ma\/wp-content\/uploads\/2023\/11\/HOSE-LOCK90S.jpg","datePublished":"2023-11-01T11:06:46+00:00","dateModified":"2023-11-01T11:55:49+00:00","description":"D\u00e9couvrez la gamme compl\u00e8te de flexibles moule de notre repr\u00e9sent\u00e9e RTC COUPLING TECHNOLOGIES. Contactez nous pour plus d'informations !","breadcrumb":{"@id":"https:\/\/synthechim.ma\/produit\/flexible-pour-raccord-moule\/#breadcrumb"},"inLanguage":"en-US","potentialAction":[{"@type":"ReadAction","target":["https:\/\/synthechim.ma\/produit\/flexible-pour-raccord-moule\/"]}]},{"@type":"ImageObject","inLanguage":"en-US","@id":"https:\/\/synthechim.ma\/produit\/flexible-pour-raccord-moule\/#primaryimage","url":"https:\/\/synthechim.ma\/wp-content\/uploads\/2023\/11\/HOSE-LOCK90S.jpg","contentUrl":"https:\/\/synthechim.ma\/wp-content\/uploads\/2023\/11\/HOSE-LOCK90S.jpg","width":728,"height":360},{"@type":"BreadcrumbList","@id":"https:\/\/synthechim.ma\/produit\/flexible-pour-raccord-moule\/#breadcrumb","itemListElement":[{"@type":"ListItem","position":1,"name":"Accueil","item":"https:\/\/synthechim.ma\/"},{"@type":"ListItem","position":2,"name":"Produits","item":"https:\/\/synthechim.ma\/boutique__trashed\/"},{"@type":"ListItem","position":3,"name":"FLEXIBLE POUR RACCORD MOULE"}]},{"@type":"WebSite","@id":"https:\/\/synthechim.ma\/#website","url":"https:\/\/synthechim.ma\/","name":"Synthechim","description":".","publisher":{"@id":"https:\/\/synthechim.ma\/#organization"},"potentialAction":[{"@type":"SearchAction","target":{"@type":"EntryPoint","urlTemplate":"https:\/\/synthechim.ma\/?s={search_term_string}"},"query-input":{"@type":"PropertyValueSpecification","valueRequired":true,"valueName":"search_term_string"}}],"inLanguage":"en-US"},{"@type":"Organization","@id":"https:\/\/synthechim.ma\/#organization","name":"Synthechim","url":"https:\/\/synthechim.ma\/","logo":{"@type":"ImageObject","inLanguage":"en-US","@id":"https:\/\/synthechim.ma\/#\/schema\/logo\/image\/","url":"https:\/\/synthechim.ma\/wp-content\/uploads\/2023\/04\/Logo.png","contentUrl":"https:\/\/synthechim.ma\/wp-content\/uploads\/2023\/04\/Logo.png","width":322,"height":130,"caption":"Synthechim"},"image":{"@id":"https:\/\/synthechim.ma\/#\/schema\/logo\/image\/"}}]}},"_links":{"self":[{"href":"https:\/\/synthechim.ma\/en\/wp-json\/wp\/v2\/product\/2593","targetHints":{"allow":["GET"]}}],"collection":[{"href":"https:\/\/synthechim.ma\/en\/wp-json\/wp\/v2\/product"}],"about":[{"href":"https:\/\/synthechim.ma\/en\/wp-json\/wp\/v2\/types\/product"}],"version-history":[{"count":5,"href":"https:\/\/synthechim.ma\/en\/wp-json\/wp\/v2\/product\/2593\/revisions"}],"predecessor-version":[{"id":2605,"href":"https:\/\/synthechim.ma\/en\/wp-json\/wp\/v2\/product\/2593\/revisions\/2605"}],"wp:featuredmedia":[{"embeddable":true,"href":"https:\/\/synthechim.ma\/en\/wp-json\/wp\/v2\/media\/2594"}],"wp:attachment":[{"href":"https:\/\/synthechim.ma\/en\/wp-json\/wp\/v2\/media?parent=2593"}],"wp:term":[{"taxonomy":"product_cat","embeddable":true,"href":"https:\/\/synthechim.ma\/en\/wp-json\/wp\/v2\/product_cat?post=2593"},{"taxonomy":"product_tag","embeddable":true,"href":"https:\/\/synthechim.ma\/en\/wp-json\/wp\/v2\/product_tag?post=2593"}],"curies":[{"name":"wp","href":"https:\/\/api.w.org\/{rel}","templated":true}]}}