{"id":2699,"date":"2023-12-08T12:39:24","date_gmt":"2023-12-08T11:39:24","guid":{"rendered":"https:\/\/synthechim.ma\/?post_type=product&#038;p=2699"},"modified":"2023-12-08T14:41:09","modified_gmt":"2023-12-08T13:41:09","slug":"eva-ethylene-vinyle-acetate","status":"publish","type":"product","link":"https:\/\/synthechim.ma\/en\/product\/eva-ethylene-vinyle-acetate\/","title":{"rendered":"EVA (\u00c9thyl\u00e8ne Vinyle Ac\u00e9tate)"},"content":{"rendered":"<div data-elementor-type=\"product-post\" data-elementor-id=\"2699\" class=\"elementor elementor-2699\">\n\t\t\t\t\t\t<section class=\"elementor-section elementor-top-section elementor-element elementor-element-71fe504 elementor-section-boxed elementor-section-height-default elementor-section-height-default jltma-glass-effect-no\" data-id=\"71fe504\" data-element_type=\"section\">\n\t\t\t\t\t\t<div class=\"elementor-container elementor-column-gap-default\">\n\t\t\t\t\t<div class=\"elementor-column elementor-col-100 elementor-top-column elementor-element elementor-element-9eb264a jltma-glass-effect-no\" data-id=\"9eb264a\" data-element_type=\"column\">\n\t\t\t<div class=\"elementor-widget-wrap elementor-element-populated\">\n\t\t\t\t\t\t<div class=\"elementor-element elementor-element-28c0578 jltma-glass-effect-no elementor-widget elementor-widget-text-editor\" data-id=\"28c0578\" data-element_type=\"widget\" data-widget_type=\"text-editor.default\">\n\t\t\t\t<div class=\"elementor-widget-container\">\n\t\t\t<style>\/*! elementor - v3.22.0 - 26-06-2024 *\/\n.elementor-widget-text-editor.elementor-drop-cap-view-stacked .elementor-drop-cap{background-color:#69727d;color:#fff}.elementor-widget-text-editor.elementor-drop-cap-view-framed .elementor-drop-cap{color:#69727d;border:3px solid;background-color:transparent}.elementor-widget-text-editor:not(.elementor-drop-cap-view-default) .elementor-drop-cap{margin-top:8px}.elementor-widget-text-editor:not(.elementor-drop-cap-view-default) .elementor-drop-cap-letter{width:1em;height:1em}.elementor-widget-text-editor .elementor-drop-cap{float:left;text-align:center;line-height:1;font-size:50px}.elementor-widget-text-editor .elementor-drop-cap-letter{display:inline-block}<\/style>\t\t\t\t<p>Explorez notre gamme de r\u00e9sines EVA, une solution de haute qualit\u00e9 con\u00e7ue pour r\u00e9pondre aux normes les plus \u00e9lev\u00e9es en industrie.&nbsp;<\/p>\n<p>Nos r\u00e9sines polyvalentes offrent d&rsquo;excellentes performances pour une grande vari\u00e9t\u00e9 d&rsquo;application.&nbsp;<\/p>\n<p><\/p>\n<p>L&rsquo;EVA pur ou dans des m\u00e9langes avec d&rsquo;autre mati\u00e8res, est utilis\u00e9 dans une tr\u00e8s large gamme d&rsquo;applications et de march\u00e9,&nbsp;<\/p>\n<p>entres autres :<\/p>\t\t\t\t\t\t<\/div>\n\t\t\t\t<\/div>\n\t\t\t\t\t<\/div>\n\t\t<\/div>\n\t\t\t\t\t<\/div>\n\t\t<\/section>\n\t\t\t\t<section class=\"elementor-section elementor-top-section elementor-element elementor-element-dcfb09a elementor-section-boxed elementor-section-height-default elementor-section-height-default jltma-glass-effect-no\" data-id=\"dcfb09a\" data-element_type=\"section\">\n\t\t\t\t\t\t<div class=\"elementor-container elementor-column-gap-default\">\n\t\t\t\t\t<div class=\"elementor-column elementor-col-16 elementor-top-column elementor-element elementor-element-318784c jltma-glass-effect-no\" data-id=\"318784c\" data-element_type=\"column\">\n\t\t\t<div class=\"elementor-widget-wrap elementor-element-populated\">\n\t\t\t\t\t\t<div class=\"elementor-element elementor-element-1fe7679 jltma-glass-effect-no elementor-widget elementor-widget-heading\" data-id=\"1fe7679\" data-element_type=\"widget\" data-widget_type=\"heading.default\">\n\t\t\t\t<div class=\"elementor-widget-container\">\n\t\t\t<style>\/*! elementor - v3.22.0 - 26-06-2024 *\/\n.elementor-heading-title{padding:0;margin:0;line-height:1}.elementor-widget-heading .elementor-heading-title[class*=elementor-size-]>a{color:inherit;font-size:inherit;line-height:inherit}.elementor-widget-heading .elementor-heading-title.elementor-size-small{font-size:15px}.elementor-widget-heading .elementor-heading-title.elementor-size-medium{font-size:19px}.elementor-widget-heading .elementor-heading-title.elementor-size-large{font-size:29px}.elementor-widget-heading .elementor-heading-title.elementor-size-xl{font-size:39px}.elementor-widget-heading .elementor-heading-title.elementor-size-xxl{font-size:59px}<\/style><h6 class=\"elementor-heading-title elementor-size-default\">Films agricoles<\/h6>\t\t<\/div>\n\t\t\t\t<\/div>\n\t\t\t\t<div class=\"elementor-element elementor-element-6997aa6 jltma-glass-effect-no elementor-widget elementor-widget-image\" data-id=\"6997aa6\" data-element_type=\"widget\" data-widget_type=\"image.default\">\n\t\t\t\t<div class=\"elementor-widget-container\">\n\t\t\t<style>\/*! elementor - v3.22.0 - 26-06-2024 *\/\n.elementor-widget-image{text-align:center}.elementor-widget-image a{display:inline-block}.elementor-widget-image a img[src$=\".svg\"]{width:48px}.elementor-widget-image img{vertical-align:middle;display:inline-block}<\/style>\t\t\t\t\t\t\t\t\t\t<img fetchpriority=\"high\" decoding=\"async\" width=\"700\" height=\"518\" src=\"https:\/\/synthechim.ma\/wp-content\/uploads\/2023\/12\/vounot-serre-de-jardin-toute-saison-18m2-avec-port.jpg\" class=\"attachment-large size-large wp-image-2715\" alt=\"\" srcset=\"https:\/\/synthechim.ma\/wp-content\/uploads\/2023\/12\/vounot-serre-de-jardin-toute-saison-18m2-avec-port.jpg 700w, https:\/\/synthechim.ma\/wp-content\/uploads\/2023\/12\/vounot-serre-de-jardin-toute-saison-18m2-avec-port-300x222.jpg 300w, https:\/\/synthechim.ma\/wp-content\/uploads\/2023\/12\/vounot-serre-de-jardin-toute-saison-18m2-avec-port-16x12.jpg 16w, https:\/\/synthechim.ma\/wp-content\/uploads\/2023\/12\/vounot-serre-de-jardin-toute-saison-18m2-avec-port-600x444.jpg 600w\" sizes=\"(max-width: 700px) 100vw, 700px\" \/>\t\t\t\t\t\t\t\t\t\t\t\t\t<\/div>\n\t\t\t\t<\/div>\n\t\t\t\t\t<\/div>\n\t\t<\/div>\n\t\t\t\t<div class=\"elementor-column elementor-col-16 elementor-top-column elementor-element elementor-element-a2c7278 jltma-glass-effect-no\" data-id=\"a2c7278\" data-element_type=\"column\">\n\t\t\t<div class=\"elementor-widget-wrap elementor-element-populated\">\n\t\t\t\t\t\t<div class=\"elementor-element elementor-element-f845d77 jltma-glass-effect-no elementor-widget elementor-widget-heading\" data-id=\"f845d77\" data-element_type=\"widget\" data-widget_type=\"heading.default\">\n\t\t\t\t<div class=\"elementor-widget-container\">\n\t\t\t<h6 class=\"elementor-heading-title elementor-size-default\">Films industriels<\/h6>\t\t<\/div>\n\t\t\t\t<\/div>\n\t\t\t\t<div class=\"elementor-element elementor-element-457999f jltma-glass-effect-no elementor-widget elementor-widget-image\" data-id=\"457999f\" data-element_type=\"widget\" data-widget_type=\"image.default\">\n\t\t\t\t<div class=\"elementor-widget-container\">\n\t\t\t\t\t\t\t\t\t\t\t\t\t<img decoding=\"async\" width=\"360\" height=\"247\" src=\"https:\/\/synthechim.ma\/wp-content\/uploads\/2023\/12\/PEVA-Film-EVA-Film-1.jpg\" class=\"attachment-large size-large wp-image-2714\" alt=\"\" srcset=\"https:\/\/synthechim.ma\/wp-content\/uploads\/2023\/12\/PEVA-Film-EVA-Film-1.jpg 360w, https:\/\/synthechim.ma\/wp-content\/uploads\/2023\/12\/PEVA-Film-EVA-Film-1-300x206.jpg 300w, https:\/\/synthechim.ma\/wp-content\/uploads\/2023\/12\/PEVA-Film-EVA-Film-1-18x12.jpg 18w\" sizes=\"(max-width: 360px) 100vw, 360px\" \/>\t\t\t\t\t\t\t\t\t\t\t\t\t<\/div>\n\t\t\t\t<\/div>\n\t\t\t\t\t<\/div>\n\t\t<\/div>\n\t\t\t\t<div class=\"elementor-column elementor-col-16 elementor-top-column elementor-element elementor-element-93304d2 jltma-glass-effect-no\" data-id=\"93304d2\" data-element_type=\"column\">\n\t\t\t<div class=\"elementor-widget-wrap elementor-element-populated\">\n\t\t\t\t\t\t<div class=\"elementor-element elementor-element-ba41ed1 jltma-glass-effect-no elementor-widget elementor-widget-heading\" data-id=\"ba41ed1\" data-element_type=\"widget\" data-widget_type=\"heading.default\">\n\t\t\t\t<div class=\"elementor-widget-container\">\n\t\t\t<h6 class=\"elementor-heading-title elementor-size-default\">Films alimentaires<\/h6>\t\t<\/div>\n\t\t\t\t<\/div>\n\t\t\t\t<div class=\"elementor-element elementor-element-204758f jltma-glass-effect-no elementor-widget elementor-widget-image\" data-id=\"204758f\" data-element_type=\"widget\" data-widget_type=\"image.default\">\n\t\t\t\t<div class=\"elementor-widget-container\">\n\t\t\t\t\t\t\t\t\t\t\t\t\t<img decoding=\"async\" width=\"800\" height=\"533\" src=\"https:\/\/synthechim.ma\/wp-content\/uploads\/2023\/12\/51GirnuPPQL._AC_UF10001000_QL80_.jpg\" class=\"attachment-large size-large wp-image-2713\" alt=\"\" srcset=\"https:\/\/synthechim.ma\/wp-content\/uploads\/2023\/12\/51GirnuPPQL._AC_UF10001000_QL80_.jpg 1000w, https:\/\/synthechim.ma\/wp-content\/uploads\/2023\/12\/51GirnuPPQL._AC_UF10001000_QL80_-300x200.jpg 300w, https:\/\/synthechim.ma\/wp-content\/uploads\/2023\/12\/51GirnuPPQL._AC_UF10001000_QL80_-768x511.jpg 768w, https:\/\/synthechim.ma\/wp-content\/uploads\/2023\/12\/51GirnuPPQL._AC_UF10001000_QL80_-18x12.jpg 18w, https:\/\/synthechim.ma\/wp-content\/uploads\/2023\/12\/51GirnuPPQL._AC_UF10001000_QL80_-600x400.jpg 600w\" sizes=\"(max-width: 800px) 100vw, 800px\" \/>\t\t\t\t\t\t\t\t\t\t\t\t\t<\/div>\n\t\t\t\t<\/div>\n\t\t\t\t\t<\/div>\n\t\t<\/div>\n\t\t\t\t<div class=\"elementor-column elementor-col-16 elementor-top-column elementor-element elementor-element-d12fac1 jltma-glass-effect-no\" data-id=\"d12fac1\" data-element_type=\"column\">\n\t\t\t<div class=\"elementor-widget-wrap elementor-element-populated\">\n\t\t\t\t\t\t<div class=\"elementor-element elementor-element-20b669f jltma-glass-effect-no elementor-widget elementor-widget-heading\" data-id=\"20b669f\" data-element_type=\"widget\" data-widget_type=\"heading.default\">\n\t\t\t\t<div class=\"elementor-widget-container\">\n\t\t\t<h6 class=\"elementor-heading-title elementor-size-default\">Semelles<\/h6>\t\t<\/div>\n\t\t\t\t<\/div>\n\t\t\t\t<div class=\"elementor-element elementor-element-cc89b87 jltma-glass-effect-no elementor-widget elementor-widget-image\" data-id=\"cc89b87\" data-element_type=\"widget\" data-widget_type=\"image.default\">\n\t\t\t\t<div class=\"elementor-widget-container\">\n\t\t\t\t\t\t\t\t\t\t\t\t\t<img loading=\"lazy\" decoding=\"async\" width=\"500\" height=\"406\" src=\"https:\/\/synthechim.ma\/wp-content\/uploads\/2023\/12\/eva-rubber-shoes-soles-4.jpg\" class=\"attachment-large size-large wp-image-2716\" alt=\"\" srcset=\"https:\/\/synthechim.ma\/wp-content\/uploads\/2023\/12\/eva-rubber-shoes-soles-4.jpg 500w, https:\/\/synthechim.ma\/wp-content\/uploads\/2023\/12\/eva-rubber-shoes-soles-4-300x244.jpg 300w, https:\/\/synthechim.ma\/wp-content\/uploads\/2023\/12\/eva-rubber-shoes-soles-4-15x12.jpg 15w\" sizes=\"(max-width: 500px) 100vw, 500px\" \/>\t\t\t\t\t\t\t\t\t\t\t\t\t<\/div>\n\t\t\t\t<\/div>\n\t\t\t\t\t<\/div>\n\t\t<\/div>\n\t\t\t\t<div class=\"elementor-column elementor-col-16 elementor-top-column elementor-element elementor-element-8be5ab3 jltma-glass-effect-no\" data-id=\"8be5ab3\" data-element_type=\"column\">\n\t\t\t<div class=\"elementor-widget-wrap elementor-element-populated\">\n\t\t\t\t\t\t<div class=\"elementor-element elementor-element-8bf41c3 jltma-glass-effect-no elementor-widget elementor-widget-heading\" data-id=\"8bf41c3\" data-element_type=\"widget\" data-widget_type=\"heading.default\">\n\t\t\t\t<div class=\"elementor-widget-container\">\n\t\t\t<h6 class=\"elementor-heading-title elementor-size-default\">Adh\u00e9sifs HOT MELT<\/h6>\t\t<\/div>\n\t\t\t\t<\/div>\n\t\t\t\t<div class=\"elementor-element elementor-element-91200e0 jltma-glass-effect-no elementor-widget elementor-widget-image\" data-id=\"91200e0\" data-element_type=\"widget\" data-widget_type=\"image.default\">\n\t\t\t\t<div class=\"elementor-widget-container\">\n\t\t\t\t\t\t\t\t\t\t\t\t\t<img loading=\"lazy\" decoding=\"async\" width=\"800\" height=\"602\" src=\"https:\/\/synthechim.ma\/wp-content\/uploads\/2023\/12\/Une-colle-hotmelt-c-est-quoi-Comment-bien-choisir-sa-colle-1-1024x771.jpg\" class=\"attachment-large size-large wp-image-2719\" alt=\"\" srcset=\"https:\/\/synthechim.ma\/wp-content\/uploads\/2023\/12\/Une-colle-hotmelt-c-est-quoi-Comment-bien-choisir-sa-colle-1-1024x771.jpg 1024w, https:\/\/synthechim.ma\/wp-content\/uploads\/2023\/12\/Une-colle-hotmelt-c-est-quoi-Comment-bien-choisir-sa-colle-1-300x226.jpg 300w, https:\/\/synthechim.ma\/wp-content\/uploads\/2023\/12\/Une-colle-hotmelt-c-est-quoi-Comment-bien-choisir-sa-colle-1-768x578.jpg 768w, https:\/\/synthechim.ma\/wp-content\/uploads\/2023\/12\/Une-colle-hotmelt-c-est-quoi-Comment-bien-choisir-sa-colle-1-16x12.jpg 16w, https:\/\/synthechim.ma\/wp-content\/uploads\/2023\/12\/Une-colle-hotmelt-c-est-quoi-Comment-bien-choisir-sa-colle-1-600x452.jpg 600w, https:\/\/synthechim.ma\/wp-content\/uploads\/2023\/12\/Une-colle-hotmelt-c-est-quoi-Comment-bien-choisir-sa-colle-1.jpg 1400w\" sizes=\"(max-width: 800px) 100vw, 800px\" \/>\t\t\t\t\t\t\t\t\t\t\t\t\t<\/div>\n\t\t\t\t<\/div>\n\t\t\t\t\t<\/div>\n\t\t<\/div>\n\t\t\t\t<div class=\"elementor-column elementor-col-16 elementor-top-column elementor-element elementor-element-7596594 jltma-glass-effect-no\" data-id=\"7596594\" data-element_type=\"column\">\n\t\t\t<div class=\"elementor-widget-wrap elementor-element-populated\">\n\t\t\t\t\t\t<div class=\"elementor-element elementor-element-e14f2fd jltma-glass-effect-no elementor-widget elementor-widget-heading\" data-id=\"e14f2fd\" data-element_type=\"widget\" data-widget_type=\"heading.default\">\n\t\t\t\t<div class=\"elementor-widget-container\">\n\t\t\t<h6 class=\"elementor-heading-title elementor-size-default\">Compound Eva<\/h6>\t\t<\/div>\n\t\t\t\t<\/div>\n\t\t\t\t<div class=\"elementor-element elementor-element-48ec451 jltma-glass-effect-no elementor-widget elementor-widget-image\" data-id=\"48ec451\" data-element_type=\"widget\" data-widget_type=\"image.default\">\n\t\t\t\t<div class=\"elementor-widget-container\">\n\t\t\t\t\t\t\t\t\t\t\t\t\t<img loading=\"lazy\" decoding=\"async\" width=\"600\" height=\"400\" src=\"https:\/\/synthechim.ma\/wp-content\/uploads\/2023\/12\/EVA-Hot-Melt-Adhesive-Pellet-1107-1.jpg\" class=\"attachment-large size-large wp-image-2720\" alt=\"\" srcset=\"https:\/\/synthechim.ma\/wp-content\/uploads\/2023\/12\/EVA-Hot-Melt-Adhesive-Pellet-1107-1.jpg 600w, https:\/\/synthechim.ma\/wp-content\/uploads\/2023\/12\/EVA-Hot-Melt-Adhesive-Pellet-1107-1-300x200.jpg 300w, https:\/\/synthechim.ma\/wp-content\/uploads\/2023\/12\/EVA-Hot-Melt-Adhesive-Pellet-1107-1-18x12.jpg 18w\" sizes=\"(max-width: 600px) 100vw, 600px\" \/>\t\t\t\t\t\t\t\t\t\t\t\t\t<\/div>\n\t\t\t\t<\/div>\n\t\t\t\t\t<\/div>\n\t\t<\/div>\n\t\t\t\t\t<\/div>\n\t\t<\/section>\n\t\t\t\t<\/div>","protected":false},"excerpt":{"rendered":"<p>Explorez notre gamme de r\u00e9sines EVA, une solution de haute qualit\u00e9 con\u00e7ue pour r\u00e9pondre aux normes les plus \u00e9lev\u00e9es en industrie.&nbsp; Nos r\u00e9sines polyvalentes offrent d&rsquo;excellentes performances pour une grande vari\u00e9t\u00e9 d&rsquo;application.&nbsp; L&rsquo;EVA pur ou dans des m\u00e9langes avec d&rsquo;autre mati\u00e8res, est utilis\u00e9 dans une tr\u00e8s large gamme d&rsquo;applications et de march\u00e9,&nbsp; entres autres : [&hellip;]<\/p>","protected":false},"featured_media":2700,"template":"","meta":{"_themeisle_gutenberg_block_has_review":false},"product_cat":[18,28],"product_tag":[],"class_list":["post-2699","product","type-product","status-publish","has-post-thumbnail","hentry","product_cat-matieres-plastiques-et-auxiliaires","product_cat-polymeres-techniques"],"yoast_head":"<!-- This site is optimized with the Yoast SEO plugin v26.0 - https:\/\/yoast.com\/wordpress\/plugins\/seo\/ -->\n<title>EVA (\u00c9thyl\u00e8ne Vinyle Ac\u00e9tate) - Synthechim<\/title>\n<meta name=\"description\" content=\"D\u00e9couvrez notre gamme d&#039;EVA sp\u00e9cialement formul\u00e9es pour les applications industriels de films, semelles, ou encore adh\u00e9sifs Hot melt !\" \/>\n<meta name=\"robots\" content=\"index, follow, max-snippet:-1, max-image-preview:large, max-video-preview:-1\" \/>\n<link rel=\"canonical\" href=\"https:\/\/synthechim.ma\/en\/product\/eva-ethylene-vinyle-acetate\/\" \/>\n<meta property=\"og:locale\" content=\"en_US\" \/>\n<meta property=\"og:type\" content=\"article\" \/>\n<meta property=\"og:title\" content=\"EVA (\u00c9thyl\u00e8ne Vinyle Ac\u00e9tate) - Synthechim\" \/>\n<meta property=\"og:description\" content=\"D\u00e9couvrez notre gamme d&#039;EVA sp\u00e9cialement formul\u00e9es pour les applications industriels de films, semelles, ou encore adh\u00e9sifs Hot melt !\" \/>\n<meta property=\"og:url\" content=\"https:\/\/synthechim.ma\/en\/product\/eva-ethylene-vinyle-acetate\/\" \/>\n<meta property=\"og:site_name\" content=\"Synthechim\" \/>\n<meta property=\"article:modified_time\" content=\"2023-12-08T13:41:09+00:00\" \/>\n<meta property=\"og:image\" content=\"https:\/\/synthechim.ma\/wp-content\/uploads\/2023\/12\/semelle-eva.webp\" \/>\n\t<meta property=\"og:image:width\" content=\"590\" \/>\n\t<meta property=\"og:image:height\" content=\"455\" \/>\n\t<meta property=\"og:image:type\" content=\"image\/webp\" \/>\n<meta name=\"twitter:card\" content=\"summary_large_image\" \/>\n<script type=\"application\/ld+json\" class=\"yoast-schema-graph\">{\"@context\":\"https:\/\/schema.org\",\"@graph\":[{\"@type\":\"WebPage\",\"@id\":\"https:\/\/synthechim.ma\/produit\/eva-ethylene-vinyle-acetate\/\",\"url\":\"https:\/\/synthechim.ma\/produit\/eva-ethylene-vinyle-acetate\/\",\"name\":\"EVA (\u00c9thyl\u00e8ne Vinyle Ac\u00e9tate) - Synthechim\",\"isPartOf\":{\"@id\":\"https:\/\/synthechim.ma\/#website\"},\"primaryImageOfPage\":{\"@id\":\"https:\/\/synthechim.ma\/produit\/eva-ethylene-vinyle-acetate\/#primaryimage\"},\"image\":{\"@id\":\"https:\/\/synthechim.ma\/produit\/eva-ethylene-vinyle-acetate\/#primaryimage\"},\"thumbnailUrl\":\"https:\/\/synthechim.ma\/wp-content\/uploads\/2023\/12\/semelle-eva.webp\",\"datePublished\":\"2023-12-08T11:39:24+00:00\",\"dateModified\":\"2023-12-08T13:41:09+00:00\",\"description\":\"D\u00e9couvrez notre gamme d'EVA sp\u00e9cialement formul\u00e9es pour les applications industriels de films, semelles, ou encore adh\u00e9sifs Hot melt !\",\"breadcrumb\":{\"@id\":\"https:\/\/synthechim.ma\/produit\/eva-ethylene-vinyle-acetate\/#breadcrumb\"},\"inLanguage\":\"en-US\",\"potentialAction\":[{\"@type\":\"ReadAction\",\"target\":[\"https:\/\/synthechim.ma\/produit\/eva-ethylene-vinyle-acetate\/\"]}]},{\"@type\":\"ImageObject\",\"inLanguage\":\"en-US\",\"@id\":\"https:\/\/synthechim.ma\/produit\/eva-ethylene-vinyle-acetate\/#primaryimage\",\"url\":\"https:\/\/synthechim.ma\/wp-content\/uploads\/2023\/12\/semelle-eva.webp\",\"contentUrl\":\"https:\/\/synthechim.ma\/wp-content\/uploads\/2023\/12\/semelle-eva.webp\",\"width\":590,\"height\":455},{\"@type\":\"BreadcrumbList\",\"@id\":\"https:\/\/synthechim.ma\/produit\/eva-ethylene-vinyle-acetate\/#breadcrumb\",\"itemListElement\":[{\"@type\":\"ListItem\",\"position\":1,\"name\":\"Accueil\",\"item\":\"https:\/\/synthechim.ma\/\"},{\"@type\":\"ListItem\",\"position\":2,\"name\":\"Produits\",\"item\":\"https:\/\/synthechim.ma\/boutique__trashed\/\"},{\"@type\":\"ListItem\",\"position\":3,\"name\":\"EVA (\u00c9thyl\u00e8ne Vinyle Ac\u00e9tate)\"}]},{\"@type\":\"WebSite\",\"@id\":\"https:\/\/synthechim.ma\/#website\",\"url\":\"https:\/\/synthechim.ma\/\",\"name\":\"Synthechim\",\"description\":\".\",\"publisher\":{\"@id\":\"https:\/\/synthechim.ma\/#organization\"},\"potentialAction\":[{\"@type\":\"SearchAction\",\"target\":{\"@type\":\"EntryPoint\",\"urlTemplate\":\"https:\/\/synthechim.ma\/?s={search_term_string}\"},\"query-input\":{\"@type\":\"PropertyValueSpecification\",\"valueRequired\":true,\"valueName\":\"search_term_string\"}}],\"inLanguage\":\"en-US\"},{\"@type\":\"Organization\",\"@id\":\"https:\/\/synthechim.ma\/#organization\",\"name\":\"Synthechim\",\"url\":\"https:\/\/synthechim.ma\/\",\"logo\":{\"@type\":\"ImageObject\",\"inLanguage\":\"en-US\",\"@id\":\"https:\/\/synthechim.ma\/#\/schema\/logo\/image\/\",\"url\":\"https:\/\/synthechim.ma\/wp-content\/uploads\/2023\/04\/Logo.png\",\"contentUrl\":\"https:\/\/synthechim.ma\/wp-content\/uploads\/2023\/04\/Logo.png\",\"width\":322,\"height\":130,\"caption\":\"Synthechim\"},\"image\":{\"@id\":\"https:\/\/synthechim.ma\/#\/schema\/logo\/image\/\"}}]}<\/script>\n<!-- \/ Yoast SEO plugin. -->","yoast_head_json":{"title":"EVA (\u00c9thyl\u00e8ne Vinyle Ac\u00e9tate) - Synthechim","description":"D\u00e9couvrez notre gamme d'EVA sp\u00e9cialement formul\u00e9es pour les applications industriels de films, semelles, ou encore adh\u00e9sifs Hot melt !","robots":{"index":"index","follow":"follow","max-snippet":"max-snippet:-1","max-image-preview":"max-image-preview:large","max-video-preview":"max-video-preview:-1"},"canonical":"https:\/\/synthechim.ma\/en\/product\/eva-ethylene-vinyle-acetate\/","og_locale":"en_US","og_type":"article","og_title":"EVA (\u00c9thyl\u00e8ne Vinyle Ac\u00e9tate) - Synthechim","og_description":"D\u00e9couvrez notre gamme d'EVA sp\u00e9cialement formul\u00e9es pour les applications industriels de films, semelles, ou encore adh\u00e9sifs Hot melt !","og_url":"https:\/\/synthechim.ma\/en\/product\/eva-ethylene-vinyle-acetate\/","og_site_name":"Synthechim","article_modified_time":"2023-12-08T13:41:09+00:00","og_image":[{"width":590,"height":455,"url":"https:\/\/synthechim.ma\/wp-content\/uploads\/2023\/12\/semelle-eva.webp","type":"image\/webp"}],"twitter_card":"summary_large_image","schema":{"@context":"https:\/\/schema.org","@graph":[{"@type":"WebPage","@id":"https:\/\/synthechim.ma\/produit\/eva-ethylene-vinyle-acetate\/","url":"https:\/\/synthechim.ma\/produit\/eva-ethylene-vinyle-acetate\/","name":"EVA (\u00c9thyl\u00e8ne Vinyle Ac\u00e9tate) - Synthechim","isPartOf":{"@id":"https:\/\/synthechim.ma\/#website"},"primaryImageOfPage":{"@id":"https:\/\/synthechim.ma\/produit\/eva-ethylene-vinyle-acetate\/#primaryimage"},"image":{"@id":"https:\/\/synthechim.ma\/produit\/eva-ethylene-vinyle-acetate\/#primaryimage"},"thumbnailUrl":"https:\/\/synthechim.ma\/wp-content\/uploads\/2023\/12\/semelle-eva.webp","datePublished":"2023-12-08T11:39:24+00:00","dateModified":"2023-12-08T13:41:09+00:00","description":"D\u00e9couvrez notre gamme d'EVA sp\u00e9cialement formul\u00e9es pour les applications industriels de films, semelles, ou encore adh\u00e9sifs Hot melt !","breadcrumb":{"@id":"https:\/\/synthechim.ma\/produit\/eva-ethylene-vinyle-acetate\/#breadcrumb"},"inLanguage":"en-US","potentialAction":[{"@type":"ReadAction","target":["https:\/\/synthechim.ma\/produit\/eva-ethylene-vinyle-acetate\/"]}]},{"@type":"ImageObject","inLanguage":"en-US","@id":"https:\/\/synthechim.ma\/produit\/eva-ethylene-vinyle-acetate\/#primaryimage","url":"https:\/\/synthechim.ma\/wp-content\/uploads\/2023\/12\/semelle-eva.webp","contentUrl":"https:\/\/synthechim.ma\/wp-content\/uploads\/2023\/12\/semelle-eva.webp","width":590,"height":455},{"@type":"BreadcrumbList","@id":"https:\/\/synthechim.ma\/produit\/eva-ethylene-vinyle-acetate\/#breadcrumb","itemListElement":[{"@type":"ListItem","position":1,"name":"Accueil","item":"https:\/\/synthechim.ma\/"},{"@type":"ListItem","position":2,"name":"Produits","item":"https:\/\/synthechim.ma\/boutique__trashed\/"},{"@type":"ListItem","position":3,"name":"EVA (\u00c9thyl\u00e8ne Vinyle Ac\u00e9tate)"}]},{"@type":"WebSite","@id":"https:\/\/synthechim.ma\/#website","url":"https:\/\/synthechim.ma\/","name":"Synthechim","description":".","publisher":{"@id":"https:\/\/synthechim.ma\/#organization"},"potentialAction":[{"@type":"SearchAction","target":{"@type":"EntryPoint","urlTemplate":"https:\/\/synthechim.ma\/?s={search_term_string}"},"query-input":{"@type":"PropertyValueSpecification","valueRequired":true,"valueName":"search_term_string"}}],"inLanguage":"en-US"},{"@type":"Organization","@id":"https:\/\/synthechim.ma\/#organization","name":"Synthechim","url":"https:\/\/synthechim.ma\/","logo":{"@type":"ImageObject","inLanguage":"en-US","@id":"https:\/\/synthechim.ma\/#\/schema\/logo\/image\/","url":"https:\/\/synthechim.ma\/wp-content\/uploads\/2023\/04\/Logo.png","contentUrl":"https:\/\/synthechim.ma\/wp-content\/uploads\/2023\/04\/Logo.png","width":322,"height":130,"caption":"Synthechim"},"image":{"@id":"https:\/\/synthechim.ma\/#\/schema\/logo\/image\/"}}]}},"_links":{"self":[{"href":"https:\/\/synthechim.ma\/en\/wp-json\/wp\/v2\/product\/2699","targetHints":{"allow":["GET"]}}],"collection":[{"href":"https:\/\/synthechim.ma\/en\/wp-json\/wp\/v2\/product"}],"about":[{"href":"https:\/\/synthechim.ma\/en\/wp-json\/wp\/v2\/types\/product"}],"version-history":[{"count":11,"href":"https:\/\/synthechim.ma\/en\/wp-json\/wp\/v2\/product\/2699\/revisions"}],"predecessor-version":[{"id":2729,"href":"https:\/\/synthechim.ma\/en\/wp-json\/wp\/v2\/product\/2699\/revisions\/2729"}],"wp:featuredmedia":[{"embeddable":true,"href":"https:\/\/synthechim.ma\/en\/wp-json\/wp\/v2\/media\/2700"}],"wp:attachment":[{"href":"https:\/\/synthechim.ma\/en\/wp-json\/wp\/v2\/media?parent=2699"}],"wp:term":[{"taxonomy":"product_cat","embeddable":true,"href":"https:\/\/synthechim.ma\/en\/wp-json\/wp\/v2\/product_cat?post=2699"},{"taxonomy":"product_tag","embeddable":true,"href":"https:\/\/synthechim.ma\/en\/wp-json\/wp\/v2\/product_tag?post=2699"}],"curies":[{"name":"wp","href":"https:\/\/api.w.org\/{rel}","templated":true}]}}