{"id":546,"date":"2023-04-06T16:37:41","date_gmt":"2023-04-06T14:37:41","guid":{"rendered":"https:\/\/synthechim.top-energiedin.com\/?post_type=product&#038;p=546"},"modified":"2023-04-29T18:36:52","modified_gmt":"2023-04-29T16:36:52","slug":"lldpe-polyethylene-basse-densite-lineaire","status":"publish","type":"product","link":"https:\/\/synthechim.ma\/en\/product\/lldpe-polyethylene-basse-densite-lineaire\/","title":{"rendered":"LLDPE (Poly\u00e9thyl\u00e8ne Basse densit\u00e9 lin\u00e9aire)"},"content":{"rendered":"<div data-elementor-type=\"product-post\" data-elementor-id=\"546\" class=\"elementor elementor-546\">\n\t\t\t\t\t\t<section class=\"elementor-section elementor-top-section elementor-element elementor-element-9516017 elementor-section-boxed elementor-section-height-default elementor-section-height-default jltma-glass-effect-no\" data-id=\"9516017\" data-element_type=\"section\">\n\t\t\t\t\t\t<div class=\"elementor-container elementor-column-gap-default\">\n\t\t\t\t\t<div class=\"elementor-column elementor-col-100 elementor-top-column elementor-element elementor-element-d5ac348 jltma-glass-effect-no\" data-id=\"d5ac348\" data-element_type=\"column\">\n\t\t\t<div class=\"elementor-widget-wrap elementor-element-populated\">\n\t\t\t\t\t\t<div class=\"elementor-element elementor-element-ed83ef5 jltma-glass-effect-no elementor-widget elementor-widget-text-editor\" data-id=\"ed83ef5\" data-element_type=\"widget\" data-widget_type=\"text-editor.default\">\n\t\t\t\t<div class=\"elementor-widget-container\">\n\t\t\t<style>\/*! elementor - v3.22.0 - 26-06-2024 *\/\n.elementor-widget-text-editor.elementor-drop-cap-view-stacked .elementor-drop-cap{background-color:#69727d;color:#fff}.elementor-widget-text-editor.elementor-drop-cap-view-framed .elementor-drop-cap{color:#69727d;border:3px solid;background-color:transparent}.elementor-widget-text-editor:not(.elementor-drop-cap-view-default) .elementor-drop-cap{margin-top:8px}.elementor-widget-text-editor:not(.elementor-drop-cap-view-default) .elementor-drop-cap-letter{width:1em;height:1em}.elementor-widget-text-editor .elementor-drop-cap{float:left;text-align:center;line-height:1;font-size:50px}.elementor-widget-text-editor .elementor-drop-cap-letter{display:inline-block}<\/style>\t\t\t\t<p>Le Poly\u00e9thyl\u00e8ne Lin\u00e9aire Basse Densit\u00e9 (LLDPE) est un type de polym\u00e8re thermoplastique largement utilis\u00e9 dans l&rsquo;industrie de l&#8217;emballage et de la fabrication de produits plastiques. Il est fabriqu\u00e9 en utilisant une technologie de polym\u00e9risation en phase gazeuse, qui permet de produire une structure lin\u00e9aire plus \u00e9troite que celle du poly\u00e9thyl\u00e8ne haute densit\u00e9 (PEHD).<\/p><p>Le LLDPE pr\u00e9sente de nombreux avantages, notamment une r\u00e9sistance \u00e9lev\u00e9e aux chocs et aux perforations, une flexibilit\u00e9 et une extensibilit\u00e9 accrues, ainsi qu&rsquo;une bonne r\u00e9sistance aux produits chimiques et \u00e0 l&rsquo;humidit\u00e9. Ces propri\u00e9t\u00e9s en font un mat\u00e9riau id\u00e9al pour la fabrication de films \u00e9tirables utilis\u00e9s pour l&#8217;emballage de produits alimentaires, les sacs poubelles, les sacs \u00e0 provisions, les films agricoles, les sacs \u00e0 liti\u00e8re et bien d&rsquo;autres applications.<\/p><p>Gr\u00e2ce \u00e0 ses propri\u00e9t\u00e9s de r\u00e9sistance et de flexibilit\u00e9, le LLDPE est \u00e9galement utilis\u00e9 dans la fabrication de tubes et de tuyaux pour les industries de la construction et de l&rsquo;agriculture.<\/p>\t\t\t\t\t\t<\/div>\n\t\t\t\t<\/div>\n\t\t\t\t\t<\/div>\n\t\t<\/div>\n\t\t\t\t\t<\/div>\n\t\t<\/section>\n\t\t\t\t<\/div>","protected":false},"excerpt":{"rendered":"<p>Lorem ipsum dolor sit amet consectetur, adipisicing elit. Minima, est delectus aliquam alias ex tempore labore, amet porro, ea harum cumque libero voluptas fugit numquam nihil iure expedita nobis rerum. Lorem ipsum dolor sit amet consectetur Lorem ipsum dolor sit amet consectetur Lorem ipsum dolor sit amet consectetur Lorem ipsum dolor sit amet consectetur<\/p>","protected":false},"featured_media":1454,"template":"","meta":{"_themeisle_gutenberg_block_has_review":false},"product_cat":[18,26],"product_tag":[],"class_list":["post-546","product","type-product","status-publish","has-post-thumbnail","hentry","product_cat-matieres-plastiques-et-auxiliaires","product_cat-polyolefines"],"yoast_head":"<!-- This site is optimized with the Yoast SEO plugin v26.0 - https:\/\/yoast.com\/wordpress\/plugins\/seo\/ -->\n<title>LLDPE (Poly\u00e9thyl\u00e8ne Basse densit\u00e9 lin\u00e9aire)<\/title>\n<meta name=\"description\" content=\"Propri\u00e9t\u00e9s, utilisations et avantages du poly\u00e9thyl\u00e8ne lin\u00e9aire basse densit\u00e9 (LLDPE) pour diverses applications industrielles et commerciales.\" \/>\n<meta name=\"robots\" content=\"index, follow, max-snippet:-1, max-image-preview:large, max-video-preview:-1\" \/>\n<link rel=\"canonical\" href=\"https:\/\/synthechim.ma\/en\/product\/lldpe-polyethylene-basse-densite-lineaire\/\" \/>\n<meta property=\"og:locale\" content=\"en_US\" \/>\n<meta property=\"og:type\" content=\"article\" \/>\n<meta property=\"og:title\" content=\"LLDPE (Poly\u00e9thyl\u00e8ne Basse densit\u00e9 lin\u00e9aire)\" \/>\n<meta property=\"og:description\" content=\"Propri\u00e9t\u00e9s, utilisations et avantages du poly\u00e9thyl\u00e8ne lin\u00e9aire basse densit\u00e9 (LLDPE) pour diverses applications industrielles et commerciales.\" \/>\n<meta property=\"og:url\" content=\"https:\/\/synthechim.ma\/en\/product\/lldpe-polyethylene-basse-densite-lineaire\/\" \/>\n<meta property=\"og:site_name\" content=\"Synthechim\" \/>\n<meta property=\"article:modified_time\" content=\"2023-04-29T16:36:52+00:00\" \/>\n<meta property=\"og:image\" content=\"https:\/\/synthechim.ma\/wp-content\/uploads\/2023\/04\/LLDPE.png\" \/>\n\t<meta property=\"og:image:width\" content=\"274\" \/>\n\t<meta property=\"og:image:height\" content=\"200\" \/>\n\t<meta property=\"og:image:type\" content=\"image\/png\" \/>\n<meta name=\"twitter:card\" content=\"summary_large_image\" \/>\n<meta name=\"twitter:label1\" content=\"Est. reading time\" \/>\n\t<meta name=\"twitter:data1\" content=\"1 minute\" \/>\n<script type=\"application\/ld+json\" class=\"yoast-schema-graph\">{\"@context\":\"https:\/\/schema.org\",\"@graph\":[{\"@type\":\"WebPage\",\"@id\":\"https:\/\/synthechim.ma\/produit\/lldpe-polyethylene-basse-densite-lineaire\/\",\"url\":\"https:\/\/synthechim.ma\/produit\/lldpe-polyethylene-basse-densite-lineaire\/\",\"name\":\"LLDPE (Poly\u00e9thyl\u00e8ne Basse densit\u00e9 lin\u00e9aire)\",\"isPartOf\":{\"@id\":\"https:\/\/synthechim.ma\/#website\"},\"primaryImageOfPage\":{\"@id\":\"https:\/\/synthechim.ma\/produit\/lldpe-polyethylene-basse-densite-lineaire\/#primaryimage\"},\"image\":{\"@id\":\"https:\/\/synthechim.ma\/produit\/lldpe-polyethylene-basse-densite-lineaire\/#primaryimage\"},\"thumbnailUrl\":\"https:\/\/synthechim.ma\/wp-content\/uploads\/2023\/04\/LLDPE.png\",\"datePublished\":\"2023-04-06T14:37:41+00:00\",\"dateModified\":\"2023-04-29T16:36:52+00:00\",\"description\":\"Propri\u00e9t\u00e9s, utilisations et avantages du poly\u00e9thyl\u00e8ne lin\u00e9aire basse densit\u00e9 (LLDPE) pour diverses applications industrielles et commerciales.\",\"breadcrumb\":{\"@id\":\"https:\/\/synthechim.ma\/produit\/lldpe-polyethylene-basse-densite-lineaire\/#breadcrumb\"},\"inLanguage\":\"en-US\",\"potentialAction\":[{\"@type\":\"ReadAction\",\"target\":[\"https:\/\/synthechim.ma\/produit\/lldpe-polyethylene-basse-densite-lineaire\/\"]}]},{\"@type\":\"ImageObject\",\"inLanguage\":\"en-US\",\"@id\":\"https:\/\/synthechim.ma\/produit\/lldpe-polyethylene-basse-densite-lineaire\/#primaryimage\",\"url\":\"https:\/\/synthechim.ma\/wp-content\/uploads\/2023\/04\/LLDPE.png\",\"contentUrl\":\"https:\/\/synthechim.ma\/wp-content\/uploads\/2023\/04\/LLDPE.png\",\"width\":274,\"height\":200},{\"@type\":\"BreadcrumbList\",\"@id\":\"https:\/\/synthechim.ma\/produit\/lldpe-polyethylene-basse-densite-lineaire\/#breadcrumb\",\"itemListElement\":[{\"@type\":\"ListItem\",\"position\":1,\"name\":\"Accueil\",\"item\":\"https:\/\/synthechim.ma\/\"},{\"@type\":\"ListItem\",\"position\":2,\"name\":\"Produits\",\"item\":\"https:\/\/synthechim.ma\/boutique__trashed\/\"},{\"@type\":\"ListItem\",\"position\":3,\"name\":\"LLDPE (Poly\u00e9thyl\u00e8ne Basse densit\u00e9 lin\u00e9aire)\"}]},{\"@type\":\"WebSite\",\"@id\":\"https:\/\/synthechim.ma\/#website\",\"url\":\"https:\/\/synthechim.ma\/\",\"name\":\"Synthechim\",\"description\":\".\",\"publisher\":{\"@id\":\"https:\/\/synthechim.ma\/#organization\"},\"potentialAction\":[{\"@type\":\"SearchAction\",\"target\":{\"@type\":\"EntryPoint\",\"urlTemplate\":\"https:\/\/synthechim.ma\/?s={search_term_string}\"},\"query-input\":{\"@type\":\"PropertyValueSpecification\",\"valueRequired\":true,\"valueName\":\"search_term_string\"}}],\"inLanguage\":\"en-US\"},{\"@type\":\"Organization\",\"@id\":\"https:\/\/synthechim.ma\/#organization\",\"name\":\"Synthechim\",\"url\":\"https:\/\/synthechim.ma\/\",\"logo\":{\"@type\":\"ImageObject\",\"inLanguage\":\"en-US\",\"@id\":\"https:\/\/synthechim.ma\/#\/schema\/logo\/image\/\",\"url\":\"https:\/\/synthechim.ma\/wp-content\/uploads\/2023\/04\/Logo.png\",\"contentUrl\":\"https:\/\/synthechim.ma\/wp-content\/uploads\/2023\/04\/Logo.png\",\"width\":322,\"height\":130,\"caption\":\"Synthechim\"},\"image\":{\"@id\":\"https:\/\/synthechim.ma\/#\/schema\/logo\/image\/\"}}]}<\/script>\n<!-- \/ Yoast SEO plugin. -->","yoast_head_json":{"title":"LLDPE (Poly\u00e9thyl\u00e8ne Basse densit\u00e9 lin\u00e9aire)","description":"Propri\u00e9t\u00e9s, utilisations et avantages du poly\u00e9thyl\u00e8ne lin\u00e9aire basse densit\u00e9 (LLDPE) pour diverses applications industrielles et commerciales.","robots":{"index":"index","follow":"follow","max-snippet":"max-snippet:-1","max-image-preview":"max-image-preview:large","max-video-preview":"max-video-preview:-1"},"canonical":"https:\/\/synthechim.ma\/en\/product\/lldpe-polyethylene-basse-densite-lineaire\/","og_locale":"en_US","og_type":"article","og_title":"LLDPE (Poly\u00e9thyl\u00e8ne Basse densit\u00e9 lin\u00e9aire)","og_description":"Propri\u00e9t\u00e9s, utilisations et avantages du poly\u00e9thyl\u00e8ne lin\u00e9aire basse densit\u00e9 (LLDPE) pour diverses applications industrielles et commerciales.","og_url":"https:\/\/synthechim.ma\/en\/product\/lldpe-polyethylene-basse-densite-lineaire\/","og_site_name":"Synthechim","article_modified_time":"2023-04-29T16:36:52+00:00","og_image":[{"width":274,"height":200,"url":"https:\/\/synthechim.ma\/wp-content\/uploads\/2023\/04\/LLDPE.png","type":"image\/png"}],"twitter_card":"summary_large_image","twitter_misc":{"Est. reading time":"1 minute"},"schema":{"@context":"https:\/\/schema.org","@graph":[{"@type":"WebPage","@id":"https:\/\/synthechim.ma\/produit\/lldpe-polyethylene-basse-densite-lineaire\/","url":"https:\/\/synthechim.ma\/produit\/lldpe-polyethylene-basse-densite-lineaire\/","name":"LLDPE (Poly\u00e9thyl\u00e8ne Basse densit\u00e9 lin\u00e9aire)","isPartOf":{"@id":"https:\/\/synthechim.ma\/#website"},"primaryImageOfPage":{"@id":"https:\/\/synthechim.ma\/produit\/lldpe-polyethylene-basse-densite-lineaire\/#primaryimage"},"image":{"@id":"https:\/\/synthechim.ma\/produit\/lldpe-polyethylene-basse-densite-lineaire\/#primaryimage"},"thumbnailUrl":"https:\/\/synthechim.ma\/wp-content\/uploads\/2023\/04\/LLDPE.png","datePublished":"2023-04-06T14:37:41+00:00","dateModified":"2023-04-29T16:36:52+00:00","description":"Propri\u00e9t\u00e9s, utilisations et avantages du poly\u00e9thyl\u00e8ne lin\u00e9aire basse densit\u00e9 (LLDPE) pour diverses applications industrielles et commerciales.","breadcrumb":{"@id":"https:\/\/synthechim.ma\/produit\/lldpe-polyethylene-basse-densite-lineaire\/#breadcrumb"},"inLanguage":"en-US","potentialAction":[{"@type":"ReadAction","target":["https:\/\/synthechim.ma\/produit\/lldpe-polyethylene-basse-densite-lineaire\/"]}]},{"@type":"ImageObject","inLanguage":"en-US","@id":"https:\/\/synthechim.ma\/produit\/lldpe-polyethylene-basse-densite-lineaire\/#primaryimage","url":"https:\/\/synthechim.ma\/wp-content\/uploads\/2023\/04\/LLDPE.png","contentUrl":"https:\/\/synthechim.ma\/wp-content\/uploads\/2023\/04\/LLDPE.png","width":274,"height":200},{"@type":"BreadcrumbList","@id":"https:\/\/synthechim.ma\/produit\/lldpe-polyethylene-basse-densite-lineaire\/#breadcrumb","itemListElement":[{"@type":"ListItem","position":1,"name":"Accueil","item":"https:\/\/synthechim.ma\/"},{"@type":"ListItem","position":2,"name":"Produits","item":"https:\/\/synthechim.ma\/boutique__trashed\/"},{"@type":"ListItem","position":3,"name":"LLDPE (Poly\u00e9thyl\u00e8ne Basse densit\u00e9 lin\u00e9aire)"}]},{"@type":"WebSite","@id":"https:\/\/synthechim.ma\/#website","url":"https:\/\/synthechim.ma\/","name":"Synthechim","description":".","publisher":{"@id":"https:\/\/synthechim.ma\/#organization"},"potentialAction":[{"@type":"SearchAction","target":{"@type":"EntryPoint","urlTemplate":"https:\/\/synthechim.ma\/?s={search_term_string}"},"query-input":{"@type":"PropertyValueSpecification","valueRequired":true,"valueName":"search_term_string"}}],"inLanguage":"en-US"},{"@type":"Organization","@id":"https:\/\/synthechim.ma\/#organization","name":"Synthechim","url":"https:\/\/synthechim.ma\/","logo":{"@type":"ImageObject","inLanguage":"en-US","@id":"https:\/\/synthechim.ma\/#\/schema\/logo\/image\/","url":"https:\/\/synthechim.ma\/wp-content\/uploads\/2023\/04\/Logo.png","contentUrl":"https:\/\/synthechim.ma\/wp-content\/uploads\/2023\/04\/Logo.png","width":322,"height":130,"caption":"Synthechim"},"image":{"@id":"https:\/\/synthechim.ma\/#\/schema\/logo\/image\/"}}]}},"_links":{"self":[{"href":"https:\/\/synthechim.ma\/en\/wp-json\/wp\/v2\/product\/546","targetHints":{"allow":["GET"]}}],"collection":[{"href":"https:\/\/synthechim.ma\/en\/wp-json\/wp\/v2\/product"}],"about":[{"href":"https:\/\/synthechim.ma\/en\/wp-json\/wp\/v2\/types\/product"}],"version-history":[{"count":8,"href":"https:\/\/synthechim.ma\/en\/wp-json\/wp\/v2\/product\/546\/revisions"}],"predecessor-version":[{"id":1772,"href":"https:\/\/synthechim.ma\/en\/wp-json\/wp\/v2\/product\/546\/revisions\/1772"}],"wp:featuredmedia":[{"embeddable":true,"href":"https:\/\/synthechim.ma\/en\/wp-json\/wp\/v2\/media\/1454"}],"wp:attachment":[{"href":"https:\/\/synthechim.ma\/en\/wp-json\/wp\/v2\/media?parent=546"}],"wp:term":[{"taxonomy":"product_cat","embeddable":true,"href":"https:\/\/synthechim.ma\/en\/wp-json\/wp\/v2\/product_cat?post=546"},{"taxonomy":"product_tag","embeddable":true,"href":"https:\/\/synthechim.ma\/en\/wp-json\/wp\/v2\/product_tag?post=546"}],"curies":[{"name":"wp","href":"https:\/\/api.w.org\/{rel}","templated":true}]}}