{"id":559,"date":"2023-04-06T16:38:08","date_gmt":"2023-04-06T14:38:08","guid":{"rendered":"https:\/\/synthechim.top-energiedin.com\/?post_type=product&#038;p=559"},"modified":"2023-10-27T14:17:20","modified_gmt":"2023-10-27T12:17:20","slug":"abs-acrylonitrile-butadiene-styrene","status":"publish","type":"product","link":"https:\/\/synthechim.ma\/en\/product\/abs-acrylonitrile-butadiene-styrene\/","title":{"rendered":"ABS (Acrylonitrile Butadi\u00e8ne Styr\u00e8ne)"},"content":{"rendered":"<div data-elementor-type=\"product-post\" data-elementor-id=\"559\" class=\"elementor elementor-559\">\n\t\t\t\t\t\t<section class=\"elementor-section elementor-top-section elementor-element elementor-element-5ce0162 elementor-section-boxed elementor-section-height-default elementor-section-height-default jltma-glass-effect-no\" data-id=\"5ce0162\" data-element_type=\"section\">\n\t\t\t\t\t\t<div class=\"elementor-container elementor-column-gap-default\">\n\t\t\t\t\t<div class=\"elementor-column elementor-col-100 elementor-top-column elementor-element elementor-element-b126097 jltma-glass-effect-no\" data-id=\"b126097\" data-element_type=\"column\">\n\t\t\t<div class=\"elementor-widget-wrap elementor-element-populated\">\n\t\t\t\t\t\t<div class=\"elementor-element elementor-element-d5394a7 jltma-glass-effect-no elementor-widget elementor-widget-text-editor\" data-id=\"d5394a7\" data-element_type=\"widget\" data-widget_type=\"text-editor.default\">\n\t\t\t\t<div class=\"elementor-widget-container\">\n\t\t\t<style>\/*! elementor - v3.22.0 - 26-06-2024 *\/\n.elementor-widget-text-editor.elementor-drop-cap-view-stacked .elementor-drop-cap{background-color:#69727d;color:#fff}.elementor-widget-text-editor.elementor-drop-cap-view-framed .elementor-drop-cap{color:#69727d;border:3px solid;background-color:transparent}.elementor-widget-text-editor:not(.elementor-drop-cap-view-default) .elementor-drop-cap{margin-top:8px}.elementor-widget-text-editor:not(.elementor-drop-cap-view-default) .elementor-drop-cap-letter{width:1em;height:1em}.elementor-widget-text-editor .elementor-drop-cap{float:left;text-align:center;line-height:1;font-size:50px}.elementor-widget-text-editor .elementor-drop-cap-letter{display:inline-block}<\/style>\t\t\t\t<p>L&rsquo;Acrylonitrile Butadi\u00e8ne Styr\u00e8ne (ABS) est un polym\u00e8re thermoplastique opaque et amorphe, caract\u00e9ris\u00e9 par une couleur l\u00e9g\u00e8rement jaun\u00e2tre. Ce mat\u00e9riau offre une combinaison unique de r\u00e9sistance, de durabilit\u00e9 et de souplesse, ce qui en fait un choix populaire pour une large gamme d&rsquo;applications industrielles et commerciales.<\/p><p>Chez SYNTHECHIM, nous proposons une large gamme de produits en ABS de haute qualit\u00e9 pour r\u00e9pondre aux besoins de chaque client. Nos r\u00e9sines sont d\u00e9velopp\u00e9s pour garantir une qualit\u00e9 constante et une performance optimale.<\/p><p>Nous travaillons en \u00e9troite collaboration avec nos clients pour comprendre leurs besoins et leur fournir des solutions sur mesure pour leurs projets.<\/p><p>L&rsquo;ABS est un mat\u00e9riau extr\u00eamement polyvalent qui peut \u00eatre utilis\u00e9 dans une vari\u00e9t\u00e9 d&rsquo;applications, telles que la fabrication de pi\u00e8ces automobiles, de jouets, de pi\u00e8ces d&rsquo;appareils \u00e9lectrom\u00e9nagers, de casques de protection et bien plus encore.<\/p><p>Gr\u00e2ce \u00e0 sa r\u00e9sistance aux chocs, sa durabilit\u00e9 et sa r\u00e9sistance \u00e0 la chaleur, l&rsquo;ABS est \u00e9galement utilis\u00e9 dans des applications n\u00e9cessitant des propri\u00e9t\u00e9s de r\u00e9sistance et de stabilit\u00e9 \u00e9lev\u00e9es.<\/p>\t\t\t\t\t\t<\/div>\n\t\t\t\t<\/div>\n\t\t\t\t<div class=\"elementor-element elementor-element-b21f3b7 jltma-glass-effect-no elementor-widget elementor-widget-spacer\" data-id=\"b21f3b7\" data-element_type=\"widget\" data-widget_type=\"spacer.default\">\n\t\t\t\t<div class=\"elementor-widget-container\">\n\t\t\t<style>\/*! elementor - v3.22.0 - 26-06-2024 *\/\n.elementor-column .elementor-spacer-inner{height:var(--spacer-size)}.e-con{--container-widget-width:100%}.e-con-inner>.elementor-widget-spacer,.e-con>.elementor-widget-spacer{width:var(--container-widget-width,var(--spacer-size));--align-self:var(--container-widget-align-self,initial);--flex-shrink:0}.e-con-inner>.elementor-widget-spacer>.elementor-widget-container,.e-con>.elementor-widget-spacer>.elementor-widget-container{height:100%;width:100%}.e-con-inner>.elementor-widget-spacer>.elementor-widget-container>.elementor-spacer,.e-con>.elementor-widget-spacer>.elementor-widget-container>.elementor-spacer{height:100%}.e-con-inner>.elementor-widget-spacer>.elementor-widget-container>.elementor-spacer>.elementor-spacer-inner,.e-con>.elementor-widget-spacer>.elementor-widget-container>.elementor-spacer>.elementor-spacer-inner{height:var(--container-widget-height,var(--spacer-size))}.e-con-inner>.elementor-widget-spacer.elementor-widget-empty,.e-con>.elementor-widget-spacer.elementor-widget-empty{position:relative;min-height:22px;min-width:22px}.e-con-inner>.elementor-widget-spacer.elementor-widget-empty .elementor-widget-empty-icon,.e-con>.elementor-widget-spacer.elementor-widget-empty .elementor-widget-empty-icon{position:absolute;top:0;bottom:0;left:0;right:0;margin:auto;padding:0;width:22px;height:22px}<\/style>\t\t<div class=\"elementor-spacer\">\n\t\t\t<div class=\"elementor-spacer-inner\"><\/div>\n\t\t<\/div>\n\t\t\t\t<\/div>\n\t\t\t\t<\/div>\n\t\t\t\t\t<\/div>\n\t\t<\/div>\n\t\t\t\t\t<\/div>\n\t\t<\/section>\n\t\t\t\t<section class=\"elementor-section elementor-top-section elementor-element elementor-element-f3be87e elementor-section-boxed elementor-section-height-default elementor-section-height-default jltma-glass-effect-no\" data-id=\"f3be87e\" data-element_type=\"section\">\n\t\t\t\t\t\t<div class=\"elementor-container elementor-column-gap-default\">\n\t\t\t\t\t<div class=\"elementor-column elementor-col-100 elementor-top-column elementor-element elementor-element-af8075c jltma-glass-effect-no\" data-id=\"af8075c\" data-element_type=\"column\">\n\t\t\t<div class=\"elementor-widget-wrap elementor-element-populated\">\n\t\t\t\t\t\t<div class=\"elementor-element elementor-element-0289296 jltma-glass-effect-no elementor-widget elementor-widget-heading\" data-id=\"0289296\" data-element_type=\"widget\" data-widget_type=\"heading.default\">\n\t\t\t\t<div class=\"elementor-widget-container\">\n\t\t\t<style>\/*! elementor - v3.22.0 - 26-06-2024 *\/\n.elementor-heading-title{padding:0;margin:0;line-height:1}.elementor-widget-heading .elementor-heading-title[class*=elementor-size-]>a{color:inherit;font-size:inherit;line-height:inherit}.elementor-widget-heading .elementor-heading-title.elementor-size-small{font-size:15px}.elementor-widget-heading .elementor-heading-title.elementor-size-medium{font-size:19px}.elementor-widget-heading .elementor-heading-title.elementor-size-large{font-size:29px}.elementor-widget-heading .elementor-heading-title.elementor-size-xl{font-size:39px}.elementor-widget-heading .elementor-heading-title.elementor-size-xxl{font-size:59px}<\/style><h2 class=\"elementor-heading-title elementor-size-default\">TOYOLAC ABS RESIN<\/h2>\t\t<\/div>\n\t\t\t\t<\/div>\n\t\t\t\t\t<\/div>\n\t\t<\/div>\n\t\t\t\t\t<\/div>\n\t\t<\/section>\n\t\t\t\t<section class=\"elementor-section elementor-top-section elementor-element elementor-element-d3ba21d elementor-section-boxed elementor-section-height-default elementor-section-height-default jltma-glass-effect-no\" data-id=\"d3ba21d\" data-element_type=\"section\">\n\t\t\t\t\t\t<div class=\"elementor-container elementor-column-gap-default\">\n\t\t\t\t\t<div class=\"elementor-column elementor-col-100 elementor-top-column elementor-element elementor-element-cb1428b jltma-glass-effect-no\" data-id=\"cb1428b\" data-element_type=\"column\">\n\t\t\t<div class=\"elementor-widget-wrap elementor-element-populated\">\n\t\t\t\t\t\t<div class=\"elementor-element elementor-element-417df6a jltma-glass-effect-no elementor-widget elementor-widget-text-editor\" data-id=\"417df6a\" data-element_type=\"widget\" data-widget_type=\"text-editor.default\">\n\t\t\t\t<div class=\"elementor-widget-container\">\n\t\t\t\t\t\t\t<p>La r\u00e9sine TOYOLAC\u2122 ABS est un thermoplastique hautement polyvalent compos\u00e9 d&rsquo;acrylonitrile, de butadi\u00e8ne et de styr\u00e8ne, offrant une combinaison unique de propri\u00e9t\u00e9s alliant \u00ab\u00a0solidit\u00e9\u00a0\u00bb, \u00ab\u00a0l\u00e9g\u00e8ret\u00e9\u00a0\u00bb et \u00ab\u00a0esth\u00e9tique\u00a0\u00bb.<\/p><p>La r\u00e9sine TOYOLAC\u2122 est largement utilis\u00e9e dans le secteur industriel et pour les biens de consommation en raison de son ensemble exceptionnel de propri\u00e9t\u00e9s, qui associe \u00ab\u00a0solidit\u00e9\u00a0\u00bb, \u00ab\u00a0l\u00e9g\u00e8ret\u00e9\u00a0\u00bb et \u00ab\u00a0esth\u00e9tique\u00a0\u00bb, ainsi que ses excellentes caract\u00e9ristiques m\u00e9caniques, chimiques et \u00e9lectriques, et sa remarquable aptitude au traitement.<\/p><p>Cette r\u00e9sine est disponible non seulement sous forme de grades polyvalents tr\u00e8s comp\u00e9titifs en termes de co\u00fbt, mais \u00e9galement sous forme de grades haute performance, tels que des alliages avec des plastiques d&rsquo;ing\u00e9nierie, des grades transparents et antistatiques, ainsi que des grades renforc\u00e9s de fibres de carbone.<\/p>\t\t\t\t\t\t<\/div>\n\t\t\t\t<\/div>\n\t\t\t\t\t<\/div>\n\t\t<\/div>\n\t\t\t\t\t<\/div>\n\t\t<\/section>\n\t\t\t\t<\/div>","protected":false},"excerpt":{"rendered":"<p>L&rsquo;Acrylonitrile Butadi\u00e8ne Styr\u00e8ne (ABS) est un polym\u00e8re thermoplastique opaque et amorphe, caract\u00e9ris\u00e9 par une couleur l\u00e9g\u00e8rement jaun\u00e2tre. Ce mat\u00e9riau offre une combinaison unique de r\u00e9sistance, de durabilit\u00e9 et de souplesse, ce qui en fait un choix populaire pour une large gamme d&rsquo;applications industrielles et commerciales. Chez SYNTHECHIM, nous proposons une large gamme de produits en [&hellip;]<\/p>","protected":false},"featured_media":555,"template":"","meta":{"_themeisle_gutenberg_block_has_review":false},"product_cat":[18,27],"product_tag":[],"class_list":["post-559","product","type-product","status-publish","has-post-thumbnail","hentry","product_cat-matieres-plastiques-et-auxiliaires","product_cat-styreniques"],"yoast_head":"<!-- This site is optimized with the Yoast SEO plugin v26.0 - https:\/\/yoast.com\/wordpress\/plugins\/seo\/ -->\n<title>ABS (Acrylonitrile Butadi\u00e8ne Styr\u00e8ne)<\/title>\n<meta name=\"description\" content=\"L&#039;ABS (Acrylonitrile Butadiene Styrene) est un polym\u00e8re styr\u00e9nique offrant une combinaison unique de r\u00e9sistance, de durabilit\u00e9 et de souplesse.\" \/>\n<meta name=\"robots\" content=\"index, follow, max-snippet:-1, max-image-preview:large, max-video-preview:-1\" \/>\n<link rel=\"canonical\" href=\"https:\/\/synthechim.ma\/en\/product\/abs-acrylonitrile-butadiene-styrene\/\" \/>\n<meta property=\"og:locale\" content=\"en_US\" \/>\n<meta property=\"og:type\" content=\"article\" \/>\n<meta property=\"og:title\" content=\"ABS (Acrylonitrile Butadi\u00e8ne Styr\u00e8ne)\" \/>\n<meta property=\"og:description\" content=\"L&#039;ABS (Acrylonitrile Butadiene Styrene) est un polym\u00e8re styr\u00e9nique offrant une combinaison unique de r\u00e9sistance, de durabilit\u00e9 et de souplesse.\" \/>\n<meta property=\"og:url\" content=\"https:\/\/synthechim.ma\/en\/product\/abs-acrylonitrile-butadiene-styrene\/\" \/>\n<meta property=\"og:site_name\" content=\"Synthechim\" \/>\n<meta property=\"article:modified_time\" content=\"2023-10-27T12:17:20+00:00\" \/>\n<meta property=\"og:image\" content=\"https:\/\/synthechim.ma\/wp-content\/uploads\/2023\/04\/8-1.png\" \/>\n\t<meta property=\"og:image:width\" content=\"283\" \/>\n\t<meta property=\"og:image:height\" content=\"262\" \/>\n\t<meta property=\"og:image:type\" content=\"image\/png\" \/>\n<meta name=\"twitter:card\" content=\"summary_large_image\" \/>\n<script type=\"application\/ld+json\" class=\"yoast-schema-graph\">{\"@context\":\"https:\/\/schema.org\",\"@graph\":[{\"@type\":\"WebPage\",\"@id\":\"https:\/\/synthechim.ma\/produit\/abs-acrylonitrile-butadiene-styrene\/\",\"url\":\"https:\/\/synthechim.ma\/produit\/abs-acrylonitrile-butadiene-styrene\/\",\"name\":\"ABS (Acrylonitrile Butadi\u00e8ne Styr\u00e8ne)\",\"isPartOf\":{\"@id\":\"https:\/\/synthechim.ma\/#website\"},\"primaryImageOfPage\":{\"@id\":\"https:\/\/synthechim.ma\/produit\/abs-acrylonitrile-butadiene-styrene\/#primaryimage\"},\"image\":{\"@id\":\"https:\/\/synthechim.ma\/produit\/abs-acrylonitrile-butadiene-styrene\/#primaryimage\"},\"thumbnailUrl\":\"https:\/\/synthechim.ma\/wp-content\/uploads\/2023\/04\/8-1.png\",\"datePublished\":\"2023-04-06T14:38:08+00:00\",\"dateModified\":\"2023-10-27T12:17:20+00:00\",\"description\":\"L'ABS (Acrylonitrile Butadiene Styrene) est un polym\u00e8re styr\u00e9nique offrant une combinaison unique de r\u00e9sistance, de durabilit\u00e9 et de souplesse.\",\"breadcrumb\":{\"@id\":\"https:\/\/synthechim.ma\/produit\/abs-acrylonitrile-butadiene-styrene\/#breadcrumb\"},\"inLanguage\":\"en-US\",\"potentialAction\":[{\"@type\":\"ReadAction\",\"target\":[\"https:\/\/synthechim.ma\/produit\/abs-acrylonitrile-butadiene-styrene\/\"]}]},{\"@type\":\"ImageObject\",\"inLanguage\":\"en-US\",\"@id\":\"https:\/\/synthechim.ma\/produit\/abs-acrylonitrile-butadiene-styrene\/#primaryimage\",\"url\":\"https:\/\/synthechim.ma\/wp-content\/uploads\/2023\/04\/8-1.png\",\"contentUrl\":\"https:\/\/synthechim.ma\/wp-content\/uploads\/2023\/04\/8-1.png\",\"width\":283,\"height\":262},{\"@type\":\"BreadcrumbList\",\"@id\":\"https:\/\/synthechim.ma\/produit\/abs-acrylonitrile-butadiene-styrene\/#breadcrumb\",\"itemListElement\":[{\"@type\":\"ListItem\",\"position\":1,\"name\":\"Accueil\",\"item\":\"https:\/\/synthechim.ma\/\"},{\"@type\":\"ListItem\",\"position\":2,\"name\":\"Produits\",\"item\":\"https:\/\/synthechim.ma\/boutique__trashed\/\"},{\"@type\":\"ListItem\",\"position\":3,\"name\":\"ABS (Acrylonitrile Butadi\u00e8ne Styr\u00e8ne)\"}]},{\"@type\":\"WebSite\",\"@id\":\"https:\/\/synthechim.ma\/#website\",\"url\":\"https:\/\/synthechim.ma\/\",\"name\":\"Synthechim\",\"description\":\".\",\"publisher\":{\"@id\":\"https:\/\/synthechim.ma\/#organization\"},\"potentialAction\":[{\"@type\":\"SearchAction\",\"target\":{\"@type\":\"EntryPoint\",\"urlTemplate\":\"https:\/\/synthechim.ma\/?s={search_term_string}\"},\"query-input\":{\"@type\":\"PropertyValueSpecification\",\"valueRequired\":true,\"valueName\":\"search_term_string\"}}],\"inLanguage\":\"en-US\"},{\"@type\":\"Organization\",\"@id\":\"https:\/\/synthechim.ma\/#organization\",\"name\":\"Synthechim\",\"url\":\"https:\/\/synthechim.ma\/\",\"logo\":{\"@type\":\"ImageObject\",\"inLanguage\":\"en-US\",\"@id\":\"https:\/\/synthechim.ma\/#\/schema\/logo\/image\/\",\"url\":\"https:\/\/synthechim.ma\/wp-content\/uploads\/2023\/04\/Logo.png\",\"contentUrl\":\"https:\/\/synthechim.ma\/wp-content\/uploads\/2023\/04\/Logo.png\",\"width\":322,\"height\":130,\"caption\":\"Synthechim\"},\"image\":{\"@id\":\"https:\/\/synthechim.ma\/#\/schema\/logo\/image\/\"}}]}<\/script>\n<!-- \/ Yoast SEO plugin. -->","yoast_head_json":{"title":"ABS (Acrylonitrile Butadi\u00e8ne Styr\u00e8ne)","description":"L'ABS (Acrylonitrile Butadiene Styrene) est un polym\u00e8re styr\u00e9nique offrant une combinaison unique de r\u00e9sistance, de durabilit\u00e9 et de souplesse.","robots":{"index":"index","follow":"follow","max-snippet":"max-snippet:-1","max-image-preview":"max-image-preview:large","max-video-preview":"max-video-preview:-1"},"canonical":"https:\/\/synthechim.ma\/en\/product\/abs-acrylonitrile-butadiene-styrene\/","og_locale":"en_US","og_type":"article","og_title":"ABS (Acrylonitrile Butadi\u00e8ne Styr\u00e8ne)","og_description":"L'ABS (Acrylonitrile Butadiene Styrene) est un polym\u00e8re styr\u00e9nique offrant une combinaison unique de r\u00e9sistance, de durabilit\u00e9 et de souplesse.","og_url":"https:\/\/synthechim.ma\/en\/product\/abs-acrylonitrile-butadiene-styrene\/","og_site_name":"Synthechim","article_modified_time":"2023-10-27T12:17:20+00:00","og_image":[{"width":283,"height":262,"url":"https:\/\/synthechim.ma\/wp-content\/uploads\/2023\/04\/8-1.png","type":"image\/png"}],"twitter_card":"summary_large_image","schema":{"@context":"https:\/\/schema.org","@graph":[{"@type":"WebPage","@id":"https:\/\/synthechim.ma\/produit\/abs-acrylonitrile-butadiene-styrene\/","url":"https:\/\/synthechim.ma\/produit\/abs-acrylonitrile-butadiene-styrene\/","name":"ABS (Acrylonitrile Butadi\u00e8ne Styr\u00e8ne)","isPartOf":{"@id":"https:\/\/synthechim.ma\/#website"},"primaryImageOfPage":{"@id":"https:\/\/synthechim.ma\/produit\/abs-acrylonitrile-butadiene-styrene\/#primaryimage"},"image":{"@id":"https:\/\/synthechim.ma\/produit\/abs-acrylonitrile-butadiene-styrene\/#primaryimage"},"thumbnailUrl":"https:\/\/synthechim.ma\/wp-content\/uploads\/2023\/04\/8-1.png","datePublished":"2023-04-06T14:38:08+00:00","dateModified":"2023-10-27T12:17:20+00:00","description":"L'ABS (Acrylonitrile Butadiene Styrene) est un polym\u00e8re styr\u00e9nique offrant une combinaison unique de r\u00e9sistance, de durabilit\u00e9 et de souplesse.","breadcrumb":{"@id":"https:\/\/synthechim.ma\/produit\/abs-acrylonitrile-butadiene-styrene\/#breadcrumb"},"inLanguage":"en-US","potentialAction":[{"@type":"ReadAction","target":["https:\/\/synthechim.ma\/produit\/abs-acrylonitrile-butadiene-styrene\/"]}]},{"@type":"ImageObject","inLanguage":"en-US","@id":"https:\/\/synthechim.ma\/produit\/abs-acrylonitrile-butadiene-styrene\/#primaryimage","url":"https:\/\/synthechim.ma\/wp-content\/uploads\/2023\/04\/8-1.png","contentUrl":"https:\/\/synthechim.ma\/wp-content\/uploads\/2023\/04\/8-1.png","width":283,"height":262},{"@type":"BreadcrumbList","@id":"https:\/\/synthechim.ma\/produit\/abs-acrylonitrile-butadiene-styrene\/#breadcrumb","itemListElement":[{"@type":"ListItem","position":1,"name":"Accueil","item":"https:\/\/synthechim.ma\/"},{"@type":"ListItem","position":2,"name":"Produits","item":"https:\/\/synthechim.ma\/boutique__trashed\/"},{"@type":"ListItem","position":3,"name":"ABS (Acrylonitrile Butadi\u00e8ne Styr\u00e8ne)"}]},{"@type":"WebSite","@id":"https:\/\/synthechim.ma\/#website","url":"https:\/\/synthechim.ma\/","name":"Synthechim","description":".","publisher":{"@id":"https:\/\/synthechim.ma\/#organization"},"potentialAction":[{"@type":"SearchAction","target":{"@type":"EntryPoint","urlTemplate":"https:\/\/synthechim.ma\/?s={search_term_string}"},"query-input":{"@type":"PropertyValueSpecification","valueRequired":true,"valueName":"search_term_string"}}],"inLanguage":"en-US"},{"@type":"Organization","@id":"https:\/\/synthechim.ma\/#organization","name":"Synthechim","url":"https:\/\/synthechim.ma\/","logo":{"@type":"ImageObject","inLanguage":"en-US","@id":"https:\/\/synthechim.ma\/#\/schema\/logo\/image\/","url":"https:\/\/synthechim.ma\/wp-content\/uploads\/2023\/04\/Logo.png","contentUrl":"https:\/\/synthechim.ma\/wp-content\/uploads\/2023\/04\/Logo.png","width":322,"height":130,"caption":"Synthechim"},"image":{"@id":"https:\/\/synthechim.ma\/#\/schema\/logo\/image\/"}}]}},"_links":{"self":[{"href":"https:\/\/synthechim.ma\/en\/wp-json\/wp\/v2\/product\/559","targetHints":{"allow":["GET"]}}],"collection":[{"href":"https:\/\/synthechim.ma\/en\/wp-json\/wp\/v2\/product"}],"about":[{"href":"https:\/\/synthechim.ma\/en\/wp-json\/wp\/v2\/types\/product"}],"version-history":[{"count":19,"href":"https:\/\/synthechim.ma\/en\/wp-json\/wp\/v2\/product\/559\/revisions"}],"predecessor-version":[{"id":2502,"href":"https:\/\/synthechim.ma\/en\/wp-json\/wp\/v2\/product\/559\/revisions\/2502"}],"wp:featuredmedia":[{"embeddable":true,"href":"https:\/\/synthechim.ma\/en\/wp-json\/wp\/v2\/media\/555"}],"wp:attachment":[{"href":"https:\/\/synthechim.ma\/en\/wp-json\/wp\/v2\/media?parent=559"}],"wp:term":[{"taxonomy":"product_cat","embeddable":true,"href":"https:\/\/synthechim.ma\/en\/wp-json\/wp\/v2\/product_cat?post=559"},{"taxonomy":"product_tag","embeddable":true,"href":"https:\/\/synthechim.ma\/en\/wp-json\/wp\/v2\/product_tag?post=559"}],"curies":[{"name":"wp","href":"https:\/\/api.w.org\/{rel}","templated":true}]}}