{"id":560,"date":"2023-04-06T16:38:33","date_gmt":"2023-04-06T14:38:33","guid":{"rendered":"https:\/\/synthechim.top-energiedin.com\/?post_type=product&#038;p=560"},"modified":"2023-04-30T20:24:19","modified_gmt":"2023-04-30T18:24:19","slug":"hdpe-haute-densite-polyethylene-injection","status":"publish","type":"product","link":"https:\/\/synthechim.ma\/en\/product\/hdpe-haute-densite-polyethylene-injection\/","title":{"rendered":"HDPE (Haute Densit\u00e9 Poly\u00e9thyl\u00e8ne) Injection"},"content":{"rendered":"<div data-elementor-type=\"product-post\" data-elementor-id=\"560\" class=\"elementor elementor-560\">\n\t\t\t\t\t\t<section class=\"elementor-section elementor-top-section elementor-element elementor-element-6ff2877 elementor-section-boxed elementor-section-height-default elementor-section-height-default jltma-glass-effect-no\" data-id=\"6ff2877\" data-element_type=\"section\">\n\t\t\t\t\t\t<div class=\"elementor-container elementor-column-gap-default\">\n\t\t\t\t\t<div class=\"elementor-column elementor-col-100 elementor-top-column elementor-element elementor-element-d9c5858 jltma-glass-effect-no\" data-id=\"d9c5858\" data-element_type=\"column\">\n\t\t\t<div class=\"elementor-widget-wrap elementor-element-populated\">\n\t\t\t\t\t\t<div class=\"elementor-element elementor-element-7c618d9 jltma-glass-effect-no elementor-widget elementor-widget-text-editor\" data-id=\"7c618d9\" data-element_type=\"widget\" data-widget_type=\"text-editor.default\">\n\t\t\t\t<div class=\"elementor-widget-container\">\n\t\t\t<style>\/*! elementor - v3.22.0 - 26-06-2024 *\/\n.elementor-widget-text-editor.elementor-drop-cap-view-stacked .elementor-drop-cap{background-color:#69727d;color:#fff}.elementor-widget-text-editor.elementor-drop-cap-view-framed .elementor-drop-cap{color:#69727d;border:3px solid;background-color:transparent}.elementor-widget-text-editor:not(.elementor-drop-cap-view-default) .elementor-drop-cap{margin-top:8px}.elementor-widget-text-editor:not(.elementor-drop-cap-view-default) .elementor-drop-cap-letter{width:1em;height:1em}.elementor-widget-text-editor .elementor-drop-cap{float:left;text-align:center;line-height:1;font-size:50px}.elementor-widget-text-editor .elementor-drop-cap-letter{display:inline-block}<\/style>\t\t\t\t<p>Le PolyEthyl\u00e8ne Haute Densit\u00e9 (PEHD) est un polym\u00e8re thermoplastique couramment utilis\u00e9 dans l&rsquo;industrie de l&rsquo;injection plastique. Sa polyvalence, sa r\u00e9sistance aux chocs et sa souplesse en font une mati\u00e8re de choix pour la fabrication de pi\u00e8ces en plastique pour de nombreux secteurs, notamment l&rsquo;automobile, l&#8217;emballage alimentaire et la construction.<\/p><p>Le PEHD est facilement moulable par injection, ce qui en fait une mati\u00e8re premi\u00e8re id\u00e9ale pour les pi\u00e8ces de pr\u00e9cision. Il est capable de r\u00e9sister \u00e0 des temp\u00e9ratures \u00e9lev\u00e9es et offre une excellente r\u00e9sistance aux produits chimiques, ce qui en fait un mat\u00e9riau id\u00e9al pour les pi\u00e8ces industrielles expos\u00e9es \u00e0 des environnements difficiles.<\/p><p>Les propri\u00e9t\u00e9s m\u00e9caniques du PEHD, telles que sa rigidit\u00e9, sa t\u00e9nacit\u00e9 et sa r\u00e9sistance \u00e0 l&rsquo;usure, en font une option populaire pour la production de pi\u00e8ces durables et r\u00e9sistantes, telles que les palettes ou encore les caisses en plastiques.<\/p><p>Sa polyvalence, sa r\u00e9sistance et sa durabilit\u00e9 en font un choix \u00e9conomiqu pour de nombreuses applications industrielles.<\/p>\t\t\t\t\t\t<\/div>\n\t\t\t\t<\/div>\n\t\t\t\t<div class=\"elementor-element elementor-element-9a4b4a9 jltma-glass-effect-no elementor-widget elementor-widget-heading\" data-id=\"9a4b4a9\" data-element_type=\"widget\" data-widget_type=\"heading.default\">\n\t\t\t\t<div class=\"elementor-widget-container\">\n\t\t\t<style>\/*! elementor - v3.22.0 - 26-06-2024 *\/\n.elementor-heading-title{padding:0;margin:0;line-height:1}.elementor-widget-heading .elementor-heading-title[class*=elementor-size-]>a{color:inherit;font-size:inherit;line-height:inherit}.elementor-widget-heading .elementor-heading-title.elementor-size-small{font-size:15px}.elementor-widget-heading .elementor-heading-title.elementor-size-medium{font-size:19px}.elementor-widget-heading .elementor-heading-title.elementor-size-large{font-size:29px}.elementor-widget-heading .elementor-heading-title.elementor-size-xl{font-size:39px}.elementor-widget-heading .elementor-heading-title.elementor-size-xxl{font-size:59px}<\/style><div class=\"elementor-heading-title elementor-size-default\">Ses applications sont tr\u00e8s vari\u00e9s, \u00e0 titre d\u2019exemple : \n<\/div>\t\t<\/div>\n\t\t\t\t<\/div>\n\t\t\t\t<div class=\"elementor-element elementor-element-01eeab4 elementor-icon-list--layout-traditional elementor-list-item-link-full_width jltma-glass-effect-no elementor-widget elementor-widget-icon-list\" data-id=\"01eeab4\" data-element_type=\"widget\" data-widget_type=\"icon-list.default\">\n\t\t\t\t<div class=\"elementor-widget-container\">\n\t\t\t<link rel=\"stylesheet\" href=\"https:\/\/synthechim.ma\/wp-content\/plugins\/elementor\/assets\/css\/widget-icon-list.min.css\">\t\t<ul class=\"elementor-icon-list-items\">\n\t\t\t\t\t\t\t<li class=\"elementor-icon-list-item\">\n\t\t\t\t\t\t\t\t\t\t\t<span class=\"elementor-icon-list-icon\">\n\t\t\t\t\t\t\t<i aria-hidden=\"true\" class=\"fas fa-check-square\"><\/i>\t\t\t\t\t\t<\/span>\n\t\t\t\t\t\t\t\t\t\t<span class=\"elementor-icon-list-text\">Caisse plastique, <\/span>\n\t\t\t\t\t\t\t\t\t<\/li>\n\t\t\t\t\t\t\t\t<li class=\"elementor-icon-list-item\">\n\t\t\t\t\t\t\t\t\t\t\t<span class=\"elementor-icon-list-icon\">\n\t\t\t\t\t\t\t<i aria-hidden=\"true\" class=\"fas fa-check-square\"><\/i>\t\t\t\t\t\t<\/span>\n\t\t\t\t\t\t\t\t\t\t<span class=\"elementor-icon-list-text\">Bacs de rangements,<\/span>\n\t\t\t\t\t\t\t\t\t<\/li>\n\t\t\t\t\t\t\t\t<li class=\"elementor-icon-list-item\">\n\t\t\t\t\t\t\t\t\t\t\t<span class=\"elementor-icon-list-icon\">\n\t\t\t\t\t\t\t<i aria-hidden=\"true\" class=\"fas fa-check-square\"><\/i>\t\t\t\t\t\t<\/span>\n\t\t\t\t\t\t\t\t\t\t<span class=\"elementor-icon-list-text\">Palette plastique,<\/span>\n\t\t\t\t\t\t\t\t\t<\/li>\n\t\t\t\t\t\t\t\t<li class=\"elementor-icon-list-item\">\n\t\t\t\t\t\t\t\t\t\t\t<span class=\"elementor-icon-list-icon\">\n\t\t\t\t\t\t\t<i aria-hidden=\"true\" class=\"fas fa-check-square\"><\/i>\t\t\t\t\t\t<\/span>\n\t\t\t\t\t\t\t\t\t\t<span class=\"elementor-icon-list-text\">Jouets,<\/span>\n\t\t\t\t\t\t\t\t\t<\/li>\n\t\t\t\t\t\t\t\t<li class=\"elementor-icon-list-item\">\n\t\t\t\t\t\t\t\t\t\t\t<span class=\"elementor-icon-list-icon\">\n\t\t\t\t\t\t\t<i aria-hidden=\"true\" class=\"fas fa-check-square\"><\/i>\t\t\t\t\t\t<\/span>\n\t\t\t\t\t\t\t\t\t\t<span class=\"elementor-icon-list-text\">Meubles de jardin,<\/span>\n\t\t\t\t\t\t\t\t\t<\/li>\n\t\t\t\t\t\t\t\t<li class=\"elementor-icon-list-item\">\n\t\t\t\t\t\t\t\t\t\t\t<span class=\"elementor-icon-list-icon\">\n\t\t\t\t\t\t\t<i aria-hidden=\"true\" class=\"fas fa-check-square\"><\/i>\t\t\t\t\t\t<\/span>\n\t\t\t\t\t\t\t\t\t\t<span class=\"elementor-icon-list-text\">Raccord de tuyauterie,<\/span>\n\t\t\t\t\t\t\t\t\t<\/li>\n\t\t\t\t\t\t\t\t<li class=\"elementor-icon-list-item\">\n\t\t\t\t\t\t\t\t\t\t\t<span class=\"elementor-icon-list-icon\">\n\t\t\t\t\t\t\t<i aria-hidden=\"true\" class=\"fas fa-check-square\"><\/i>\t\t\t\t\t\t<\/span>\n\t\t\t\t\t\t\t\t\t\t<span class=\"elementor-icon-list-text\">Pi\u00e8ces \u00e9lectrique,<\/span>\n\t\t\t\t\t\t\t\t\t<\/li>\n\t\t\t\t\t\t\t\t<li class=\"elementor-icon-list-item\">\n\t\t\t\t\t\t\t\t\t\t\t<span class=\"elementor-icon-list-icon\">\n\t\t\t\t\t\t\t<i aria-hidden=\"true\" class=\"fas fa-check-square\"><\/i>\t\t\t\t\t\t<\/span>\n\t\t\t\t\t\t\t\t\t\t<span class=\"elementor-icon-list-text\">Equipement m\u00e9dicaux,<\/span>\n\t\t\t\t\t\t\t\t\t<\/li>\n\t\t\t\t\t\t\t\t<li class=\"elementor-icon-list-item\">\n\t\t\t\t\t\t\t\t\t\t\t<span class=\"elementor-icon-list-icon\">\n\t\t\t\t\t\t\t<i aria-hidden=\"true\" class=\"fas fa-check-square\"><\/i>\t\t\t\t\t\t<\/span>\n\t\t\t\t\t\t\t\t\t\t<span class=\"elementor-icon-list-text\">Etc\u2026<\/span>\n\t\t\t\t\t\t\t\t\t<\/li>\n\t\t\t\t\t\t<\/ul>\n\t\t\t\t<\/div>\n\t\t\t\t<\/div>\n\t\t\t\t\t<\/div>\n\t\t<\/div>\n\t\t\t\t\t<\/div>\n\t\t<\/section>\n\t\t\t\t<\/div>","protected":false},"excerpt":{"rendered":"<p>Le PolyEthyl\u00e8ne Haute Densit\u00e9 (PEHD) est un polym\u00e8re thermoplastique couramment utilis\u00e9 dans l&rsquo;industrie de l&rsquo;injection plastique. Sa polyvalence, sa r\u00e9sistance aux chocs et sa souplesse en font une mati\u00e8re de choix pour la fabrication de pi\u00e8ces en plastique pour de nombreux secteurs, notamment l&rsquo;automobile, l&#8217;emballage alimentaire et la construction. Le PEHD est facilement moulable par [&hellip;]<\/p>","protected":false},"featured_media":1453,"template":"","meta":{"_themeisle_gutenberg_block_has_review":false},"product_cat":[18,26],"product_tag":[],"class_list":["post-560","product","type-product","status-publish","has-post-thumbnail","hentry","product_cat-matieres-plastiques-et-auxiliaires","product_cat-polyolefines"],"yoast_head":"<!-- This site is optimized with the Yoast SEO plugin v26.0 - https:\/\/yoast.com\/wordpress\/plugins\/seo\/ -->\n<title>HDPE (Haute Densit\u00e9 Poly\u00e9thyl\u00e8ne) Injection<\/title>\n<meta name=\"description\" content=\"D\u00e9couvrez les avantages du PEHD pour la fabrication de pi\u00e8ces en plastique. R\u00e9sistance, durabilit\u00e9 et \u00e9conomie pour des applications industrielles vari\u00e9es.\" \/>\n<meta name=\"robots\" content=\"index, follow, max-snippet:-1, max-image-preview:large, max-video-preview:-1\" \/>\n<link rel=\"canonical\" href=\"https:\/\/synthechim.ma\/en\/product\/hdpe-haute-densite-polyethylene-injection\/\" \/>\n<meta property=\"og:locale\" content=\"en_US\" \/>\n<meta property=\"og:type\" content=\"article\" \/>\n<meta property=\"og:title\" content=\"HDPE (Haute Densit\u00e9 Poly\u00e9thyl\u00e8ne) Injection\" \/>\n<meta property=\"og:description\" content=\"D\u00e9couvrez les avantages du PEHD pour la fabrication de pi\u00e8ces en plastique. R\u00e9sistance, durabilit\u00e9 et \u00e9conomie pour des applications industrielles vari\u00e9es.\" \/>\n<meta property=\"og:url\" content=\"https:\/\/synthechim.ma\/en\/product\/hdpe-haute-densite-polyethylene-injection\/\" \/>\n<meta property=\"og:site_name\" content=\"Synthechim\" \/>\n<meta property=\"article:modified_time\" content=\"2023-04-30T18:24:19+00:00\" \/>\n<meta property=\"og:image\" content=\"https:\/\/synthechim.ma\/wp-content\/uploads\/2023\/04\/Haute-Densite-Polyethylene.png\" \/>\n\t<meta property=\"og:image:width\" content=\"274\" \/>\n\t<meta property=\"og:image:height\" content=\"200\" \/>\n\t<meta property=\"og:image:type\" content=\"image\/png\" \/>\n<meta name=\"twitter:card\" content=\"summary_large_image\" \/>\n<meta name=\"twitter:label1\" content=\"Est. reading time\" \/>\n\t<meta name=\"twitter:data1\" content=\"1 minute\" \/>\n<script type=\"application\/ld+json\" class=\"yoast-schema-graph\">{\"@context\":\"https:\/\/schema.org\",\"@graph\":[{\"@type\":\"WebPage\",\"@id\":\"https:\/\/synthechim.ma\/produit\/hdpe-haute-densite-polyethylene-injection\/\",\"url\":\"https:\/\/synthechim.ma\/produit\/hdpe-haute-densite-polyethylene-injection\/\",\"name\":\"HDPE (Haute Densit\u00e9 Poly\u00e9thyl\u00e8ne) Injection\",\"isPartOf\":{\"@id\":\"https:\/\/synthechim.ma\/#website\"},\"primaryImageOfPage\":{\"@id\":\"https:\/\/synthechim.ma\/produit\/hdpe-haute-densite-polyethylene-injection\/#primaryimage\"},\"image\":{\"@id\":\"https:\/\/synthechim.ma\/produit\/hdpe-haute-densite-polyethylene-injection\/#primaryimage\"},\"thumbnailUrl\":\"https:\/\/synthechim.ma\/wp-content\/uploads\/2023\/04\/Haute-Densite-Polyethylene.png\",\"datePublished\":\"2023-04-06T14:38:33+00:00\",\"dateModified\":\"2023-04-30T18:24:19+00:00\",\"description\":\"D\u00e9couvrez les avantages du PEHD pour la fabrication de pi\u00e8ces en plastique. R\u00e9sistance, durabilit\u00e9 et \u00e9conomie pour des applications industrielles vari\u00e9es.\",\"breadcrumb\":{\"@id\":\"https:\/\/synthechim.ma\/produit\/hdpe-haute-densite-polyethylene-injection\/#breadcrumb\"},\"inLanguage\":\"en-US\",\"potentialAction\":[{\"@type\":\"ReadAction\",\"target\":[\"https:\/\/synthechim.ma\/produit\/hdpe-haute-densite-polyethylene-injection\/\"]}]},{\"@type\":\"ImageObject\",\"inLanguage\":\"en-US\",\"@id\":\"https:\/\/synthechim.ma\/produit\/hdpe-haute-densite-polyethylene-injection\/#primaryimage\",\"url\":\"https:\/\/synthechim.ma\/wp-content\/uploads\/2023\/04\/Haute-Densite-Polyethylene.png\",\"contentUrl\":\"https:\/\/synthechim.ma\/wp-content\/uploads\/2023\/04\/Haute-Densite-Polyethylene.png\",\"width\":274,\"height\":200},{\"@type\":\"BreadcrumbList\",\"@id\":\"https:\/\/synthechim.ma\/produit\/hdpe-haute-densite-polyethylene-injection\/#breadcrumb\",\"itemListElement\":[{\"@type\":\"ListItem\",\"position\":1,\"name\":\"Accueil\",\"item\":\"https:\/\/synthechim.ma\/\"},{\"@type\":\"ListItem\",\"position\":2,\"name\":\"Produits\",\"item\":\"https:\/\/synthechim.ma\/boutique__trashed\/\"},{\"@type\":\"ListItem\",\"position\":3,\"name\":\"HDPE (Haute Densit\u00e9 Poly\u00e9thyl\u00e8ne) Injection\"}]},{\"@type\":\"WebSite\",\"@id\":\"https:\/\/synthechim.ma\/#website\",\"url\":\"https:\/\/synthechim.ma\/\",\"name\":\"Synthechim\",\"description\":\".\",\"publisher\":{\"@id\":\"https:\/\/synthechim.ma\/#organization\"},\"potentialAction\":[{\"@type\":\"SearchAction\",\"target\":{\"@type\":\"EntryPoint\",\"urlTemplate\":\"https:\/\/synthechim.ma\/?s={search_term_string}\"},\"query-input\":{\"@type\":\"PropertyValueSpecification\",\"valueRequired\":true,\"valueName\":\"search_term_string\"}}],\"inLanguage\":\"en-US\"},{\"@type\":\"Organization\",\"@id\":\"https:\/\/synthechim.ma\/#organization\",\"name\":\"Synthechim\",\"url\":\"https:\/\/synthechim.ma\/\",\"logo\":{\"@type\":\"ImageObject\",\"inLanguage\":\"en-US\",\"@id\":\"https:\/\/synthechim.ma\/#\/schema\/logo\/image\/\",\"url\":\"https:\/\/synthechim.ma\/wp-content\/uploads\/2023\/04\/Logo.png\",\"contentUrl\":\"https:\/\/synthechim.ma\/wp-content\/uploads\/2023\/04\/Logo.png\",\"width\":322,\"height\":130,\"caption\":\"Synthechim\"},\"image\":{\"@id\":\"https:\/\/synthechim.ma\/#\/schema\/logo\/image\/\"}}]}<\/script>\n<!-- \/ Yoast SEO plugin. -->","yoast_head_json":{"title":"HDPE (Haute Densit\u00e9 Poly\u00e9thyl\u00e8ne) Injection","description":"D\u00e9couvrez les avantages du PEHD pour la fabrication de pi\u00e8ces en plastique. R\u00e9sistance, durabilit\u00e9 et \u00e9conomie pour des applications industrielles vari\u00e9es.","robots":{"index":"index","follow":"follow","max-snippet":"max-snippet:-1","max-image-preview":"max-image-preview:large","max-video-preview":"max-video-preview:-1"},"canonical":"https:\/\/synthechim.ma\/en\/product\/hdpe-haute-densite-polyethylene-injection\/","og_locale":"en_US","og_type":"article","og_title":"HDPE (Haute Densit\u00e9 Poly\u00e9thyl\u00e8ne) Injection","og_description":"D\u00e9couvrez les avantages du PEHD pour la fabrication de pi\u00e8ces en plastique. R\u00e9sistance, durabilit\u00e9 et \u00e9conomie pour des applications industrielles vari\u00e9es.","og_url":"https:\/\/synthechim.ma\/en\/product\/hdpe-haute-densite-polyethylene-injection\/","og_site_name":"Synthechim","article_modified_time":"2023-04-30T18:24:19+00:00","og_image":[{"width":274,"height":200,"url":"https:\/\/synthechim.ma\/wp-content\/uploads\/2023\/04\/Haute-Densite-Polyethylene.png","type":"image\/png"}],"twitter_card":"summary_large_image","twitter_misc":{"Est. reading time":"1 minute"},"schema":{"@context":"https:\/\/schema.org","@graph":[{"@type":"WebPage","@id":"https:\/\/synthechim.ma\/produit\/hdpe-haute-densite-polyethylene-injection\/","url":"https:\/\/synthechim.ma\/produit\/hdpe-haute-densite-polyethylene-injection\/","name":"HDPE (Haute Densit\u00e9 Poly\u00e9thyl\u00e8ne) Injection","isPartOf":{"@id":"https:\/\/synthechim.ma\/#website"},"primaryImageOfPage":{"@id":"https:\/\/synthechim.ma\/produit\/hdpe-haute-densite-polyethylene-injection\/#primaryimage"},"image":{"@id":"https:\/\/synthechim.ma\/produit\/hdpe-haute-densite-polyethylene-injection\/#primaryimage"},"thumbnailUrl":"https:\/\/synthechim.ma\/wp-content\/uploads\/2023\/04\/Haute-Densite-Polyethylene.png","datePublished":"2023-04-06T14:38:33+00:00","dateModified":"2023-04-30T18:24:19+00:00","description":"D\u00e9couvrez les avantages du PEHD pour la fabrication de pi\u00e8ces en plastique. R\u00e9sistance, durabilit\u00e9 et \u00e9conomie pour des applications industrielles vari\u00e9es.","breadcrumb":{"@id":"https:\/\/synthechim.ma\/produit\/hdpe-haute-densite-polyethylene-injection\/#breadcrumb"},"inLanguage":"en-US","potentialAction":[{"@type":"ReadAction","target":["https:\/\/synthechim.ma\/produit\/hdpe-haute-densite-polyethylene-injection\/"]}]},{"@type":"ImageObject","inLanguage":"en-US","@id":"https:\/\/synthechim.ma\/produit\/hdpe-haute-densite-polyethylene-injection\/#primaryimage","url":"https:\/\/synthechim.ma\/wp-content\/uploads\/2023\/04\/Haute-Densite-Polyethylene.png","contentUrl":"https:\/\/synthechim.ma\/wp-content\/uploads\/2023\/04\/Haute-Densite-Polyethylene.png","width":274,"height":200},{"@type":"BreadcrumbList","@id":"https:\/\/synthechim.ma\/produit\/hdpe-haute-densite-polyethylene-injection\/#breadcrumb","itemListElement":[{"@type":"ListItem","position":1,"name":"Accueil","item":"https:\/\/synthechim.ma\/"},{"@type":"ListItem","position":2,"name":"Produits","item":"https:\/\/synthechim.ma\/boutique__trashed\/"},{"@type":"ListItem","position":3,"name":"HDPE (Haute Densit\u00e9 Poly\u00e9thyl\u00e8ne) Injection"}]},{"@type":"WebSite","@id":"https:\/\/synthechim.ma\/#website","url":"https:\/\/synthechim.ma\/","name":"Synthechim","description":".","publisher":{"@id":"https:\/\/synthechim.ma\/#organization"},"potentialAction":[{"@type":"SearchAction","target":{"@type":"EntryPoint","urlTemplate":"https:\/\/synthechim.ma\/?s={search_term_string}"},"query-input":{"@type":"PropertyValueSpecification","valueRequired":true,"valueName":"search_term_string"}}],"inLanguage":"en-US"},{"@type":"Organization","@id":"https:\/\/synthechim.ma\/#organization","name":"Synthechim","url":"https:\/\/synthechim.ma\/","logo":{"@type":"ImageObject","inLanguage":"en-US","@id":"https:\/\/synthechim.ma\/#\/schema\/logo\/image\/","url":"https:\/\/synthechim.ma\/wp-content\/uploads\/2023\/04\/Logo.png","contentUrl":"https:\/\/synthechim.ma\/wp-content\/uploads\/2023\/04\/Logo.png","width":322,"height":130,"caption":"Synthechim"},"image":{"@id":"https:\/\/synthechim.ma\/#\/schema\/logo\/image\/"}}]}},"_links":{"self":[{"href":"https:\/\/synthechim.ma\/en\/wp-json\/wp\/v2\/product\/560","targetHints":{"allow":["GET"]}}],"collection":[{"href":"https:\/\/synthechim.ma\/en\/wp-json\/wp\/v2\/product"}],"about":[{"href":"https:\/\/synthechim.ma\/en\/wp-json\/wp\/v2\/types\/product"}],"version-history":[{"count":10,"href":"https:\/\/synthechim.ma\/en\/wp-json\/wp\/v2\/product\/560\/revisions"}],"predecessor-version":[{"id":1470,"href":"https:\/\/synthechim.ma\/en\/wp-json\/wp\/v2\/product\/560\/revisions\/1470"}],"wp:featuredmedia":[{"embeddable":true,"href":"https:\/\/synthechim.ma\/en\/wp-json\/wp\/v2\/media\/1453"}],"wp:attachment":[{"href":"https:\/\/synthechim.ma\/en\/wp-json\/wp\/v2\/media?parent=560"}],"wp:term":[{"taxonomy":"product_cat","embeddable":true,"href":"https:\/\/synthechim.ma\/en\/wp-json\/wp\/v2\/product_cat?post=560"},{"taxonomy":"product_tag","embeddable":true,"href":"https:\/\/synthechim.ma\/en\/wp-json\/wp\/v2\/product_tag?post=560"}],"curies":[{"name":"wp","href":"https:\/\/api.w.org\/{rel}","templated":true}]}}