{"id":561,"date":"2023-04-06T16:38:50","date_gmt":"2023-04-06T14:38:50","guid":{"rendered":"https:\/\/synthechim.top-energiedin.com\/?post_type=product&#038;p=561"},"modified":"2023-04-30T20:26:13","modified_gmt":"2023-04-30T18:26:13","slug":"pom-polyoxymethylene-acetal","status":"publish","type":"product","link":"https:\/\/synthechim.ma\/en\/product\/pom-polyoxymethylene-acetal\/","title":{"rendered":"POM (Polyoxymethylene Acetal)"},"content":{"rendered":"<div data-elementor-type=\"product-post\" data-elementor-id=\"561\" class=\"elementor elementor-561\">\n\t\t\t\t\t\t<section class=\"elementor-section elementor-top-section elementor-element elementor-element-973c025 elementor-section-boxed elementor-section-height-default elementor-section-height-default jltma-glass-effect-no\" data-id=\"973c025\" data-element_type=\"section\">\n\t\t\t\t\t\t<div class=\"elementor-container elementor-column-gap-default\">\n\t\t\t\t\t<div class=\"elementor-column elementor-col-100 elementor-top-column elementor-element elementor-element-079becf jltma-glass-effect-no\" data-id=\"079becf\" data-element_type=\"column\">\n\t\t\t<div class=\"elementor-widget-wrap elementor-element-populated\">\n\t\t\t\t\t\t<div class=\"elementor-element elementor-element-8f2d003 jltma-glass-effect-no elementor-widget elementor-widget-text-editor\" data-id=\"8f2d003\" data-element_type=\"widget\" data-widget_type=\"text-editor.default\">\n\t\t\t\t<div class=\"elementor-widget-container\">\n\t\t\t<style>\/*! elementor - v3.22.0 - 26-06-2024 *\/\n.elementor-widget-text-editor.elementor-drop-cap-view-stacked .elementor-drop-cap{background-color:#69727d;color:#fff}.elementor-widget-text-editor.elementor-drop-cap-view-framed .elementor-drop-cap{color:#69727d;border:3px solid;background-color:transparent}.elementor-widget-text-editor:not(.elementor-drop-cap-view-default) .elementor-drop-cap{margin-top:8px}.elementor-widget-text-editor:not(.elementor-drop-cap-view-default) .elementor-drop-cap-letter{width:1em;height:1em}.elementor-widget-text-editor .elementor-drop-cap{float:left;text-align:center;line-height:1;font-size:50px}.elementor-widget-text-editor .elementor-drop-cap-letter{display:inline-block}<\/style>\t\t\t\t<p>Le POM (ac\u00e9tal polyoxym\u00e9thyl\u00e8ne) est un polym\u00e8re thermoplastique technique avec une haute r\u00e9sistance m\u00e9canique, une grande rigidit\u00e9 et une faible friction. Il est largement utilis\u00e9 dans les secteurs de l&rsquo;ing\u00e9nierie et de la fabrication pour produire des pi\u00e8ces et des composants de haute pr\u00e9cision tels que des engrenages, des roulements et des pi\u00e8ces d&rsquo;usure.<\/p><p>Le POM est \u00e9galement connu pour sa r\u00e9sistance aux chocs, sa rigidit\u00e9, sa stabilit\u00e9 dimensionnelle et sa r\u00e9sistance \u00e0 l&rsquo;usure, ce qui le rend adapt\u00e9 pour une utilisation dans des environnements difficiles.<\/p><p>Il est \u00e9galement r\u00e9sistant aux produits chimiques, aux huiles et aux solvants. Le POM est disponible en deux grades : le POM homopolym\u00e8re et le POM copolym\u00e8re, chacun offrant des propri\u00e9t\u00e9s et des avantages uniques.<\/p><p>Le POM peut \u00eatre moul\u00e9 par injection pour produire des pi\u00e8ces avec une grande pr\u00e9cision dimensionnelle et des tol\u00e9rances \u00e9troites. Il peut \u00e9galement \u00eatre usin\u00e9 pour des applications n\u00e9cessitant des d\u00e9tails complexes ou des pi\u00e8ces avec des trous ou des canaux internes.<\/p><p>En raison de ses excellentes propri\u00e9t\u00e9s m\u00e9caniques, le POM est largement utilis\u00e9 dans l&rsquo;industrie automobile, l&rsquo;industrie \u00e9lectrique et \u00e9lectronique, ainsi que dans les \u00e9quipements de pr\u00e9cision pour les secteurs a\u00e9rospatial et m\u00e9dical.<\/p>\t\t\t\t\t\t<\/div>\n\t\t\t\t<\/div>\n\t\t\t\t\t<\/div>\n\t\t<\/div>\n\t\t\t\t\t<\/div>\n\t\t<\/section>\n\t\t\t\t<\/div>","protected":false},"excerpt":{"rendered":"<p>Le POM (ac\u00e9tal polyoxym\u00e9thyl\u00e8ne) est un polym\u00e8re thermoplastique technique avec une haute r\u00e9sistance m\u00e9canique, une grande rigidit\u00e9 et une faible friction. Il est largement utilis\u00e9 dans les secteurs de l&rsquo;ing\u00e9nierie et de la fabrication pour produire des pi\u00e8ces et des composants de haute pr\u00e9cision tels que des engrenages, des roulements et des pi\u00e8ces d&rsquo;usure. Le [&hellip;]<\/p>","protected":false},"featured_media":1464,"template":"","meta":{"_themeisle_gutenberg_block_has_review":false},"product_cat":[18,28],"product_tag":[],"class_list":["post-561","product","type-product","status-publish","has-post-thumbnail","hentry","product_cat-matieres-plastiques-et-auxiliaires","product_cat-polymeres-techniques"],"yoast_head":"<!-- This site is optimized with the Yoast SEO plugin v26.0 - https:\/\/yoast.com\/wordpress\/plugins\/seo\/ -->\n<title>POM (Polyoxymethylene Acetal) - Synthechim<\/title>\n<meta name=\"robots\" content=\"index, follow, max-snippet:-1, max-image-preview:large, max-video-preview:-1\" \/>\n<link rel=\"canonical\" href=\"https:\/\/synthechim.ma\/en\/product\/pom-polyoxymethylene-acetal\/\" \/>\n<meta property=\"og:locale\" content=\"en_US\" \/>\n<meta property=\"og:type\" content=\"article\" \/>\n<meta property=\"og:title\" content=\"POM (Polyoxymethylene Acetal) - Synthechim\" \/>\n<meta property=\"og:description\" content=\"Le POM (ac\u00e9tal polyoxym\u00e9thyl\u00e8ne) est un polym\u00e8re thermoplastique technique avec une haute r\u00e9sistance m\u00e9canique, une grande rigidit\u00e9 et une faible friction. Il est largement utilis\u00e9 dans les secteurs de l&rsquo;ing\u00e9nierie et de la fabrication pour produire des pi\u00e8ces et des composants de haute pr\u00e9cision tels que des engrenages, des roulements et des pi\u00e8ces d&rsquo;usure. Le [&hellip;]\" \/>\n<meta property=\"og:url\" content=\"https:\/\/synthechim.ma\/en\/product\/pom-polyoxymethylene-acetal\/\" \/>\n<meta property=\"og:site_name\" content=\"Synthechim\" \/>\n<meta property=\"article:modified_time\" content=\"2023-04-30T18:26:13+00:00\" \/>\n<meta property=\"og:image\" content=\"https:\/\/synthechim.ma\/wp-content\/uploads\/2023\/04\/POM.png\" \/>\n\t<meta property=\"og:image:width\" content=\"274\" \/>\n\t<meta property=\"og:image:height\" content=\"200\" \/>\n\t<meta property=\"og:image:type\" content=\"image\/png\" \/>\n<meta name=\"twitter:card\" content=\"summary_large_image\" \/>\n<meta name=\"twitter:label1\" content=\"Est. reading time\" \/>\n\t<meta name=\"twitter:data1\" content=\"1 minute\" \/>\n<script type=\"application\/ld+json\" class=\"yoast-schema-graph\">{\"@context\":\"https:\/\/schema.org\",\"@graph\":[{\"@type\":\"WebPage\",\"@id\":\"https:\/\/synthechim.ma\/produit\/pom-polyoxymethylene-acetal\/\",\"url\":\"https:\/\/synthechim.ma\/produit\/pom-polyoxymethylene-acetal\/\",\"name\":\"POM (Polyoxymethylene Acetal) - Synthechim\",\"isPartOf\":{\"@id\":\"https:\/\/synthechim.ma\/#website\"},\"primaryImageOfPage\":{\"@id\":\"https:\/\/synthechim.ma\/produit\/pom-polyoxymethylene-acetal\/#primaryimage\"},\"image\":{\"@id\":\"https:\/\/synthechim.ma\/produit\/pom-polyoxymethylene-acetal\/#primaryimage\"},\"thumbnailUrl\":\"https:\/\/synthechim.ma\/wp-content\/uploads\/2023\/04\/POM.png\",\"datePublished\":\"2023-04-06T14:38:50+00:00\",\"dateModified\":\"2023-04-30T18:26:13+00:00\",\"breadcrumb\":{\"@id\":\"https:\/\/synthechim.ma\/produit\/pom-polyoxymethylene-acetal\/#breadcrumb\"},\"inLanguage\":\"en-US\",\"potentialAction\":[{\"@type\":\"ReadAction\",\"target\":[\"https:\/\/synthechim.ma\/produit\/pom-polyoxymethylene-acetal\/\"]}]},{\"@type\":\"ImageObject\",\"inLanguage\":\"en-US\",\"@id\":\"https:\/\/synthechim.ma\/produit\/pom-polyoxymethylene-acetal\/#primaryimage\",\"url\":\"https:\/\/synthechim.ma\/wp-content\/uploads\/2023\/04\/POM.png\",\"contentUrl\":\"https:\/\/synthechim.ma\/wp-content\/uploads\/2023\/04\/POM.png\",\"width\":274,\"height\":200},{\"@type\":\"BreadcrumbList\",\"@id\":\"https:\/\/synthechim.ma\/produit\/pom-polyoxymethylene-acetal\/#breadcrumb\",\"itemListElement\":[{\"@type\":\"ListItem\",\"position\":1,\"name\":\"Accueil\",\"item\":\"https:\/\/synthechim.ma\/\"},{\"@type\":\"ListItem\",\"position\":2,\"name\":\"Produits\",\"item\":\"https:\/\/synthechim.ma\/boutique__trashed\/\"},{\"@type\":\"ListItem\",\"position\":3,\"name\":\"POM (Polyoxymethylene Acetal)\"}]},{\"@type\":\"WebSite\",\"@id\":\"https:\/\/synthechim.ma\/#website\",\"url\":\"https:\/\/synthechim.ma\/\",\"name\":\"Synthechim\",\"description\":\".\",\"publisher\":{\"@id\":\"https:\/\/synthechim.ma\/#organization\"},\"potentialAction\":[{\"@type\":\"SearchAction\",\"target\":{\"@type\":\"EntryPoint\",\"urlTemplate\":\"https:\/\/synthechim.ma\/?s={search_term_string}\"},\"query-input\":{\"@type\":\"PropertyValueSpecification\",\"valueRequired\":true,\"valueName\":\"search_term_string\"}}],\"inLanguage\":\"en-US\"},{\"@type\":\"Organization\",\"@id\":\"https:\/\/synthechim.ma\/#organization\",\"name\":\"Synthechim\",\"url\":\"https:\/\/synthechim.ma\/\",\"logo\":{\"@type\":\"ImageObject\",\"inLanguage\":\"en-US\",\"@id\":\"https:\/\/synthechim.ma\/#\/schema\/logo\/image\/\",\"url\":\"https:\/\/synthechim.ma\/wp-content\/uploads\/2023\/04\/Logo.png\",\"contentUrl\":\"https:\/\/synthechim.ma\/wp-content\/uploads\/2023\/04\/Logo.png\",\"width\":322,\"height\":130,\"caption\":\"Synthechim\"},\"image\":{\"@id\":\"https:\/\/synthechim.ma\/#\/schema\/logo\/image\/\"}}]}<\/script>\n<!-- \/ Yoast SEO plugin. -->","yoast_head_json":{"title":"POM (Polyoxymethylene Acetal) - Synthechim","robots":{"index":"index","follow":"follow","max-snippet":"max-snippet:-1","max-image-preview":"max-image-preview:large","max-video-preview":"max-video-preview:-1"},"canonical":"https:\/\/synthechim.ma\/en\/product\/pom-polyoxymethylene-acetal\/","og_locale":"en_US","og_type":"article","og_title":"POM (Polyoxymethylene Acetal) - Synthechim","og_description":"Le POM (ac\u00e9tal polyoxym\u00e9thyl\u00e8ne) est un polym\u00e8re thermoplastique technique avec une haute r\u00e9sistance m\u00e9canique, une grande rigidit\u00e9 et une faible friction. Il est largement utilis\u00e9 dans les secteurs de l&rsquo;ing\u00e9nierie et de la fabrication pour produire des pi\u00e8ces et des composants de haute pr\u00e9cision tels que des engrenages, des roulements et des pi\u00e8ces d&rsquo;usure. Le [&hellip;]","og_url":"https:\/\/synthechim.ma\/en\/product\/pom-polyoxymethylene-acetal\/","og_site_name":"Synthechim","article_modified_time":"2023-04-30T18:26:13+00:00","og_image":[{"width":274,"height":200,"url":"https:\/\/synthechim.ma\/wp-content\/uploads\/2023\/04\/POM.png","type":"image\/png"}],"twitter_card":"summary_large_image","twitter_misc":{"Est. reading time":"1 minute"},"schema":{"@context":"https:\/\/schema.org","@graph":[{"@type":"WebPage","@id":"https:\/\/synthechim.ma\/produit\/pom-polyoxymethylene-acetal\/","url":"https:\/\/synthechim.ma\/produit\/pom-polyoxymethylene-acetal\/","name":"POM (Polyoxymethylene Acetal) - Synthechim","isPartOf":{"@id":"https:\/\/synthechim.ma\/#website"},"primaryImageOfPage":{"@id":"https:\/\/synthechim.ma\/produit\/pom-polyoxymethylene-acetal\/#primaryimage"},"image":{"@id":"https:\/\/synthechim.ma\/produit\/pom-polyoxymethylene-acetal\/#primaryimage"},"thumbnailUrl":"https:\/\/synthechim.ma\/wp-content\/uploads\/2023\/04\/POM.png","datePublished":"2023-04-06T14:38:50+00:00","dateModified":"2023-04-30T18:26:13+00:00","breadcrumb":{"@id":"https:\/\/synthechim.ma\/produit\/pom-polyoxymethylene-acetal\/#breadcrumb"},"inLanguage":"en-US","potentialAction":[{"@type":"ReadAction","target":["https:\/\/synthechim.ma\/produit\/pom-polyoxymethylene-acetal\/"]}]},{"@type":"ImageObject","inLanguage":"en-US","@id":"https:\/\/synthechim.ma\/produit\/pom-polyoxymethylene-acetal\/#primaryimage","url":"https:\/\/synthechim.ma\/wp-content\/uploads\/2023\/04\/POM.png","contentUrl":"https:\/\/synthechim.ma\/wp-content\/uploads\/2023\/04\/POM.png","width":274,"height":200},{"@type":"BreadcrumbList","@id":"https:\/\/synthechim.ma\/produit\/pom-polyoxymethylene-acetal\/#breadcrumb","itemListElement":[{"@type":"ListItem","position":1,"name":"Accueil","item":"https:\/\/synthechim.ma\/"},{"@type":"ListItem","position":2,"name":"Produits","item":"https:\/\/synthechim.ma\/boutique__trashed\/"},{"@type":"ListItem","position":3,"name":"POM (Polyoxymethylene Acetal)"}]},{"@type":"WebSite","@id":"https:\/\/synthechim.ma\/#website","url":"https:\/\/synthechim.ma\/","name":"Synthechim","description":".","publisher":{"@id":"https:\/\/synthechim.ma\/#organization"},"potentialAction":[{"@type":"SearchAction","target":{"@type":"EntryPoint","urlTemplate":"https:\/\/synthechim.ma\/?s={search_term_string}"},"query-input":{"@type":"PropertyValueSpecification","valueRequired":true,"valueName":"search_term_string"}}],"inLanguage":"en-US"},{"@type":"Organization","@id":"https:\/\/synthechim.ma\/#organization","name":"Synthechim","url":"https:\/\/synthechim.ma\/","logo":{"@type":"ImageObject","inLanguage":"en-US","@id":"https:\/\/synthechim.ma\/#\/schema\/logo\/image\/","url":"https:\/\/synthechim.ma\/wp-content\/uploads\/2023\/04\/Logo.png","contentUrl":"https:\/\/synthechim.ma\/wp-content\/uploads\/2023\/04\/Logo.png","width":322,"height":130,"caption":"Synthechim"},"image":{"@id":"https:\/\/synthechim.ma\/#\/schema\/logo\/image\/"}}]}},"_links":{"self":[{"href":"https:\/\/synthechim.ma\/en\/wp-json\/wp\/v2\/product\/561","targetHints":{"allow":["GET"]}}],"collection":[{"href":"https:\/\/synthechim.ma\/en\/wp-json\/wp\/v2\/product"}],"about":[{"href":"https:\/\/synthechim.ma\/en\/wp-json\/wp\/v2\/types\/product"}],"version-history":[{"count":8,"href":"https:\/\/synthechim.ma\/en\/wp-json\/wp\/v2\/product\/561\/revisions"}],"predecessor-version":[{"id":2032,"href":"https:\/\/synthechim.ma\/en\/wp-json\/wp\/v2\/product\/561\/revisions\/2032"}],"wp:featuredmedia":[{"embeddable":true,"href":"https:\/\/synthechim.ma\/en\/wp-json\/wp\/v2\/media\/1464"}],"wp:attachment":[{"href":"https:\/\/synthechim.ma\/en\/wp-json\/wp\/v2\/media?parent=561"}],"wp:term":[{"taxonomy":"product_cat","embeddable":true,"href":"https:\/\/synthechim.ma\/en\/wp-json\/wp\/v2\/product_cat?post=561"},{"taxonomy":"product_tag","embeddable":true,"href":"https:\/\/synthechim.ma\/en\/wp-json\/wp\/v2\/product_tag?post=561"}],"curies":[{"name":"wp","href":"https:\/\/api.w.org\/{rel}","templated":true}]}}