{"id":562,"date":"2023-04-06T16:39:05","date_gmt":"2023-04-06T14:39:05","guid":{"rendered":"https:\/\/synthechim.top-energiedin.com\/?post_type=product&#038;p=562"},"modified":"2023-04-29T18:28:02","modified_gmt":"2023-04-29T16:28:02","slug":"pa-polyamides","status":"publish","type":"product","link":"https:\/\/synthechim.ma\/en\/product\/pa-polyamides\/","title":{"rendered":"PA (Polyamides)"},"content":{"rendered":"<div data-elementor-type=\"product-post\" data-elementor-id=\"562\" class=\"elementor elementor-562\">\n\t\t\t\t\t\t<section class=\"elementor-section elementor-top-section elementor-element elementor-element-71fe504 elementor-section-boxed elementor-section-height-default elementor-section-height-default jltma-glass-effect-no\" data-id=\"71fe504\" data-element_type=\"section\">\n\t\t\t\t\t\t<div class=\"elementor-container elementor-column-gap-default\">\n\t\t\t\t\t<div class=\"elementor-column elementor-col-100 elementor-top-column elementor-element elementor-element-9eb264a jltma-glass-effect-no\" data-id=\"9eb264a\" data-element_type=\"column\">\n\t\t\t<div class=\"elementor-widget-wrap elementor-element-populated\">\n\t\t\t\t\t\t<div class=\"elementor-element elementor-element-28c0578 jltma-glass-effect-no elementor-widget elementor-widget-text-editor\" data-id=\"28c0578\" data-element_type=\"widget\" data-widget_type=\"text-editor.default\">\n\t\t\t\t<div class=\"elementor-widget-container\">\n\t\t\t<style>\/*! elementor - v3.22.0 - 26-06-2024 *\/\n.elementor-widget-text-editor.elementor-drop-cap-view-stacked .elementor-drop-cap{background-color:#69727d;color:#fff}.elementor-widget-text-editor.elementor-drop-cap-view-framed .elementor-drop-cap{color:#69727d;border:3px solid;background-color:transparent}.elementor-widget-text-editor:not(.elementor-drop-cap-view-default) .elementor-drop-cap{margin-top:8px}.elementor-widget-text-editor:not(.elementor-drop-cap-view-default) .elementor-drop-cap-letter{width:1em;height:1em}.elementor-widget-text-editor .elementor-drop-cap{float:left;text-align:center;line-height:1;font-size:50px}.elementor-widget-text-editor .elementor-drop-cap-letter{display:inline-block}<\/style>\t\t\t\t<p>Le polyamide (PA), \u00e9galement connu sous le nom de nylon, est une r\u00e9sine thermoplastique synth\u00e9tique utilis\u00e9e dans une vari\u00e9t\u00e9 d&rsquo;applications en raison de sa r\u00e9sistance m\u00e9canique, de sa r\u00e9sistance chimique et de sa r\u00e9sistance \u00e0 l&rsquo;abrasion.<\/p><p>Le Polyamide est produit \u00e0 partir d&rsquo;une combinaison d&rsquo;acides amin\u00e9s et de diamines, qui sont li\u00e9s ensemble pour former une structure mol\u00e9culaire en forme de cha\u00eene.<\/p><p>Les polyamides sont utilis\u00e9s dans une grande vari\u00e9t\u00e9 d&rsquo;applications en raison de leur haute r\u00e9sistance \u00e0 la traction, \u00e0 l&rsquo;usure, aux chocs et aux temp\u00e9ratures \u00e9lev\u00e9es. Ils sont \u00e9galement tr\u00e8s r\u00e9sistants aux produits chimiques, ce qui les rend populaires pour les applications qui n\u00e9cessitent une r\u00e9sistance aux acides et aux bases.<\/p><p>En outre, les polyamides sont connus pour leur capacit\u00e9 \u00e0 absorber l&rsquo;humidit\u00e9, ce qui peut \u00eatre utile dans les applications o\u00f9 des propri\u00e9t\u00e9s d&rsquo;isolation sont n\u00e9cessaires.<\/p><p>Les propri\u00e9t\u00e9s des polyamides peuvent varier en fonction de la longueur de la cha\u00eene mol\u00e9culaire, du degr\u00e9 de cristallinit\u00e9 et de la nature des groupes fonctionnels li\u00e9s \u00e0 la cha\u00eene. Les polyamides peuvent \u00eatre produits sous forme de fibres, de films, de mousses et de pi\u00e8ces moul\u00e9es par injection.<\/p><p>Cependant, il convient de noter que le co\u00fbt des polyamides est g\u00e9n\u00e9ralement plus \u00e9lev\u00e9 que celui des autres r\u00e9sines thermoplastiques courantes en raison de leur complexit\u00e9 de fabrication. De plus, ils peuvent \u00eatre sensibles aux rayons UV et \u00e0 la d\u00e9gradation thermique, ce qui peut limiter leur dur\u00e9e de vie dans certaines applications.<\/p><p>Quelques applications :\u00a0<\/p>\t\t\t\t\t\t<\/div>\n\t\t\t\t<\/div>\n\t\t\t\t<div class=\"elementor-element elementor-element-d9142ad elementor-icon-list--layout-traditional elementor-list-item-link-full_width jltma-glass-effect-no elementor-widget elementor-widget-icon-list\" data-id=\"d9142ad\" data-element_type=\"widget\" data-widget_type=\"icon-list.default\">\n\t\t\t\t<div class=\"elementor-widget-container\">\n\t\t\t<link rel=\"stylesheet\" href=\"https:\/\/synthechim.ma\/wp-content\/plugins\/elementor\/assets\/css\/widget-icon-list.min.css\">\t\t<ul class=\"elementor-icon-list-items\">\n\t\t\t\t\t\t\t<li class=\"elementor-icon-list-item\">\n\t\t\t\t\t\t\t\t\t\t\t<span class=\"elementor-icon-list-icon\">\n\t\t\t\t\t\t\t<i aria-hidden=\"true\" class=\"fas fa-check-square\"><\/i>\t\t\t\t\t\t<\/span>\n\t\t\t\t\t\t\t\t\t\t<span class=\"elementor-icon-list-text\">Pi\u00e8ces automobiles<\/span>\n\t\t\t\t\t\t\t\t\t<\/li>\n\t\t\t\t\t\t\t\t<li class=\"elementor-icon-list-item\">\n\t\t\t\t\t\t\t\t\t\t\t<span class=\"elementor-icon-list-icon\">\n\t\t\t\t\t\t\t<i aria-hidden=\"true\" class=\"fas fa-check-square\"><\/i>\t\t\t\t\t\t<\/span>\n\t\t\t\t\t\t\t\t\t\t<span class=\"elementor-icon-list-text\">Ustensile de cuisine<\/span>\n\t\t\t\t\t\t\t\t\t<\/li>\n\t\t\t\t\t\t\t\t<li class=\"elementor-icon-list-item\">\n\t\t\t\t\t\t\t\t\t\t\t<span class=\"elementor-icon-list-icon\">\n\t\t\t\t\t\t\t<i aria-hidden=\"true\" class=\"fas fa-check-square\"><\/i>\t\t\t\t\t\t<\/span>\n\t\t\t\t\t\t\t\t\t\t<span class=\"elementor-icon-list-text\">Composant \u00e9lectronique<\/span>\n\t\t\t\t\t\t\t\t\t<\/li>\n\t\t\t\t\t\t\t\t<li class=\"elementor-icon-list-item\">\n\t\t\t\t\t\t\t\t\t\t\t<span class=\"elementor-icon-list-icon\">\n\t\t\t\t\t\t\t<i aria-hidden=\"true\" class=\"fas fa-check-square\"><\/i>\t\t\t\t\t\t<\/span>\n\t\t\t\t\t\t\t\t\t\t<span class=\"elementor-icon-list-text\">Composants \u00e9lectrique<\/span>\n\t\t\t\t\t\t\t\t\t<\/li>\n\t\t\t\t\t\t\t\t<li class=\"elementor-icon-list-item\">\n\t\t\t\t\t\t\t\t\t\t\t<span class=\"elementor-icon-list-icon\">\n\t\t\t\t\t\t\t<i aria-hidden=\"true\" class=\"fas fa-check-square\"><\/i>\t\t\t\t\t\t<\/span>\n\t\t\t\t\t\t\t\t\t\t<span class=\"elementor-icon-list-text\">Et bien d'autres ...<\/span>\n\t\t\t\t\t\t\t\t\t<\/li>\n\t\t\t\t\t\t<\/ul>\n\t\t\t\t<\/div>\n\t\t\t\t<\/div>\n\t\t\t\t\t<\/div>\n\t\t<\/div>\n\t\t\t\t\t<\/div>\n\t\t<\/section>\n\t\t\t\t<\/div>","protected":false},"excerpt":{"rendered":"<p>Lorem ipsum dolor sit amet consectetur, adipisicing elit. Minima, est delectus aliquam alias ex tempore labore, amet porro, ea harum cumque libero voluptas fugit numquam nihil iure expedita nobis rerum. Lorem ipsum dolor sit amet consectetur Lorem ipsum dolor sit amet consectetur Lorem ipsum dolor sit amet consectetur Lorem ipsum dolor sit amet consectetur<\/p>","protected":false},"featured_media":1458,"template":"","meta":{"_themeisle_gutenberg_block_has_review":false},"product_cat":[18,28],"product_tag":[],"class_list":["post-562","product","type-product","status-publish","has-post-thumbnail","hentry","product_cat-matieres-plastiques-et-auxiliaires","product_cat-polymeres-techniques"],"yoast_head":"<!-- This site is optimized with the Yoast SEO plugin v26.0 - https:\/\/yoast.com\/wordpress\/plugins\/seo\/ -->\n<title>PA (Polyamides)<\/title>\n<meta name=\"description\" content=\"Les Polyamides sont des r\u00e9sines plastiques utilis\u00e9es dans de nombreuses applications pour leur r\u00e9sistance et leur durabilit\u00e9.\" \/>\n<meta name=\"robots\" content=\"index, follow, max-snippet:-1, max-image-preview:large, max-video-preview:-1\" \/>\n<link rel=\"canonical\" href=\"https:\/\/synthechim.ma\/en\/product\/pa-polyamides\/\" \/>\n<meta property=\"og:locale\" content=\"en_US\" \/>\n<meta property=\"og:type\" content=\"article\" \/>\n<meta property=\"og:title\" content=\"PA (Polyamides)\" \/>\n<meta property=\"og:description\" content=\"Les Polyamides sont des r\u00e9sines plastiques utilis\u00e9es dans de nombreuses applications pour leur r\u00e9sistance et leur durabilit\u00e9.\" \/>\n<meta property=\"og:url\" content=\"https:\/\/synthechim.ma\/en\/product\/pa-polyamides\/\" \/>\n<meta property=\"og:site_name\" content=\"Synthechim\" \/>\n<meta property=\"article:modified_time\" content=\"2023-04-29T16:28:02+00:00\" \/>\n<meta property=\"og:image\" content=\"https:\/\/synthechim.ma\/wp-content\/uploads\/2023\/04\/Polyamides.png\" \/>\n\t<meta property=\"og:image:width\" content=\"274\" \/>\n\t<meta property=\"og:image:height\" content=\"200\" \/>\n\t<meta property=\"og:image:type\" content=\"image\/png\" \/>\n<meta name=\"twitter:card\" content=\"summary_large_image\" \/>\n<meta name=\"twitter:label1\" content=\"Est. reading time\" \/>\n\t<meta name=\"twitter:data1\" content=\"1 minute\" \/>\n<script type=\"application\/ld+json\" class=\"yoast-schema-graph\">{\"@context\":\"https:\/\/schema.org\",\"@graph\":[{\"@type\":\"WebPage\",\"@id\":\"https:\/\/synthechim.ma\/produit\/pa-polyamides\/\",\"url\":\"https:\/\/synthechim.ma\/produit\/pa-polyamides\/\",\"name\":\"PA (Polyamides)\",\"isPartOf\":{\"@id\":\"https:\/\/synthechim.ma\/#website\"},\"primaryImageOfPage\":{\"@id\":\"https:\/\/synthechim.ma\/produit\/pa-polyamides\/#primaryimage\"},\"image\":{\"@id\":\"https:\/\/synthechim.ma\/produit\/pa-polyamides\/#primaryimage\"},\"thumbnailUrl\":\"https:\/\/synthechim.ma\/wp-content\/uploads\/2023\/04\/Polyamides.png\",\"datePublished\":\"2023-04-06T14:39:05+00:00\",\"dateModified\":\"2023-04-29T16:28:02+00:00\",\"description\":\"Les Polyamides sont des r\u00e9sines plastiques utilis\u00e9es dans de nombreuses applications pour leur r\u00e9sistance et leur durabilit\u00e9.\",\"breadcrumb\":{\"@id\":\"https:\/\/synthechim.ma\/produit\/pa-polyamides\/#breadcrumb\"},\"inLanguage\":\"en-US\",\"potentialAction\":[{\"@type\":\"ReadAction\",\"target\":[\"https:\/\/synthechim.ma\/produit\/pa-polyamides\/\"]}]},{\"@type\":\"ImageObject\",\"inLanguage\":\"en-US\",\"@id\":\"https:\/\/synthechim.ma\/produit\/pa-polyamides\/#primaryimage\",\"url\":\"https:\/\/synthechim.ma\/wp-content\/uploads\/2023\/04\/Polyamides.png\",\"contentUrl\":\"https:\/\/synthechim.ma\/wp-content\/uploads\/2023\/04\/Polyamides.png\",\"width\":274,\"height\":200},{\"@type\":\"BreadcrumbList\",\"@id\":\"https:\/\/synthechim.ma\/produit\/pa-polyamides\/#breadcrumb\",\"itemListElement\":[{\"@type\":\"ListItem\",\"position\":1,\"name\":\"Accueil\",\"item\":\"https:\/\/synthechim.ma\/\"},{\"@type\":\"ListItem\",\"position\":2,\"name\":\"Produits\",\"item\":\"https:\/\/synthechim.ma\/boutique__trashed\/\"},{\"@type\":\"ListItem\",\"position\":3,\"name\":\"PA (Polyamides)\"}]},{\"@type\":\"WebSite\",\"@id\":\"https:\/\/synthechim.ma\/#website\",\"url\":\"https:\/\/synthechim.ma\/\",\"name\":\"Synthechim\",\"description\":\".\",\"publisher\":{\"@id\":\"https:\/\/synthechim.ma\/#organization\"},\"potentialAction\":[{\"@type\":\"SearchAction\",\"target\":{\"@type\":\"EntryPoint\",\"urlTemplate\":\"https:\/\/synthechim.ma\/?s={search_term_string}\"},\"query-input\":{\"@type\":\"PropertyValueSpecification\",\"valueRequired\":true,\"valueName\":\"search_term_string\"}}],\"inLanguage\":\"en-US\"},{\"@type\":\"Organization\",\"@id\":\"https:\/\/synthechim.ma\/#organization\",\"name\":\"Synthechim\",\"url\":\"https:\/\/synthechim.ma\/\",\"logo\":{\"@type\":\"ImageObject\",\"inLanguage\":\"en-US\",\"@id\":\"https:\/\/synthechim.ma\/#\/schema\/logo\/image\/\",\"url\":\"https:\/\/synthechim.ma\/wp-content\/uploads\/2023\/04\/Logo.png\",\"contentUrl\":\"https:\/\/synthechim.ma\/wp-content\/uploads\/2023\/04\/Logo.png\",\"width\":322,\"height\":130,\"caption\":\"Synthechim\"},\"image\":{\"@id\":\"https:\/\/synthechim.ma\/#\/schema\/logo\/image\/\"}}]}<\/script>\n<!-- \/ Yoast SEO plugin. -->","yoast_head_json":{"title":"PA (Polyamides)","description":"Les Polyamides sont des r\u00e9sines plastiques utilis\u00e9es dans de nombreuses applications pour leur r\u00e9sistance et leur durabilit\u00e9.","robots":{"index":"index","follow":"follow","max-snippet":"max-snippet:-1","max-image-preview":"max-image-preview:large","max-video-preview":"max-video-preview:-1"},"canonical":"https:\/\/synthechim.ma\/en\/product\/pa-polyamides\/","og_locale":"en_US","og_type":"article","og_title":"PA (Polyamides)","og_description":"Les Polyamides sont des r\u00e9sines plastiques utilis\u00e9es dans de nombreuses applications pour leur r\u00e9sistance et leur durabilit\u00e9.","og_url":"https:\/\/synthechim.ma\/en\/product\/pa-polyamides\/","og_site_name":"Synthechim","article_modified_time":"2023-04-29T16:28:02+00:00","og_image":[{"width":274,"height":200,"url":"https:\/\/synthechim.ma\/wp-content\/uploads\/2023\/04\/Polyamides.png","type":"image\/png"}],"twitter_card":"summary_large_image","twitter_misc":{"Est. reading time":"1 minute"},"schema":{"@context":"https:\/\/schema.org","@graph":[{"@type":"WebPage","@id":"https:\/\/synthechim.ma\/produit\/pa-polyamides\/","url":"https:\/\/synthechim.ma\/produit\/pa-polyamides\/","name":"PA (Polyamides)","isPartOf":{"@id":"https:\/\/synthechim.ma\/#website"},"primaryImageOfPage":{"@id":"https:\/\/synthechim.ma\/produit\/pa-polyamides\/#primaryimage"},"image":{"@id":"https:\/\/synthechim.ma\/produit\/pa-polyamides\/#primaryimage"},"thumbnailUrl":"https:\/\/synthechim.ma\/wp-content\/uploads\/2023\/04\/Polyamides.png","datePublished":"2023-04-06T14:39:05+00:00","dateModified":"2023-04-29T16:28:02+00:00","description":"Les Polyamides sont des r\u00e9sines plastiques utilis\u00e9es dans de nombreuses applications pour leur r\u00e9sistance et leur durabilit\u00e9.","breadcrumb":{"@id":"https:\/\/synthechim.ma\/produit\/pa-polyamides\/#breadcrumb"},"inLanguage":"en-US","potentialAction":[{"@type":"ReadAction","target":["https:\/\/synthechim.ma\/produit\/pa-polyamides\/"]}]},{"@type":"ImageObject","inLanguage":"en-US","@id":"https:\/\/synthechim.ma\/produit\/pa-polyamides\/#primaryimage","url":"https:\/\/synthechim.ma\/wp-content\/uploads\/2023\/04\/Polyamides.png","contentUrl":"https:\/\/synthechim.ma\/wp-content\/uploads\/2023\/04\/Polyamides.png","width":274,"height":200},{"@type":"BreadcrumbList","@id":"https:\/\/synthechim.ma\/produit\/pa-polyamides\/#breadcrumb","itemListElement":[{"@type":"ListItem","position":1,"name":"Accueil","item":"https:\/\/synthechim.ma\/"},{"@type":"ListItem","position":2,"name":"Produits","item":"https:\/\/synthechim.ma\/boutique__trashed\/"},{"@type":"ListItem","position":3,"name":"PA (Polyamides)"}]},{"@type":"WebSite","@id":"https:\/\/synthechim.ma\/#website","url":"https:\/\/synthechim.ma\/","name":"Synthechim","description":".","publisher":{"@id":"https:\/\/synthechim.ma\/#organization"},"potentialAction":[{"@type":"SearchAction","target":{"@type":"EntryPoint","urlTemplate":"https:\/\/synthechim.ma\/?s={search_term_string}"},"query-input":{"@type":"PropertyValueSpecification","valueRequired":true,"valueName":"search_term_string"}}],"inLanguage":"en-US"},{"@type":"Organization","@id":"https:\/\/synthechim.ma\/#organization","name":"Synthechim","url":"https:\/\/synthechim.ma\/","logo":{"@type":"ImageObject","inLanguage":"en-US","@id":"https:\/\/synthechim.ma\/#\/schema\/logo\/image\/","url":"https:\/\/synthechim.ma\/wp-content\/uploads\/2023\/04\/Logo.png","contentUrl":"https:\/\/synthechim.ma\/wp-content\/uploads\/2023\/04\/Logo.png","width":322,"height":130,"caption":"Synthechim"},"image":{"@id":"https:\/\/synthechim.ma\/#\/schema\/logo\/image\/"}}]}},"_links":{"self":[{"href":"https:\/\/synthechim.ma\/en\/wp-json\/wp\/v2\/product\/562","targetHints":{"allow":["GET"]}}],"collection":[{"href":"https:\/\/synthechim.ma\/en\/wp-json\/wp\/v2\/product"}],"about":[{"href":"https:\/\/synthechim.ma\/en\/wp-json\/wp\/v2\/types\/product"}],"version-history":[{"count":8,"href":"https:\/\/synthechim.ma\/en\/wp-json\/wp\/v2\/product\/562\/revisions"}],"predecessor-version":[{"id":1767,"href":"https:\/\/synthechim.ma\/en\/wp-json\/wp\/v2\/product\/562\/revisions\/1767"}],"wp:featuredmedia":[{"embeddable":true,"href":"https:\/\/synthechim.ma\/en\/wp-json\/wp\/v2\/media\/1458"}],"wp:attachment":[{"href":"https:\/\/synthechim.ma\/en\/wp-json\/wp\/v2\/media?parent=562"}],"wp:term":[{"taxonomy":"product_cat","embeddable":true,"href":"https:\/\/synthechim.ma\/en\/wp-json\/wp\/v2\/product_cat?post=562"},{"taxonomy":"product_tag","embeddable":true,"href":"https:\/\/synthechim.ma\/en\/wp-json\/wp\/v2\/product_tag?post=562"}],"curies":[{"name":"wp","href":"https:\/\/api.w.org\/{rel}","templated":true}]}}