{"id":563,"date":"2023-04-06T16:39:30","date_gmt":"2023-04-06T14:39:30","guid":{"rendered":"https:\/\/synthechim.top-energiedin.com\/?post_type=product&#038;p=563"},"modified":"2023-10-27T19:30:48","modified_gmt":"2023-10-27T17:30:48","slug":"hdpe-haute-densite-polyethylene-extrusion-soufflage","status":"publish","type":"product","link":"https:\/\/synthechim.ma\/en\/product\/hdpe-haute-densite-polyethylene-extrusion-soufflage\/","title":{"rendered":"HDPE (Haute densit\u00e9  Poly\u00e9thyl\u00e8ne) Extrusion soufflage"},"content":{"rendered":"<div data-elementor-type=\"product-post\" data-elementor-id=\"563\" class=\"elementor elementor-563\">\n\t\t\t\t\t\t<section class=\"elementor-section elementor-top-section elementor-element elementor-element-4bc8228 elementor-section-boxed elementor-section-height-default elementor-section-height-default jltma-glass-effect-no\" data-id=\"4bc8228\" data-element_type=\"section\">\n\t\t\t\t\t\t<div class=\"elementor-container elementor-column-gap-default\">\n\t\t\t\t\t<div class=\"elementor-column elementor-col-100 elementor-top-column elementor-element elementor-element-bf87f78 jltma-glass-effect-no\" data-id=\"bf87f78\" data-element_type=\"column\">\n\t\t\t<div class=\"elementor-widget-wrap elementor-element-populated\">\n\t\t\t\t\t\t<div class=\"elementor-element elementor-element-08e65df jltma-glass-effect-no elementor-widget elementor-widget-text-editor\" data-id=\"08e65df\" data-element_type=\"widget\" data-widget_type=\"text-editor.default\">\n\t\t\t\t<div class=\"elementor-widget-container\">\n\t\t\t<style>\/*! elementor - v3.22.0 - 26-06-2024 *\/\n.elementor-widget-text-editor.elementor-drop-cap-view-stacked .elementor-drop-cap{background-color:#69727d;color:#fff}.elementor-widget-text-editor.elementor-drop-cap-view-framed .elementor-drop-cap{color:#69727d;border:3px solid;background-color:transparent}.elementor-widget-text-editor:not(.elementor-drop-cap-view-default) .elementor-drop-cap{margin-top:8px}.elementor-widget-text-editor:not(.elementor-drop-cap-view-default) .elementor-drop-cap-letter{width:1em;height:1em}.elementor-widget-text-editor .elementor-drop-cap{float:left;text-align:center;line-height:1;font-size:50px}.elementor-widget-text-editor .elementor-drop-cap-letter{display:inline-block}<\/style>\t\t\t\t<p>Le PolyEthyl\u00e8ne Haute Densit\u00e9 (PEHD) est un thermoplastique utilis\u00e9 fortement pour les processus d&rsquo;extrusion soufflage de corps creux (Blow Molding extrusion). Cette m\u00e9thode de fabrication permet de produire des objets creux tels que des bouteilles, des conteneurs et des r\u00e9servoirs. Les propri\u00e9t\u00e9s du PEHD en font une option privil\u00e9gi\u00e9e pour ces applications.<\/p><p>En effet, le PEHD est plus r\u00e9sistant que le poly\u00e9thyl\u00e8ne standard, ce qui permet de stocker et de transporter des contenants en toute s\u00e9curit\u00e9. Il offre \u00e9galement une excellente rigidit\u00e9, ce qui garantit la solidit\u00e9 des produits fabriqu\u00e9s par extrusion soufflage. De plus, le PEHD est r\u00e9sistant \u00e0 l&rsquo;humidit\u00e9, aux insectes et \u00e0 la pourriture, ainsi qu&rsquo;\u00e0 de nombreux produits chimiques.<\/p><p>Le PEHD est couramment utilis\u00e9 dans la fabrication de bouteilles, de r\u00e9servoirs, de conteneurs et de produits pour pelouse et jardin. Il est \u00e9galement utilis\u00e9 pour la fabrication de pi\u00e8ces automobiles, de bo\u00eetes de rangement et de produits de bureau. En somme, le PEHD est un mat\u00e9riau polyvalent et durable qui offre une solution fiable pour les processus d&rsquo;extrusion soufflage de corps creux.<\/p>\t\t\t\t\t\t<\/div>\n\t\t\t\t<\/div>\n\t\t\t\t<div class=\"elementor-element elementor-element-24a6c66 jltma-glass-effect-no elementor-widget elementor-widget-heading\" data-id=\"24a6c66\" data-element_type=\"widget\" data-widget_type=\"heading.default\">\n\t\t\t\t<div class=\"elementor-widget-container\">\n\t\t\t<style>\/*! elementor - v3.22.0 - 26-06-2024 *\/\n.elementor-heading-title{padding:0;margin:0;line-height:1}.elementor-widget-heading .elementor-heading-title[class*=elementor-size-]>a{color:inherit;font-size:inherit;line-height:inherit}.elementor-widget-heading .elementor-heading-title.elementor-size-small{font-size:15px}.elementor-widget-heading .elementor-heading-title.elementor-size-medium{font-size:19px}.elementor-widget-heading .elementor-heading-title.elementor-size-large{font-size:29px}.elementor-widget-heading .elementor-heading-title.elementor-size-xl{font-size:39px}.elementor-widget-heading .elementor-heading-title.elementor-size-xxl{font-size:59px}<\/style><div class=\"elementor-heading-title elementor-size-default\">Quelques applications du HDPE Extrusion soufflage: \n<\/div>\t\t<\/div>\n\t\t\t\t<\/div>\n\t\t\t\t<div class=\"elementor-element elementor-element-e518aca elementor-icon-list--layout-traditional elementor-list-item-link-full_width jltma-glass-effect-no elementor-widget elementor-widget-icon-list\" data-id=\"e518aca\" data-element_type=\"widget\" data-widget_type=\"icon-list.default\">\n\t\t\t\t<div class=\"elementor-widget-container\">\n\t\t\t<link rel=\"stylesheet\" href=\"https:\/\/synthechim.ma\/wp-content\/plugins\/elementor\/assets\/css\/widget-icon-list.min.css\">\t\t<ul class=\"elementor-icon-list-items\">\n\t\t\t\t\t\t\t<li class=\"elementor-icon-list-item\">\n\t\t\t\t\t\t\t\t\t\t\t<span class=\"elementor-icon-list-icon\">\n\t\t\t\t\t\t\t<i aria-hidden=\"true\" class=\"fas fa-check-square\"><\/i>\t\t\t\t\t\t<\/span>\n\t\t\t\t\t\t\t\t\t\t<span class=\"elementor-icon-list-text\">Flacons plastique, <\/span>\n\t\t\t\t\t\t\t\t\t<\/li>\n\t\t\t\t\t\t\t\t<li class=\"elementor-icon-list-item\">\n\t\t\t\t\t\t\t\t\t\t\t<span class=\"elementor-icon-list-icon\">\n\t\t\t\t\t\t\t<i aria-hidden=\"true\" class=\"fas fa-check-square\"><\/i>\t\t\t\t\t\t<\/span>\n\t\t\t\t\t\t\t\t\t\t<span class=\"elementor-icon-list-text\">Bouteilles plastique, <\/span>\n\t\t\t\t\t\t\t\t\t<\/li>\n\t\t\t\t\t\t\t\t<li class=\"elementor-icon-list-item\">\n\t\t\t\t\t\t\t\t\t\t\t<span class=\"elementor-icon-list-icon\">\n\t\t\t\t\t\t\t<i aria-hidden=\"true\" class=\"fas fa-check-square\"><\/i>\t\t\t\t\t\t<\/span>\n\t\t\t\t\t\t\t\t\t\t<span class=\"elementor-icon-list-text\">Bidons plastique,<\/span>\n\t\t\t\t\t\t\t\t\t<\/li>\n\t\t\t\t\t\t\t\t<li class=\"elementor-icon-list-item\">\n\t\t\t\t\t\t\t\t\t\t\t<span class=\"elementor-icon-list-icon\">\n\t\t\t\t\t\t\t<i aria-hidden=\"true\" class=\"fas fa-check-square\"><\/i>\t\t\t\t\t\t<\/span>\n\t\t\t\t\t\t\t\t\t\t<span class=\"elementor-icon-list-text\">Jerrycans plastique,<\/span>\n\t\t\t\t\t\t\t\t\t<\/li>\n\t\t\t\t\t\t\t\t<li class=\"elementor-icon-list-item\">\n\t\t\t\t\t\t\t\t\t\t\t<span class=\"elementor-icon-list-icon\">\n\t\t\t\t\t\t\t<i aria-hidden=\"true\" class=\"fas fa-check-square\"><\/i>\t\t\t\t\t\t<\/span>\n\t\t\t\t\t\t\t\t\t\t<span class=\"elementor-icon-list-text\">F\u00fbts plastique,<\/span>\n\t\t\t\t\t\t\t\t\t<\/li>\n\t\t\t\t\t\t\t\t<li class=\"elementor-icon-list-item\">\n\t\t\t\t\t\t\t\t\t\t\t<span class=\"elementor-icon-list-icon\">\n\t\t\t\t\t\t\t<i aria-hidden=\"true\" class=\"fas fa-check-square\"><\/i>\t\t\t\t\t\t<\/span>\n\t\t\t\t\t\t\t\t\t\t<span class=\"elementor-icon-list-text\">Etc\u2026<\/span>\n\t\t\t\t\t\t\t\t\t<\/li>\n\t\t\t\t\t\t<\/ul>\n\t\t\t\t<\/div>\n\t\t\t\t<\/div>\n\t\t\t\t<div class=\"elementor-element elementor-element-b6c4d0e jltma-glass-effect-no elementor-widget elementor-widget-spacer\" data-id=\"b6c4d0e\" data-element_type=\"widget\" data-widget_type=\"spacer.default\">\n\t\t\t\t<div class=\"elementor-widget-container\">\n\t\t\t<style>\/*! elementor - v3.22.0 - 26-06-2024 *\/\n.elementor-column .elementor-spacer-inner{height:var(--spacer-size)}.e-con{--container-widget-width:100%}.e-con-inner>.elementor-widget-spacer,.e-con>.elementor-widget-spacer{width:var(--container-widget-width,var(--spacer-size));--align-self:var(--container-widget-align-self,initial);--flex-shrink:0}.e-con-inner>.elementor-widget-spacer>.elementor-widget-container,.e-con>.elementor-widget-spacer>.elementor-widget-container{height:100%;width:100%}.e-con-inner>.elementor-widget-spacer>.elementor-widget-container>.elementor-spacer,.e-con>.elementor-widget-spacer>.elementor-widget-container>.elementor-spacer{height:100%}.e-con-inner>.elementor-widget-spacer>.elementor-widget-container>.elementor-spacer>.elementor-spacer-inner,.e-con>.elementor-widget-spacer>.elementor-widget-container>.elementor-spacer>.elementor-spacer-inner{height:var(--container-widget-height,var(--spacer-size))}.e-con-inner>.elementor-widget-spacer.elementor-widget-empty,.e-con>.elementor-widget-spacer.elementor-widget-empty{position:relative;min-height:22px;min-width:22px}.e-con-inner>.elementor-widget-spacer.elementor-widget-empty .elementor-widget-empty-icon,.e-con>.elementor-widget-spacer.elementor-widget-empty .elementor-widget-empty-icon{position:absolute;top:0;bottom:0;left:0;right:0;margin:auto;padding:0;width:22px;height:22px}<\/style>\t\t<div class=\"elementor-spacer\">\n\t\t\t<div class=\"elementor-spacer-inner\"><\/div>\n\t\t<\/div>\n\t\t\t\t<\/div>\n\t\t\t\t<\/div>\n\t\t\t\t\t<\/div>\n\t\t<\/div>\n\t\t\t\t\t<\/div>\n\t\t<\/section>\n\t\t\t\t<section class=\"elementor-section elementor-top-section elementor-element elementor-element-de0618e elementor-section-boxed elementor-section-height-default elementor-section-height-default jltma-glass-effect-no\" data-id=\"de0618e\" data-element_type=\"section\">\n\t\t\t\t\t\t<div class=\"elementor-container elementor-column-gap-default\">\n\t\t\t\t\t<div class=\"elementor-column elementor-col-50 elementor-top-column elementor-element elementor-element-265a829 jltma-glass-effect-no\" data-id=\"265a829\" data-element_type=\"column\">\n\t\t\t<div class=\"elementor-widget-wrap elementor-element-populated\">\n\t\t\t\t\t\t<div class=\"elementor-element elementor-element-352266f jltma-glass-effect-no elementor-widget elementor-widget-spacer\" data-id=\"352266f\" data-element_type=\"widget\" data-widget_type=\"spacer.default\">\n\t\t\t\t<div class=\"elementor-widget-container\">\n\t\t\t\t\t<div class=\"elementor-spacer\">\n\t\t\t<div class=\"elementor-spacer-inner\"><\/div>\n\t\t<\/div>\n\t\t\t\t<\/div>\n\t\t\t\t<\/div>\n\t\t\t\t<div class=\"elementor-element elementor-element-ff5c767 jltma-glass-effect-no elementor-widget elementor-widget-heading\" data-id=\"ff5c767\" data-element_type=\"widget\" data-widget_type=\"heading.default\">\n\t\t\t\t<div class=\"elementor-widget-container\">\n\t\t\t<h4 class=\"elementor-heading-title elementor-size-default\">Marlex\u00ae  : La R\u00e9f\u00e9rence en HDPE Soufflage<\/h4>\t\t<\/div>\n\t\t\t\t<\/div>\n\t\t\t\t\t<\/div>\n\t\t<\/div>\n\t\t\t\t<div class=\"elementor-column elementor-col-50 elementor-top-column elementor-element elementor-element-32bba23 jltma-glass-effect-no\" data-id=\"32bba23\" data-element_type=\"column\">\n\t\t\t<div class=\"elementor-widget-wrap elementor-element-populated\">\n\t\t\t\t\t\t<div class=\"elementor-element elementor-element-00aa424 jltma-glass-effect-no elementor-widget elementor-widget-image\" data-id=\"00aa424\" data-element_type=\"widget\" data-widget_type=\"image.default\">\n\t\t\t\t<div class=\"elementor-widget-container\">\n\t\t\t<style>\/*! elementor - v3.22.0 - 26-06-2024 *\/\n.elementor-widget-image{text-align:center}.elementor-widget-image a{display:inline-block}.elementor-widget-image a img[src$=\".svg\"]{width:48px}.elementor-widget-image img{vertical-align:middle;display:inline-block}<\/style>\t\t\t\t\t\t\t\t\t\t<img fetchpriority=\"high\" decoding=\"async\" width=\"800\" height=\"444\" src=\"https:\/\/synthechim.ma\/wp-content\/uploads\/2023\/10\/marlex-polyethylene-vector-logo.png\" class=\"attachment-large size-large wp-image-2504\" alt=\"\" srcset=\"https:\/\/synthechim.ma\/wp-content\/uploads\/2023\/10\/marlex-polyethylene-vector-logo.png 900w, https:\/\/synthechim.ma\/wp-content\/uploads\/2023\/10\/marlex-polyethylene-vector-logo-300x167.png 300w, https:\/\/synthechim.ma\/wp-content\/uploads\/2023\/10\/marlex-polyethylene-vector-logo-768x427.png 768w, https:\/\/synthechim.ma\/wp-content\/uploads\/2023\/10\/marlex-polyethylene-vector-logo-18x10.png 18w, https:\/\/synthechim.ma\/wp-content\/uploads\/2023\/10\/marlex-polyethylene-vector-logo-600x333.png 600w\" sizes=\"(max-width: 800px) 100vw, 800px\" \/>\t\t\t\t\t\t\t\t\t\t\t\t\t<\/div>\n\t\t\t\t<\/div>\n\t\t\t\t\t<\/div>\n\t\t<\/div>\n\t\t\t\t\t<\/div>\n\t\t<\/section>\n\t\t\t\t<section class=\"elementor-section elementor-top-section elementor-element elementor-element-93088cc elementor-section-boxed elementor-section-height-default elementor-section-height-default jltma-glass-effect-no\" data-id=\"93088cc\" data-element_type=\"section\">\n\t\t\t\t\t\t<div class=\"elementor-container elementor-column-gap-default\">\n\t\t\t\t\t<div class=\"elementor-column elementor-col-100 elementor-top-column elementor-element elementor-element-e8993ae jltma-glass-effect-no\" data-id=\"e8993ae\" data-element_type=\"column\">\n\t\t\t<div class=\"elementor-widget-wrap elementor-element-populated\">\n\t\t\t\t\t\t<div class=\"elementor-element elementor-element-3531265 jltma-glass-effect-no elementor-widget elementor-widget-text-editor\" data-id=\"3531265\" data-element_type=\"widget\" data-widget_type=\"text-editor.default\">\n\t\t\t\t<div class=\"elementor-widget-container\">\n\t\t\t\t\t\t\t<p>Le moulage par soufflage est un processus industriel de premier plan, utilis\u00e9 pour la fabrication de pi\u00e8ces en plastique creuses.&nbsp;<\/p>\n<p>SYNTHECHIM s&rsquo;illustre dans ce domaine gr\u00e2ce \u00e0 la gamme Marlex\u00ae de mat\u00e9riaux en poly\u00e9thyl\u00e8ne haute densit\u00e9 (HDPE) sp\u00e9cialement con\u00e7us pour r\u00e9pondre aux besoins vari\u00e9s de l&rsquo;industrie du moulage par soufflage.<\/p>\n<p>Notre expertise se manifeste \u00e0 travers une connaissance pointue des m\u00e9thodes de fabrication, allant des machines de moulage par soufflage direct ou \u00e0 accumulateur (t\u00eate d&rsquo;accumulation), toutes adapt\u00e9es pour satisfaire les exigences sp\u00e9cifiques de nos clients.&nbsp;<\/p>\n<p>Que vous soyez un producteur de bouteilles agroalimentaire ou un fabricant de r\u00e9servoirs de carburant pour l&rsquo;industrie automobile, nos mati\u00e8res HDPE&nbsp; Marlex\u00ae sont taill\u00e9s sur mesure pour des performances optimales.<\/p>\n<p>Les mati\u00e8res Haute densit\u00e9 Poly\u00e9thyl\u00e8ne Marlex\u00ae que nous proposons sont minutieusement adapt\u00e9s \u00e0 chaque application, en fonction des imp\u00e9ratifs de performance du produit. Elles se d\u00e9marquent dans l&rsquo;industrie du moulage par soufflage gr\u00e2ce \u00e0 leur remarquable r\u00e9sistance \u00e0 la temp\u00e9rature, ainsi que leur r\u00e9sistance aux fissures de stress cracking.&nbsp;<\/p>\n<p>Fort d&rsquo;une d&rsquo;une \u00e9quipe d&rsquo;ing\u00e9nieur d\u00e9vou\u00e9e au d\u00e9veloppement technique et avec le support de notre partenaire CHEVRON PHILLIPS,&nbsp; nous sommes en mesure de fournir \u00e0 nos clients une vaste gamme de r\u00e9sines r\u00e9pondant pr\u00e9cis\u00e9ment aux exigences sp\u00e9cifiques des applications de moulage par soufflage.&nbsp;<\/p>\n<p>Notre \u00e9quipes de vente hautement qualifi\u00e9e sont \u00e0 votre disposition pour vous assister dans le choix des r\u00e9sines, l&rsquo;optimisation des processus et le d\u00e9veloppement d&rsquo;applications.<\/p>\n<p>Notre gamme PEHD Marlex\u00ae sont la solution id\u00e9ale pour r\u00e9pondre \u00e0 vos besoins en mati\u00e8re d&rsquo;application de moulage par soufflage.<\/p>\n<p>&nbsp;Pour des informations plus d\u00e9taill\u00e9es sur chaque produit de notre gamme, nous vous invitons \u00e0 nous contacter.<\/p>\t\t\t\t\t\t<\/div>\n\t\t\t\t<\/div>\n\t\t\t\t\t<\/div>\n\t\t<\/div>\n\t\t\t\t\t<\/div>\n\t\t<\/section>\n\t\t\t\t<\/div>","protected":false},"excerpt":{"rendered":"<p>Le PolyEthyl\u00e8ne Haute Densit\u00e9 (PEHD) est un thermoplastique utilis\u00e9 fortement pour les processus d&rsquo;extrusion soufflage de corps creux (Blow Molding extrusion). Cette m\u00e9thode de fabrication permet de produire des objets creux tels que des bouteilles, des conteneurs et des r\u00e9servoirs. Les propri\u00e9t\u00e9s du PEHD en font une option privil\u00e9gi\u00e9e pour ces applications. En effet, le [&hellip;]<\/p>","protected":false},"featured_media":1451,"template":"","meta":{"_themeisle_gutenberg_block_has_review":false},"product_cat":[18,26],"product_tag":[],"class_list":["post-563","product","type-product","status-publish","has-post-thumbnail","hentry","product_cat-matieres-plastiques-et-auxiliaires","product_cat-polyolefines"],"yoast_head":"<!-- This site is optimized with the Yoast SEO plugin v26.0 - https:\/\/yoast.com\/wordpress\/plugins\/seo\/ -->\n<title>HDPE (Haute densit\u00e9 Poly\u00e9thyl\u00e8ne) Extrusion soufflage -<\/title>\n<meta name=\"description\" content=\"Contactez nous pour plus d&#039;information sur notre gamme MARLEX de PolyEthyl\u00e8ne Haute Densit\u00e9 (PEHD) d\u2019extrusion soufflage de corps creux (Blow Molding)\" \/>\n<meta name=\"robots\" content=\"index, follow, max-snippet:-1, max-image-preview:large, max-video-preview:-1\" \/>\n<link rel=\"canonical\" href=\"https:\/\/synthechim.ma\/en\/product\/hdpe-haute-densite-polyethylene-extrusion-soufflage\/\" \/>\n<meta property=\"og:locale\" content=\"en_US\" \/>\n<meta property=\"og:type\" content=\"article\" \/>\n<meta property=\"og:title\" content=\"HDPE (Haute densit\u00e9 Poly\u00e9thyl\u00e8ne) Extrusion soufflage -\" \/>\n<meta property=\"og:description\" content=\"Contactez nous pour plus d&#039;information sur notre gamme MARLEX de PolyEthyl\u00e8ne Haute Densit\u00e9 (PEHD) d\u2019extrusion soufflage de corps creux (Blow Molding)\" \/>\n<meta property=\"og:url\" content=\"https:\/\/synthechim.ma\/en\/product\/hdpe-haute-densite-polyethylene-extrusion-soufflage\/\" \/>\n<meta property=\"og:site_name\" content=\"Synthechim\" \/>\n<meta property=\"article:modified_time\" content=\"2023-10-27T17:30:48+00:00\" \/>\n<meta property=\"og:image\" content=\"https:\/\/synthechim.ma\/wp-content\/uploads\/2023\/04\/Extrusion-soufflage.png\" \/>\n\t<meta property=\"og:image:width\" content=\"274\" \/>\n\t<meta property=\"og:image:height\" content=\"200\" \/>\n\t<meta property=\"og:image:type\" content=\"image\/png\" \/>\n<meta name=\"twitter:card\" content=\"summary_large_image\" \/>\n<script type=\"application\/ld+json\" class=\"yoast-schema-graph\">{\"@context\":\"https:\/\/schema.org\",\"@graph\":[{\"@type\":\"WebPage\",\"@id\":\"https:\/\/synthechim.ma\/produit\/hdpe-haute-densite-polyethylene-extrusion-soufflage\/\",\"url\":\"https:\/\/synthechim.ma\/produit\/hdpe-haute-densite-polyethylene-extrusion-soufflage\/\",\"name\":\"HDPE (Haute densit\u00e9 Poly\u00e9thyl\u00e8ne) Extrusion soufflage -\",\"isPartOf\":{\"@id\":\"https:\/\/synthechim.ma\/#website\"},\"primaryImageOfPage\":{\"@id\":\"https:\/\/synthechim.ma\/produit\/hdpe-haute-densite-polyethylene-extrusion-soufflage\/#primaryimage\"},\"image\":{\"@id\":\"https:\/\/synthechim.ma\/produit\/hdpe-haute-densite-polyethylene-extrusion-soufflage\/#primaryimage\"},\"thumbnailUrl\":\"https:\/\/synthechim.ma\/wp-content\/uploads\/2023\/04\/Extrusion-soufflage.png\",\"datePublished\":\"2023-04-06T14:39:30+00:00\",\"dateModified\":\"2023-10-27T17:30:48+00:00\",\"description\":\"Contactez nous pour plus d'information sur notre gamme MARLEX de PolyEthyl\u00e8ne Haute Densit\u00e9 (PEHD) d\u2019extrusion soufflage de corps creux (Blow Molding)\",\"breadcrumb\":{\"@id\":\"https:\/\/synthechim.ma\/produit\/hdpe-haute-densite-polyethylene-extrusion-soufflage\/#breadcrumb\"},\"inLanguage\":\"en-US\",\"potentialAction\":[{\"@type\":\"ReadAction\",\"target\":[\"https:\/\/synthechim.ma\/produit\/hdpe-haute-densite-polyethylene-extrusion-soufflage\/\"]}]},{\"@type\":\"ImageObject\",\"inLanguage\":\"en-US\",\"@id\":\"https:\/\/synthechim.ma\/produit\/hdpe-haute-densite-polyethylene-extrusion-soufflage\/#primaryimage\",\"url\":\"https:\/\/synthechim.ma\/wp-content\/uploads\/2023\/04\/Extrusion-soufflage.png\",\"contentUrl\":\"https:\/\/synthechim.ma\/wp-content\/uploads\/2023\/04\/Extrusion-soufflage.png\",\"width\":274,\"height\":200},{\"@type\":\"BreadcrumbList\",\"@id\":\"https:\/\/synthechim.ma\/produit\/hdpe-haute-densite-polyethylene-extrusion-soufflage\/#breadcrumb\",\"itemListElement\":[{\"@type\":\"ListItem\",\"position\":1,\"name\":\"Accueil\",\"item\":\"https:\/\/synthechim.ma\/\"},{\"@type\":\"ListItem\",\"position\":2,\"name\":\"Produits\",\"item\":\"https:\/\/synthechim.ma\/boutique__trashed\/\"},{\"@type\":\"ListItem\",\"position\":3,\"name\":\"HDPE (Haute densit\u00e9 Poly\u00e9thyl\u00e8ne) Extrusion soufflage\"}]},{\"@type\":\"WebSite\",\"@id\":\"https:\/\/synthechim.ma\/#website\",\"url\":\"https:\/\/synthechim.ma\/\",\"name\":\"Synthechim\",\"description\":\".\",\"publisher\":{\"@id\":\"https:\/\/synthechim.ma\/#organization\"},\"potentialAction\":[{\"@type\":\"SearchAction\",\"target\":{\"@type\":\"EntryPoint\",\"urlTemplate\":\"https:\/\/synthechim.ma\/?s={search_term_string}\"},\"query-input\":{\"@type\":\"PropertyValueSpecification\",\"valueRequired\":true,\"valueName\":\"search_term_string\"}}],\"inLanguage\":\"en-US\"},{\"@type\":\"Organization\",\"@id\":\"https:\/\/synthechim.ma\/#organization\",\"name\":\"Synthechim\",\"url\":\"https:\/\/synthechim.ma\/\",\"logo\":{\"@type\":\"ImageObject\",\"inLanguage\":\"en-US\",\"@id\":\"https:\/\/synthechim.ma\/#\/schema\/logo\/image\/\",\"url\":\"https:\/\/synthechim.ma\/wp-content\/uploads\/2023\/04\/Logo.png\",\"contentUrl\":\"https:\/\/synthechim.ma\/wp-content\/uploads\/2023\/04\/Logo.png\",\"width\":322,\"height\":130,\"caption\":\"Synthechim\"},\"image\":{\"@id\":\"https:\/\/synthechim.ma\/#\/schema\/logo\/image\/\"}}]}<\/script>\n<!-- \/ Yoast SEO plugin. -->","yoast_head_json":{"title":"HDPE (Haute densit\u00e9 Poly\u00e9thyl\u00e8ne) Extrusion soufflage -","description":"Contactez nous pour plus d'information sur notre gamme MARLEX de PolyEthyl\u00e8ne Haute Densit\u00e9 (PEHD) d\u2019extrusion soufflage de corps creux (Blow Molding)","robots":{"index":"index","follow":"follow","max-snippet":"max-snippet:-1","max-image-preview":"max-image-preview:large","max-video-preview":"max-video-preview:-1"},"canonical":"https:\/\/synthechim.ma\/en\/product\/hdpe-haute-densite-polyethylene-extrusion-soufflage\/","og_locale":"en_US","og_type":"article","og_title":"HDPE (Haute densit\u00e9 Poly\u00e9thyl\u00e8ne) Extrusion soufflage -","og_description":"Contactez nous pour plus d'information sur notre gamme MARLEX de PolyEthyl\u00e8ne Haute Densit\u00e9 (PEHD) d\u2019extrusion soufflage de corps creux (Blow Molding)","og_url":"https:\/\/synthechim.ma\/en\/product\/hdpe-haute-densite-polyethylene-extrusion-soufflage\/","og_site_name":"Synthechim","article_modified_time":"2023-10-27T17:30:48+00:00","og_image":[{"width":274,"height":200,"url":"https:\/\/synthechim.ma\/wp-content\/uploads\/2023\/04\/Extrusion-soufflage.png","type":"image\/png"}],"twitter_card":"summary_large_image","schema":{"@context":"https:\/\/schema.org","@graph":[{"@type":"WebPage","@id":"https:\/\/synthechim.ma\/produit\/hdpe-haute-densite-polyethylene-extrusion-soufflage\/","url":"https:\/\/synthechim.ma\/produit\/hdpe-haute-densite-polyethylene-extrusion-soufflage\/","name":"HDPE (Haute densit\u00e9 Poly\u00e9thyl\u00e8ne) Extrusion soufflage -","isPartOf":{"@id":"https:\/\/synthechim.ma\/#website"},"primaryImageOfPage":{"@id":"https:\/\/synthechim.ma\/produit\/hdpe-haute-densite-polyethylene-extrusion-soufflage\/#primaryimage"},"image":{"@id":"https:\/\/synthechim.ma\/produit\/hdpe-haute-densite-polyethylene-extrusion-soufflage\/#primaryimage"},"thumbnailUrl":"https:\/\/synthechim.ma\/wp-content\/uploads\/2023\/04\/Extrusion-soufflage.png","datePublished":"2023-04-06T14:39:30+00:00","dateModified":"2023-10-27T17:30:48+00:00","description":"Contactez nous pour plus d'information sur notre gamme MARLEX de PolyEthyl\u00e8ne Haute Densit\u00e9 (PEHD) d\u2019extrusion soufflage de corps creux (Blow Molding)","breadcrumb":{"@id":"https:\/\/synthechim.ma\/produit\/hdpe-haute-densite-polyethylene-extrusion-soufflage\/#breadcrumb"},"inLanguage":"en-US","potentialAction":[{"@type":"ReadAction","target":["https:\/\/synthechim.ma\/produit\/hdpe-haute-densite-polyethylene-extrusion-soufflage\/"]}]},{"@type":"ImageObject","inLanguage":"en-US","@id":"https:\/\/synthechim.ma\/produit\/hdpe-haute-densite-polyethylene-extrusion-soufflage\/#primaryimage","url":"https:\/\/synthechim.ma\/wp-content\/uploads\/2023\/04\/Extrusion-soufflage.png","contentUrl":"https:\/\/synthechim.ma\/wp-content\/uploads\/2023\/04\/Extrusion-soufflage.png","width":274,"height":200},{"@type":"BreadcrumbList","@id":"https:\/\/synthechim.ma\/produit\/hdpe-haute-densite-polyethylene-extrusion-soufflage\/#breadcrumb","itemListElement":[{"@type":"ListItem","position":1,"name":"Accueil","item":"https:\/\/synthechim.ma\/"},{"@type":"ListItem","position":2,"name":"Produits","item":"https:\/\/synthechim.ma\/boutique__trashed\/"},{"@type":"ListItem","position":3,"name":"HDPE (Haute densit\u00e9 Poly\u00e9thyl\u00e8ne) Extrusion soufflage"}]},{"@type":"WebSite","@id":"https:\/\/synthechim.ma\/#website","url":"https:\/\/synthechim.ma\/","name":"Synthechim","description":".","publisher":{"@id":"https:\/\/synthechim.ma\/#organization"},"potentialAction":[{"@type":"SearchAction","target":{"@type":"EntryPoint","urlTemplate":"https:\/\/synthechim.ma\/?s={search_term_string}"},"query-input":{"@type":"PropertyValueSpecification","valueRequired":true,"valueName":"search_term_string"}}],"inLanguage":"en-US"},{"@type":"Organization","@id":"https:\/\/synthechim.ma\/#organization","name":"Synthechim","url":"https:\/\/synthechim.ma\/","logo":{"@type":"ImageObject","inLanguage":"en-US","@id":"https:\/\/synthechim.ma\/#\/schema\/logo\/image\/","url":"https:\/\/synthechim.ma\/wp-content\/uploads\/2023\/04\/Logo.png","contentUrl":"https:\/\/synthechim.ma\/wp-content\/uploads\/2023\/04\/Logo.png","width":322,"height":130,"caption":"Synthechim"},"image":{"@id":"https:\/\/synthechim.ma\/#\/schema\/logo\/image\/"}}]}},"_links":{"self":[{"href":"https:\/\/synthechim.ma\/en\/wp-json\/wp\/v2\/product\/563","targetHints":{"allow":["GET"]}}],"collection":[{"href":"https:\/\/synthechim.ma\/en\/wp-json\/wp\/v2\/product"}],"about":[{"href":"https:\/\/synthechim.ma\/en\/wp-json\/wp\/v2\/types\/product"}],"version-history":[{"count":26,"href":"https:\/\/synthechim.ma\/en\/wp-json\/wp\/v2\/product\/563\/revisions"}],"predecessor-version":[{"id":2513,"href":"https:\/\/synthechim.ma\/en\/wp-json\/wp\/v2\/product\/563\/revisions\/2513"}],"wp:featuredmedia":[{"embeddable":true,"href":"https:\/\/synthechim.ma\/en\/wp-json\/wp\/v2\/media\/1451"}],"wp:attachment":[{"href":"https:\/\/synthechim.ma\/en\/wp-json\/wp\/v2\/media?parent=563"}],"wp:term":[{"taxonomy":"product_cat","embeddable":true,"href":"https:\/\/synthechim.ma\/en\/wp-json\/wp\/v2\/product_cat?post=563"},{"taxonomy":"product_tag","embeddable":true,"href":"https:\/\/synthechim.ma\/en\/wp-json\/wp\/v2\/product_tag?post=563"}],"curies":[{"name":"wp","href":"https:\/\/api.w.org\/{rel}","templated":true}]}}